{"id":99,"date":"2015-03-03T22:06:46","date_gmt":"2015-03-03T22:06:46","guid":{"rendered":"http:\/\/nanovea.com\/?page_id=99"},"modified":"2023-07-12T22:02:22","modified_gmt":"2023-07-12T22:02:22","slug":"yuzey-duzluk-olcumu","status":"publish","type":"page","link":"https:\/\/nanovea.com\/tr\/yuzey-duzluk-olcumu\/","title":{"rendered":"Y\u00fczey D\u00fczl\u00fc\u011f\u00fc \u00d6l\u00e7\u00fcm\u00fc"},"content":{"rendered":"<div class=\"wonderpluginslider-container\" id=\"wonderpluginslider-container-18\" style=\"max-width:1035px;margin:0 auto;padding-left:0px;padding-right:0px;padding-top:0px;padding-bottom:0px;\"><div class=\"wonderpluginslider\" id=\"wonderpluginslider-18\" data-sliderid=\"18\" data-width=\"1035\" data-height=\"375\" data-skin=\"cube\" data-autoplay=\"true\" data-randomplay=\"false\" data-loadimageondemand=\"false\" data-transitiononfirstslide=\"false\" data-autoplayvideo=\"false\" data-isresponsive=\"true\" data-fullwidth=\"false\" data-isfullscreen=\"false\" data-ratioresponsive=\"false\" data-showtext=\"true\" data-showtimer=\"false\" data-showbottomshadow=\"false\" data-navshowpreview=\"false\" data-textautohide=\"true\" data-lightboxresponsive=\"true\" data-lightboxshownavigation=\"false\" data-lightboxshowtitle=\"true\" data-lightboxshowdescription=\"false\" data-texteffectresponsive=\"true\" data-donotinit=\"false\" data-addinitscript=\"false\" data-lightboxfullscreenmode=\"false\" data-lightboxcloseonoverlay=\"true\" data-lightboxvideohidecontrols=\"false\" data-lightboxnogroup=\"false\" data-lightboxautoslide=\"false\" data-lightboxshowtimer=\"true\" data-lightboxshowplaybutton=\"true\" data-lightboxalwaysshownavarrows=\"false\" data-lightboxshowtitleprefix=\"true\" data-titleusealt=\"false\" data-outputtext=\"false\" data-scalemode=\"fit\" data-arrowstyle=\"always\" data-transition=\"slide\" data-loop=\"0\" data-border=\"0\" data-slideinterval=\"8000\" data-arrowimage=\"arrows-36-80-0.png\" data-arrowwidth=\"36\" data-arrowheight=\"80\" data-arrowtop=\"50\" data-arrowmargin=\"-18\" data-navstyle=\"bullets\" data-navimage=\"bullet-24-24-1.png\" data-navwidth=\"24\" data-navheight=\"24\" data-navspacing=\"8\" data-navmarginx=\"16\" data-navmarginy=\"16\" data-navposition=\"bottom\" data-playvideoimage=\"playvideo-64-64-0.png\" data-playvideoimagewidth=\"64\" data-playvideoimageheight=\"64\" data-lightboxthumbwidth=\"90\" data-lightboxthumbheight=\"60\" data-lightboxthumbtopmargin=\"12\" data-lightboxthumbbottommargin=\"4\" data-lightboxbarheight=\"64\" data-lightboxtitlebottomcss=\"color:#333; font-size:14px; font-family:Armata,sans-serif,Arial; overflow:hidden; text-align:left;\" data-lightboxdescriptionbottomcss=\"color:#333; font-size:12px; font-family:Arial,Helvetica,sans-serif; overflow:hidden; text-align:left; margin:4px 0px 0px; padding: 0px;\" data-textformat=\"Color box\" data-textpositionstatic=\"bottom\" data-textpositiondynamic=\"topleft\" data-paddingleft=\"0\" data-paddingright=\"0\" data-paddingtop=\"0\" data-paddingbottom=\"0\" data-texteffectresponsivesize=\"640\" data-fadeduration=\"1000\" data-crossfadeduration=\"1000\" data-slideduration=\"1000\" data-elasticduration=\"1000\" data-sliceduration=\"1500\" data-blindsduration=\"1500\" data-blocksduration=\"1500\" data-shuffleduration=\"1500\" data-tilesduration=\"2000\" data-kenburnsduration=\"5000\" data-flipduration=\"1500\" data-flipwithzoomduration=\"2000\" data-threedduration=\"1500\" data-threedhorizontalduration=\"1500\" data-threedwithzoomduration=\"2500\" data-threedhorizontalwithzoomduration=\"2200\" data-threedflipduration=\"1500\" data-threedflipwithzoomduration=\"2000\" data-threedtilesduration=\"2000\" data-threedfallback=\"flip\" data-threedhorizontalfallback=\"flip\" data-threedwithzoomfallback=\"flipwithzoom\" data-threedhorizontalwithzoomfallback=\"flipwithzoom\" data-threedflipfallback=\"flip\" data-threedflipwithzoomfallback=\"flipwithzoom\" data-threedtilesfallback=\"tiles\" data-ratiomediumscreen=\"800\" data-ratiomediumheight=\"1.2\" data-ratiosmallscreen=\"480\" data-ratiosmallheight=\"1.6\" data-lightboxtitlestyle=\"bottom\" data-lightboximagepercentage=\"75\" data-lightboxdefaultvideovolume=\"1\" data-lightboxoverlaybgcolor=\"#000\" data-lightboxoverlayopacity=\"0.9\" data-lightboxbgcolor=\"#fff\" data-lightboxtitleprefix=\"%NUM \/ %TOTAL\" data-lightboxtitleinsidecss=\"color:#fff; font-size:16px; font-family:Arial,Helvetica,sans-serif; overflow:hidden; text-align:left;\" data-lightboxdescriptioninsidecss=\"color:#fff; font-size:12px; font-family:Arial,Helvetica,sans-serif; overflow:hidden; text-align:left; margin:4px 0px 0px; padding: 0px;\" data-lightboxslideinterval=\"5000\" data-lightboxtimerposition=\"bottom\" data-lightboxtimercolor=\"#dc572e\" data-lightboxtimeropacity=\"1\" data-lightboxbordersize=\"8\" data-lightboxborderradius=\"0\" data-textcss=\"display:block; padding:8px 16px; text-align:left;\" data-textbgcss=\"display:none;\" data-titlecss=\"color: #1b96cf;    font-family: &quot;Open Sans&quot;,sans-serif;    font-size: 32px;    font-weight: bold;    line-height: 44px;    margin-bottom: 0;    margin-top: 20px;    text-transform: uppercase;\" data-descriptioncss=\"color: #282828;    font-size: 18px;    line-height: 30px;\" data-buttoncss=\"display:block; position:relative; margin-top:10px;\" data-titlecssresponsive=\"font-size:12px;\" data-descriptioncssresponsive=\"display:none !important;\" data-buttoncssresponsive=\"font-size: 9px !important;width:100%;\" data-jsfolder=\"https:\/\/nanovea.com\/wp-content\/plugins\/wonderplugin-slider-lite\/engine\/\" style=\"display:none;\" ><ul class=\"amazingslider-slides\"  style=\"display:none;\"><li><img decoding=\"async\" class=\"amazingslider-img-elem amazingsliderimg\" src=\"https:\/\/nanovea.com\/wp-content\/uploads\/2015\/04\/flatness-capability.jpg\" alt=\"D\u00dcZL\u00dcK | \u00c7ARPIKLIK | D\u00dcZLEMSELLIK\" title=\"D\u00dcZL\u00dcK | \u00c7ARPIKLIK | D\u00dcZLEMSELLIK\" data-description=\"Precise measurement of flatness, warpage and &lt;br \/&gt;planarity with a single 2D profile or 3D area\" \/><\/li><li><img decoding=\"async\" class=\"amazingslider-img-elem amazingsliderimg\" src=\"https:\/\/nanovea.com\/wp-content\/uploads\/2015\/04\/flatness-rotation.jpg\" alt=\"D\u00dcZL\u00dcK | \u00c7ARPIKLIK | D\u00dcZLEMSELLIK\" title=\"D\u00dcZL\u00dcK | \u00c7ARPIKLIK | D\u00dcZLEMSELLIK\" data-description=\"Accurately measure flatness across large areas and rotational &lt;br \/&gt;capability\" \/><\/li><li><img decoding=\"async\" class=\"amazingslider-img-elem amazingsliderimg\" src=\"https:\/\/nanovea.com\/wp-content\/uploads\/2015\/04\/flatness-co-planarity.jpg\" alt=\"D\u00dcZL\u00dcK | \u00c7ARPIKLIK | D\u00dcZLEMSELLIK\" title=\"D\u00dcZL\u00dcK | \u00c7ARPIKLIK | D\u00dcZLEMSELLIK\" data-description=\"Superior ability to accurately measure coplanarity across &lt;br \/&gt;large ares\" \/><\/li><\/ul><\/div><\/div>\n<h1><strong>Y\u00dcZEY D\u00dcZL\u00dc\u011e\u00dc \u00d6L\u00c7\u00dcM\u00dc | \u00c7ARPIKLIK VE D\u00dcZLEMSELLIK<\/strong><\/h1>\n<p><a href=\"https:\/\/nanovea.com\/profilometers\/\">Profilometre Cihazlar\u0131<\/a> | <a href=\"https:\/\/nanovea.com\/lab-services\/\">Laboratuvar Hizmetleri<\/a> | <a href=\"https:\/\/nanovea.com\/chromatic-confocal\">Kromatik Konfokal<\/a> | <a href=\"https:\/\/nanovea.com\/application-notes\">Uygulama Notlar\u0131<\/a><\/p>\n<div class=\"product-desc\">\n<p>Kromatik konfokal tekni\u011fi, mikro par\u00e7alar, cam, contalar ve di\u011ferleri gibi genellikle kritik oldu\u011fu uygulamalarda y\u00fczey d\u00fczl\u00fc\u011f\u00fc, \u00e7arp\u0131kl\u0131k ve d\u00fczlemsellik \u00f6l\u00e7\u00fcm\u00fc i\u00e7in idealdir. B\u00fcy\u00fck y\u00fczeyler i\u00e7in diki\u015f gerekmedi\u011finden, kromatik konfokal tekni\u011fi yerel kusurlar\u0131 tespit etmenin yan\u0131 s\u0131ra bunlar\u0131 saniyeler i\u00e7inde do\u011fru bir \u015fekilde \u00f6l\u00e7ebilir.  HS2000 ile y\u00fczey d\u00fczl\u00fc\u011f\u00fc 400x500mm'lik bir alan\u0131n tamam\u0131nda 1 mikrondan daha az bir sapma ile \u00e7ok k\u0131sa bir s\u00fcrede \u00f6l\u00e7\u00fclebilir.  Y\u00fczey d\u00fczl\u00fc\u011f\u00fcnde sapmaya neden olan \u015feklin en iyi e\u015fle\u015fen polinomunu elde etmek de m\u00fcmk\u00fcnd\u00fcr. Desen tan\u0131ma ve otomasyon, ge\u00e7me kalma ko\u015fullar\u0131 ve veritaban\u0131 ileti\u015fimine ek olarak, cihaz geli\u015fmi\u015f bir kalite kontrol arac\u0131 olarak kullan\u0131labilir.<\/p>\n<p>&nbsp;<\/p>\n<p><strong>Standartlar: <\/strong><\/p>\n<ul>\n<li>ISO 25178<\/li>\n<li>ISO 4287<\/li>\n<li>ISO 13565-2<\/li>\n<li>ISO 12085<\/li>\n<li>ISO 12780<\/li>\n<li>ISO 12181<\/li>\n<\/ul>\n<p>&nbsp;<\/p>\n<p align=\"justify\"><strong>Standart \u00d6l\u00e7\u00fcm Analizi:<\/strong><\/p>\n<ul>\n<li>3D ve 2D y\u00fczey dalgal\u0131l\u0131\u011f\u0131 ve d\u00fczl\u00fc\u011f\u00fc<\/li>\n<li>En iyi polinom e\u015fle\u015fmesi<\/li>\n<li>Malzeme ve yatak oranlar\u0131<\/li>\n<\/ul>\n<p>&nbsp;<\/p>\n<p><strong>Yaz\u0131l\u0131m \u00d6zellikleri:<\/strong><\/p>\n<ul>\n<li>Kolayca tan\u0131mlanm\u0131\u015f \u00e7izgi veya alan taramalar\u0131<\/li>\n<li>Yemek Tarifleri<\/li>\n<li>Yanal \u00e7\u00f6z\u00fcn\u00fcrl\u00fck<\/li>\n<li>Ham verileri ve g\u00f6r\u00fcnt\u00fcleri d\u0131\u015fa aktar\u0131n<\/li>\n<li>Ger\u00e7ek zamanl\u0131 ekran<\/li>\n<li>Otomatik raporlama<\/li>\n<li>\u00c7oklu dil deste\u011fi<\/li>\n<li>Haritalama<\/li>\n<\/ul>\n<p>&nbsp;<\/p>\n<p align=\"justify\"><strong>Analiz Yaz\u0131l\u0131m\u0131 \u00d6zellikleri:<\/strong><\/p>\n<ul>\n<li>Filtreleme<\/li>\n<li>Tesviye<\/li>\n<li>E\u015fikleme<\/li>\n<li>Yak\u0131nla\u015ft\u0131rma<\/li>\n<li>Alan se\u00e7imi ve form kald\u0131rma ara\u00e7lar\u0131<\/li>\n<li>\u00c7\u0131karma ve kar\u015f\u0131la\u015ft\u0131rma fonksiyonlar\u0131 ve di\u011ferleri<\/li>\n<\/ul>\n<p>&nbsp;<\/p>\n<p align=\"justify\"><strong>Geli\u015fmi\u015f Otomasyon:<\/strong><\/p>\n<ul>\n<li>Otomatik odaklama (optik ve mikroskop), otomatik analiz \u015fablonu<\/li>\n<li>\u00c7oklu \u00f6rnek i\u015fleme makrolar\u0131<\/li>\n<li>Profil olu\u015fturma veya AFM testi i\u00e7in mikroskop alt\u0131nda kolay alan se\u00e7imi<\/li>\n<li>Farkl\u0131 yans\u0131tma \u00f6zelliklerine sahip y\u00fczeyler i\u00e7in otomatik \u00e7ift frekans<\/li>\n<li>D\u00f6nme a\u015famas\u0131<\/li>\n<li>\u00d6r\u00fcnt\u00fc tan\u0131ma<\/li>\n<li>Veritaban\u0131 ileti\u015fimi<\/li>\n<li>Ba\u015far\u0131l\u0131\/Ba\u015far\u0131s\u0131z limitleri<\/li>\n<li>200'e kadar daha h\u0131zl\u0131 \u00f6l\u00e7\u00fcmler i\u00e7in hat sens\u00f6rleri<\/li>\n<\/ul>\n<p>&nbsp;<\/p>\n<p><strong>Numune(ler) Tutucular ve \u00c7evresel Ko\u015fullar:<\/strong><\/p>\n<ul>\n<li>\u00d6zel ve standart numune tutucular<\/li>\n<li>Is\u0131tma a\u015famas\u0131<\/li>\n<\/ul>\n<p>&nbsp;<\/p>\n<p><strong>Ek Y\u00fczey \u00d6l\u00e7\u00fcmleri:<br \/>\n<\/strong><\/p>\n<p><a href=\"https:\/\/nanovea.com\/surface-roughness-measurement\">Y\u00fczey P\u00fcr\u00fczl\u00fcl\u00fc\u011f\u00fc \u00d6l\u00e7\u00fcm\u00fc<\/a><\/p>\n<p><a href=\"https:\/\/nanovea.com\/surface-profile-measurement\">Y\u00fczey Profili \u00d6l\u00e7\u00fcm\u00fc<\/a><\/p>\n<p><a href=\"https:\/\/nanovea.com\/surface-topography-measurement\">Y\u00fczey Topografyas\u0131 \u00d6l\u00e7\u00fcm\u00fc<\/a><\/p>\n<p><a href=\"https:\/\/nanovea.com\/surface-volume-measurement\">Y\u00fczey Hacmi \u00d6l\u00e7\u00fcm\u00fc<\/a><\/p>\n<p><a href=\"https:\/\/nanovea.com\/surface-step-height-measurement\">Y\u00fczey Basamak Y\u00fcksekli\u011fi \u00d6l\u00e7\u00fcm\u00fc<\/a><\/p>\n<p align=\"justify\">\n<\/div>","protected":false},"excerpt":{"rendered":"<p>SURFACE FLATNESS MEASUREMENT | WARPAGE &amp; PLANARITY Profilometer Instruments | Lab Services | Chromatic Confocal | Application Notes The chromatic confocal technique is ideal for measurement of surface flatness, warpage and planarity on applications where it is often critical such as for micro parts, glass, seals and many others. Because no stitching is needed for [&hellip;]<\/p>","protected":false},"author":1,"featured_media":0,"parent":0,"menu_order":0,"comment_status":"open","ping_status":"open","template":"tpl-newslider.php","meta":{"_exactmetrics_skip_tracking":false,"_exactmetrics_sitenote_active":false,"_exactmetrics_sitenote_note":"","_exactmetrics_sitenote_category":0,"footnotes":""},"class_list":["post-99","page","type-page","status-publish","hentry"],"_links":{"self":[{"href":"https:\/\/nanovea.com\/tr\/wp-json\/wp\/v2\/pages\/99","targetHints":{"allow":["GET"]}}],"collection":[{"href":"https:\/\/nanovea.com\/tr\/wp-json\/wp\/v2\/pages"}],"about":[{"href":"https:\/\/nanovea.com\/tr\/wp-json\/wp\/v2\/types\/page"}],"author":[{"embeddable":true,"href":"https:\/\/nanovea.com\/tr\/wp-json\/wp\/v2\/users\/1"}],"replies":[{"embeddable":true,"href":"https:\/\/nanovea.com\/tr\/wp-json\/wp\/v2\/comments?post=99"}],"version-history":[{"count":24,"href":"https:\/\/nanovea.com\/tr\/wp-json\/wp\/v2\/pages\/99\/revisions"}],"predecessor-version":[{"id":23021,"href":"https:\/\/nanovea.com\/tr\/wp-json\/wp\/v2\/pages\/99\/revisions\/23021"}],"wp:attachment":[{"href":"https:\/\/nanovea.com\/tr\/wp-json\/wp\/v2\/media?parent=99"}],"curies":[{"name":"wp","href":"https:\/\/api.w.org\/{rel}","templated":true}]}}