{"id":81,"date":"2015-03-02T16:24:24","date_gmt":"2015-03-02T16:24:24","guid":{"rendered":"http:\/\/nanovea.com\/?page_id=81"},"modified":"2021-07-30T21:56:13","modified_gmt":"2021-07-30T21:56:13","slug":"profilometreler-uygulamalar","status":"publish","type":"page","link":"https:\/\/nanovea.com\/tr\/profilometreler-uygulamalar\/","title":{"rendered":"Profilometre Uygulamalar\u0131"},"content":{"rendered":"<div id=\"newslider\" style=\"min-height: auto; overflow: hidden;\">\n<ul>\n<li>\n<div class=\"slider-text\">\n<h2>Profilometreler<\/h2>\n<p><!--Applications!-->\u00dcst\u00fcn teknoloji kullan\u0131larak y\u00fczey \u00f6l\u00e7\u00fcm\u00fc<br \/>\nKromatik Konfokal Profilometri<\/p>\n<\/div>\n<p><!--<img decoding=\"async\" src=\"https:\/\/nanovea.com\/wp-content\/uploads\/2015\/04\/slide-profilometer.jpg\" alt=\"Lab Testing\" \/>!--><br \/>\n<img decoding=\"async\" src=\"https:\/\/nanovea.com\/wp-content\/uploads\/2018\/01\/slide-profilometer-1-1.jpg\" alt=\"Laboratuvar Testleri\" \/><\/li>\n<\/ul>\n<\/div>\n<h1 align=\"justify\"><strong>PROFI\u0307LOMETRE UYGULAMALARI <\/strong><\/h1>\n<p align=\"justify\"><a href=\"https:\/\/nanovea.com\/profilometer\">Profilometreler<\/a> | <a href=\"https:\/\/nanovea.com\/chromatic-confocal\">Teknik<\/a> | <a href=\"https:\/\/nanovea.com\/profilometers-optics\">Optik<\/a> | <a href=\"https:\/\/nanovea.com\/application-notes\">Uygulama Notlar\u0131<\/a> | <a href=\"https:\/\/nanovea.com\/profilometer-brochure\" target=\"_blank\" rel=\"noopener noreferrer\">Bro\u015f\u00fcr \u0130ndir<\/a> | <a href=\"https:\/\/nanovea.com\/profilometers-video\" target=\"_blank\" rel=\"noopener noreferrer\">Video \u0130zle<\/a><\/p>\n<p>Nanovea Profilometreler, di\u011fer Profilometrelere k\u0131yasla daha geni\u015f bir \u00f6l\u00e7\u00fcm aral\u0131\u011f\u0131yla neredeyse her malzemeyi \u00f6l\u00e7er. Ve bu nedenle, hemen hemen her y\u00fczey a\u015fa\u011f\u0131dakiler de dahil olmak \u00fczere alanlarda bir uygulama olabilir: Biyo ve Biyoteknoloji, Yap\u0131 Malzemeleri, T\u00fcketici \u00dcr\u00fcnleri, Medikal, Metaller, Petrol ve Madenler, Optik, Boya ve Kaplama, \u0130la\u00e7, Yar\u0131 \u0130letken \/ Elektronik \/ G\u00fcne\u015f, Tekstil \/ Deri \/ Ka\u011f\u0131t, Tak\u0131m ve Makine ve Ula\u015f\u0131m.<\/p>\n<table border=\"0\" width=\"1016\" cellspacing=\"0\" cellpadding=\"0\">\n<tbody>\n<tr>\n<td width=\"254\">\n<div align=\"center\"><img decoding=\"async\" src=\"https:\/\/nanovea.com\/wp-content\/themes\/wp-nanovea\/images\/images\/app1.jpg\" alt=\"Elektronik Y\u00fczeyler\" width=\"150\" height=\"113\" \/><\/div>\n<\/td>\n<td width=\"254\">\n<div align=\"center\"><img decoding=\"async\" src=\"https:\/\/nanovea.com\/wp-content\/themes\/wp-nanovea\/images\/images\/app2.jpg\" alt=\"Optik Y\u00fczeyler\" width=\"150\" height=\"113\" \/><\/div>\n<\/td>\n<td width=\"254\">\n<div align=\"center\"><img decoding=\"async\" src=\"https:\/\/nanovea.com\/wp-content\/themes\/wp-nanovea\/images\/images\/app3.jpg\" alt=\"Otomotiv Y\u00fczeyleri\" width=\"150\" height=\"113\" \/><\/div>\n<\/td>\n<td width=\"254\">\n<div align=\"center\"><img loading=\"lazy\" decoding=\"async\" src=\"https:\/\/nanovea.com\/wp-content\/themes\/wp-nanovea\/images\/images\/app4.jpg\" alt=\"\u0130\u015flenmi\u015f Y\u00fczeyler\" width=\"150\" height=\"113\" \/><\/div>\n<\/td>\n<\/tr>\n<\/tbody>\n<\/table>\n<table border=\"0\" width=\"1016\" cellspacing=\"0\" cellpadding=\"0\">\n<tbody>\n<tr>\n<td width=\"254\">\n<div align=\"center\">\n<p>&nbsp;<\/p>\n<p><img loading=\"lazy\" decoding=\"async\" src=\"https:\/\/nanovea.com\/wp-content\/themes\/wp-nanovea\/images\/images\/app5.jpg\" alt=\"Farmas\u00f6tik Y\u00fczeyler\" width=\"150\" height=\"113\" \/><\/p>\n<\/div>\n<\/td>\n<td width=\"254\">\n<div align=\"center\">\n<p>&nbsp;<\/p>\n<p><img loading=\"lazy\" decoding=\"async\" src=\"https:\/\/nanovea.com\/wp-content\/themes\/wp-nanovea\/images\/images\/app7.jpg\" alt=\"Ka\u011f\u0131t Hamuru Y\u00fczeyleri\" width=\"150\" height=\"113\" \/><\/p>\n<\/div>\n<\/td>\n<td width=\"254\">\n<div align=\"center\">\n<p>&nbsp;<\/p>\n<p><img loading=\"lazy\" decoding=\"async\" src=\"https:\/\/nanovea.com\/wp-content\/themes\/wp-nanovea\/images\/images\/app12.jpg\" alt=\"\u00c7evresel Y\u00fczeyler\" width=\"150\" height=\"113\" \/><\/p>\n<\/div>\n<\/td>\n<td width=\"254\">\n<div align=\"center\">\n<p>&nbsp;<\/p>\n<p><img loading=\"lazy\" decoding=\"async\" src=\"https:\/\/nanovea.com\/wp-content\/themes\/wp-nanovea\/images\/images\/app6.jpg\" alt=\"\u00c7evresel Y\u00fczeyler\" width=\"150\" height=\"113\" \/><\/p>\n<\/div>\n<\/td>\n<\/tr>\n<\/tbody>\n<\/table>\n<table border=\"0\" width=\"1016\" cellspacing=\"0\" cellpadding=\"0\">\n<tbody>\n<tr>\n<td width=\"254\">\n<div align=\"center\">\n<p>&nbsp;<\/p>\n<p><img loading=\"lazy\" decoding=\"async\" src=\"https:\/\/nanovea.com\/wp-content\/themes\/wp-nanovea\/images\/images\/app9.jpg\" alt=\"Farmas\u00f6tik Y\u00fczeyler\" width=\"150\" height=\"113\" \/><\/p>\n<\/div>\n<\/td>\n<td width=\"254\">\n<div align=\"center\">\n<p>&nbsp;<\/p>\n<p><img loading=\"lazy\" decoding=\"async\" src=\"https:\/\/nanovea.com\/wp-content\/themes\/wp-nanovea\/images\/images\/app10.jpg\" alt=\"Ka\u011f\u0131t Hamuru Y\u00fczeyleri\" width=\"150\" height=\"113\" \/><\/p>\n<\/div>\n<\/td>\n<td width=\"254\">\n<div align=\"center\">\n<p>&nbsp;<\/p>\n<p><img loading=\"lazy\" decoding=\"async\" src=\"https:\/\/nanovea.com\/wp-content\/themes\/wp-nanovea\/images\/images\/app11.jpg\" alt=\"Wafer Y\u00fczeyleri\" width=\"150\" height=\"113\" \/><\/p>\n<\/div>\n<\/td>\n<td width=\"254\">\n<div align=\"center\">\n<p>&nbsp;<\/p>\n<p><img loading=\"lazy\" decoding=\"async\" src=\"https:\/\/nanovea.com\/wp-content\/themes\/wp-nanovea\/images\/images\/app8.jpg\" alt=\"\u00c7evresel Y\u00fczeyler\" width=\"150\" height=\"113\" \/><\/p>\n<\/div>\n<\/td>\n<\/tr>\n<\/tbody>\n<\/table>","protected":false},"excerpt":{"rendered":"<p>Profilometers Surface measurement using superior Chromatic Confocal Profilometry PROFILOMETER APPLICATIONS Profilometers | Technique | Optics | Application Notes | Brochure Download | Watch Video Nanovea Profilometers measure nearly any material with a wider range of measurement than any other Profilometer. And because so, virtually any surface can be an application in fields including: Bio &amp; [&hellip;]<\/p>","protected":false},"author":1,"featured_media":0,"parent":0,"menu_order":0,"comment_status":"open","ping_status":"closed","template":"tpl-newslider.php","meta":{"_exactmetrics_skip_tracking":false,"_exactmetrics_sitenote_active":false,"_exactmetrics_sitenote_note":"","_exactmetrics_sitenote_category":0,"footnotes":""},"class_list":["post-81","page","type-page","status-publish","hentry"],"_links":{"self":[{"href":"https:\/\/nanovea.com\/tr\/wp-json\/wp\/v2\/pages\/81","targetHints":{"allow":["GET"]}}],"collection":[{"href":"https:\/\/nanovea.com\/tr\/wp-json\/wp\/v2\/pages"}],"about":[{"href":"https:\/\/nanovea.com\/tr\/wp-json\/wp\/v2\/types\/page"}],"author":[{"embeddable":true,"href":"https:\/\/nanovea.com\/tr\/wp-json\/wp\/v2\/users\/1"}],"replies":[{"embeddable":true,"href":"https:\/\/nanovea.com\/tr\/wp-json\/wp\/v2\/comments?post=81"}],"version-history":[{"count":18,"href":"https:\/\/nanovea.com\/tr\/wp-json\/wp\/v2\/pages\/81\/revisions"}],"predecessor-version":[{"id":12630,"href":"https:\/\/nanovea.com\/tr\/wp-json\/wp\/v2\/pages\/81\/revisions\/12630"}],"wp:attachment":[{"href":"https:\/\/nanovea.com\/tr\/wp-json\/wp\/v2\/media?parent=81"}],"curies":[{"name":"wp","href":"https:\/\/api.w.org\/{rel}","templated":true}]}}