{"id":632,"date":"2015-04-22T14:24:07","date_gmt":"2015-04-22T14:24:07","guid":{"rendered":"http:\/\/nanovea.com\/?page_id=632"},"modified":"2017-10-26T09:45:02","modified_gmt":"2017-10-26T09:45:02","slug":"otomatik-optik-denetim-intro","status":"publish","type":"page","link":"https:\/\/nanovea.com\/tr\/otomatik-optik-denetim-intro\/","title":{"rendered":"Otomatik Optik Muayene"},"content":{"rendered":"<div id=\"newslider\" style=\"min-height:auto; overflow:hidden;\">\n<ul>\n<li>\n<div class=\"slider-text\">\n<h2>OTOMATI\u0307K DENETI\u0307M<\/h2>\n<p>Daha geni\u015f bir geometri ve malzeme yelpazesinde <br \/>\ndi\u011fer t\u00fcm optik denetim sistemlerinden daha iyidir.\n<\/div>\n<p><img fetchpriority=\"high\" decoding=\"async\" class=\"alignnone\" src=\"https:\/\/nanovea.com\/wp-content\/uploads\/2015\/11\/slide-automated-inspection.jpg\" alt=\"Otomatik Optik Muayene\" width=\"1033\" height=\"345\" \/><\/li>\n<\/ul>\n<\/div>\n<h1><strong>OTOMATI\u0307K OPTI\u0307K I\u0307NCELEME GI\u0307RI\u0307\u015eI\u0307<\/strong><\/h1>\n<p align=\"justify\">Nanovea Otomatik Optik Muayene (AOI), \u00fcst\u00fcn kromatik konfokal teknolojisini kullanan \u00f6nc\u00fc optiklere sahiptir. Nano'dan makroya kadar olan aral\u0131k, \u00f6l\u00e7\u00fcm s\u0131ras\u0131nda otomatik olarak elde edilir (Profil Boyutu, P\u00fcr\u00fczl\u00fcl\u00fck Fini\u015f Dokusu, \u015eekil Formu Topografisi, D\u00fczl\u00fck \u00c7arp\u0131kl\u0131\u011f\u0131, Hacim Alan\u0131, Ad\u0131m Y\u00fcksekli\u011fi Derinlik Kal\u0131nl\u0131\u011f\u0131 ve di\u011ferleri) di\u011fer t\u00fcm g\u00f6r\u00fc\u015f veya lazer tabanl\u0131 optik denetim sistemlerinden daha geni\u015f bir geometri ve malzeme yelpazesi \u00fczerinde. \u00c7ok \u00e7e\u015fitli optik kalemlerin kullan\u0131lmas\u0131yla optik denetim sonsuz bir uygulama yelpazesini hassas bir \u015fekilde \u00f6l\u00e7ebilir. Nanovea optik denetimi numune yans\u0131t\u0131c\u0131l\u0131\u011f\u0131ndan s\u0131f\u0131r etkilenir, varyasyonlar numune haz\u0131rl\u0131\u011f\u0131 gerektirmez ve y\u00fcksek y\u00fczey a\u00e7\u0131lar\u0131n\u0131 \u00f6l\u00e7mek i\u00e7in geli\u015fmi\u015f yetene\u011fe sahiptir. Herhangi bir malzemeyi kolayca \u00f6l\u00e7\u00fcn: \u015feffaf, opak, spek\u00fcler, dif\u00fczif, cilal\u0131, p\u00fcr\u00fczl\u00fc vb. Di\u011fer optik \u00f6l\u00e7\u00fcm tekniklerinin aksine, geni\u015f y\u00fczey alanlar\u0131 herhangi bir g\u00f6r\u00fcnt\u00fcleme diki\u015fi olmadan hassas bir \u015fekilde \u00f6l\u00e7\u00fclebilir. Nanovea Profilometreler, \u00f6zel boyut, h\u0131z, tarama yetenekleri, S\u0131n\u0131f 1 Temiz Oda uyumlulu\u011fu, \u0130ndeksleme Konvey\u00f6r\u00fc ile ve Inline veya \u00e7evrimi\u00e7i olarak \u00fcretilebilir. Nanovea tezgah \u00fcst\u00fc hakk\u0131nda daha fazla bilgi edinmek i\u00e7in <a href=\"https:\/\/nanovea.com\/profilometer\">Profilometreler<\/a>. *AOI sistemleri hakk\u0131nda daha fazla bilgi i\u00e7in do\u011frudan Nanovea ile ileti\u015fime ge\u00e7in.<\/p>\n<p><strong><br \/>\nOTOMATI\u0307K OPTI\u0307K DENETI\u0307M<\/strong><br \/>\nNano'dan Makro Aral\u0131\u011fa<\/p>\n<table border=\"0\" width=\"1016\" cellspacing=\"0\" cellpadding=\"0\">\n<tbody>\n<tr>\n<td width=\"169\">\n<div align=\"center\"><a href=\"https:\/\/nanovea.com\/surface-roughness\"><img decoding=\"async\" src=\"https:\/\/nanovea.com\/wp-content\/themes\/wp-nanovea\/images\/images\/surface-roughness.jpg\" alt=\"Y\u00fczey P\u00fcr\u00fczl\u00fcl\u00fc\u011f\u00fc Doku Fini\u015f \u00d6l\u00e7\u00fcm\u00fc\" width=\"150\" height=\"113\" \/><\/a><a href=\"https:\/\/nanovea.com\/surface-roughness\">P\u00fcr\u00fczl\u00fcl\u00fck Doku Kaplama<\/a><\/div>\n<\/td>\n<td width=\"169\">\n<div align=\"center\"><a href=\"https:\/\/nanovea.com\/surface-profile\"><img decoding=\"async\" src=\"https:\/\/nanovea.com\/wp-content\/themes\/wp-nanovea\/images\/images\/asphereinspection.jpg\" alt=\"Y\u00fczey Profili Boyut \u00d6l\u00e7\u00fcm\u00fc\" width=\"150\" height=\"113\" \/><\/a><a href=\"https:\/\/nanovea.com\/surface-profile\">Profil Boyutlar\u0131<\/a><\/div>\n<\/td>\n<td width=\"169\">\n<div align=\"center\"><a href=\"https:\/\/nanovea.com\/surface-topography-measurement\"><img loading=\"lazy\" decoding=\"async\" src=\"https:\/\/nanovea.com\/wp-content\/themes\/wp-nanovea\/images\/images\/surface-topography.jpg\" alt=\"Y\u00fczey Topografyas\u0131 \u015eekil Form \u00d6l\u00e7\u00fcm\u00fc\" width=\"150\" height=\"113\" \/><\/a><a href=\"https:\/\/nanovea.com\/surface-topography-measurement\">Topografya \u015eekil Form<\/a><\/div>\n<\/td>\n<td width=\"169\">\n<div align=\"center\"><a href=\"https:\/\/nanovea.com\/surface-flatness-measurement\"><img loading=\"lazy\" decoding=\"async\" src=\"https:\/\/nanovea.com\/wp-content\/themes\/wp-nanovea\/images\/images\/flatnessinspection.jpg\" alt=\"Y\u00fczey D\u00fczl\u00fc\u011f\u00fc \u00c7arp\u0131kl\u0131k D\u00fczlemsellik \u00d6l\u00e7\u00fcm\u00fc\" width=\"150\" height=\"113\" \/><\/a><a href=\"https:\/\/nanovea.com\/surface-flatness-measurement\">D\u00fczl\u00fck \u00c7arp\u0131kl\u0131k D\u00fczlemsellik<\/a><\/div>\n<\/td>\n<td width=\"169\">\n<div align=\"center\"><a href=\"https:\/\/nanovea.com\/surface-volume-measurement\"><img loading=\"lazy\" decoding=\"async\" src=\"https:\/\/nanovea.com\/wp-content\/themes\/wp-nanovea\/images\/images\/surface-volume.jpg\" alt=\"Y\u00fczey Hacim Alan \u00d6l\u00e7\u00fcm\u00fc\" width=\"150\" height=\"113\" \/><\/a><a href=\"https:\/\/nanovea.com\/surface-volume-measurement\">Hacim Alan\u0131<\/a><\/div>\n<\/td>\n<td width=\"169\">\n<div align=\"center\"><a href=\"https:\/\/nanovea.com\/surface-step-height-measurement\"><img loading=\"lazy\" decoding=\"async\" src=\"https:\/\/nanovea.com\/wp-content\/themes\/wp-nanovea\/images\/images\/surface-stepheight.jpg\" alt=\"Y\u00fczey Basamak Y\u00fcksekli\u011fi \u00d6l\u00e7\u00fcm\u00fc\" width=\"150\" height=\"113\" \/><\/a><a href=\"https:\/\/nanovea.com\/surface-step-height-measurement\">Basamak-Y\u00fckseklik Derinlik Kal\u0131nl\u0131k<\/a><\/div>\n<\/td>\n<\/tr>\n<\/tbody>\n<\/table>\n<p><strong><br \/>\n\u0130NCELEME<br \/>\nSI\u0307STEM VE YAZILIM<\/strong><\/p>\n<div class=\"product-pic\">\n<p><strong><a><img loading=\"lazy\" decoding=\"async\" src=\"https:\/\/nanovea.com\/wp-content\/themes\/wp-nanovea\/images\/images\/HS1000-.jpg\" alt=\"HS1000 Profilometre\" width=\"95\" height=\"95\" align=\"left\" border=\"none\" \/><\/a><\/strong><\/p>\n<\/div>\n<div class=\"product-desc\">\n<p align=\"justify\"><strong>HS2000 Profilometre | <\/strong> Otomatik Optik Muayene<br \/>\nS\u0131n\u0131f\u0131ndaki \u00e7o\u011fu denetim sisteminden 50 kat daha y\u00fcksek h\u0131zlarda Otomatik Optik Denetim. Denetim h\u0131zlar\u0131 1m\/s'ye kadar \u00e7\u0131kabilir ve 31KHz'ye kadar veri toplama, daha fazla zaman k\u0131s\u0131tlamas\u0131 olan \u00fcretim ve kalite kontrol ortamlar\u0131 i\u00e7in \u00e7ok \u00f6nemli denetim sa\u011flar. HS1000, \u00fcst\u00fcn stabilite sa\u011flamak i\u00e7in \u00e7o\u011funlukla granitten yap\u0131lm\u0131\u015ft\u0131r ve tamamen ba\u011f\u0131ms\u0131z bir cihaz olu\u015fturmak i\u00e7in iste\u011fe ba\u011fl\u0131 bir muhafaza i\u015f istasyonu ile birlikte gelir. HS1000 ayr\u0131ca 180 kata kadar daha h\u0131zl\u0131 denetim yapmak i\u00e7in 180 noktal\u0131 bir \u00e7izgi sens\u00f6r\u00fc ile donat\u0131labilir, bu da 1 m\/s a\u015fama h\u0131z\u0131 ve 324.000'e kadar bir toplama h\u0131z\u0131 sa\u011flar. Y\u00fcksek h\u0131zl\u0131 otomasyon ve kalite kontrol ortamlar\u0131 i\u00e7in ideal se\u00e7enek. HS1000 Profilometrenin optimize edilmi\u015f versiyonlar\u0131 Fotovoltaik, Mikroelektronik ve Asphere \u00fcretim ortamlar\u0131 i\u00e7in \u00fcretilmi\u015ftir. Saniyede 31.000 noktaya ve 1m x 1m'ye kadar tarama alanlar\u0131na kadar y\u00fcksek h\u0131zlar elde edebilir. \u00d6l\u00e7\u00fcmler mikroelektronik d\u00fczlemsellikten g\u00fcne\u015f pili d\u00fczl\u00fc\u011f\u00fcne, asferik topografyaya ve boyuta kadar de\u011fi\u015febilir. Kalite kontrol denetimi i\u00e7in tek ba\u015f\u0131na veya hat i\u00e7i entegrasyon olarak mevcuttur.<\/p>\n<p align=\"justify\">- Y\u00fcksek H\u0131zl\u0131 - Otomatik - Kullan\u0131c\u0131 Dostu Teknoloji - (PRVision) G\u00f6r\u00fcnt\u00fc \u00d6r\u00fcnt\u00fc Tan\u0131ma - Geli\u015ftirilmi\u015f Granit Yap\u0131 - G\u00fcvenlik Muhafazal\u0131 \u0130\u015f \u0130stasyonu - \u0130ndeksleme Konvey\u00f6r\u00fc veya Hat \u0130\u00e7i Entegrasyon Se\u00e7ene\u011fi - Saniyede 31.000 nokta ve hat i\u00e7i kalite kontrol i\u00e7in 1m x 1m'ye kadar tarama alanlar\u0131<\/p>\n<\/div>\n<p>&nbsp;<\/p>\n<div class=\"product-pic\">\n<p><strong><a><img loading=\"lazy\" decoding=\"async\" src=\"https:\/\/nanovea.com\/wp-content\/themes\/wp-nanovea\/images\/images\/PRVisionSoftware.jpg\" alt=\"Nanovea PRVision Yaz\u0131l\u0131m\u0131\" width=\"95\" height=\"95\" align=\"left\" border=\"none\" \/><\/a><\/strong><\/p>\n<\/div>\n<div class=\"product-desc\">\n<p align=\"justify\"><strong>Yaz\u0131l\u0131m | <\/strong>2D \u00d6r\u00fcnt\u00fc Tan\u0131ma ve 3D Analiz<em><br \/>\nPRVision<\/em> Kullan\u0131c\u0131 taraf\u0131ndan e\u011fitilmi\u015f bir g\u00f6r\u00fcnt\u00fc dosyas\u0131ndaki \u00f6zellikleri otomatik olarak tan\u0131r. Y\u00fczey, ilgilenilen t\u00fcm \u00f6zellikler otomatik olarak tan\u0131n\u0131rken taran\u0131r; daha sonra bulunan her \u00f6zelli\u011fi otomatik olarak \u00f6l\u00e7er veya kullan\u0131c\u0131 taraf\u0131ndan se\u00e7ilen birka\u00e7 \u00f6zelli\u011fi \u00f6l\u00e7er. <em>PRVision<\/em> Makro \u00f6l\u00e7\u00fcm\u00fc s\u0131ras\u0131nda numune oryantasyonunu referans almak i\u00e7in de kullan\u0131labilir, bu da numuneler tutucular\u0131na y\u00fcklendi\u011finde ve bo\u015falt\u0131ld\u0131\u011f\u0131nda olu\u015fan d\u00f6nmeleri veya yer de\u011fi\u015ftirmeleri otomatik olarak d\u00fczeltir. Bu se\u00e7enek, bir y\u00fczey deseni veya birka\u00e7 numune \u00f6l\u00e7\u00fclecekse kurulum s\u00fcresini \u00f6nemli \u00f6l\u00e7\u00fcde azaltacakt\u0131r. Nanovea 3D yaz\u0131l\u0131m\u0131, daha fazla analiz i\u00e7in kullan\u0131lan edinim yaz\u0131l\u0131m\u0131d\u0131r. Yaz\u0131l\u0131m, kullan\u0131c\u0131n\u0131n \u00f6l\u00e7\u00fclecek alan\u0131n veya \u00e7izginin boyutunun yan\u0131 s\u0131ra \u00f6l\u00e7\u00fcm\u00fcn yanal \u00e7\u00f6z\u00fcn\u00fcrl\u00fc\u011f\u00fcn\u00fc tan\u0131mlamas\u0131na izin verir. Yaz\u0131l\u0131m ayr\u0131ca \u00f6l\u00e7\u00fcm\u00fcn ger\u00e7ek zamanl\u0131 olarak \u00fc\u00e7 farkl\u0131 g\u00f6r\u00fcn\u00fcm\u00fcne izin verir: kesitsel, yukar\u0131dan a\u015fa\u011f\u0131ya ve 3 boyutlu g\u00f6r\u00fcn\u00fcmler. K\u00fc\u00e7\u00fck y\u00fczeylerin bulunmas\u0131n\u0131 ve \u00f6l\u00e7\u00fclmesini kolayla\u015ft\u0131rmak i\u00e7in, yeniden merkezleme i\u015flevi, kullan\u0131c\u0131n\u0131n bir sonraki taramay\u0131 belirli bir noktaya yeniden merkezlemek i\u00e7in taranan g\u00f6r\u00fcnt\u00fcye i\u015faret edip t\u0131klamas\u0131na olanak tan\u0131r; veya iste\u011fe ba\u011fl\u0131 bir ofset video kameradan bir i\u015faret ve t\u0131klama \u00f6zelli\u011fi kullan\u0131larak. Bu iki i\u015flevin birle\u015ftirilmesi, \u00f6zelliklerin ve kusurlar\u0131n otomatik olarak tespit edilebilmesini, konumlar\u0131n\u0131n hat\u0131rlanabilmesini ve ard\u0131ndan bu alan\u0131n 3D olarak \u00f6l\u00e7\u00fclebilmesini sa\u011flar. 2D ve 3D veriler boyut, \u015fekil, p\u00fcr\u00fczl\u00fcl\u00fck, hacim ve \u00e7ok daha fazlas\u0131n\u0131 \u00f6nceden tan\u0131mlanm\u0131\u015f ba\u015far\u0131l\u0131\/ba\u015far\u0131s\u0131z parametreleriyle kar\u015f\u0131la\u015ft\u0131rmak i\u00e7in kullan\u0131labilir.<\/p>\n<\/div>\n<p style=\"clear: both;\">","protected":false},"excerpt":{"rendered":"<p>AUTOMATED INSPECTION On a wider range of geometries &amp; materials then any other optical inspection system. AUTOMATED OPTICAL INSPECTION INTRO Nanovea Automated Optical Inspection (AOI) with leading edge optics using superior chromatic confocal technology. Nano through macro range is automatically obtained during measurement (Profile Dimension, Roughness Finish Texture, Shape Form Topography, Flatness Warpage, Volume Area, [&hellip;]<\/p>","protected":false},"author":1,"featured_media":0,"parent":0,"menu_order":0,"comment_status":"open","ping_status":"closed","template":"","meta":{"_exactmetrics_skip_tracking":false,"_exactmetrics_sitenote_active":false,"_exactmetrics_sitenote_note":"","_exactmetrics_sitenote_category":0,"footnotes":""},"class_list":["post-632","page","type-page","status-publish","hentry"],"_links":{"self":[{"href":"https:\/\/nanovea.com\/tr\/wp-json\/wp\/v2\/pages\/632","targetHints":{"allow":["GET"]}}],"collection":[{"href":"https:\/\/nanovea.com\/tr\/wp-json\/wp\/v2\/pages"}],"about":[{"href":"https:\/\/nanovea.com\/tr\/wp-json\/wp\/v2\/types\/page"}],"author":[{"embeddable":true,"href":"https:\/\/nanovea.com\/tr\/wp-json\/wp\/v2\/users\/1"}],"replies":[{"embeddable":true,"href":"https:\/\/nanovea.com\/tr\/wp-json\/wp\/v2\/comments?post=632"}],"version-history":[{"count":14,"href":"https:\/\/nanovea.com\/tr\/wp-json\/wp\/v2\/pages\/632\/revisions"}],"predecessor-version":[{"id":9409,"href":"https:\/\/nanovea.com\/tr\/wp-json\/wp\/v2\/pages\/632\/revisions\/9409"}],"wp:attachment":[{"href":"https:\/\/nanovea.com\/tr\/wp-json\/wp\/v2\/media?parent=632"}],"curies":[{"name":"wp","href":"https:\/\/api.w.org\/{rel}","templated":true}]}}