{"id":2271,"date":"2016-01-25T17:33:58","date_gmt":"2016-01-25T17:33:58","guid":{"rendered":"http:\/\/nanovea.com\/?page_id=2271"},"modified":"2018-11-20T17:18:34","modified_gmt":"2018-11-20T17:18:34","slug":"yayinlar","status":"publish","type":"page","link":"https:\/\/nanovea.com\/tr\/publications\/","title":{"rendered":"Yay\u0131nlar"},"content":{"rendered":"<p><strong>YAYINLAR<br \/>\n<\/strong><\/p>\n<p>Nanovea \u00f6l\u00e7\u00fcm ve y\u00fczey ara\u015ft\u0131rma teknolojisini geli\u015ftirmeye devam ediyor. Nanovea cihazlar\u0131n\u0131 i\u00e7eren 250'den fazla ara\u015ft\u0131rma makalesi hakemli dergilerde yay\u0131nlanm\u0131\u015ft\u0131r. A\u015fa\u011f\u0131da makalelerin se\u00e7ilmi\u015f bir listesi bulunmaktad\u0131r. L\u00fctfen <a href=\"https:\/\/nanovea.com\/request-form\" target=\"_blank\" rel=\"noopener noreferrer\">\u0130leti\u015fim<\/a> Yay\u0131nlar\u0131n tam listesi i\u00e7in Nanovea.<\/p>\n<table style=\"width: 100%;\" border=\"0\">\n<tbody>\n<tr>\n<td style=\"width: 25%; vertical-align: top; padding-right: 10px;\" height=\"152\"><strong><br \/>\nPROF\u0130LOMETRE<\/strong><\/p>\n<ul>\n<li><a href=\"https:\/\/www.sciencedirect.com\/science\/article\/pii\/S0921509310007318\">Lazerle biriktirilmi\u015f WC-12%Co kompozitlerin mikroyap\u0131s\u0131 ve a\u015f\u0131nma \u00f6zellikleri<\/a>, Malzeme Bilimi ve M\u00fchendisli\u011fi: A 527, 24-25, 6677-6682<\/li>\n<li><a href=\"https:\/\/www.sciencedirect.com\/science\/article\/pii\/S0169433213021879\">Elmas ta\u015flama i\u015fleminin SiO2\/SiO2 kompozitinin y\u00fczey mikro-topografisi ve \u00f6zellikleri \u00fczerindeki etkisi<\/a>, Uygulamal\u0131 Y\u00fczey Bilimi 292, 181-189<\/li>\n<li><a href=\"https:\/\/www.sciencedirect.com\/science\/article\/pii\/S0043164813001841\">A\u015f\u0131nd\u0131r\u0131c\u0131 jet mikro-i\u015flenmi\u015f kanallar\u0131n y\u00fczey p\u00fcr\u00fczl\u00fcl\u00fc\u011f\u00fc ve erozyon oran\u0131: Deneyler ve analitik model<\/a>, Wear 303, 1-2, 138-145<\/li>\n<li><a href=\"https:\/\/www.sciencedirect.com\/science\/article\/pii\/S0008622310009425\">Karbon nanot\u00fcplerin ve bir floropolimerin sulu bir dispersiyonundan yap\u0131lan kararl\u0131 s\u00fcperhidrofobik kompozit kaplamalar<\/a>, Karbon 49, 5, 1769-1774<\/li>\n<li><a href=\"https:\/\/www.sciencedirect.com\/science\/article\/pii\/S1359645410003605\">25'ten 1000 \u00b0C'ye kadar ya\u011flay\u0131c\u0131 davran\u0131\u015fa sahip uyarlanabilir VN\/Ag nanokompozit kaplamalar<\/a>, Acta Materialia 58, 16, 5326-5331<\/li>\n<li><a href=\"https:\/\/www.sciencedirect.com\/science\/article\/pii\/S0257897208006749\">Uyarlanabilir kat\u0131 ya\u011flama i\u00e7in y\u00fczey dokuland\u0131rma<\/a>, Y\u00fczey ve Kaplama Teknolojisi 203, 1-2, 73-79<\/li>\n<li><a href=\"https:\/\/dx.doi.org\/10.1002\/jbm.a.32952\">So\u011fuk p\u00fcsk\u00fcrtmeli al\u00fcminyum bazl\u0131 cams\u0131 kaplama: Sentez, a\u015f\u0131nma ve korozyon \u00f6zellikleri<\/a>, Y\u00fczey ve Kaplama Teknolojisi 232, 33-40<\/li>\n<li><a href=\"https:\/\/www.sciencedirect.com\/science\/article\/pii\/S0043164810001183\">CrN-Ag nanokompozit kaplamalar: Y\u00fcksek s\u0131cakl\u0131kta tribolojik tepki<\/a>, Wear 269, 1-2, 125-131<\/li>\n<li><a href=\"https:\/\/www.sciencedirect.com\/science\/article\/pii\/S0008622312003958\">K\u0131v\u0131lc\u0131m plazma sinterleme ile birle\u015ftirilen y\u0131\u011f\u0131n grafen nanoplateletlerin sentezi ve \u00f6zellikleri<\/a>, Karbon 50, 11, 4068-4077<\/li>\n<li><a href=\"https:\/\/www.sciencedirect.com\/science\/article\/pii\/S0257897211000818\">TiC\/SiC\/Ti3SiC2 kompozit kaplamalar\u0131n k\u0131v\u0131lc\u0131m plazma sinterleme ile yerinde sentezi<\/a>, Y\u00fczey ve Kaplama Teknolojisi 205, 13-14, 3840-3846<\/li>\n<\/ul>\n<div id=\"stcpDiv\"><\/div>\n<\/td>\n<td style=\"width: 25%; vertical-align: top; padding-right: 10px;\"><strong><br \/>\nMEKANIK TEST CIHAZI<\/strong><\/p>\n<ul>\n<li><a href=\"https:\/\/www.sciencedirect.com\/science\/article\/pii\/S0010938X14005952\">Karbon\/karbon kompozitlerin yeni bir SiC nanoribbon takviyeli SiC-Si seramik kaplama ile oksidasyona kar\u015f\u0131 korunmas\u0131<\/a>, Korozyon Bilimi 92, 272-279<\/li>\n<li><a href=\"https:\/\/www.sciencedirect.com\/science\/article\/pii\/S0257897213009389\">Elektro-k\u0131v\u0131lc\u0131m biriktirme ve mikro-ark oksidasyonu ile \u00e7elik \u00fczerine \u00fcretilen dubleks kaplamalar\u0131n karakterizasyonu ve mekanik \u00f6zellikleri<\/a>, Y\u00fczey ve Kaplama Teknolojisi 236, 303-308<\/li>\n<li><a href=\"https:\/\/www.sciencedirect.com\/science\/article\/pii\/S0169433212014821\">Mikro ark oksidasyonu ile magnezyum \u00fczerine yap\u0131lan kaplamalar\u0131n karakterizasyonu ve mekanik \u00f6zellikleri<\/a>, Uygulamal\u0131 Y\u00fczey Bilimi 261, 774-782<\/li>\n<li><a href=\"https:\/\/www.sciencedirect.com\/science\/article\/pii\/B9780127999470000134\">B\u00f6l\u00fcm 13 - Titanyum \u0130ntraosse\u00f6z \u0130mplantlar \u00dczerinde Elde Edilen Nanokristalin Hidroksiapatit Kaplamalar\u0131n Plazma-\u0130nd\u00fcksiyon P\u00fcsk\u00fcrtmesi<\/a>, Nanoseramik ve Nanokompozit Kaplamalar ve Malzemeler El Kitab\u0131 293-317<\/li>\n<li><a href=\"https:\/\/www.sciencedirect.com\/science\/article\/pii\/S0921509315004165\">Ultra ince taneli ve iri taneli d\u00fc\u015f\u00fck karbonlu \u00e7elik saclar aras\u0131ndaki farkl\u0131 diren\u00e7 nokta kaynaklar\u0131n\u0131n metalurjik \u00f6zellikleri ve hata modu ge\u00e7i\u015fi<\/a>, Malzeme Bilimi ve M\u00fchendisli\u011fi: A 637, 42360<\/li>\n<li><a href=\"https:\/\/dx.doi.org\/10.1111\/jace.12621\">Y\u00fcksek S\u0131cakl\u0131\u011fa Maruz B\u0131rak\u0131lan Hava Plazma P\u00fcsk\u00fcrtmeli Termal Bariyer Kaplamalar\u0131n Mikroyap\u0131 ve Mekanik \u00d6zellikleri Aras\u0131ndaki Korelasyonlar<\/a>, Journal of the American Ceramic Society 96, 12, 3901-3907<\/li>\n<li><a href=\"https:\/\/link.springer.com\/article\/10.1007\/s10570-012-9659-7\">Sodyum silikat konsantrasyonunun 2017A al\u00fcminyum ala\u015f\u0131ml\u0131 alt tabaka \u00fczerindeki mikroark oksidasyon kaplamalar\u0131n\u0131n yap\u0131sal ve tribolojik \u00f6zellikleri \u00fczerindeki etkisi<\/a>, Journal of Alloys and Compounds 504, 2, 519-526<\/li>\n<li><a href=\"https:\/\/www.sciencedirect.com\/science\/article\/pii\/S025789721400108X\">Mikro kal\u0131plar\u0131n i\u00e7 duvar\u0131nda TiAlN filmlerin HIPIMS birikimi ve mikro sac metal \u015fekillendirmede uygulanabilirli\u011fi<\/a>, Y\u00fczey ve Kaplama Teknolojisi 250, 44-51<\/li>\n<li><a href=\"https:\/\/www.sciencedirect.com\/science\/article\/pii\/S0257897215005009\">Farkl\u0131 ortamlarda kayma ve yuvarlanma temas\u0131 alt\u0131nda Sb2O3\/Au katk\u0131l\u0131 MoS2 kat\u0131 ya\u011flay\u0131c\u0131 filmlerin malzeme ve tribolojik \u00f6zelliklerinin incelenmesi<\/a>, Surface and Coatings Technology, bask\u0131da<\/li>\n<li><a href=\"https:\/\/www.sciencedirect.com\/science\/article\/pii\/S0257897210000265\">Termal bariyer kaplamalar\u0131n delaminasyonunda kaplama uyumlulu\u011funun etkisi<\/a>, Y\u00fczey ve Kaplama Teknolojisi 204, 15, 2432-2441<\/li>\n<li><a href=\"https:\/\/doi.org\/10.1088\/1402-4896\/aa9292\">F\u00fczyon uygulamalar\u0131 i\u00e7in farkl\u0131 tungsten malzemelerin mekanik \u00f6zelliklerinin kar\u015f\u0131la\u015ft\u0131rmal\u0131 incelenmesi<\/a>, S Krimpalis ve di\u011ferleri 2017 Phys. Scr. 2017 014068<\/li>\n<\/ul>\n<\/td>\n<td style=\"width: 25%; vertical-align: top; padding-right: 10px;\" colspan=\"2\"><strong><br \/>\nTR\u0130BOMETRE<\/strong><\/p>\n<ul>\n<li><a href=\"https:\/\/link.springer.com\/article\/10.1007\/s11666-011-9669-2\">Plazma P\u00fcsk\u00fcrtmeli Karbon Nanot\u00fcp Takviyeli Al\u00fcminyum Oksit Kaplaman\u0131n Deniz ve Y\u00fcksek S\u0131cakl\u0131k Ortamlar\u0131nda A\u015f\u0131nma Davran\u0131\u015f\u0131<\/a>, Termal P\u00fcsk\u00fcrtme Teknolojisi Dergisi 20, 6, 1217-1230<\/li>\n<li><a href=\"https:\/\/www.sciencedirect.com\/science\/article\/pii\/S0257897209009748\">Karbon nanot\u00fcp takviyeli plazma p\u00fcsk\u00fcrtmeli al\u00fcminyum oksit kaplaman\u0131n orta s\u0131cakl\u0131ktaki tribolojik davran\u0131\u015f\u0131<\/a>, Surface and Coatings Technology 204, 11, 1847-1855<\/li>\n<li><a href=\"https:\/\/www.sciencedirect.com\/science\/article\/pii\/S1742706109001330\">Y\u00fck ta\u015f\u0131yan implantlar i\u00e7in Ti \u00fczerine lazer destekli Zr\/ZrO2 kaplama<\/a>, Acta Biomaterialia 5, 7, 2800-2809<\/li>\n<li><a href=\"https:\/\/www.sciencedirect.com\/science\/article\/pii\/S0008622310003143\">K\u0131v\u0131lc\u0131m plazma sinterleme ile karbon nanot\u00fcp sertle\u015ftirilmi\u015f hidroksiapatit: Mikroyap\u0131sal evrim ve \u00e7ok \u00f6l\u00e7ekli tribolojik \u00f6zellikler<\/a>, Karbon 48, 11, 3103-3120<\/li>\n<li><a href=\"https:\/\/www.sciencedirect.com\/science\/article\/pii\/S1359646210003003\">Titanyum \u00fczerine SiC par\u00e7ac\u0131k takviyeli kaplaman\u0131n lazerle i\u015flenmesi<\/a>, Scripta Materialia 63, 4, 438-441<\/li>\n<li><a href=\"https:\/\/www.sciencedirect.com\/science\/article\/pii\/S0928493110001724\">Kompozisyonel ve yap\u0131sal olarak derecelendirilmi\u015f CoCrMo-Ti6Al4V yap\u0131lar\u0131n in vitro a\u015f\u0131nma oran\u0131 ve Co iyonu sal\u0131n\u0131m\u0131<\/a>, Malzeme Bilimi ve M\u00fchendisli\u011fi: C 31, 4, 809-814<\/li>\n<li><a href=\"https:\/\/www.sciencedirect.com\/science\/article\/pii\/S0043164813004717\">\u00c7\u00f6zelti ile muamele edilmi\u015f Tribaloy ala\u015f\u0131m\u0131n\u0131n mikroyap\u0131s\u0131 ve tribolojik \u00f6zellikleri<\/a>, Wear 307, 1-2, 22-27<\/li>\n<li><a href=\"https:\/\/www.sciencedirect.com\/science\/article\/pii\/S0040609009003216\">Titanyum katk\u0131l\u0131 tungsten dis\u00fclf\u00fcr (Ti-WS2) nanokompozit ince filmlerin b\u00fcy\u00fct\u00fclmesi, yap\u0131s\u0131 ve s\u00fcrt\u00fcnme davran\u0131\u015f\u0131<\/a>, \u0130nce Kat\u0131 Filmler 517, 19, 5666-5675<\/li>\n<li><a href=\"https:\/\/www.sciencedirect.com\/science\/article\/pii\/S0008622309006381\">Geli\u015ftirilmi\u015f k\u0131r\u0131lma ve a\u015f\u0131nma direnci i\u00e7in kimyasal buhar biriktirme ile \u00fcretilen karbon nanot\u00fcp takviyeli al\u00fcminyum oksit kaplaman\u0131n sentezi<\/a>, Karbon 48, 2, 431-442<\/li>\n<li><a href=\"https:\/\/dx.doi.org\/10.1111\/j.1551-2916.2010.04345.x\">K\u0131r\u0131lgan Malzemelerin K\u0131r\u0131lma Toklu\u011funun Belirlenmesinde Hertzian \u0130ndentasyon Tekni\u011finin Etkinli\u011finin De\u011ferlendirilmesi<\/a>, Journal of the American Ceramic Society 94, 7, 2153-2161<\/li>\n<li><a href=\"https:\/\/www.nature.com\/nature\/journal\/v536\/n7614\/pdf\/nature18948.pdf\">Ya\u011flama ya\u011flar\u0131ndan elde edilen karbon bazl\u0131 tribofilmler<\/a>, Nature 536, 67-71<\/li>\n<\/ul>\n<\/td>\n<\/tr>\n<\/tbody>\n<\/table>\n<p>&nbsp;<\/p>\n<p>&nbsp;<\/p>","protected":false},"excerpt":{"rendered":"<p>PUBLICATIONS Nanovea continues to advance measurement and surface research technology. More than 250 research articles featuring Nanovea instruments have been published on peer-reviewed journals. Below is a selected list of the articles. Please contact Nanovea for a full list of publications. PROFILOMETER Microstructure and wear properties of laser deposited WC\u201312%Co composites, Materials Science and Engineering: [&hellip;]<\/p>\n","protected":false},"author":1,"featured_media":0,"parent":0,"menu_order":0,"comment_status":"closed","ping_status":"closed","template":"","meta":{"_exactmetrics_skip_tracking":false,"_exactmetrics_sitenote_active":false,"_exactmetrics_sitenote_note":"","_exactmetrics_sitenote_category":0,"footnotes":""},"class_list":["post-2271","page","type-page","status-publish","hentry"],"_links":{"self":[{"href":"https:\/\/nanovea.com\/tr\/wp-json\/wp\/v2\/pages\/2271","targetHints":{"allow":["GET"]}}],"collection":[{"href":"https:\/\/nanovea.com\/tr\/wp-json\/wp\/v2\/pages"}],"about":[{"href":"https:\/\/nanovea.com\/tr\/wp-json\/wp\/v2\/types\/page"}],"author":[{"embeddable":true,"href":"https:\/\/nanovea.com\/tr\/wp-json\/wp\/v2\/users\/1"}],"replies":[{"embeddable":true,"href":"https:\/\/nanovea.com\/tr\/wp-json\/wp\/v2\/comments?post=2271"}],"version-history":[{"count":7,"href":"https:\/\/nanovea.com\/tr\/wp-json\/wp\/v2\/pages\/2271\/revisions"}],"predecessor-version":[{"id":4148,"href":"https:\/\/nanovea.com\/tr\/wp-json\/wp\/v2\/pages\/2271\/revisions\/4148"}],"wp:attachment":[{"href":"https:\/\/nanovea.com\/tr\/wp-json\/wp\/v2\/media?parent=2271"}],"curies":[{"name":"wp","href":"https:\/\/api.w.org\/{rel}","templated":true}]}}