{"id":2254,"date":"2016-01-25T17:01:39","date_gmt":"2016-01-25T17:01:39","guid":{"rendered":"http:\/\/nanovea.com\/?page_id=2254"},"modified":"2018-11-16T17:08:40","modified_gmt":"2018-11-16T17:08:40","slug":"korozyon-triboloji-testi","status":"publish","type":"page","link":"https:\/\/nanovea.com\/tr\/korozyon-triboloji-testi\/","title":{"rendered":"Korozyon Triboloji Testi"},"content":{"rendered":"<div class=\"wonderpluginslider-container\" id=\"wonderpluginslider-container-7\" style=\"max-width:1035px;margin:0 auto;padding-left:0px;padding-right:0px;padding-top:0px;padding-bottom:0px;\"><div class=\"wonderpluginslider\" id=\"wonderpluginslider-7\" data-sliderid=\"7\" data-width=\"1035\" data-height=\"380\" data-skin=\"cube\" data-autoplay=\"true\" data-randomplay=\"false\" data-loadimageondemand=\"false\" data-transitiononfirstslide=\"false\" data-autoplayvideo=\"false\" data-isresponsive=\"true\" data-fullwidth=\"false\" data-isfullscreen=\"false\" data-ratioresponsive=\"false\" data-showtext=\"true\" data-showtimer=\"false\" data-showbottomshadow=\"false\" data-navshowpreview=\"false\" data-textautohide=\"true\" data-lightboxresponsive=\"true\" data-lightboxshownavigation=\"false\" data-lightboxshowtitle=\"true\" data-lightboxshowdescription=\"false\" data-texteffectresponsive=\"true\" data-donotinit=\"false\" data-addinitscript=\"false\" data-lightboxfullscreenmode=\"false\" data-lightboxcloseonoverlay=\"true\" data-lightboxvideohidecontrols=\"false\" data-lightboxnogroup=\"false\" data-lightboxautoslide=\"false\" data-lightboxshowtimer=\"true\" data-lightboxshowplaybutton=\"true\" data-lightboxalwaysshownavarrows=\"false\" data-lightboxshowtitleprefix=\"true\" data-titleusealt=\"false\" data-outputtext=\"false\" data-scalemode=\"fit\" data-arrowstyle=\"always\" data-transition=\"slide\" data-loop=\"0\" data-border=\"0\" data-slideinterval=\"8000\" data-arrowimage=\"arrows-36-80-0.png\" data-arrowwidth=\"36\" data-arrowheight=\"80\" data-arrowtop=\"50\" data-arrowmargin=\"-18\" data-navstyle=\"bullets\" data-navimage=\"bullet-24-24-1.png\" data-navwidth=\"24\" data-navheight=\"24\" data-navspacing=\"8\" data-navmarginx=\"16\" data-navmarginy=\"16\" data-navposition=\"bottom\" data-playvideoimage=\"playvideo-64-64-0.png\" data-playvideoimagewidth=\"64\" data-playvideoimageheight=\"64\" data-lightboxthumbwidth=\"90\" data-lightboxthumbheight=\"60\" data-lightboxthumbtopmargin=\"12\" data-lightboxthumbbottommargin=\"4\" data-lightboxbarheight=\"64\" data-lightboxtitlebottomcss=\"color:#333; font-size:14px; font-family:Armata,sans-serif,Arial; overflow:hidden; text-align:left;\" data-lightboxdescriptionbottomcss=\"color:#333; font-size:12px; font-family:Arial,Helvetica,sans-serif; overflow:hidden; text-align:left; margin:4px 0px 0px; padding: 0px;\" data-textformat=\"Color box\" data-textpositionstatic=\"bottom\" data-textpositiondynamic=\"topleft\" data-paddingleft=\"0\" data-paddingright=\"0\" data-paddingtop=\"0\" data-paddingbottom=\"0\" data-texteffectresponsivesize=\"640\" data-fadeduration=\"1000\" data-crossfadeduration=\"1000\" data-slideduration=\"1000\" data-elasticduration=\"1000\" data-sliceduration=\"1500\" data-blindsduration=\"1500\" data-blocksduration=\"1500\" data-shuffleduration=\"1500\" data-tilesduration=\"2000\" data-kenburnsduration=\"5000\" data-flipduration=\"1500\" data-flipwithzoomduration=\"2000\" data-threedduration=\"1500\" data-threedhorizontalduration=\"1500\" data-threedwithzoomduration=\"2500\" data-threedhorizontalwithzoomduration=\"2200\" data-threedflipduration=\"1500\" data-threedflipwithzoomduration=\"2000\" data-threedtilesduration=\"2000\" data-threedfallback=\"flip\" data-threedhorizontalfallback=\"flip\" data-threedwithzoomfallback=\"flipwithzoom\" data-threedhorizontalwithzoomfallback=\"flipwithzoom\" data-threedflipfallback=\"flip\" data-threedflipwithzoomfallback=\"flipwithzoom\" data-threedtilesfallback=\"tiles\" data-ratiomediumscreen=\"800\" data-ratiomediumheight=\"1.2\" data-ratiosmallscreen=\"480\" data-ratiosmallheight=\"1.6\" data-lightboxtitlestyle=\"bottom\" data-lightboximagepercentage=\"75\" data-lightboxdefaultvideovolume=\"1\" data-lightboxoverlaybgcolor=\"#000\" data-lightboxoverlayopacity=\"0.9\" data-lightboxbgcolor=\"#fff\" data-lightboxtitleprefix=\"%NUM \/ %TOTAL\" data-lightboxtitleinsidecss=\"color:#fff; font-size:16px; font-family:Arial,Helvetica,sans-serif; overflow:hidden; text-align:left;\" data-lightboxdescriptioninsidecss=\"color:#fff; font-size:12px; font-family:Arial,Helvetica,sans-serif; overflow:hidden; text-align:left; margin:4px 0px 0px; padding: 0px;\" data-lightboxslideinterval=\"5000\" data-lightboxtimerposition=\"bottom\" data-lightboxtimercolor=\"#dc572e\" data-lightboxtimeropacity=\"1\" data-lightboxbordersize=\"8\" data-lightboxborderradius=\"0\" data-textcss=\"display:block; padding:8px 16px; text-align:left;\" data-textbgcss=\"display:none;\" data-titlecss=\"color: #1b96cf;    font-family: &quot;Open Sans&quot;,sans-serif;    font-size: 32px;    margin-top: 25px;    margin-left: -20px;    font-weight: bold;\" data-descriptioncss=\"color: #282828;    font-size: 18px;    line-height: 30px;    margin-left: -20px;    margin-top: 03px;\" data-buttoncss=\"display:block; position:relative; margin-top:10px;\" data-titlecssresponsive=\"font-size:12px;\" data-descriptioncssresponsive=\"display:none !important;\" data-buttoncssresponsive=\"font-size: 9px !important;width:100%;\" data-jsfolder=\"https:\/\/nanovea.com\/wp-content\/plugins\/wonderplugin-slider-lite\/engine\/\" style=\"display:none;\" ><ul class=\"amazingslider-slides\"  style=\"display:none;\"><li><img decoding=\"async\" class=\"amazingslider-img-elem amazingsliderimg\" src=\"https:\/\/nanovea.com\/wp-content\/uploads\/2015\/04\/corrosion-tribology-1.jpg\" alt=\"KOROZYON TRIBOLOJISI\" title=\"KOROZYON TRIBOLOJISI\" data-description=\"Open Tribocorrosion test set-up\" \/><\/li><li><img decoding=\"async\" class=\"amazingslider-img-elem amazingsliderimg\" src=\"https:\/\/nanovea.com\/wp-content\/uploads\/2015\/04\/corrosion-tribology-2.jpg\" alt=\"KOROZYON TRIBOLOJISI\" title=\"KOROZYON TRIBOLOJISI\" data-description=\"Open circuit potential, anodic and cathodic potential\" \/><\/li><li><img decoding=\"async\" class=\"amazingslider-img-elem amazingsliderimg\" src=\"https:\/\/nanovea.com\/wp-content\/uploads\/2015\/04\/corrosion-tribology-3.jpg\" alt=\"KOROZYON TRIBOLOJISI\" title=\"KOROZYON TRIBOLOJISI\" data-description=\"Wear tracks after dry\/corrosive wear and Electrochemical &lt;br \/&gt;Impedance Spectroscopy\" \/><\/li><\/ul><\/div><\/div>\n<h1><strong>KOROZYON TRIBOLOJISINE GIRI\u015e<\/strong><\/h1>\n<p><a href=\"https:\/\/nanovea.com\/tribometers\">Tribometre Aletleri<\/a> | <a href=\"https:\/\/nanovea.com\/lab-services\/\">Laboratuvar Hizmetleri<\/a> | <a href=\"https:\/\/nanovea.com\/rotative-wear-test\">Rotatif<\/a> | <a href=\"https:\/\/nanovea.com\/application-notes\">Uygulama Notlar\u0131<\/a><\/p>\n<div class=\"product-pic\">\n<p><img decoding=\"async\" src=\"https:\/\/nanovea.com\/wp-content\/themes\/wp-nanovea\/images\/images\/corrosion-tribology.jpg\" alt=\"S\u0131v\u0131 Tribolojisi\" width=\"95\" height=\"95\" align=\"left\" border=\"none\" \/><\/p>\n<\/div>\n<div class=\"product-desc\">\n<p align=\"justify\"><strong>Korozyon Triboloji S\u00fcreci:<br \/>\n<\/strong>Tribokorozyon, korozif bir ortamda e\u015fzamanl\u0131 tribolojik ve elektrokimyasal eylemlerden kaynaklanan bir y\u00fczey bozunma s\u00fcrecidir. Tribokorozyon testi, a\u015f\u0131nma s\u00fcrecinin temas\u0131n\u0131n tamamen test elektrolitine dald\u0131r\u0131ld\u0131\u011f\u0131 kayan bir bilye-plaka konfig\u00fcrasyonu kullanarak a\u015f\u0131nma ve korozyon deneylerini ayn\u0131 anda ger\u00e7ekle\u015ftirir. Tribokorozyon mod\u00fcl\u00fc, numune, platin tel ve Ag\/AgCl, NaCl (sat'd) elektrot s\u0131ras\u0131yla \u00e7al\u0131\u015fma, kar\u015f\u0131 ve referans elektrotlar\u0131 olarak g\u00f6rev yapan numune a\u015famas\u0131na monte edilmi\u015f \u00fc\u00e7 terminalli bir elektrokimyasal h\u00fccredir. Tribokorozyon s\u00fcrecinin geli\u015fimini izlemek i\u00e7in a\u00e7\u0131k devre potansiyeli (OCP) yerinde \u00f6l\u00e7\u00fcl\u00fcr. OCP'nin azalmas\u0131, koruyucu filmlerin ba\u015far\u0131s\u0131zl\u0131\u011f\u0131n\u0131n bir g\u00f6stergesi olarak \u00e7al\u0131\u015f\u0131r. S\u00fcrt\u00fcnme katsay\u0131s\u0131ndaki (COF) de\u011fi\u015fim de a\u015f\u0131nma geli\u015fiminin farkl\u0131 a\u015famalar\u0131 hakk\u0131nda fikir verir. A\u015f\u0131nma testleri, korozyon reaksiyonlar\u0131n\u0131n tribokorozyon h\u0131z\u0131 \u00fczerindeki etkisini ara\u015ft\u0131rmak amac\u0131yla korozyon s\u00fcrecini h\u0131zland\u0131rmak veya engellemek i\u00e7in anodik veya katodik polarizasyon ko\u015fullar\u0131 alt\u0131nda da ger\u00e7ekle\u015ftirilebilir.<\/p>\n<p>&nbsp;<\/p>\n<p><strong>Standartlar:<\/strong><\/p>\n<p>- ASTM G133<\/p>\n<p>&nbsp;<\/p>\n<p><strong>Tribokorozyon S\u0131ras\u0131nda Analiz Edilen \u00d6zellikler:<\/strong><\/p>\n<p>- A\u015f\u0131nma Oranlar\u0131<\/p>\n<p>- S\u00fcrt\u00fcnme Katsay\u0131s\u0131<\/p>\n<p>- Korozyon Direnci<\/p>\n<p>- Tribokorozyon Davran\u0131\u015f\u0131<\/p>\n<p>&nbsp;<\/p>\n<p><strong>Tribokorozyon S\u0131ras\u0131nda Yaz\u0131l\u0131m Kontrolleri:<\/strong><\/p>\n<p>- A\u00e7\u0131k Devre Potansiyelinde A\u015f\u0131nma<\/p>\n<p>- Anodik\/Katodik Potansiyelde A\u015f\u0131nma<\/p>\n<p>- Elektrokimyasal Empedans Spektroskopisi Analizi<\/p>\n<p>- Potansiyodinamik Polarizasyon<\/p>\n<p>- Test s\u0131ras\u0131nda De\u011fi\u015fken H\u0131z Kontrol\u00fc ve di\u011ferleri<\/p>\n<p>&nbsp;<\/p>\n<p><strong>Tribokorozyon S\u0131ras\u0131nda Ortam Kontrolleri:<\/strong><\/p>\n<p>- Ger\u00e7ek\u00e7i Uygulamalar\u0131 Sim\u00fcle Etmek i\u00e7in \u00c7e\u015fitli \u00c7\u00f6z\u00fcmler<\/p>\n<p>- H\u0131zland\u0131r\u0131lm\u0131\u015f\/Yava\u015flat\u0131lm\u0131\u015f Korozyon Oran\u0131<\/p>\n<p>&nbsp;<\/p>\n<p><strong>U\u00e7lar: (\u00c7elik ve di\u011fer iletken malzemeler):<\/strong><\/p>\n<p>- 3, 6, 10 ve 25 mm top<\/p>\n<p>- \u00d6zel top boyutlar\u0131<\/p>\n<p>- \u00d6zel \u0130\u011fneler<\/p>\n<p>- D\u00fcz Plaka<\/p>\n<p>- \u00d6zel geometriler<\/p>\n<p>&nbsp;<\/p>\n<p><strong>\u00d6rnek(ler) Sahipleri:<\/strong><\/p>\n<p>- Standart Kelep\u00e7e<\/p>\n<p>- Tribokorozyon H\u00fccresine Klips Montaj\u0131<\/p>\n<p>- \u00c7e\u015fitli Geometriler i\u00e7in Di\u011fer Numune Tutucular Mevcuttur<\/p>\n<p>&nbsp;<\/p>\n<p><strong>Ek Triboloji Testleri:<\/strong><br \/>\n<a href=\"https:\/\/nanovea.com\/temperature-tribology-testing\" target=\"_blank\" rel=\"noopener\">S\u0131cakl\u0131k <\/a><br \/>\n<a href=\"https:\/\/nanovea.com\/liquid-tribology-testing\" target=\"_blank\" rel=\"noopener\">S\u0131v\u0131<\/a><\/p>\n<\/div>","protected":false},"excerpt":{"rendered":"<p>CORROSION TRIBOLOGY INTRO Tribometer Instruments | Lab Services | Rotative | Application Notes Corrosion Tribology Process: Tribocorrosion is a surface degradation process resulting from simultaneous tribological and electrochemical actions in a corrosive environment. Tribocorrosion test conducts wear and corrosion experiments simultaneously using a sliding ball-on-plate configuration, where the contact of the wear process is totally [&hellip;]<\/p>","protected":false},"author":1,"featured_media":0,"parent":0,"menu_order":0,"comment_status":"closed","ping_status":"closed","template":"","meta":{"_exactmetrics_skip_tracking":false,"_exactmetrics_sitenote_active":false,"_exactmetrics_sitenote_note":"","_exactmetrics_sitenote_category":0,"footnotes":""},"class_list":["post-2254","page","type-page","status-publish","hentry"],"_links":{"self":[{"href":"https:\/\/nanovea.com\/tr\/wp-json\/wp\/v2\/pages\/2254","targetHints":{"allow":["GET"]}}],"collection":[{"href":"https:\/\/nanovea.com\/tr\/wp-json\/wp\/v2\/pages"}],"about":[{"href":"https:\/\/nanovea.com\/tr\/wp-json\/wp\/v2\/types\/page"}],"author":[{"embeddable":true,"href":"https:\/\/nanovea.com\/tr\/wp-json\/wp\/v2\/users\/1"}],"replies":[{"embeddable":true,"href":"https:\/\/nanovea.com\/tr\/wp-json\/wp\/v2\/comments?post=2254"}],"version-history":[{"count":9,"href":"https:\/\/nanovea.com\/tr\/wp-json\/wp\/v2\/pages\/2254\/revisions"}],"predecessor-version":[{"id":4057,"href":"https:\/\/nanovea.com\/tr\/wp-json\/wp\/v2\/pages\/2254\/revisions\/4057"}],"wp:attachment":[{"href":"https:\/\/nanovea.com\/tr\/wp-json\/wp\/v2\/media?parent=2254"}],"curies":[{"name":"wp","href":"https:\/\/api.w.org\/{rel}","templated":true}]}}