{"id":2226,"date":"2016-01-21T17:59:36","date_gmt":"2016-01-21T17:59:36","guid":{"rendered":"http:\/\/nanovea.com\/?page_id=2226"},"modified":"2018-11-16T17:07:33","modified_gmt":"2018-11-16T17:07:33","slug":"sicaklik-triboloji-testi","status":"publish","type":"page","link":"https:\/\/nanovea.com\/tr\/sicaklik-triboloji-testi\/","title":{"rendered":"S\u0131cakl\u0131k Tribolojisi Testi"},"content":{"rendered":"<div class=\"wonderpluginslider-container\" id=\"wonderpluginslider-container-5\" style=\"max-width:1035px;margin:0 auto;padding-left:0px;padding-right:0px;padding-top:0px;padding-bottom:0px;\"><div class=\"wonderpluginslider\" id=\"wonderpluginslider-5\" data-sliderid=\"5\" data-width=\"1035\" data-height=\"380\" data-skin=\"cube\" data-autoplay=\"true\" data-randomplay=\"false\" data-loadimageondemand=\"false\" data-transitiononfirstslide=\"false\" data-autoplayvideo=\"false\" data-isresponsive=\"true\" data-fullwidth=\"false\" data-isfullscreen=\"false\" data-ratioresponsive=\"false\" data-showtext=\"true\" data-showtimer=\"false\" data-showbottomshadow=\"false\" data-navshowpreview=\"false\" data-textautohide=\"true\" data-lightboxresponsive=\"true\" data-lightboxshownavigation=\"false\" data-lightboxshowtitle=\"true\" data-lightboxshowdescription=\"false\" data-texteffectresponsive=\"true\" data-donotinit=\"false\" data-addinitscript=\"false\" data-lightboxfullscreenmode=\"false\" data-lightboxcloseonoverlay=\"true\" data-lightboxvideohidecontrols=\"false\" data-lightboxnogroup=\"false\" data-lightboxautoslide=\"false\" data-lightboxshowtimer=\"true\" data-lightboxshowplaybutton=\"true\" data-lightboxalwaysshownavarrows=\"false\" data-lightboxshowtitleprefix=\"true\" data-titleusealt=\"false\" data-outputtext=\"false\" data-scalemode=\"fit\" data-arrowstyle=\"always\" data-transition=\"slide\" data-loop=\"0\" data-border=\"0\" data-slideinterval=\"8000\" data-arrowimage=\"arrows-36-80-0.png\" data-arrowwidth=\"36\" data-arrowheight=\"80\" data-arrowtop=\"50\" data-arrowmargin=\"-18\" data-navstyle=\"bullets\" data-navimage=\"bullet-24-24-1.png\" data-navwidth=\"24\" data-navheight=\"24\" data-navspacing=\"8\" data-navmarginx=\"16\" data-navmarginy=\"16\" data-navposition=\"bottom\" data-playvideoimage=\"playvideo-64-64-0.png\" data-playvideoimagewidth=\"64\" data-playvideoimageheight=\"64\" data-lightboxthumbwidth=\"90\" data-lightboxthumbheight=\"60\" data-lightboxthumbtopmargin=\"12\" data-lightboxthumbbottommargin=\"4\" data-lightboxbarheight=\"64\" data-lightboxtitlebottomcss=\"color:#333; font-size:14px; font-family:Armata,sans-serif,Arial; overflow:hidden; text-align:left;\" data-lightboxdescriptionbottomcss=\"color:#333; font-size:12px; font-family:Arial,Helvetica,sans-serif; overflow:hidden; text-align:left; margin:4px 0px 0px; padding: 0px;\" data-textformat=\"Color box\" data-textpositionstatic=\"bottom\" data-textpositiondynamic=\"topleft\" data-paddingleft=\"0\" data-paddingright=\"0\" data-paddingtop=\"0\" data-paddingbottom=\"0\" data-texteffectresponsivesize=\"640\" data-fadeduration=\"1000\" data-crossfadeduration=\"1000\" data-slideduration=\"1000\" data-elasticduration=\"1000\" data-sliceduration=\"1500\" data-blindsduration=\"1500\" data-blocksduration=\"1500\" data-shuffleduration=\"1500\" data-tilesduration=\"2000\" data-kenburnsduration=\"5000\" data-flipduration=\"1500\" data-flipwithzoomduration=\"2000\" data-threedduration=\"1500\" data-threedhorizontalduration=\"1500\" data-threedwithzoomduration=\"2500\" data-threedhorizontalwithzoomduration=\"2200\" data-threedflipduration=\"1500\" data-threedflipwithzoomduration=\"2000\" data-threedtilesduration=\"2000\" data-threedfallback=\"flip\" data-threedhorizontalfallback=\"flip\" data-threedwithzoomfallback=\"flipwithzoom\" data-threedhorizontalwithzoomfallback=\"flipwithzoom\" data-threedflipfallback=\"flip\" data-threedflipwithzoomfallback=\"flipwithzoom\" data-threedtilesfallback=\"tiles\" data-ratiomediumscreen=\"800\" data-ratiomediumheight=\"1.2\" data-ratiosmallscreen=\"480\" data-ratiosmallheight=\"1.6\" data-lightboxtitlestyle=\"bottom\" data-lightboximagepercentage=\"75\" data-lightboxdefaultvideovolume=\"1\" data-lightboxoverlaybgcolor=\"#000\" data-lightboxoverlayopacity=\"0.9\" data-lightboxbgcolor=\"#fff\" data-lightboxtitleprefix=\"%NUM \/ %TOTAL\" data-lightboxtitleinsidecss=\"color:#fff; font-size:16px; font-family:Arial,Helvetica,sans-serif; overflow:hidden; text-align:left;\" data-lightboxdescriptioninsidecss=\"color:#fff; font-size:12px; font-family:Arial,Helvetica,sans-serif; overflow:hidden; text-align:left; margin:4px 0px 0px; padding: 0px;\" data-lightboxslideinterval=\"5000\" data-lightboxtimerposition=\"bottom\" data-lightboxtimercolor=\"#dc572e\" data-lightboxtimeropacity=\"1\" data-lightboxbordersize=\"8\" data-lightboxborderradius=\"0\" data-textcss=\"display:block; padding:8px 16px; text-align:left;\" data-textbgcss=\"display:none;\" data-titlecss=\"color: #1b96cf;    font-family: &quot;Open Sans&quot;,sans-serif;    font-size: 32px;    margin-top: 25px;    margin-left: -20px;    font-weight:bold;\" data-descriptioncss=\"color: #282828;    font-size: 18px;    line-height: 30px;    margin-left: -20px;    margin-top: 03px;\" data-buttoncss=\"display:block; position:relative; margin-top:10px;\" data-titlecssresponsive=\"font-size:12px;\" data-descriptioncssresponsive=\"display:none !important;\" data-buttoncssresponsive=\"font-size: 9px !important;width:100%;\" data-jsfolder=\"https:\/\/nanovea.com\/wp-content\/plugins\/wonderplugin-slider-lite\/engine\/\" style=\"display:none;\" ><ul class=\"amazingslider-slides\"  style=\"display:none;\"><li><img decoding=\"async\" class=\"amazingslider-img-elem amazingsliderimg\" src=\"https:\/\/nanovea.com\/wp-content\/uploads\/2015\/04\/temperature-tribology-1.jpg\" alt=\"SICAKLIK TRIBOLOJISI\" title=\"SICAKLIK TRIBOLOJISI\" data-description=\"Sample and pin completely enclosed in the oven\" \/><\/li><li><img decoding=\"async\" class=\"amazingslider-img-elem amazingsliderimg\" src=\"https:\/\/nanovea.com\/wp-content\/uploads\/2015\/04\/temperature-tribology-2.jpg\" alt=\"SICAKLIK TRIBOLOJISI\" title=\"SICAKLIK TRIBOLOJISI\" data-description=\"Evolution of wear track depth\" \/><\/li><li><img decoding=\"async\" class=\"amazingslider-img-elem amazingsliderimg\" src=\"https:\/\/nanovea.com\/wp-content\/uploads\/2015\/04\/temperature-tribology-3.jpg\" alt=\"SICAKLIK TRIBOLOJISI\" title=\"SICAKLIK TRIBOLOJISI\" data-description=\"Scratch Hardness &amp; Wear Rate comparison\" \/><\/li><\/ul><\/div><\/div>\n<h1><strong>SICAKLIK TRIBOLOJISINE GIRI\u015e <\/strong><\/h1>\n<p><a href=\"https:\/\/nanovea.com\/tribometers\">Tribometre Aletleri<\/a> | <a href=\"https:\/\/nanovea.com\/lab-services\/\">Laboratuvar Hizmetleri<\/a> | <a href=\"https:\/\/nanovea.com\/rotative-wear-test\">Rotatif<\/a> | <a href=\"https:\/\/nanovea.com\/linear-wear-test\">Do\u011frusal<\/a> | <a href=\"https:\/\/nanovea.com\/application-notes\">Uygulama Notlar\u0131<\/a><\/p>\n<div class=\"product-desc\">\n<p align=\"justify\"><strong>S\u0131cakl\u0131k Tribolojisi S\u00fcreci:<br \/>\n<\/strong>Nanovea Tribometre, rotatif test i\u00e7in 1200\u00b0C'ye kadar ve lineer test i\u00e7in 450\u00b0C'ye kadar y\u00fcksek s\u0131cakl\u0131klarda a\u015f\u0131nma deneyleri ger\u00e7ekle\u015ftirir. A\u015f\u0131nma s\u00fcrecinin temas\u0131, a\u015f\u0131nma testi s\u0131ras\u0131nda numuneyi ve kar\u015f\u0131 malzemeyi \u00e7evreleyen e\u015fit ve sabit s\u0131cakl\u0131k sa\u011flayan b\u00fcy\u00fck bir f\u0131r\u0131n i\u00e7ine tamamen kapat\u0131lm\u0131\u015ft\u0131r. Termal \u00e7ift ya temas noktas\u0131na \u00e7ok yak\u0131n olacak \u015fekilde ayarlan\u0131r ya da s\u0131cakl\u0131k okumas\u0131n\u0131n en iyi do\u011frulu\u011funu elde etmek i\u00e7in do\u011frudan bilye tutucunun i\u00e7indeki bilyenin arkas\u0131na dokunur. \u00c7\u0131kar\u0131labilir f\u0131r\u0131n, kullan\u0131c\u0131lar\u0131n ek mod\u00fcller ekleyerek di\u011fer test t\u00fcrlerini ger\u00e7ekle\u015ftirmelerine olanak tan\u0131r. D\u00f6ner motorun ana \u015faft\u0131 \u00fczerindeki benzersiz so\u011futucu tasar\u0131m\u0131, 1200\u00b0C'deki a\u015f\u0131nma testi s\u0131ras\u0131nda alt muhafazadaki elektronik aksam\u0131n so\u011futulmas\u0131 i\u00e7in hava beslemesini yeterli hale getirir. Y\u00fck h\u00fccresi, do\u011fru verileri sa\u011flamak i\u00e7in y\u00fcksek s\u0131cakl\u0131klar i\u00e7in kendi kendini kalibre eder. So\u011futma \u00dcnitesi ve haznesi -40\u00b0C'ye kadar test yap\u0131lmas\u0131na olanak tan\u0131yarak lastik kau\u00e7u\u011fu veya daha so\u011fuk s\u0131cakl\u0131klara maruz kalan di\u011fer par\u00e7alar gibi uygulamalar i\u00e7in eksiksiz bir ko\u015ful aral\u0131\u011f\u0131 sa\u011flar.<\/p>\n<p>&nbsp;<\/p>\n<p><strong>Standartlar:<\/strong><\/p>\n<p>- ASTM G99<\/p>\n<p>- ASTM G133<\/p>\n<p>&nbsp;<\/p>\n<p><strong>S\u0131cakl\u0131k A\u015f\u0131nmas\u0131 S\u0131ras\u0131nda Analiz Edilen \u00d6zellikler:<\/strong><\/p>\n<p>- A\u015f\u0131nma Oranlar\u0131<\/p>\n<p>- S\u00fcrt\u00fcnme Katsay\u0131s\u0131<\/p>\n<p>- S\u0131cakl\u0131k A\u015f\u0131nma Davran\u0131\u015f\u0131<\/p>\n<p>&nbsp;<\/p>\n<p><strong>S\u0131cakl\u0131k A\u015f\u0131nmas\u0131 S\u0131ras\u0131nda Yaz\u0131l\u0131m Kontrolleri:<\/strong><\/p>\n<p>- Farkl\u0131 S\u0131cakl\u0131klarda A\u015f\u0131nma ve S\u00fcrt\u00fcnme<\/p>\n<p>- Test s\u0131ras\u0131nda De\u011fi\u015fken H\u0131z Kontrol\u00fc ve di\u011ferleri<\/p>\n<p>&nbsp;<\/p>\n<p><strong>S\u0131cakl\u0131k A\u015f\u0131nmas\u0131 S\u0131ras\u0131nda Ortam Kontrolleri:<\/strong><\/p>\n<p>- Farkl\u0131 Atmosfer (Hava, N2, \u0130nert Gaz vb.)<\/p>\n<p>- \u00c7e\u015fitli S\u0131cakl\u0131k<\/p>\n<p>&nbsp;<\/p>\n<p><strong>\u0130pu\u00e7lar\u0131: (Elmas, WC, Al2O3 ve di\u011fer bir\u00e7ok malzeme):<\/strong><\/p>\n<p>- 3, 6, 10 ve 25 mm top<\/p>\n<p>- \u00d6zel top boyutlar\u0131<\/p>\n<p>- \u00d6zel \u0130\u011fneler<\/p>\n<p>- D\u00fcz Plaka<\/p>\n<p>- \u00d6zel geometriler<\/p>\n<p>&nbsp;<\/p>\n<p><strong>\u00d6rnek(ler) Sahipleri:<\/strong><\/p>\n<p>- Standart Kelep\u00e7e<\/p>\n<p>- Taban Plakas\u0131na Klips Montaj\u0131<\/p>\n<p>- \u00c7e\u015fitli geometriler i\u00e7in di\u011fer Numune Tutucular mevcuttur<\/p>\n<p>&nbsp;<\/p>\n<p><strong>Ek Triboloji Testleri:<\/strong><\/p>\n<p><a href=\"https:\/\/nanovea.com\/liquid-tribology-testing\" target=\"_blank\" rel=\"noopener noreferrer\">S\u0131v\u0131<br \/>\n<\/a><\/p>\n<p><a href=\"https:\/\/nanovea.com\/corrosion-tribology-testing\" target=\"_blank\" rel=\"noopener noreferrer\">Korozyon<\/a><\/p>\n<\/div>","protected":false},"excerpt":{"rendered":"<p>TEMPERATURE TRIBOLOGY INTRO Tribometer Instruments | Lab Services | Rotative | Linear | Application Notes Temperature Tribology Process: Temperature plays a critical role on the extent of wear damage to materials. the Nanovea Tribometer conducts wear experiments at elevated temperatures up to 1200\u00b0C for the rotative test and up to 450\u00b0C for the linear test. [&hellip;]<\/p>","protected":false},"author":1,"featured_media":0,"parent":0,"menu_order":0,"comment_status":"closed","ping_status":"closed","template":"","meta":{"_exactmetrics_skip_tracking":false,"_exactmetrics_sitenote_active":false,"_exactmetrics_sitenote_note":"","_exactmetrics_sitenote_category":0,"footnotes":""},"class_list":["post-2226","page","type-page","status-publish","hentry"],"_links":{"self":[{"href":"https:\/\/nanovea.com\/tr\/wp-json\/wp\/v2\/pages\/2226","targetHints":{"allow":["GET"]}}],"collection":[{"href":"https:\/\/nanovea.com\/tr\/wp-json\/wp\/v2\/pages"}],"about":[{"href":"https:\/\/nanovea.com\/tr\/wp-json\/wp\/v2\/types\/page"}],"author":[{"embeddable":true,"href":"https:\/\/nanovea.com\/tr\/wp-json\/wp\/v2\/users\/1"}],"replies":[{"embeddable":true,"href":"https:\/\/nanovea.com\/tr\/wp-json\/wp\/v2\/comments?post=2226"}],"version-history":[{"count":16,"href":"https:\/\/nanovea.com\/tr\/wp-json\/wp\/v2\/pages\/2226\/revisions"}],"predecessor-version":[{"id":4053,"href":"https:\/\/nanovea.com\/tr\/wp-json\/wp\/v2\/pages\/2226\/revisions\/4053"}],"wp:attachment":[{"href":"https:\/\/nanovea.com\/tr\/wp-json\/wp\/v2\/media?parent=2226"}],"curies":[{"name":"wp","href":"https:\/\/api.w.org\/{rel}","templated":true}]}}