{"id":220,"date":"2015-03-04T17:51:07","date_gmt":"2015-03-04T17:51:07","guid":{"rendered":"http:\/\/nanovea.com\/?page_id=220"},"modified":"2021-07-30T21:34:11","modified_gmt":"2021-07-30T21:34:11","slug":"tribometre-uygulamalar","status":"publish","type":"page","link":"https:\/\/nanovea.com\/tr\/tribometre-uygulamalar\/","title":{"rendered":"Tribometre Uygulamalar\u0131"},"content":{"rendered":"<div id=\"newslider\" style=\"min-height:auto; overflow:hidden;\">\n<ul>\n<li>\n<div class=\"slider-text\">\n<h2>TR\u0130BOMETRELER<\/h2>\n<p>Hassas h\u0131z kontrol\u00fc ile a\u015f\u0131nma s\u00fcrt\u00fcnme testi\n<\/p><\/div>\n<p><!--<img decoding=\"async\" src=\"https:\/\/nanovea.com\/wp-content\/uploads\/2015\/04\/slide-tapplications.jpg\" alt=\"\" \/>!--><br \/>\n<img decoding=\"async\" src=\"https:\/\/nanovea.com\/wp-content\/uploads\/2018\/01\/app-tribo.jpg\" alt=\"\" \/>\n<\/li>\n<\/ul>\n<\/div>\n<h1 align=\"justify\"><strong>TRIBOMETRE UYGULAMALARI<\/strong><\/h1>\n<p align=\"justify\"><a href=\"https:\/\/nanovea.com\/tribometers\">Tribometreler<\/a> | <a href=\"https:\/\/nanovea.com\/rotative-wear-test\">Rotatif<\/a> | <a href=\"https:\/\/nanovea.com\/linear-wear-test\">Do\u011frusal<\/a> | <a href=\"https:\/\/nanovea.com\/tribometer-optics\"> Optik<\/a> | <a href=\"https:\/\/nanovea.com\/application-notes\">Uygulama Notlar\u0131<\/a> | <a href=\"https:\/\/nanovea.com\/tribometer-brochure\" target=\"_blank\" rel=\"noopener\">Tribometreler \u0130ndir<\/a> | <a href=\"https:\/\/nanovea.com\/tribometers-video\" target=\"_blank\" rel=\"noopener\">Video \u0130zle<\/a><\/p>\n<p>Nanovea Tribometreler, s\u0131cakl\u0131k, atomosfer ve s\u0131v\u0131 kontrol se\u00e7enekleriyle tek bir sistem \u00fczerinde rotatif ve lineer a\u015f\u0131nma s\u00fcrt\u00fcnmesini \u00f6l\u00e7er. Triboloji, neredeyse t\u00fcm end\u00fcstrilerde \u00f6nemli bir \u00e7al\u0131\u015fmad\u0131r: Otomotiv, Havac\u0131l\u0131k ve Uzay, Metalurji, \u0130\u015fleme, Kaplama, \u0130la\u00e7, Biyomedikal, \u00c7evre ve di\u011ferleri.<\/p>\n<table border=\"0\" width=\"1016\" cellspacing=\"0\" cellpadding=\"0\">\n<tbody>\n<tr>\n<td width=\"254\">\n<div align=\"center\"><img decoding=\"async\" src=\"https:\/\/nanovea.com\/wp-content\/themes\/wp-nanovea\/images\/images\/app4.jpg\" alt=\"\u0130\u015flenmi\u015f Y\u00fczeyler\" width=\"150\" height=\"113\" \/><\/div>\n<\/td>\n<td width=\"254\">\n<div align=\"center\"><img decoding=\"async\" src=\"https:\/\/nanovea.com\/wp-content\/themes\/wp-nanovea\/images\/images\/app15.jpg\" alt=\"Optik Y\u00fczeyler\" width=\"150\" height=\"113\" \/><\/div>\n<\/td>\n<td width=\"254\">\n<div align=\"center\"><img decoding=\"async\" class=\"alignnone\" src=\"https:\/\/nanovea.com\/wp-content\/themes\/wp-nanovea\/images\/images\/app7.jpg\" alt=\"Ka\u011f\u0131t Y\u00fczeyler\" width=\"150\" height=\"113\" \/><\/div>\n<\/td>\n<td width=\"254\">\n<div align=\"center\"><img loading=\"lazy\" decoding=\"async\" class=\"alignnone\" src=\"https:\/\/nanovea.com\/wp-content\/themes\/wp-nanovea\/images\/images\/app16.jpg\" alt=\"Farmas\u00f6tik Y\u00fczeyler\" width=\"150\" height=\"113\" \/><\/div>\n<\/td>\n<\/tr>\n<\/tbody>\n<\/table>\n<table border=\"0\" width=\"1016\" cellspacing=\"0\" cellpadding=\"0\">\n<tbody>\n<tr>\n<td width=\"254\">\n<div align=\"center\">\n<p>&nbsp;<\/p>\n<p><img loading=\"lazy\" decoding=\"async\" src=\"https:\/\/nanovea.com\/wp-content\/themes\/wp-nanovea\/images\/images\/app1.jpg\" alt=\"Farmas\u00f6tik Y\u00fczeyler\" width=\"150\" height=\"113\" \/><\/p>\n<\/div>\n<\/td>\n<td width=\"254\">\n<div align=\"center\">\n<p>&nbsp;<\/p>\n<p><img loading=\"lazy\" decoding=\"async\" class=\"alignnone\" src=\"https:\/\/nanovea.com\/wp-content\/themes\/wp-nanovea\/images\/images\/app20.jpg\" alt=\"Beton Y\u00fczeyler\" width=\"150\" height=\"113\" \/><\/p>\n<\/div>\n<\/td>\n<td width=\"254\">\n<div align=\"center\">\n<p>&nbsp;<\/p>\n<p><img loading=\"lazy\" decoding=\"async\" class=\"alignnone\" src=\"https:\/\/nanovea.com\/wp-content\/themes\/wp-nanovea\/images\/images\/app12.jpg\" alt=\"Biyomedikal Y\u00fczeyler\" width=\"150\" height=\"113\" \/><\/p>\n<\/div>\n<\/td>\n<td width=\"254\">\n<div align=\"center\">\n<p>&nbsp;<\/p>\n<p><img loading=\"lazy\" decoding=\"async\" src=\"https:\/\/nanovea.com\/wp-content\/themes\/wp-nanovea\/images\/images\/app6.jpg\" alt=\"\u00c7evresel Y\u00fczeyler\" width=\"150\" height=\"113\" \/><\/p>\n<\/div>\n<\/td>\n<\/tr>\n<\/tbody>\n<\/table>\n<table border=\"0\" width=\"1016\" cellspacing=\"0\" cellpadding=\"0\">\n<tbody>\n<tr>\n<td width=\"254\">\n<div align=\"center\">\n<p>&nbsp;<\/p>\n<p><img loading=\"lazy\" decoding=\"async\" class=\"alignnone\" src=\"https:\/\/nanovea.com\/wp-content\/themes\/wp-nanovea\/images\/images\/app19.jpg\" alt=\"Otomotiv Y\u00fczey\" width=\"150\" height=\"113\" \/><\/p>\n<\/div>\n<\/td>\n<td width=\"254\">\n<div align=\"center\">\n<p>&nbsp;<\/p>\n<p><img loading=\"lazy\" decoding=\"async\" class=\"alignnone\" src=\"https:\/\/nanovea.com\/wp-content\/themes\/wp-nanovea\/images\/images\/app17.jpg\" alt=\"Gofret Y\u00fczeyi\" width=\"150\" height=\"113\" \/><\/p>\n<\/div>\n<\/td>\n<td width=\"254\">\n<div align=\"center\">\n<p>&nbsp;<\/p>\n<p><img loading=\"lazy\" decoding=\"async\" class=\"alignnone\" src=\"https:\/\/nanovea.com\/wp-content\/themes\/wp-nanovea\/images\/images\/app9.jpg\" alt=\"Fren Y\u00fczeyi\" width=\"150\" height=\"113\" \/><\/p>\n<\/div>\n<\/td>\n<td width=\"254\">\n<div align=\"center\">\n<p>&nbsp;<\/p>\n<p><img loading=\"lazy\" decoding=\"async\" class=\"alignnone\" src=\"https:\/\/nanovea.com\/wp-content\/themes\/wp-nanovea\/images\/images\/app10.jpg\" alt=\"Alet Y\u00fczeyi\" width=\"150\" height=\"113\" \/><\/p>\n<\/div>\n<\/td>\n<\/tr>\n<\/tbody>\n<\/table>\n<p>&nbsp;<\/p>","protected":false},"excerpt":{"rendered":"<p>TRIBOMETERS Wear friction testing with precision speed control TRIBOMETER APPLICATIONS Tribometers | Rotative | Linear | Optics | Application Notes | Tribometers Download | Watch Video Nanovea Tribometers measure rotative and linear wear friction on a single system, with temperature, atomosphere and liquid control options. Tribology is an important study in nearly all industries including: [&hellip;]<\/p>","protected":false},"author":1,"featured_media":0,"parent":0,"menu_order":0,"comment_status":"open","ping_status":"open","template":"tpl-newslider.php","meta":{"_exactmetrics_skip_tracking":false,"_exactmetrics_sitenote_active":false,"_exactmetrics_sitenote_note":"","_exactmetrics_sitenote_category":0,"footnotes":""},"class_list":["post-220","page","type-page","status-publish","hentry"],"_links":{"self":[{"href":"https:\/\/nanovea.com\/tr\/wp-json\/wp\/v2\/pages\/220","targetHints":{"allow":["GET"]}}],"collection":[{"href":"https:\/\/nanovea.com\/tr\/wp-json\/wp\/v2\/pages"}],"about":[{"href":"https:\/\/nanovea.com\/tr\/wp-json\/wp\/v2\/types\/page"}],"author":[{"embeddable":true,"href":"https:\/\/nanovea.com\/tr\/wp-json\/wp\/v2\/users\/1"}],"replies":[{"embeddable":true,"href":"https:\/\/nanovea.com\/tr\/wp-json\/wp\/v2\/comments?post=220"}],"version-history":[{"count":14,"href":"https:\/\/nanovea.com\/tr\/wp-json\/wp\/v2\/pages\/220\/revisions"}],"predecessor-version":[{"id":12705,"href":"https:\/\/nanovea.com\/tr\/wp-json\/wp\/v2\/pages\/220\/revisions\/12705"}],"wp:attachment":[{"href":"https:\/\/nanovea.com\/tr\/wp-json\/wp\/v2\/media?parent=220"}],"curies":[{"name":"wp","href":"https:\/\/api.w.org\/{rel}","templated":true}]}}