{"id":216,"date":"2015-03-04T17:50:29","date_gmt":"2015-03-04T17:50:29","guid":{"rendered":"http:\/\/nanovea.com\/?page_id=216"},"modified":"2022-03-25T21:04:12","modified_gmt":"2022-03-25T21:04:12","slug":"dogrusal-asinma-testi","status":"publish","type":"page","link":"https:\/\/nanovea.com\/tr\/dogrusal-asinma-testi\/","title":{"rendered":"Do\u011frusal A\u015f\u0131nma Testi"},"content":{"rendered":"<div class=\"wonderpluginslider-container\" id=\"wonderpluginslider-container-8\" style=\"max-width:1035px;margin:0 auto;padding-left:0px;padding-right:0px;padding-top:0px;padding-bottom:0px;\"><div class=\"wonderpluginslider\" id=\"wonderpluginslider-8\" data-sliderid=\"8\" data-width=\"1035\" data-height=\"375\" data-skin=\"cube\" data-autoplay=\"true\" data-randomplay=\"false\" data-loadimageondemand=\"false\" data-transitiononfirstslide=\"false\" data-autoplayvideo=\"false\" data-isresponsive=\"true\" data-fullwidth=\"false\" data-isfullscreen=\"false\" data-ratioresponsive=\"false\" data-showtext=\"true\" data-showtimer=\"false\" data-showbottomshadow=\"false\" data-navshowpreview=\"false\" data-textautohide=\"true\" data-lightboxresponsive=\"true\" data-lightboxshownavigation=\"false\" data-lightboxshowtitle=\"true\" data-lightboxshowdescription=\"false\" data-texteffectresponsive=\"true\" data-donotinit=\"false\" data-addinitscript=\"false\" data-lightboxfullscreenmode=\"false\" data-lightboxcloseonoverlay=\"true\" data-lightboxvideohidecontrols=\"false\" data-lightboxnogroup=\"false\" data-lightboxautoslide=\"false\" data-lightboxshowtimer=\"true\" data-lightboxshowplaybutton=\"true\" data-lightboxalwaysshownavarrows=\"false\" data-lightboxshowtitleprefix=\"true\" data-titleusealt=\"false\" data-outputtext=\"false\" data-scalemode=\"fit\" data-arrowstyle=\"always\" data-transition=\"slide\" data-loop=\"0\" data-border=\"0\" data-slideinterval=\"8000\" data-arrowimage=\"arrows-36-80-0.png\" data-arrowwidth=\"36\" data-arrowheight=\"80\" data-arrowtop=\"50\" data-arrowmargin=\"-18\" data-navstyle=\"bullets\" data-navimage=\"bullet-24-24-1.png\" data-navwidth=\"24\" data-navheight=\"24\" data-navspacing=\"8\" data-navmarginx=\"16\" data-navmarginy=\"16\" data-navposition=\"bottom\" data-playvideoimage=\"playvideo-64-64-0.png\" data-playvideoimagewidth=\"64\" data-playvideoimageheight=\"64\" data-lightboxthumbwidth=\"90\" data-lightboxthumbheight=\"60\" data-lightboxthumbtopmargin=\"12\" data-lightboxthumbbottommargin=\"4\" data-lightboxbarheight=\"64\" data-lightboxtitlebottomcss=\"color:#333; font-size:14px; font-family:Armata,sans-serif,Arial; overflow:hidden; text-align:left;\" data-lightboxdescriptionbottomcss=\"color:#333; font-size:12px; font-family:Arial,Helvetica,sans-serif; overflow:hidden; text-align:left; margin:4px 0px 0px; padding: 0px;\" data-textformat=\"Color box\" data-textpositionstatic=\"bottom\" data-textpositiondynamic=\"topleft\" data-paddingleft=\"0\" data-paddingright=\"0\" data-paddingtop=\"0\" data-paddingbottom=\"0\" data-texteffectresponsivesize=\"640\" data-fadeduration=\"1000\" data-crossfadeduration=\"1000\" data-slideduration=\"1000\" data-elasticduration=\"1000\" data-sliceduration=\"1500\" data-blindsduration=\"1500\" data-blocksduration=\"1500\" data-shuffleduration=\"1500\" data-tilesduration=\"2000\" data-kenburnsduration=\"5000\" data-flipduration=\"1500\" data-flipwithzoomduration=\"2000\" data-threedduration=\"1500\" data-threedhorizontalduration=\"1500\" data-threedwithzoomduration=\"2500\" data-threedhorizontalwithzoomduration=\"2200\" data-threedflipduration=\"1500\" data-threedflipwithzoomduration=\"2000\" data-threedtilesduration=\"2000\" data-threedfallback=\"flip\" data-threedhorizontalfallback=\"flip\" data-threedwithzoomfallback=\"flipwithzoom\" data-threedhorizontalwithzoomfallback=\"flipwithzoom\" data-threedflipfallback=\"flip\" data-threedflipwithzoomfallback=\"flipwithzoom\" data-threedtilesfallback=\"tiles\" data-ratiomediumscreen=\"800\" data-ratiomediumheight=\"1.2\" data-ratiosmallscreen=\"480\" data-ratiosmallheight=\"1.6\" data-lightboxtitlestyle=\"bottom\" data-lightboximagepercentage=\"75\" data-lightboxdefaultvideovolume=\"1\" data-lightboxoverlaybgcolor=\"#000\" data-lightboxoverlayopacity=\"0.9\" data-lightboxbgcolor=\"#fff\" data-lightboxtitleprefix=\"%NUM \/ %TOTAL\" data-lightboxtitleinsidecss=\"color:#fff; font-size:16px; font-family:Arial,Helvetica,sans-serif; overflow:hidden; text-align:left;\" data-lightboxdescriptioninsidecss=\"color:#fff; font-size:12px; font-family:Arial,Helvetica,sans-serif; overflow:hidden; text-align:left; margin:4px 0px 0px; padding: 0px;\" data-lightboxslideinterval=\"5000\" data-lightboxtimerposition=\"bottom\" data-lightboxtimercolor=\"#dc572e\" data-lightboxtimeropacity=\"1\" data-lightboxbordersize=\"8\" data-lightboxborderradius=\"0\" data-textcss=\"display:block; padding:8px 16px; text-align:left;\" data-textbgcss=\"display:none;\" data-titlecss=\"color: #1b96cf;    font-family: &quot;Open Sans&quot;,sans-serif;    font-size: 32px;    font-weight: bold;    line-height: 44px;    margin-bottom: 0;    margin-top: 20px;    text-transform: uppercase;\" data-descriptioncss=\"color: #282828;    font-size: 18px;    line-height: 30px;\" data-buttoncss=\"display:block; position:relative; margin-top:10px;\" data-titlecssresponsive=\"font-size:12px;\" data-descriptioncssresponsive=\"display:none !important;\" data-buttoncssresponsive=\"font-size: 9px !important;width:100%;\" data-jsfolder=\"https:\/\/nanovea.com\/wp-content\/plugins\/wonderplugin-slider-lite\/engine\/\" style=\"display:none;\" ><ul class=\"amazingslider-slides\"  style=\"display:none;\"><li><img decoding=\"async\" class=\"amazingslider-img-elem amazingsliderimg\" src=\"https:\/\/nanovea.com\/wp-content\/uploads\/2018\/01\/slide-linear-wear-test.jpg\" alt=\"DO\u011eRUSAL A\u015eINMA S\u00dcRT\u00dcNMESI\" title=\"DO\u011eRUSAL A\u015eINMA S\u00dcRT\u00dcNMESI\" data-description=\"Optional flexibility and testing function &lt;br \/&gt;an a single system\" \/><\/li><li><img decoding=\"async\" class=\"amazingslider-img-elem amazingsliderimg\" src=\"https:\/\/nanovea.com\/wp-content\/uploads\/2015\/04\/linear-wear-friction-cycle.jpg\" alt=\"DO\u011eRUSAL A\u015eINMA S\u00dcRT\u00dcNMESI\" title=\"DO\u011eRUSAL A\u015eINMA S\u00dcRT\u00dcNMESI\" data-description=\"Friction &amp; depth vs cycle\/ time using precise fix &lt;br \/&gt;cycle view with 3D profiler integration\" \/><\/li><li><img decoding=\"async\" class=\"amazingslider-img-elem amazingsliderimg\" src=\"https:\/\/nanovea.com\/wp-content\/uploads\/2015\/04\/linear-wear-friction-comparative.jpg\" alt=\"DO\u011eRUSAL A\u015eINMA S\u00dcRT\u00dcNMESI\" title=\"DO\u011eRUSAL A\u015eINMA S\u00dcRT\u00dcNMESI\" data-description=\"Same system linear provides a critical &lt;br \/&gt;comparative wear evaluation\" \/><\/li><li><img decoding=\"async\" class=\"amazingslider-img-elem amazingsliderimg\" src=\"https:\/\/nanovea.com\/wp-content\/uploads\/2015\/04\/linear-wear-friction-sample.jpg\" alt=\"DO\u011eRUSAL A\u015eINMA S\u00dcRT\u00dcNMESI\" title=\"DO\u011eRUSAL A\u015eINMA S\u00dcRT\u00dcNMESI\" data-description=\"Certain sample size and geometries can be &lt;br \/&gt;better tested with Linear\" \/><\/li><\/ul><\/div><\/div>\n<h1><strong>DO\u011eRUSAL A\u015eINMA S\u00dcRT\u00dcNME GIRI\u015eI<\/strong><\/h1>\n<p><a href=\"https:\/\/nanovea.com\/tribometers\">Tribometre Aletleri<\/a> | <a href=\"https:\/\/nanovea.com\/lab-services\/\">Laboratuvar Hizmetleri<\/a> | <a href=\"https:\/\/nanovea.com\/rotative-wear-test\">Rotatif<\/a> | <a href=\"https:\/\/nanovea.com\/application-notes\">Uygulama Notlar\u0131<\/a><\/p>\n<div class=\"product-desc\">\n<p align=\"justify\"><strong>Do\u011frusal A\u015f\u0131nma S\u00fcrt\u00fcnme S\u00fcreci:<br \/>\n<\/strong>Do\u011frusal a\u015f\u0131nma s\u00fcrt\u00fcnme testi, ger\u00e7ek d\u00fcnyadaki bir\u00e7ok triboloji mekanizmas\u0131nda bulunan do\u011frusal ileri geri hareketi yeniden \u00fcretir. Bir d\u00fcz, pim veya bilye ucu, hassas bir a\u011f\u0131rl\u0131kla bir test numunesine y\u00fcklenir. Test numuneleri, hareket y\u00f6n\u00fcnde belirli bir uzunlukta d\u00fcz bir b\u00f6lge oldu\u011fu s\u00fcrece \u00e7e\u015fitli \u015fekillerde (silindirik gibi) olabilir. \u0130zin uzunlu\u011fu \u00f6l\u00e7\u00fcm ba\u015flamadan \u00f6nce ayarlanabilir. Test ba\u015flad\u0131\u011f\u0131nda, u\u00e7 do\u011frusal bir a\u015f\u0131nma izi olu\u015fturur (zikzak desen de m\u00fcmk\u00fcnd\u00fcr). S\u00fcrt\u00fcnme katsay\u0131s\u0131, test s\u0131ras\u0131nda kolay ve h\u0131zl\u0131 kalibre edilen y\u00fck h\u00fccresinin sapmas\u0131 ile do\u011fru bir \u015fekilde \u00f6l\u00e7\u00fcl\u00fcr. S\u00fcrt\u00fcnme kuvvetleri, strokun hem ileri hem de geri hareketleri i\u00e7in kaydedilir. Hareket h\u0131z\u0131, yolun ortas\u0131nda maksimum h\u0131za sahip bir sin\u00fcs dalgas\u0131n\u0131 takip eder. Bu nedenle s\u00fcrt\u00fcnme, hareketin h\u0131z\u0131na ve y\u00f6n\u00fcne g\u00f6re hat boyunca her konumda de\u011fi\u015fecektir.  Entegre 16bit harici konum kodlay\u0131c\u0131 sayesinde, s\u00fcrt\u00fcnme her ge\u00e7i\u015f i\u00e7in belirli bir nokta i\u00e7in g\u00f6r\u00fcnt\u00fclenebilir. Bu, testin t\u00fcm uzunlu\u011fu boyunca s\u00fcrt\u00fcnme e\u011filimini do\u011fru bir \u015fekilde incelemek i\u00e7in gereklidir. U\u00e7 ve numune i\u00e7in a\u015f\u0131nma oranlar\u0131, kaybedilen malzeme hacminden hesaplan\u0131r.<\/p>\n<p>&nbsp;<\/p>\n<p align=\"justify\"><strong>Standartlar:<\/strong><\/p>\n<p align=\"justify\">- ASTM G133<\/p>\n<\/div>\n<div class=\"product-desc\">\n<p>- ASTM G171<\/p>\n<p>- ASTM F732<\/p>\n<p>&nbsp;<\/p>\n<p><strong>Do\u011frusal A\u015f\u0131nma S\u00fcrt\u00fcnme Testi S\u0131ras\u0131nda Analiz Edilen \u00d6zellikler:<\/strong><\/p>\n<p>- S\u00fcrt\u00fcnme Katsay\u0131s\u0131<\/p>\n<p>- A\u015f\u0131nma Oranlar\u0131<\/p>\n<p>- Ar\u0131za Noktalar\u0131<\/p>\n<p>- Elektriksel Diren\u00e7<\/p>\n<p>- Ya\u011flama ve Korozyon \u00c7al\u0131\u015fmalar\u0131<\/p>\n<p>- S\u00fcrt\u00fcnme ve H\u0131z<\/p>\n<p>- \u00c7izilme Sertli\u011fi ve di\u011ferleri<\/p>\n<p>&nbsp;<\/p>\n<p><strong>Do\u011frusal A\u015f\u0131nma S\u00fcrt\u00fcnme Test Yaz\u0131l\u0131m\u0131 \u00d6zellikleri:<\/strong><\/p>\n<p>- Ham Verileri ve G\u00f6r\u00fcnt\u00fcleri D\u0131\u015fa Aktarma<\/p>\n<p>- Ger\u00e7ek Zamanl\u0131 Ekran<\/p>\n<p>- Otomatik Raporlama<\/p>\n<p>- \u00c7oklu Dil Deste\u011fi<\/p>\n<p>- H\u0131z de\u011fi\u015fimli makrolar<\/p>\n<p>- Sabit \u00c7evrim G\u00f6r\u00fcn\u00fcm\u00fc<\/p>\n<p>- D\u00f6ng\u00fc Kar\u015f\u0131la\u015ft\u0131rma G\u00f6r\u00fcn\u00fcm\u00fc<\/p>\n<p>- \u00c7izilme Sertli\u011fi Hesaplama<\/p>\n<p>- Otomatik A\u015f\u0131nma Hesaplama<\/p>\n<p>- De\u011fi\u015fken H\u0131z Kontrol\u00fc<\/p>\n<p>- 3D veya 2D Yerinde A\u015f\u0131nma Analizi ve di\u011ferleri<\/p>\n<p>&nbsp;<\/p>\n<p><strong>U\u00e7lar: (Elmas, WC, Kau\u00e7uk ve di\u011fer bir\u00e7ok malzeme):<\/strong><\/p>\n<p>- 3, 6, 10 ve 25 mm top<\/p>\n<p>- \u00d6zel top boyutlar\u0131<\/p>\n<p>- \u00d6zel \u0130\u011fneler<\/p>\n<p>- D\u00fcz Plaka<\/p>\n<p>- \u00d6zel geometriler<\/p>\n<p>&nbsp;<\/p>\n<p><strong>\u00c7evresel Ko\u015fullar:<\/strong><\/p>\n<p>- 450\u00b0C Is\u0131tma F\u0131r\u0131n\u0131<\/p>\n<p>- S\u0131v\u0131 Bardak ve 150 \u00b0C'ye kadar S\u0131v\u0131 Is\u0131tma<\/p>\n<p>- Damla Damla Ya\u011flama<\/p>\n<p>- Nem Kontrol\u00fc<\/p>\n<p>- So\u011futma Odas\u0131 -40 \u00b0C<\/p>\n<p>- Korozyon Test Kab\u0131<\/p>\n<p>- \u00c7e\u015fitli Gazlar<\/p>\n<p>- Vakum<\/p>\n<p>&nbsp;<\/p>\n<p><strong>\u00d6rnek(ler) Sahipleri:<\/strong><\/p>\n<p>- Standart Kelep\u00e7e<\/p>\n<p>- Taban Plakas\u0131na Klips Montaj\u0131<\/p>\n<p>- \u00c7e\u015fitli geometriler i\u00e7in di\u011fer Numune Tutucular mevcuttur<\/p>\n<p>&nbsp;<\/p>\n<p><strong>Do\u011frusal Test Modlar\u0131:<\/strong><br \/>\n<a href=\"https:\/\/nanovea.com\/temperature-tribology-testing\" target=\"_blank\" rel=\"noopener noreferrer\">S\u0131cakl\u0131k Tribolojisi Testi<\/a><br \/>\n<a href=\"https:\/\/nanovea.com\/liquid-tribology-testing\" target=\"_blank\" rel=\"noopener noreferrer\">S\u0131v\u0131 Triboloji Testi <\/a><br \/>\n<a href=\"https:\/\/nanovea.com\/corrosion-tribology-testing\" target=\"_blank\" rel=\"noopener noreferrer\">Korozyon Triboloji Testi <\/a><\/p>\n<p align=\"justify\"><a href=\"https:\/\/www.nanovea.com\/NanoWearTester.html\">\u00a0<\/a><\/p>\n<\/div>","protected":false},"excerpt":{"rendered":"<p>LINEAR WEAR FRICTION INTRO Tribometer Instruments | Lab Services | Rotative | Application Notes Linear Wear Friction Process: Linear wear friction test reproduces the linear reciprocating motion found in many real-world tribology mechanisms. A flat, pin or ball tip is loaded onto a test sample with a precise weight. The test samples can be of [&hellip;]<\/p>","protected":false},"author":1,"featured_media":0,"parent":0,"menu_order":0,"comment_status":"open","ping_status":"open","template":"tpl-newslider.php","meta":{"_exactmetrics_skip_tracking":false,"_exactmetrics_sitenote_active":false,"_exactmetrics_sitenote_note":"","_exactmetrics_sitenote_category":0,"footnotes":""},"class_list":["post-216","page","type-page","status-publish","hentry"],"_links":{"self":[{"href":"https:\/\/nanovea.com\/tr\/wp-json\/wp\/v2\/pages\/216","targetHints":{"allow":["GET"]}}],"collection":[{"href":"https:\/\/nanovea.com\/tr\/wp-json\/wp\/v2\/pages"}],"about":[{"href":"https:\/\/nanovea.com\/tr\/wp-json\/wp\/v2\/types\/page"}],"author":[{"embeddable":true,"href":"https:\/\/nanovea.com\/tr\/wp-json\/wp\/v2\/users\/1"}],"replies":[{"embeddable":true,"href":"https:\/\/nanovea.com\/tr\/wp-json\/wp\/v2\/comments?post=216"}],"version-history":[{"count":22,"href":"https:\/\/nanovea.com\/tr\/wp-json\/wp\/v2\/pages\/216\/revisions"}],"predecessor-version":[{"id":4055,"href":"https:\/\/nanovea.com\/tr\/wp-json\/wp\/v2\/pages\/216\/revisions\/4055"}],"wp:attachment":[{"href":"https:\/\/nanovea.com\/tr\/wp-json\/wp\/v2\/media?parent=216"}],"curies":[{"name":"wp","href":"https:\/\/api.w.org\/{rel}","templated":true}]}}