{"id":214,"date":"2015-03-04T17:48:59","date_gmt":"2015-03-04T17:48:59","guid":{"rendered":"http:\/\/nanovea.com\/?page_id=214"},"modified":"2019-11-13T16:47:46","modified_gmt":"2019-11-13T16:47:46","slug":"rotatif-asinma-testi","status":"publish","type":"page","link":"https:\/\/nanovea.com\/tr\/rotative-wear-test\/","title":{"rendered":"Rotatif A\u015f\u0131nma Testi"},"content":{"rendered":"<div class=\"wonderpluginslider-container\" id=\"wonderpluginslider-container-17\" style=\"max-width:1035px;margin:0 auto;padding-left:0px;padding-right:0px;padding-top:0px;padding-bottom:0px;\"><div class=\"wonderpluginslider\" id=\"wonderpluginslider-17\" data-sliderid=\"17\" data-width=\"1035\" data-height=\"375\" data-skin=\"cube\" data-autoplay=\"true\" data-randomplay=\"false\" data-loadimageondemand=\"false\" data-transitiononfirstslide=\"false\" data-autoplayvideo=\"false\" data-isresponsive=\"true\" data-fullwidth=\"false\" data-isfullscreen=\"false\" data-ratioresponsive=\"false\" data-showtext=\"true\" data-showtimer=\"false\" data-showbottomshadow=\"false\" data-navshowpreview=\"false\" data-textautohide=\"true\" data-pauseonmouseover=\"false\" data-lightboxresponsive=\"true\" data-lightboxshownavigation=\"false\" data-lightboxshowtitle=\"true\" data-lightboxshowdescription=\"false\" data-texteffectresponsive=\"true\" data-donotinit=\"false\" data-addinitscript=\"false\" data-lightboxfullscreenmode=\"false\" data-lightboxcloseonoverlay=\"true\" data-lightboxvideohidecontrols=\"false\" data-lightboxnogroup=\"false\" data-shownav=\"true\" data-navthumbresponsive=\"false\" data-navshowfeaturedarrow=\"false\" data-lightboxshowsocial=\"false\" data-lightboxshowfacebook=\"true\" data-lightboxshowtwitter=\"true\" data-lightboxshowpinterest=\"true\" data-lightboxsocialrotateeffect=\"true\" data-showsocial=\"false\" data-showfacebook=\"true\" data-showtwitter=\"true\" data-showpinterest=\"true\" data-socialrotateeffect=\"true\" data-disableinlinecss=\"false\" data-triggerresize=\"false\" data-lightboxautoslide=\"false\" data-lightboxshowtimer=\"true\" data-lightboxshowplaybutton=\"true\" data-lightboxalwaysshownavarrows=\"false\" data-lightboxshowtitleprefix=\"true\" data-titleusealt=\"false\" data-outputtext=\"false\" data-scalemode=\"fit\" data-arrowstyle=\"always\" data-transition=\"slide\" data-loop=\"0\" data-border=\"0\" data-slideinterval=\"8000\" data-arrowimage=\"arrows-36-80-0.png\" data-arrowwidth=\"36\" data-arrowheight=\"80\" data-arrowtop=\"50\" data-arrowmargin=\"-18\" data-navstyle=\"bullets\" data-navimage=\"bullet-24-24-1.png\" data-navwidth=\"24\" data-navheight=\"24\" data-navspacing=\"8\" data-navmarginx=\"16\" data-navmarginy=\"16\" data-navposition=\"bottom\" data-navthumbnavigationstyle=\"arrow\" data-navthumbnavigationarrowimage=\"carouselarrows-32-32-0.png\" data-navthumbnavigationarrowimagewidth=\"32\" data-navthumbnavigationarrowimageheight=\"32\" data-playvideoimage=\"playvideo-64-64-0.png\" data-playvideoimagewidth=\"64\" data-playvideoimageheight=\"64\" data-lightboxthumbwidth=\"90\" data-lightboxthumbheight=\"60\" data-lightboxthumbtopmargin=\"12\" data-lightboxthumbbottommargin=\"4\" data-lightboxbarheight=\"64\" data-lightboxtitlebottomcss=\"color:#333; font-size:14px; font-family:Armata,sans-serif,Arial; overflow:hidden; text-align:left;\" data-lightboxdescriptionbottomcss=\"color:#333; font-size:12px; font-family:Arial,Helvetica,sans-serif; overflow:hidden; text-align:left; margin:4px 0px 0px; padding: 0px;\" data-textformat=\"Color box\" data-textpositionstatic=\"bottom\" data-textpositiondynamic=\"topleft\" data-paddingleft=\"0\" data-paddingright=\"0\" data-paddingtop=\"0\" data-paddingbottom=\"0\" data-texteffectresponsivesize=\"640\" data-textleftrightpercentforstatic=\"40\" data-fadeduration=\"1000\" data-crossfadeduration=\"1000\" data-fadeoutfadeinduration=\"2000\" data-slideduration=\"1000\" data-elasticduration=\"1000\" data-sliceduration=\"1500\" data-blindsduration=\"1500\" data-blocksduration=\"1500\" data-shuffleduration=\"1500\" data-tilesduration=\"2000\" data-kenburnsduration=\"5000\" data-flipduration=\"1500\" data-flipwithzoomduration=\"2000\" data-threedduration=\"1500\" data-threedhorizontalduration=\"1500\" data-threedwithzoomduration=\"2500\" data-threedhorizontalwithzoomduration=\"2200\" data-threedflipduration=\"1500\" data-threedflipwithzoomduration=\"2000\" data-threedtilesduration=\"2000\" data-threedfallback=\"flip\" data-threedhorizontalfallback=\"flip\" data-threedwithzoomfallback=\"flipwithzoom\" data-threedhorizontalwithzoomfallback=\"flipwithzoom\" data-threedflipfallback=\"flip\" data-threedflipwithzoomfallback=\"flipwithzoom\" data-threedtilesfallback=\"tiles\" data-ratiomediumscreen=\"800\" data-ratiomediumheight=\"1.2\" data-ratiosmallscreen=\"480\" data-ratiosmallheight=\"1.6\" data-socialmode=\"mouseover\" data-socialposition=\"position:absolute;top:8px;right:8px;\" data-socialpositionsmallscreen=\"position:absolute;top:8px;right:8px;\" data-socialdirection=\"horizontal\" data-socialbuttonsize=\"32\" data-socialbuttonfontsize=\"18\" data-navthumbcolumn=\"5\" data-navthumbtitleheight=\"20\" data-navthumbtitlewidth=\"120\" data-navthumbresponsivemode=\"samesize\" data-navthumbstyle=\"imageonly\" data-navthumbmediumsize=\"900\" data-navthumbmediumwidth=\"64\" data-navthumbmediumheight=\"64\" data-navthumbmediumcolumn=\"4\" data-navthumbmediumtitleheight=\"18\" data-navthumbmediumtitlewidth=\"120\" data-navthumbsmallsize=\"600\" data-navthumbsmallwidth=\"48\" data-navthumbsmallheight=\"48\" data-navthumbsmallcolumn=\"3\" data-navthumbsmalltitleheight=\"18\" data-navthumbsmalltitlewidth=\"120\" data-lightboxsocialposition=\"position:absolute;top:100%;right:0;\" data-lightboxsocialpositionsmallscreen=\"position:absolute;top:100%;right:0;left:0;\" data-lightboxsocialdirection=\"horizontal\" data-lightboxsocialbuttonsize=\"32\" data-lightboxsocialbuttonfontsize=\"18\" data-lightboxtitlestyle=\"bottom\" data-lightboximagepercentage=\"75\" data-lightboxdefaultvideovolume=\"1\" data-lightboxoverlaybgcolor=\"#000\" data-lightboxoverlayopacity=\"0.9\" data-lightboxbgcolor=\"#fff\" data-lightboxtitleprefix=\"%NUM \/ %TOTAL\" data-lightboxtitleinsidecss=\"color:#fff; font-size:16px; font-family:Arial,Helvetica,sans-serif; overflow:hidden; text-align:left;\" data-lightboxdescriptioninsidecss=\"color:#fff; font-size:12px; font-family:Arial,Helvetica,sans-serif; overflow:hidden; text-align:left; margin:4px 0px 0px; padding: 0px;\" data-triggerresizedelay=\"100\" data-lightboxslideinterval=\"5000\" data-lightboxtimerposition=\"bottom\" data-lightboxtimercolor=\"#dc572e\" data-lightboxtimeropacity=\"1\" data-lightboxbordersize=\"8\" data-lightboxborderradius=\"0\" data-textcss=\"display:block; padding:8px 16px; text-align:left;\" data-textbgcss=\"display:none;\" data-titlecss=\"color: #1b96cf;    font-family: &quot;Open Sans&quot;,sans-serif;    font-size: 32px;    font-weight: bold;    line-height: 44px;    margin-bottom: 0;    margin-top: 20px;    text-transform: uppercase;\" data-descriptioncss=\"color: #282828;    font-size: 18px;    line-height: 30px;\" data-buttoncss=\"display:block; position:relative; margin-top:10px;\" data-titlecssresponsive=\"font-size:12px;\" data-descriptioncssresponsive=\"display:none !important;\" data-buttoncssresponsive=\"font-size: 9px !important;width:100%;\" data-jsfolder=\"https:\/\/nanovea.com\/wp-content\/plugins\/wonderplugin-slider-lite\/engine\/\" style=\"display:none;\" ><ul class=\"amazingslider-slides\"  style=\"display:none;\"><li><img decoding=\"async\" class=\"amazingslider-img-elem amazingsliderimg\" src=\"https:\/\/nanovea.com\/wp-content\/uploads\/2018\/01\/slide-rotative-wear-test.jpg\" alt=\"ROTASYONEL A\u015eINMA S\u00dcRT\u00dcNMESI\" title=\"ROTASYONEL A\u015eINMA S\u00dcRT\u00dcNMESI\" data-description=\"Precise and flexable testing with &lt;br \/&gt;unmatched speed controls\" \/><\/li><li><img decoding=\"async\" class=\"amazingslider-img-elem amazingsliderimg\" src=\"https:\/\/nanovea.com\/wp-content\/uploads\/2015\/04\/rotative-wear-friction-depth.jpg\" alt=\"ROTASYONEL A\u015eINMA S\u00dcRT\u00dcNMESI\" title=\"ROTASYONEL A\u015eINMA S\u00dcRT\u00dcNMESI\" data-description=\"Continuous coefficient of friction &amp; depth by &lt;br \/&gt;LVDT or depth by in-situ optical profiler\" \/><\/li><li><img decoding=\"async\" class=\"amazingslider-img-elem amazingsliderimg\" src=\"https:\/\/nanovea.com\/wp-content\/uploads\/2015\/04\/rotative-wear-friction-speed.jpg\" alt=\"ROTASYONEL A\u015eINMA S\u00dcRT\u00dcNMESI\" title=\"ROTASYONEL A\u015eINMA S\u00dcRT\u00dcNMESI\" data-description=\"Unmatched speed control: wear rate vs. time, &lt;br \/&gt;quasi static friction &amp; continuous stribeck curves\" \/><\/li><\/ul><\/div><\/div><div id=\"amazingslider_customtexteffect_17\" style=\"display:none;\" data-texteffect=\"{&quot;Color box&quot;:{&quot;textstyle&quot;:&quot;dynamic&quot;,&quot;textpositionstatic&quot;:&quot;bottom&quot;,&quot;textautohide&quot;:true,&quot;textpositionmarginstatic&quot;:0,&quot;textpositiondynamic&quot;:&quot;topleft&quot;,&quot;textpositionmarginleft&quot;:24,&quot;textpositionmarginright&quot;:24,&quot;textpositionmargintop&quot;:24,&quot;textpositionmarginbottom&quot;:24,&quot;texteffect&quot;:&quot;slide&quot;,&quot;texteffecteasing&quot;:&quot;easeOutCubic&quot;,&quot;texteffectduration&quot;:600,&quot;texteffectslidedirection&quot;:&quot;left&quot;,&quot;texteffectslidedistance&quot;:30,&quot;texteffectdelay&quot;:500,&quot;texteffectseparate&quot;:true,&quot;texteffect1&quot;:&quot;slide&quot;,&quot;texteffectslidedirection1&quot;:&quot;right&quot;,&quot;texteffectslidedistance1&quot;:120,&quot;texteffecteasing1&quot;:&quot;easeOutCubic&quot;,&quot;texteffectduration1&quot;:600,&quot;texteffectdelay1&quot;:1000,&quot;texteffect2&quot;:&quot;slide&quot;,&quot;texteffectslidedirection2&quot;:&quot;right&quot;,&quot;texteffectslidedistance2&quot;:120,&quot;texteffecteasing2&quot;:&quot;easeOutCubic&quot;,&quot;texteffectduration2&quot;:600,&quot;texteffectdelay2&quot;:1500,&quot;textcss&quot;:&quot;display:block; padding:8px 16px; text-align:left;&quot;,&quot;textbgcss&quot;:&quot;display:none;&quot;,&quot;titlecss&quot;:&quot;color: #1b96cf;\\n    font-family: \\&quot;Open Sans\\&quot;,sans-serif;\\n    font-size: 32px;\\n    font-weight: bold;\\n    line-height: 44px;\\n    margin-bottom: 0;\\n    margin-top: 20px;\\n    text-transform: uppercase;&quot;,&quot;descriptioncss&quot;:&quot;color: #282828;\\n    font-size: 18px;\\n    line-height: 30px;&quot;,&quot;buttoncss&quot;:&quot;display:block; position:relative; margin-top:10px;&quot;,&quot;texteffectresponsive&quot;:true,&quot;texteffectresponsivesize&quot;:640,&quot;titlecssresponsive&quot;:&quot;font-size:12px;&quot;,&quot;descriptioncssresponsive&quot;:&quot;display:none !important;&quot;,&quot;buttoncssresponsive&quot;:&quot;font-size: 9px !important;\\nwidth:100%;&quot;,&quot;addgooglefonts&quot;:false,&quot;googlefonts&quot;:&quot;&quot;,&quot;textleftrightpercentforstatic&quot;:40}}\"><\/div>\n<h1><strong>ROTASYONEL A\u015eINMA S\u00dcRT\u00dcNME GIRI\u015eI<\/strong><\/h1>\n<p><a href=\"https:\/\/nanovea.com\/tribometers\">Tribometre Aletleri<\/a> | <a href=\"https:\/\/nanovea.com\/lab-services\/\">Laboratuvar Hizmetleri<\/a> | <a href=\"https:\/\/nanovea.com\/linear-wear-test\">Do\u011frusal<\/a> | <a href=\"https:\/\/nanovea.com\/application-notes\">Uygulama Notlar\u0131<\/a><\/p>\n<div class=\"product-desc\">\n<p align=\"justify\"><strong>Rotasyonel A\u015f\u0131nma S\u00fcrt\u00fcnme S\u00fcreci:<\/strong><br \/>\nRotasyonel a\u015f\u0131nma s\u00fcrt\u00fcnme testi, bir\u00e7ok ger\u00e7ek d\u00fcnya triboloji mekanizmas\u0131nda bulunan rotasyonel hareketi yeniden \u00fcretir. D\u00fcz, pimli veya bilyeli bir u\u00e7, hassas bir a\u011f\u0131rl\u0131kla ve d\u00f6nme merkezinden belirli bir konumda bir test numunesine y\u00fcklenir. Numune d\u00f6nmeye ba\u015flad\u0131\u011f\u0131nda, u\u00e7 bir rotasyonel a\u015f\u0131nma izi olu\u015fturur. S\u00fcrt\u00fcnme katsay\u0131s\u0131, hassas bir \u015fekilde kalibre edilmi\u015f bir y\u00fck h\u00fccresinin sapmas\u0131 ile do\u011fru bir \u015fekilde \u00f6l\u00e7\u00fcl\u00fcr. Entegre 16bit harici konum kodlay\u0131c\u0131 sayesinde s\u00fcrt\u00fcnme, her bir d\u00f6ng\u00fc ge\u00e7i\u015fi i\u00e7in belirli bir konum veya b\u00f6lge i\u00e7in g\u00f6r\u00fcnt\u00fclenebilir. Ek olarak, dahili 20bit h\u0131z kodlay\u0131c\u0131, tek bir test s\u0131ras\u0131nda 0,01 ila 5000 rpm aras\u0131nda d\u00f6n\u00fc\u015f h\u0131z\u0131n\u0131n sorunsuz veya h\u0131zl\u0131 bir \u015fekilde de\u011fi\u015fmesini sa\u011flayarak h\u0131za kar\u015f\u0131 do\u011fru s\u00fcrt\u00fcnme katsay\u0131s\u0131 sa\u011flar. Statik b\u00f6lgedeki s\u00fcrt\u00fcnmeyi incelemek ve statik ve kinetik s\u00fcrt\u00fcnme katsay\u0131s\u0131 aras\u0131ndaki ge\u00e7i\u015fi daha iyi anlamak i\u00e7in 0,01 rpm'ye kadar olan h\u0131zlar gereklidir.  Numune i\u00e7in a\u015f\u0131nma oranlar\u0131, se\u00e7ilen konumlardaki 2D profilden veya t\u00fcm a\u015f\u0131nma izinin ger\u00e7ek tam 3D profilinden hesaplanabilir. Spiral test, testin t\u00fcm uzunlu\u011fu boyunca kar\u015f\u0131la\u015ft\u0131r\u0131labilir s\u00fcrt\u00fcnme verileri i\u00e7in herhangi bir noktada sabit do\u011frusal h\u0131z (de\u011fi\u015fen d\u00f6nme h\u0131z\u0131) ile ger\u00e7ekle\u015ftirilebilir.<\/p>\n<p>&nbsp;<\/p>\n<p><strong>Standartlar:<\/strong><\/p>\n<p>- ASTM G99<\/p>\n<p>- DIN 50324<\/p>\n<p>- ASTM D3702<\/p>\n<p>- ASTM D2266<\/p>\n<p>- ASTM D4172<\/p>\n<p>- ASTM G132<\/p>\n<p>&nbsp;<\/p>\n<p><strong>Rotasyonel A\u015f\u0131nma S\u00fcrt\u00fcnme Testi S\u0131ras\u0131nda Analiz Edilen \u00d6zellikler:<\/strong><\/p>\n<p>- S\u00fcrt\u00fcnme Katsay\u0131s\u0131<\/p>\n<p>- A\u015f\u0131nma Oranlar\u0131<\/p>\n<p>- Ar\u0131za Noktalar\u0131<\/p>\n<p>- Elektriksel Diren\u00e7<\/p>\n<p>- Ya\u011flama ve Korozyon \u00c7al\u0131\u015fmalar\u0131<\/p>\n<p>- S\u00fcrt\u00fcnme ve H\u0131z<\/p>\n<p>- Stribeck E\u011frisi<\/p>\n<p>- \u00c7izilme Sertli\u011fi<\/p>\n<p>- Statik S\u00fcrt\u00fcnme Katsay\u0131s\u0131 ve di\u011ferleri<\/p>\n<p>&nbsp;<\/p>\n<p><strong>Rotasyonel A\u015f\u0131nma S\u00fcrt\u00fcnme Test Yaz\u0131l\u0131m\u0131 \u00d6zellikleri:<\/strong><\/p>\n<p>- S\u00fcrekli Stribeck E\u011frisi<\/p>\n<p>- Ham Verileri ve G\u00f6r\u00fcnt\u00fcleri D\u0131\u015fa Aktarma<\/p>\n<p>- Ger\u00e7ek Zamanl\u0131 Ekran<\/p>\n<p>- Otomatik Raporlama<\/p>\n<p>- \u00c7oklu Dil Deste\u011fi<\/p>\n<p>- \u00c7izilme Sertli\u011fi Hesaplama<\/p>\n<p>- H\u0131z de\u011fi\u015fimli makrolar<\/p>\n<p>- Sabit do\u011frusal h\u0131zda Spiral Test<\/p>\n<p>- Sabit \u00c7evrim G\u00f6r\u00fcn\u00fcm\u00fc<\/p>\n<p>- 360\u00b0 D\u00f6ng\u00fc Kar\u015f\u0131la\u015ft\u0131rma G\u00f6r\u00fcn\u00fcm\u00fc<\/p>\n<p>- Otomatik A\u015f\u0131nma Hesaplama<\/p>\n<p>- Yar\u0131 Do\u011frusal (mikron veya derece)<\/p>\n<p>- Test s\u0131ras\u0131nda De\u011fi\u015fken H\u0131z Kontrol\u00fc ve di\u011ferleri<\/p>\n<p>&nbsp;<\/p>\n<p><strong>U\u00e7lar: (Elmas, WC, Kau\u00e7uk ve di\u011fer bir\u00e7ok malzeme):<\/strong><\/p>\n<p>- 3, 6, 10 ve 25 mm top<\/p>\n<p>- \u00d6zel top boyutlar\u0131<\/p>\n<p>- \u00d6zel \u0130\u011fneler<\/p>\n<p>- D\u00fcz Plaka<\/p>\n<p>- \u00d6zel geometriler<\/p>\n<p>&nbsp;<\/p>\n<p><strong>\u00c7evresel Ko\u015fullar:<\/strong><\/p>\n<p>- Tamamen \u00c7\u0131kar\u0131labilir 1200\u00b0C F\u0131r\u0131n<\/p>\n<p>- 150\u00b0C'ye kadar so\u011futma<\/p>\n<p>- S\u0131v\u0131 Bardak ve 150\u00b0C'ye Kadar S\u0131v\u0131 Is\u0131tma<\/p>\n<p>- Damla Damla Ya\u011flama<\/p>\n<p>- Nem Kontrol\u00fc<\/p>\n<p>- \u00c7e\u015fitli Gazlar<\/p>\n<p>- Vakum<\/p>\n<p>&nbsp;<\/p>\n<p><strong>\u00d6rnek(ler) Sahipleri:<\/strong><\/p>\n<p>- Standart Kelep\u00e7e<\/p>\n<p>- Taban Plakas\u0131na Klips Montaj\u0131<\/p>\n<p>- \u00c7e\u015fitli geometriler i\u00e7in \u00d6zel Tutucular<\/p>\n<p>&nbsp;<\/p>\n<p><strong>Rotasyonel Test Modlar\u0131:<\/strong><\/p>\n<p><a href=\"https:\/\/nanovea.com\/temperature-tribology-testing\" target=\"_blank\" rel=\"noopener noreferrer\">S\u0131cakl\u0131k Tribolojisi Testi<\/a><\/p>\n<p><a href=\"https:\/\/nanovea.com\/liquid-tribology-testing\" target=\"_blank\" rel=\"noopener noreferrer\">S\u0131v\u0131 Triboloji Testi <\/a><\/p>\n<\/div>","protected":false},"excerpt":{"rendered":"<p>ROTATIONAL WEAR FRICTION INTRO Tribometer Instruments | Lab Services | Linear | Application Notes Rotational Wear Friction Process: Rotational wear friction test reproduces the rotational motion found in many real-world tribology mechanisms. A flat, pin or ball tip is loaded onto a test sample with a precise weight and at a specific position from the [&hellip;]<\/p>\n","protected":false},"author":1,"featured_media":0,"parent":0,"menu_order":0,"comment_status":"open","ping_status":"open","template":"tpl-newslider.php","meta":{"_exactmetrics_skip_tracking":false,"_exactmetrics_sitenote_active":false,"_exactmetrics_sitenote_note":"","_exactmetrics_sitenote_category":0,"footnotes":""},"class_list":["post-214","page","type-page","status-publish","hentry"],"_links":{"self":[{"href":"https:\/\/nanovea.com\/tr\/wp-json\/wp\/v2\/pages\/214","targetHints":{"allow":["GET"]}}],"collection":[{"href":"https:\/\/nanovea.com\/tr\/wp-json\/wp\/v2\/pages"}],"about":[{"href":"https:\/\/nanovea.com\/tr\/wp-json\/wp\/v2\/types\/page"}],"author":[{"embeddable":true,"href":"https:\/\/nanovea.com\/tr\/wp-json\/wp\/v2\/users\/1"}],"replies":[{"embeddable":true,"href":"https:\/\/nanovea.com\/tr\/wp-json\/wp\/v2\/comments?post=214"}],"version-history":[{"count":22,"href":"https:\/\/nanovea.com\/tr\/wp-json\/wp\/v2\/pages\/214\/revisions"}],"predecessor-version":[{"id":7470,"href":"https:\/\/nanovea.com\/tr\/wp-json\/wp\/v2\/pages\/214\/revisions\/7470"}],"wp:attachment":[{"href":"https:\/\/nanovea.com\/tr\/wp-json\/wp\/v2\/media?parent=214"}],"curies":[{"name":"wp","href":"https:\/\/api.w.org\/{rel}","templated":true}]}}