{"id":211,"date":"2015-03-04T17:02:19","date_gmt":"2015-03-04T17:02:19","guid":{"rendered":"http:\/\/nanovea.com\/?page_id=211"},"modified":"2018-10-19T15:29:56","modified_gmt":"2018-10-19T15:29:56","slug":"yuzey-asinma-surtunmesi","status":"publish","type":"page","link":"https:\/\/nanovea.com\/tr\/yuzey-asinma-surtunmesi\/","title":{"rendered":"Y\u00fczey A\u015f\u0131nma S\u00fcrt\u00fcnmesi"},"content":{"rendered":"<div id=\"newslider\" style=\"min-height: auto; overflow: hidden;\">\n<ul>\n<li>\n<div class=\"slider-text\">\n<h2>TR\u0130BOMETRELER<\/h2>\n<p>S\u00fcrt\u00fcnme A\u015f\u0131nmas\u0131<\/p>\n<\/div>\n<p><img decoding=\"async\" src=\"https:\/\/nanovea.com\/wp-content\/uploads\/2015\/07\/slide-wear-friction.jpg\" alt=\"\" \/><\/li>\n<\/ul>\n<\/div>\n<h1><strong>Y\u00dcZEY A\u015eINMASI | S\u00dcRT\u00dcNME TR\u0130BOLOJ\u0130S\u0130 TEST\u0130 <\/strong><\/h1>\n<div class=\"product-desc\">\n<p align=\"justify\">Kaynak: <a href=\"https:\/\/www.astm.org\/Standards\/G99.htm\">ASTM G99<\/a> ve <a href=\"https:\/\/www.astm.org\/Standards\/G133.htm\">ASTM G133<\/a>. Standart motorlu tabla kullan\u0131larak 2,5 mikron \u00e7\u00f6z\u00fcn\u00fcrl\u00fc\u011fe hassas bir \u015fekilde konumland\u0131r\u0131labilen \u00f6l\u00e7\u00fcm koluna bir bilye, pim veya d\u00fcz tutucu tak\u0131l\u0131r. Y\u00fck eklendi\u011finde, numune diski bilinen bir h\u0131zda d\u00f6nd\u00fcr\u00fcl\u00fcr ve bu da \u00fcst bilye, pim veya d\u00fcz par\u00e7a ile alt numune diski aras\u0131nda s\u00fcrt\u00fcnme yarat\u0131r. A\u015f\u0131nma \u00f6l\u00e7\u00fcm\u00fc i\u00e7in testten \u00f6nce ve sonra hassas bir tart\u0131 kullan\u0131larak a\u011f\u0131rl\u0131k kayb\u0131 \u00f6l\u00e7\u00fclebilir. Ayr\u0131ca test s\u0131ras\u0131nda derinli\u011fi kaydetmek i\u00e7in \u00f6l\u00e7\u00fcm koluna bir LVDT tak\u0131labilir. Bu sayede a\u015f\u0131nma oran\u0131n\u0131n zamana g\u00f6re de\u011fi\u015fimi takip edilebilmektedir. S\u00fcrt\u00fcnme kuvveti, m\u00fckemmel mekanik ve termal stabilite ile y\u00fcksek \u00e7\u00f6z\u00fcn\u00fcrl\u00fck sunan sert bir y\u00fck h\u00fccresiyle do\u011frudan \u00f6l\u00e7\u00fcl\u00fcr; s\u00fcrt\u00fcnme \u00f6l\u00e7\u00fcm\u00fc i\u00e7in yaln\u0131zca LVDT&#039;ye dayanan di\u011fer sistemlerin aksine. S\u0131cakl\u0131k, S\u0131v\u0131 ve Atmosfer kontrol\u00fc de dahil olmak \u00fczere ger\u00e7ek ortam ko\u015fullar\u0131n\u0131 yak\u0131ndan e\u015fle\u015ftirmek i\u00e7in \u00e7e\u015fitli test se\u00e7enekleri mevcuttur. Ek olarak, a\u015f\u0131nma izi hacmini hassas bir \u015fekilde \u00f6l\u00e7mek i\u00e7in, numune kald\u0131rmaya gerek kalmadan h\u0131zl\u0131 ve kullan\u0131\u015fl\u0131 bir y\u00f6ntemle a\u015f\u0131nma kayb\u0131n\u0131 \u00f6l\u00e7mek i\u00e7in Tribometer platformuna tam bir 3D temass\u0131z Optik profil olu\u015fturucu entegre edilebilir.<\/p>\n<p>&nbsp;<\/p>\n<p><strong>A\u015f\u0131nma S\u00fcrt\u00fcnme Testi S\u0131ras\u0131nda Analiz Edilen \u00d6zellikler:<\/strong><\/p>\n<p>- S\u00fcrt\u00fcnme Katsay\u0131s\u0131<\/p>\n<p>- A\u015f\u0131nma Oranlar\u0131<\/p>\n<p>- Ar\u0131za Noktalar\u0131<\/p>\n<p>\u2022 Elektrik Konta\u011f\u0131<\/p>\n<p>\u2022 Ya\u011flama \u00e7al\u0131\u015fmalar\u0131 ve di\u011ferleri<\/p>\n<p>&nbsp;<\/p>\n<p><a href=\"https:\/\/nanovea.com\/tribometers\">&lt; Tribometrelere geri d\u00f6n<\/a><\/p>\n<p align=\"justify\">\n<\/div>","protected":false},"excerpt":{"rendered":"<p>TRIBOMETERS Wear Friction SURFACE WEAR | FRICTION TRIBOLOGY TESTING Based from ASTM G99 and ASTM G133. Using a ball, pin or flat holder is attached to the measuring arm which can be precisely positioned to a resolution of 2.5micron using the standard motorized table. With load added, the sample disk is rotated at a known [&hellip;]<\/p>","protected":false},"author":1,"featured_media":0,"parent":0,"menu_order":0,"comment_status":"open","ping_status":"open","template":"","meta":{"_exactmetrics_skip_tracking":false,"_exactmetrics_sitenote_active":false,"_exactmetrics_sitenote_note":"","_exactmetrics_sitenote_category":0,"footnotes":""},"class_list":["post-211","page","type-page","status-publish","hentry"],"_links":{"self":[{"href":"https:\/\/nanovea.com\/tr\/wp-json\/wp\/v2\/pages\/211","targetHints":{"allow":["GET"]}}],"collection":[{"href":"https:\/\/nanovea.com\/tr\/wp-json\/wp\/v2\/pages"}],"about":[{"href":"https:\/\/nanovea.com\/tr\/wp-json\/wp\/v2\/types\/page"}],"author":[{"embeddable":true,"href":"https:\/\/nanovea.com\/tr\/wp-json\/wp\/v2\/users\/1"}],"replies":[{"embeddable":true,"href":"https:\/\/nanovea.com\/tr\/wp-json\/wp\/v2\/comments?post=211"}],"version-history":[{"count":9,"href":"https:\/\/nanovea.com\/tr\/wp-json\/wp\/v2\/pages\/211\/revisions"}],"predecessor-version":[{"id":3574,"href":"https:\/\/nanovea.com\/tr\/wp-json\/wp\/v2\/pages\/211\/revisions\/3574"}],"wp:attachment":[{"href":"https:\/\/nanovea.com\/tr\/wp-json\/wp\/v2\/media?parent=211"}],"curies":[{"name":"wp","href":"https:\/\/api.w.org\/{rel}","templated":true}]}}