{"id":2057,"date":"2015-10-13T20:36:14","date_gmt":"2015-10-13T20:36:14","guid":{"rendered":"http:\/\/nanovea.com\/?page_id=2057"},"modified":"2024-03-07T00:46:39","modified_gmt":"2024-03-07T00:46:39","slug":"gi%cc%87zli%cc%87li%cc%87k-poli%cc%87ti%cc%87kasi","status":"publish","type":"page","link":"https:\/\/nanovea.com\/tr\/privacy-policy\/","title":{"rendered":"Gizlilik Politikas\u0131"},"content":{"rendered":"<p><strong>NANOVEA&#039;n\u0131n genel gizlilik politikas\u0131<\/strong><\/p>\n<p>Ki\u015fisel verilerinizin korunmas\u0131 bizim i\u00e7in kritik \u00f6neme sahiptir. Ki\u015fisel verileriniz yaln\u0131zca y\u00fcr\u00fcrl\u00fckteki veri koruma yasalar\u0131 (GDPR) temelinde i\u015flenir. Verilerinizi kay\u0131p, manip\u00fclasyon ve yetkisiz eri\u015fime kar\u015f\u0131 korumak i\u00e7in dikkatli \u00f6nlemler al\u0131yoruz. Bu \u00f6nlemler teknolojinin mevcut durumuna uygundur. Veri Gizlili\u011fi Politikam\u0131za ili\u015fkin bu a\u00e7\u0131klamada, web sitemizdeki veri i\u015fleme ba\u011flam\u0131ndaki en \u00f6nemli hususlar hakk\u0131nda sizi bilgilendiriyoruz.<br \/>\n<strong><br \/>\n1.) Eri\u015fim verilerinin sunucu g\u00fcnl\u00fck dosyalar\u0131nda saklanmas\u0131<\/strong><\/p>\n<p>Web sitemizi herhangi bir ki\u015fisel bilgi vermeden ziyaret edebilirsiniz. Sunucu g\u00fcnl\u00fck dosyalar\u0131nda yaln\u0131zca talep edilen dosyalar\u0131n adlar\u0131, sorgunun tarihi ve saati, aktar\u0131lan veri hacimleri, taray\u0131c\u0131 t\u00fcr\u00fc, IP adresi ve talep eden sa\u011flay\u0131c\u0131 gibi eri\u015fim verilerini sakl\u0131yoruz. Bu veriler yaln\u0131zca sitenin sorunsuz \u00e7al\u0131\u015fmas\u0131n\u0131 sa\u011flamak ve teklifimizi iyile\u015ftirmek i\u00e7in de\u011ferlendirilir, ancak kullan\u0131c\u0131n\u0131n arkas\u0131ndaki ki\u015fi hakk\u0131nda herhangi bir sonu\u00e7 \u00e7\u0131kar\u0131lmas\u0131na izin vermez. Yasad\u0131\u015f\u0131 kullan\u0131m\u0131n somut g\u00f6stergeleri olmas\u0131 durumunda, verileri geriye d\u00f6n\u00fck olarak inceleme hakk\u0131m\u0131z\u0131 sakl\u0131 tutar\u0131z.<\/p>\n<p><strong>2.)  \u00c7erezler<\/strong><\/p>\n<p>Web sitemiz, ayn\u0131 kullan\u0131c\u0131\/internet ba\u011flant\u0131s\u0131 abonesi taraf\u0131ndan web sitemizin tekrarlanan kullan\u0131m\u0131n\u0131 tan\u0131mak i\u00e7in \u00e7erez olarak adland\u0131r\u0131lan \u00e7erezlerden yararlan\u0131r. \u00c7erezler, internet taray\u0131c\u0131n\u0131z\u0131n indirdi\u011fi ve bilgisayar\u0131n\u0131zda depolad\u0131\u011f\u0131 k\u00fc\u00e7\u00fck metin dosyalar\u0131d\u0131r. Web sitemizi ve hizmetlerimizi geli\u015ftirmek i\u00e7in kullan\u0131l\u0131rlar.<\/p>\n<p>Bununla birlikte, bu \u00e7erezler bir dereceye kadar sizi otomatik olarak tan\u0131mak i\u00e7in kullan\u0131lan bilgileri de iletir. IP adresiniz \u00e7erezlere kaydedildi\u011fi i\u00e7in tan\u0131nman\u0131z m\u00fcmk\u00fcnd\u00fcr. Bu \u015fekilde elde edilen bilgiler, hizmetlerimizi iyile\u015ftirmek ve web sitesine daha kolay eri\u015fim sa\u011flamak i\u00e7in kullan\u0131l\u0131r.<\/p>\n<p>Taray\u0131c\u0131 yaz\u0131l\u0131m\u0131n\u0131zdaki ayarlar\u0131 uygun \u015fekilde d\u00fczenleyerek \u00e7erezlerin y\u00fcklenmesini \u00f6nleyebilirsiniz. Ancak, bunu yapt\u0131\u011f\u0131n\u0131zda web sitemizin t\u00fcm i\u015flevlerinden tam olarak yararlanamayabilece\u011finizi bilmelisiniz. Taray\u0131c\u0131 yaz\u0131l\u0131m\u0131n\u0131zda \u00e7erezlerin y\u00fcklenmesini devre d\u0131\u015f\u0131 b\u0131rakmadan bu web sitesini kullanarak, Google taraf\u0131ndan toplanan verilerinizin yukar\u0131da belirtilen \u015fekilde ve ama\u00e7larla i\u015flenmesine izin vermi\u015f olursunuz.<\/p>\n<p><strong>3.) Bizimle ileti\u015fime ge\u00e7in<\/strong><\/p>\n<p>Web sitemizde size ileti\u015fim formlar\u0131m\u0131z, e-posta veya Sohbet yoluyla bizimle ileti\u015fime ge\u00e7me f\u0131rsat\u0131 sunuyoruz (bkz. B\u00f6l\u00fcm 7). Talebinizi i\u015fleme koymak ve sizinle daha sonra ileti\u015fim kurmak amac\u0131yla, sa\u011flad\u0131\u011f\u0131n\u0131z bilgiler saklanacak ve sorumlu ki\u015filere iletilecektir (bkz. B\u00f6l\u00fcm 7). Toplanan verilerin, sitemizin di\u011fer bile\u015fenleri taraf\u0131ndan toplanabilecek verilerle kar\u015f\u0131la\u015ft\u0131r\u0131lmas\u0131 da yap\u0131lmaz. Bizimle bir e-posta ba\u011flant\u0131s\u0131 \u00fczerinden ileti\u015fime ge\u00e7erseniz (\u00f6rn. <a href=\"mailto:info@nanovea.com\">info@nanovea.com<\/a>), gelen postan\u0131n tarihi ve saati, g\u00f6nderici ve al\u0131c\u0131 ve e-postan\u0131n konusu kaydedilecektir. Bu verilerin de\u011ferlendirilmesi yaln\u0131zca sistemik sapmalar\u0131 yeniden yap\u0131land\u0131rmak ve d\u00fczeltmek i\u00e7in yap\u0131l\u0131r.<\/p>\n<p><strong>4.) Haber B\u00fclteni <\/strong><\/p>\n<p>Web sitemiz \u00fczerinden b\u00fcltenimize abone olma f\u0131rsat\u0131na sahipsiniz. Bunun i\u00e7in ad\u0131n\u0131z ve e-posta adresinizin yan\u0131 s\u0131ra b\u00fclten aboneli\u011fini kabul etti\u011finizi beyan etmeniz gerekmektedir. Bro\u015f\u00fcrlerimizi indirmeden, canl\u0131 sohbet veya e-posta yoluyla bizimle ileti\u015fime ge\u00e7meden \u00f6nce e-posta adresinizi bize vererek, posta listemize eklenmek ve B\u00fcltenimizi almak i\u00e7in iste\u011fe ba\u011fl\u0131 olarak onay vermi\u015f olursunuz.<\/p>\n<p>Size hedeflenen bilgileri sa\u011flamak i\u00e7in, sizin taraf\u0131n\u0131zdan g\u00f6n\u00fcll\u00fc olarak sa\u011flanan bilgileri de toplar ve i\u015fleriz.<\/p>\n<p>Haber b\u00fclteni aboneli\u011finizi istedi\u011finiz zaman iptal edebilirsiniz. L\u00fctfen iptal talebinizi a\u015fa\u011f\u0131daki e-posta adresine g\u00f6nderin: <a href=\"mailto:info@nanovea.com\">info@nanovea.com<\/a>. B\u00fclten g\u00f6nderimi ile ba\u011flant\u0131l\u0131 olarak verilerinizi derhal silece\u011fiz.<\/p>\n<p><strong>5.) Google Analytics Kullan\u0131m\u0131 <\/strong><\/p>\n<p>Bu web sitesi Google Inc., 1600 Amphitheatre Parkway Mountain View, CA 94043, ABD (\"Google\") taraf\u0131ndan sa\u011flanan bir web analiz hizmeti olan Google Analytics'i kullanmaktad\u0131r.<\/p>\n<p>Google Analytics de \u00e7erezleri, yani web sitemizi tekrar ziyaret etti\u011finizde web sitemizin sizi tan\u0131mas\u0131n\u0131 ve web sitesini kullan\u0131m\u0131n\u0131z\u0131 analiz etmesini sa\u011flayan bilgisayar\u0131n\u0131zdaki web taray\u0131c\u0131s\u0131 arac\u0131l\u0131\u011f\u0131yla kaydedilen metin dosyalar\u0131n\u0131 kullan\u0131r. Bu analizi, teklifimizi kullan\u0131c\u0131 dostu bir \u015fekilde yap\u0131land\u0131rmak ve web sitemizi ilgi alanlar\u0131n\u0131za uyacak \u015fekilde optimize etmek i\u00e7in kullan\u0131yoruz<\/p>\n<p>Google Analytics ve Opt-Out-Option hakk\u0131nda daha fazla bilgi edinin <a href=\"https:\/\/tools.google.com\/dlpage\/gaoptout\">Burada<\/a><\/p>\n<p><strong>6.) Veri aktar\u0131m\u0131<\/strong><\/p>\n<p>Veriler, yasal gereklilikleri yerine getirmek, bir s\u00f6zle\u015fmeyi yerine getirmek, \u00fcr\u00fcn ve hizmetlerimizle ilgili m\u00fc\u015fteri taleplerini i\u015fleme koymak ve NANOVEA&#039;n\u0131n i\u015f rutinlerini sa\u011flamak amac\u0131yla i\u015flenmektedir.<\/p>\n<p>NANOVEA&#039;n\u0131n da\u011f\u0131t\u0131m ortaklar\u0131, vergi dan\u0131\u015fmanlar\u0131 veya mallar\u0131n teslimat\u0131 i\u00e7in nakliye \u015firketleri gibi hizmet sa\u011flay\u0131c\u0131lar\u0131 veya \u00fc\u00e7\u00fcnc\u00fc taraf yaz\u0131l\u0131m \u00e7\u00f6z\u00fcmleri (Chat gibi) gibi hizmet sa\u011flay\u0131c\u0131lar\u0131, taraf\u0131m\u0131zdan iletilen veya bize iletilen verileri yaln\u0131zca ilgili tan\u0131mlanm\u0131\u015f amac\u0131n yerine getirilmesi. Verilerin farkl\u0131 bir \u015fekilde kullan\u0131lmas\u0131na izin verilmez.<\/p>\n<p><strong>7.) Sizin haklar\u0131n\u0131z<\/strong><\/p>\n<p>Bilgi edinme hakk\u0131, eri\u015fim hakk\u0131, d\u00fczeltme hakk\u0131, silme hakk\u0131, i\u015flemenin k\u0131s\u0131tlanmas\u0131 hakk\u0131, veri ta\u015f\u0131nabilirli\u011fi hakk\u0131 ve itiraz etme hakk\u0131na sahipsiniz.<\/p>\n<p>Ki\u015fisel verilerinizin toplanmas\u0131, i\u015flenmesi veya kullan\u0131lmas\u0131yla ilgili sorular\u0131n\u0131z varsa ve ayr\u0131ca herhangi bir sorunuz varsa, verileri d\u00fczeltmek, verileri engellemek veya silmek, onay\u0131n\u0131z\u0131 geri \u00e7ekmek veya verilerin belirli bir t\u00fcr kullan\u0131m\u0131na itiraz etmek istiyorsan\u0131z l\u00fctfen bizimle ileti\u015fime ge\u00e7in (bkz. B\u00f6l\u00fcm 8).<\/p>\n<p>Ki\u015fisel verilerinizin i\u015flenmesinin veri koruma yasas\u0131na uygun olmad\u0131\u011f\u0131n\u0131 d\u00fc\u015f\u00fcn\u00fcyorsan\u0131z, yetkili denetim makam\u0131na \u015fikayette bulunma hakk\u0131na sahipsiniz.<\/p>\n<p><strong>8.) Otomatik Veri Kaz\u0131ma ve Yapay Zeka Kullan\u0131m\u0131na \u0130li\u015fkin K\u0131s\u0131tlamalar<\/strong><\/p>\n<p>Uygulama Notlar\u0131 ve yay\u0131nlanan test sonu\u00e7lar\u0131 da dahil olmak \u00fczere web sitemizden veri \u00e7\u0131karmak i\u00e7in yapay zeka ve makine \u00f6\u011frenimi algoritmalar\u0131n\u0131n kullan\u0131lmas\u0131 ve bu verilerin makine \u00f6\u011freniminin e\u011fitim amac\u0131yla kullan\u0131lmas\u0131 da dahil olmak \u00fczere otomatik veri kaz\u0131ma, NANOVEA&#039;n\u0131n \u00f6nceden yaz\u0131l\u0131 izni olmadan kesinlikle yasakt\u0131r. .<\/p>\n<p><strong>9.) Sorumlu kurum ve ileti\u015fim <\/strong><\/p>\n<p>NANOVEA<br \/>\n6 Morgan STE 156<br \/>\nIrvine, CA 92618<\/p>\n<p>Gizlilik endi\u015feleriniz i\u00e7in ileti\u015fime ge\u00e7in: <a href=\"mailto:info@nanovea.com\">info@nanovea.com<\/a><\/p>","protected":false},"excerpt":{"rendered":"<p>General privacy policy of NANOVEA The protection of your personal data is of critical importance us. Your personal data is only processed on the basis of the applicable data protection laws (GDPR). We take careful measures to protect your data from loss, manipulation, and unauthorized access. The measures are in accordance with the current state [&hellip;]<\/p>\n","protected":false},"author":1,"featured_media":0,"parent":0,"menu_order":0,"comment_status":"closed","ping_status":"closed","template":"","meta":{"_exactmetrics_skip_tracking":false,"_exactmetrics_sitenote_active":false,"_exactmetrics_sitenote_note":"","_exactmetrics_sitenote_category":0,"footnotes":""},"class_list":["post-2057","page","type-page","status-publish","hentry"],"_links":{"self":[{"href":"https:\/\/nanovea.com\/tr\/wp-json\/wp\/v2\/pages\/2057","targetHints":{"allow":["GET"]}}],"collection":[{"href":"https:\/\/nanovea.com\/tr\/wp-json\/wp\/v2\/pages"}],"about":[{"href":"https:\/\/nanovea.com\/tr\/wp-json\/wp\/v2\/types\/page"}],"author":[{"embeddable":true,"href":"https:\/\/nanovea.com\/tr\/wp-json\/wp\/v2\/users\/1"}],"replies":[{"embeddable":true,"href":"https:\/\/nanovea.com\/tr\/wp-json\/wp\/v2\/comments?post=2057"}],"version-history":[{"count":11,"href":"https:\/\/nanovea.com\/tr\/wp-json\/wp\/v2\/pages\/2057\/revisions"}],"predecessor-version":[{"id":23706,"href":"https:\/\/nanovea.com\/tr\/wp-json\/wp\/v2\/pages\/2057\/revisions\/23706"}],"wp:attachment":[{"href":"https:\/\/nanovea.com\/tr\/wp-json\/wp\/v2\/media?parent=2057"}],"curies":[{"name":"wp","href":"https:\/\/api.w.org\/{rel}","templated":true}]}}