{"id":19849,"date":"2022-05-23T14:42:39","date_gmt":"2022-05-23T14:42:39","guid":{"rendered":"https:\/\/nanovea.com\/?page_id=19849"},"modified":"2022-05-23T14:42:39","modified_gmt":"2022-05-23T14:42:39","slug":"mekanik-test","status":"publish","type":"page","link":"https:\/\/nanovea.com\/tr\/mekanik-test\/","title":{"rendered":"Mekanik Test \u00c7al\u0131\u015fmalar\u0131"},"content":{"rendered":"<div data-elementor-type=\"wp-page\" data-elementor-id=\"19849\" class=\"elementor elementor-19849\" data-elementor-post-type=\"page\">\n\t\t\t\t\t\t<section class=\"elementor-section elementor-top-section elementor-element elementor-element-cf6ab29 elementor-section-boxed elementor-section-height-default elementor-section-height-default\" data-id=\"cf6ab29\" data-element_type=\"section\">\n\t\t\t\t\t\t<div class=\"elementor-container elementor-column-gap-default\">\n\t\t\t\t\t<div class=\"elementor-column elementor-col-100 elementor-top-column elementor-element elementor-element-f284172\" data-id=\"f284172\" data-element_type=\"column\">\n\t\t\t<div class=\"elementor-widget-wrap elementor-element-populated\">\n\t\t\t\t\t\t<div class=\"elementor-element elementor-element-5a6c881 elementor-widget elementor-widget-heading\" data-id=\"5a6c881\" data-element_type=\"widget\" data-widget_type=\"heading.default\">\n\t\t\t\t<div class=\"elementor-widget-container\">\n\t\t\t\t\t<h1 class=\"elementor-heading-title elementor-size-default\">SON \u00c7ALI\u015eMALAR<\/h1>\t\t\t\t<\/div>\n\t\t\t\t<\/div>\n\t\t\t\t<section class=\"elementor-section elementor-inner-section elementor-element elementor-element-fd3814c elementor-section-boxed elementor-section-height-default elementor-section-height-default\" data-id=\"fd3814c\" data-element_type=\"section\">\n\t\t\t\t\t\t<div class=\"elementor-container elementor-column-gap-default\">\n\t\t\t\t\t<div class=\"elementor-column elementor-col-33 elementor-inner-column elementor-element elementor-element-68da4a1\" data-id=\"68da4a1\" data-element_type=\"column\">\n\t\t\t<div class=\"elementor-widget-wrap elementor-element-populated\">\n\t\t\t\t\t\t<div class=\"elementor-element elementor-element-c907c6b elementor-align-right mechanical-testing-filter elementor-widget elementor-widget-button\" data-id=\"c907c6b\" data-element_type=\"widget\" data-widget_type=\"button.default\">\n\t\t\t\t<div class=\"elementor-widget-container\">\n\t\t\t\t\t\t\t\t\t<div class=\"elementor-button-wrapper\">\n\t\t\t\t\t<a class=\"elementor-button elementor-size-xs\" role=\"button\" id=\"mechanical-testing-filter\">\n\t\t\t\t\t\t<span class=\"elementor-button-content-wrapper\">\n\t\t\t\t\t\t\t\t\t<span class=\"elementor-button-text\">MEKANIK TESTLER<\/span>\n\t\t\t\t\t<\/span>\n\t\t\t\t\t<\/a>\n\t\t\t\t<\/div>\n\t\t\t\t\t\t\t\t<\/div>\n\t\t\t\t<\/div>\n\t\t\t\t\t<\/div>\n\t\t<\/div>\n\t\t\t\t<div class=\"elementor-column elementor-col-33 elementor-inner-column elementor-element elementor-element-d081e4e\" data-id=\"d081e4e\" data-element_type=\"column\">\n\t\t\t<div class=\"elementor-widget-wrap elementor-element-populated\">\n\t\t\t\t\t\t<div class=\"elementor-element elementor-element-8246d33 elementor-align-center profilometry-testing-filter elementor-widget elementor-widget-button\" data-id=\"8246d33\" data-element_type=\"widget\" data-widget_type=\"button.default\">\n\t\t\t\t<div class=\"elementor-widget-container\">\n\t\t\t\t\t\t\t\t\t<div class=\"elementor-button-wrapper\">\n\t\t\t\t\t<a class=\"elementor-button elementor-button-link elementor-size-xs\" href=\"https:\/\/nanovea.com\/profilometry-testing\/\" id=\"profilometry-testing-filter\">\n\t\t\t\t\t\t<span class=\"elementor-button-content-wrapper\">\n\t\t\t\t\t\t\t\t\t<span class=\"elementor-button-text\">PROFI\u0307LOMETRI\u0307 TESTI\u0307<\/span>\n\t\t\t\t\t<\/span>\n\t\t\t\t\t<\/a>\n\t\t\t\t<\/div>\n\t\t\t\t\t\t\t\t<\/div>\n\t\t\t\t<\/div>\n\t\t\t\t\t<\/div>\n\t\t<\/div>\n\t\t\t\t<div class=\"elementor-column elementor-col-33 elementor-inner-column elementor-element elementor-element-6bb0e47\" data-id=\"6bb0e47\" data-element_type=\"column\">\n\t\t\t<div class=\"elementor-widget-wrap elementor-element-populated\">\n\t\t\t\t\t\t<div class=\"elementor-element elementor-element-5773317 elementor-align-left tribology-testing-filter elementor-widget elementor-widget-button\" data-id=\"5773317\" data-element_type=\"widget\" data-widget_type=\"button.default\">\n\t\t\t\t<div class=\"elementor-widget-container\">\n\t\t\t\t\t\t\t\t\t<div class=\"elementor-button-wrapper\">\n\t\t\t\t\t<a class=\"elementor-button elementor-button-link elementor-size-xs\" href=\"https:\/\/nanovea.com\/tribology-testing\/\" id=\"tribology-testing-filter\">\n\t\t\t\t\t\t<span class=\"elementor-button-content-wrapper\">\n\t\t\t\t\t\t\t\t\t<span class=\"elementor-button-text\">TRIBOLOJI\u0307 TESTLERI\u0307<\/span>\n\t\t\t\t\t<\/span>\n\t\t\t\t\t<\/a>\n\t\t\t\t<\/div>\n\t\t\t\t\t\t\t\t<\/div>\n\t\t\t\t<\/div>\n\t\t\t\t\t<\/div>\n\t\t<\/div>\n\t\t\t\t\t<\/div>\n\t\t<\/section>\n\t\t\t\t<div class=\"elementor-element elementor-element-64a2b6f elementor-posts--align-left app-notes-feat-homepage elementor-grid-3 elementor-grid-tablet-2 elementor-grid-mobile-1 elementor-posts--thumbnail-top elementor-widget elementor-widget-posts\" data-id=\"64a2b6f\" data-element_type=\"widget\" data-settings=\"{&quot;classic_row_gap&quot;:{&quot;unit&quot;:&quot;px&quot;,&quot;size&quot;:15,&quot;sizes&quot;:[]},&quot;pagination_type&quot;:&quot;load_more_infinite_scroll&quot;,&quot;classic_columns&quot;:&quot;3&quot;,&quot;classic_columns_tablet&quot;:&quot;2&quot;,&quot;classic_columns_mobile&quot;:&quot;1&quot;,&quot;classic_row_gap_tablet&quot;:{&quot;unit&quot;:&quot;px&quot;,&quot;size&quot;:&quot;&quot;,&quot;sizes&quot;:[]},&quot;classic_row_gap_mobile&quot;:{&quot;unit&quot;:&quot;px&quot;,&quot;size&quot;:&quot;&quot;,&quot;sizes&quot;:[]},&quot;load_more_spinner&quot;:{&quot;value&quot;:&quot;fas fa-spinner&quot;,&quot;library&quot;:&quot;fa-solid&quot;}}\" data-widget_type=\"posts.classic\">\n\t\t\t\t<div class=\"elementor-widget-container\">\n\t\t\t\t\t\t\t<div class=\"elementor-posts-container elementor-posts elementor-posts--skin-classic elementor-grid\" role=\"list\">\n\t\t\t\t<article class=\"elementor-post elementor-grid-item post-25222 post type-post status-publish format-standard has-post-thumbnail hentry category-application-notes category-indentation-fracture-toughness category-laboratory-testing category-mechanical-testing category-scratch-testing-cohesive-failure\" role=\"listitem\">\n\t\t\t\t<a class=\"elementor-post__thumbnail__link\" href=\"https:\/\/nanovea.com\/tr\/telefon-ekran-koruyucularinin-cizilmeye-karsi-dayaniklilik-testi\/\" tabindex=\"-1\" >\n\t\t\t<div class=\"elementor-post__thumbnail\"><img decoding=\"async\" width=\"300\" height=\"157\" src=\"https:\/\/nanovea.com\/wp-content\/uploads\/2025\/11\/cellphone-screen-protector-scratch-resistance-testing.jpg\" class=\"attachment-medium size-medium wp-image-25263\" alt=\"Ekran koruyucular\u0131 i\u00e7in \u00e7izilmeye kar\u015f\u0131 dayan\u0131kl\u0131l\u0131k testinin \u00f6nemini g\u00f6steren \u00e7atlak ak\u0131ll\u0131 telefon ekran\u0131.\" \/><\/div>\n\t\t<\/a>\n\t\t\t\t<div class=\"elementor-post__text\">\n\t\t\t\t<h3 class=\"elementor-post__title\">\n\t\t\t<a href=\"https:\/\/nanovea.com\/tr\/telefon-ekran-koruyucularinin-cizilmeye-karsi-dayaniklilik-testi\/\" >\n\t\t\t\tTelefon Ekran Koruyucular\u0131n\u0131n \u00c7izilme Direnci Testi\t\t\t<\/a>\n\t\t<\/h3>\n\t\t\n\t\t<a class=\"elementor-post__read-more\" href=\"https:\/\/nanovea.com\/tr\/telefon-ekran-koruyucularinin-cizilmeye-karsi-dayaniklilik-testi\/\" aria-label=\"Telefon Ekran Koruyucular\u0131n\u0131n \u00c7izilme Direnci Testi hakk\u0131nda daha fazla bilgi edinin.\" tabindex=\"-1\" >\n\t\t\tDEVAMINI OKU\t\t<\/a>\n\n\t\t\t\t<\/div>\n\t\t\t\t<\/article>\n\t\t\t\t<article class=\"elementor-post elementor-grid-item post-22853 post type-post status-publish format-standard has-post-thumbnail hentry category-application-notes category-laboratory-testing category-linear-tribology category-mechanical-testing category-scratch-testing-adhesive-failure category-scratch-testing-cohesive-failure category-tribology-testing\" role=\"listitem\">\n\t\t\t\t<a class=\"elementor-post__thumbnail__link\" href=\"https:\/\/nanovea.com\/tr\/ptfe-kaplama-asinma-testi\/\" tabindex=\"-1\" >\n\t\t\t<div class=\"elementor-post__thumbnail\"><img fetchpriority=\"high\" decoding=\"async\" width=\"300\" height=\"194\" src=\"https:\/\/nanovea.com\/wp-content\/uploads\/2023\/06\/teflon-wear-test.jpg\" class=\"attachment-medium size-medium wp-image-22857\" alt=\"\" \/><\/div>\n\t\t<\/a>\n\t\t\t\t<div class=\"elementor-post__text\">\n\t\t\t\t<h3 class=\"elementor-post__title\">\n\t\t\t<a href=\"https:\/\/nanovea.com\/tr\/ptfe-kaplama-asinma-testi\/\" >\n\t\t\t\tPTFE Kaplama A\u015f\u0131nma Testi\t\t\t<\/a>\n\t\t<\/h3>\n\t\t\n\t\t<a class=\"elementor-post__read-more\" href=\"https:\/\/nanovea.com\/tr\/ptfe-kaplama-asinma-testi\/\" aria-label=\"PTFE Kaplama A\u015f\u0131nma Testi hakk\u0131nda daha fazlas\u0131n\u0131 okuyun\" tabindex=\"-1\" >\n\t\t\tDEVAMINI OKU\t\t<\/a>\n\n\t\t\t\t<\/div>\n\t\t\t\t<\/article>\n\t\t\t\t<article class=\"elementor-post elementor-grid-item post-22101 post type-post status-publish format-standard has-post-thumbnail hentry category-application-notes category-indentation-hardness-elastic category-loss-storage category-laboratory-testing category-mechanical-testing\" role=\"listitem\">\n\t\t\t\t<a class=\"elementor-post__thumbnail__link\" href=\"https:\/\/nanovea.com\/tr\/mantarin-nanoindentasyon-kullanilarak-dinamik-mekanik-analizi\/\" tabindex=\"-1\" >\n\t\t\t<div class=\"elementor-post__thumbnail\"><img decoding=\"async\" width=\"300\" height=\"194\" src=\"https:\/\/nanovea.com\/wp-content\/uploads\/2023\/05\/Cork-DMA-thumb-2.jpg\" class=\"attachment-medium size-medium wp-image-22112\" alt=\"\" \/><\/div>\n\t\t<\/a>\n\t\t\t\t<div class=\"elementor-post__text\">\n\t\t\t\t<h3 class=\"elementor-post__title\">\n\t\t\t<a href=\"https:\/\/nanovea.com\/tr\/mantarin-nanoindentasyon-kullanilarak-dinamik-mekanik-analizi\/\" >\n\t\t\t\tNanoindentasyon Kullan\u0131larak Mantar\u0131n Dinamik Mekanik Analizi\t\t\t<\/a>\n\t\t<\/h3>\n\t\t\n\t\t<a class=\"elementor-post__read-more\" href=\"https:\/\/nanovea.com\/tr\/mantarin-nanoindentasyon-kullanilarak-dinamik-mekanik-analizi\/\" aria-label=\"Nanoindentasyon Kullanarak Mantar\u0131n Dinamik Mekanik Analizi hakk\u0131nda daha fazlas\u0131n\u0131 okuyun\" tabindex=\"-1\" >\n\t\t\tDEVAMINI OKU\t\t<\/a>\n\n\t\t\t\t<\/div>\n\t\t\t\t<\/article>\n\t\t\t\t<article class=\"elementor-post elementor-grid-item post-22041 post type-post status-publish format-standard has-post-thumbnail hentry category-application-notes category-laboratory-testing category-mechanical-testing category-scratch-testing-adhesive-failure category-scratch-testing-cohesive-failure\" role=\"listitem\">\n\t\t\t\t<a class=\"elementor-post__thumbnail__link\" href=\"https:\/\/nanovea.com\/tr\/nano-cizik-mar-metal-substrat-uzerinde-boya-testi\/\" tabindex=\"-1\" >\n\t\t\t<div class=\"elementor-post__thumbnail\"><img loading=\"lazy\" decoding=\"async\" width=\"300\" height=\"194\" src=\"https:\/\/nanovea.com\/wp-content\/uploads\/2023\/05\/Nano-Scratch-Thumb.jpg\" class=\"attachment-medium size-medium wp-image-22052\" alt=\"\" \/><\/div>\n\t\t<\/a>\n\t\t\t\t<div class=\"elementor-post__text\">\n\t\t\t\t<h3 class=\"elementor-post__title\">\n\t\t\t<a href=\"https:\/\/nanovea.com\/tr\/nano-cizik-mar-metal-substrat-uzerinde-boya-testi\/\" >\n\t\t\t\tMetal Y\u00fczey \u00dczerinde Boyan\u0131n Nano \u00c7izilme ve Mar Testi\t\t\t<\/a>\n\t\t<\/h3>\n\t\t\n\t\t<a class=\"elementor-post__read-more\" href=\"https:\/\/nanovea.com\/tr\/nano-cizik-mar-metal-substrat-uzerinde-boya-testi\/\" aria-label=\"Metal Y\u00fczey \u00dczerindeki Boyan\u0131n Nano \u00c7izilme ve Mar Testi hakk\u0131nda daha fazlas\u0131n\u0131 okuyun\" tabindex=\"-1\" >\n\t\t\tDEVAMINI OKU\t\t<\/a>\n\n\t\t\t\t<\/div>\n\t\t\t\t<\/article>\n\t\t\t\t<article class=\"elementor-post elementor-grid-item post-21189 post type-post status-publish format-standard has-post-thumbnail hentry category-application-notes category-high-temperature-mechanical-testing category-high-temperature-tribology category-laboratory-testing category-mechanical-testing category-scratch-testing-scratch-hardness category-scratch-testing-tribology category-tribology-testing\" role=\"listitem\">\n\t\t\t\t<a class=\"elementor-post__thumbnail__link\" href=\"https:\/\/nanovea.com\/tr\/yuksek-sicaklik-cizik-sertligi-bir-tribometre-kullanarak\/\" tabindex=\"-1\" >\n\t\t\t<div class=\"elementor-post__thumbnail\"><img loading=\"lazy\" decoding=\"async\" width=\"300\" height=\"194\" src=\"https:\/\/nanovea.com\/wp-content\/uploads\/2022\/07\/scratch-hardness-thumb1.jpg\" class=\"attachment-medium size-medium wp-image-21184\" alt=\"\" \/><\/div>\n\t\t<\/a>\n\t\t\t\t<div class=\"elementor-post__text\">\n\t\t\t\t<h3 class=\"elementor-post__title\">\n\t\t\t<a href=\"https:\/\/nanovea.com\/tr\/yuksek-sicaklik-cizik-sertligi-bir-tribometre-kullanarak\/\" >\n\t\t\t\tTribometre Kullanarak Y\u00fcksek S\u0131cakl\u0131kta \u00c7izilme Sertli\u011fi\t\t\t<\/a>\n\t\t<\/h3>\n\t\t\n\t\t<a class=\"elementor-post__read-more\" href=\"https:\/\/nanovea.com\/tr\/yuksek-sicaklik-cizik-sertligi-bir-tribometre-kullanarak\/\" aria-label=\"Tribometre Kullanarak Y\u00fcksek S\u0131cakl\u0131kta \u00c7izilme Sertli\u011fi hakk\u0131nda daha fazlas\u0131n\u0131 okuyun\" tabindex=\"-1\" >\n\t\t\tDEVAMINI OKU\t\t<\/a>\n\n\t\t\t\t<\/div>\n\t\t\t\t<\/article>\n\t\t\t\t<article class=\"elementor-post elementor-grid-item post-20021 post type-post status-publish format-standard has-post-thumbnail hentry category-application-notes category-friction-testing-coefficient-of-friction category-laboratory-testing category-mechanical-testing category-profilometry-roughness-finish category-profilometry-testing category-rotational-tribology category-scratch-testing-adhesive-failure category-scratch-testing-cohesive-failure category-tribology-testing\" role=\"listitem\">\n\t\t\t\t<a class=\"elementor-post__thumbnail__link\" href=\"https:\/\/nanovea.com\/tr\/endustriyel-kaplamalar-cizik-ve-asinma-degerlendirmesi\/\" tabindex=\"-1\" >\n\t\t\t<div class=\"elementor-post__thumbnail\"><img loading=\"lazy\" decoding=\"async\" width=\"300\" height=\"194\" src=\"https:\/\/nanovea.com\/wp-content\/uploads\/2022\/07\/Industrial-Coatings-Testing-Thumbnail.jpg\" class=\"attachment-medium size-medium wp-image-21169\" alt=\"\" \/><\/div>\n\t\t<\/a>\n\t\t\t\t<div class=\"elementor-post__text\">\n\t\t\t\t<h3 class=\"elementor-post__title\">\n\t\t\t<a href=\"https:\/\/nanovea.com\/tr\/endustriyel-kaplamalar-cizik-ve-asinma-degerlendirmesi\/\" >\n\t\t\t\tEnd\u00fcstriyel Kaplamalar \u00c7izilme ve A\u015f\u0131nma De\u011ferlendirmesi\t\t\t<\/a>\n\t\t<\/h3>\n\t\t\n\t\t<a class=\"elementor-post__read-more\" href=\"https:\/\/nanovea.com\/tr\/endustriyel-kaplamalar-cizik-ve-asinma-degerlendirmesi\/\" aria-label=\"End\u00fcstriyel Kaplamalarda \u00c7izilme ve A\u015f\u0131nma De\u011ferlendirmesi hakk\u0131nda daha fazlas\u0131n\u0131 okuyun\" tabindex=\"-1\" >\n\t\t\tDEVAMINI OKU\t\t<\/a>\n\n\t\t\t\t<\/div>\n\t\t\t\t<\/article>\n\t\t\t\t<article class=\"elementor-post elementor-grid-item post-19513 post type-post status-publish format-standard has-post-thumbnail hentry category-application-notes category-laboratory-testing category-mechanical-testing category-scratch-testing-scratch-hardness\" role=\"listitem\">\n\t\t\t\t<a class=\"elementor-post__thumbnail__link\" href=\"https:\/\/nanovea.com\/tr\/cizik-sertlik-olcumu-kullanarak-mekanik-test-cihazi\/\" tabindex=\"-1\" >\n\t\t\t<div class=\"elementor-post__thumbnail\"><img loading=\"lazy\" decoding=\"async\" width=\"300\" height=\"194\" src=\"https:\/\/nanovea.com\/wp-content\/uploads\/2022\/05\/Scratch-Hardness-Measurement-Cover.jpg\" class=\"attachment-medium size-medium wp-image-19542\" alt=\"\" \/><\/div>\n\t\t<\/a>\n\t\t\t\t<div class=\"elementor-post__text\">\n\t\t\t\t<h3 class=\"elementor-post__title\">\n\t\t\t<a href=\"https:\/\/nanovea.com\/tr\/cizik-sertlik-olcumu-kullanarak-mekanik-test-cihazi\/\" >\n\t\t\t\tMekanik Test Cihaz\u0131 ile \u00c7izilme Sertli\u011fi \u00d6l\u00e7\u00fcm\u00fc\t\t\t<\/a>\n\t\t<\/h3>\n\t\t\n\t\t<a class=\"elementor-post__read-more\" href=\"https:\/\/nanovea.com\/tr\/cizik-sertlik-olcumu-kullanarak-mekanik-test-cihazi\/\" aria-label=\"Mekanik Test Cihaz\u0131n\u0131 Kullanarak \u00c7izilme Sertli\u011fi \u00d6l\u00e7\u00fcm\u00fc hakk\u0131nda daha fazlas\u0131n\u0131 okuyun\" tabindex=\"-1\" >\n\t\t\tDEVAMINI OKU\t\t<\/a>\n\n\t\t\t\t<\/div>\n\t\t\t\t<\/article>\n\t\t\t\t<article class=\"elementor-post elementor-grid-item post-18542 post type-post status-publish format-standard has-post-thumbnail hentry category-application-notes category-friction-testing-coefficient-of-friction category-laboratory-testing category-mechanical-testing category-scratch-testing-adhesive-failure category-scratch-testing-cohesive-failure\" role=\"listitem\">\n\t\t\t\t<a class=\"elementor-post__thumbnail__link\" href=\"https:\/\/nanovea.com\/tr\/titanyum-nitrur-kaplama-cizik-testi\/\" tabindex=\"-1\" >\n\t\t\t<div class=\"elementor-post__thumbnail\"><img loading=\"lazy\" decoding=\"async\" width=\"300\" height=\"194\" src=\"https:\/\/nanovea.com\/wp-content\/uploads\/2022\/05\/Titanium-Nitride-Coating-Test.jpg\" class=\"attachment-medium size-medium wp-image-19547\" alt=\"\" \/><\/div>\n\t\t<\/a>\n\t\t\t\t<div class=\"elementor-post__text\">\n\t\t\t\t<h3 class=\"elementor-post__title\">\n\t\t\t<a href=\"https:\/\/nanovea.com\/tr\/titanyum-nitrur-kaplama-cizik-testi\/\" >\n\t\t\t\tTitanyum Nitr\u00fcr Kaplama \u00c7izilme Testi\t\t\t<\/a>\n\t\t<\/h3>\n\t\t\n\t\t<a class=\"elementor-post__read-more\" href=\"https:\/\/nanovea.com\/tr\/titanyum-nitrur-kaplama-cizik-testi\/\" aria-label=\"Titanyum Nitr\u00fcr Kaplama \u00c7izilme Testi hakk\u0131nda daha fazlas\u0131n\u0131 okuyun\" tabindex=\"-1\" >\n\t\t\tDEVAMINI OKU\t\t<\/a>\n\n\t\t\t\t<\/div>\n\t\t\t\t<\/article>\n\t\t\t\t<article class=\"elementor-post elementor-grid-item post-15550 post type-post status-publish format-standard has-post-thumbnail hentry category-application-notes category-indentation-creep-relaxation category-indentation-hardness-elastic category-laboratory-testing category-mechanical-testing\" role=\"listitem\">\n\t\t\t\t<a class=\"elementor-post__thumbnail__link\" href=\"https:\/\/nanovea.com\/tr\/hi%cc%87drojeli%cc%87n-mekani%cc%87k-ozelli%cc%87kleri%cc%87\/\" tabindex=\"-1\" >\n\t\t\t<div class=\"elementor-post__thumbnail\"><img loading=\"lazy\" decoding=\"async\" width=\"300\" height=\"195\" src=\"https:\/\/nanovea.com\/wp-content\/uploads\/2021\/09\/Mechanical-Properties-of-Hydrogel-thumbnail.jpg\" class=\"attachment-medium size-medium wp-image-15563\" alt=\"\" \/><\/div>\n\t\t<\/a>\n\t\t\t\t<div class=\"elementor-post__text\">\n\t\t\t\t<h3 class=\"elementor-post__title\">\n\t\t\t<a href=\"https:\/\/nanovea.com\/tr\/hi%cc%87drojeli%cc%87n-mekani%cc%87k-ozelli%cc%87kleri%cc%87\/\" >\n\t\t\t\tHidrojelin Mekanik \u00d6zellikleri\t\t\t<\/a>\n\t\t<\/h3>\n\t\t\n\t\t<a class=\"elementor-post__read-more\" href=\"https:\/\/nanovea.com\/tr\/hi%cc%87drojeli%cc%87n-mekani%cc%87k-ozelli%cc%87kleri%cc%87\/\" aria-label=\"Hidrojelin Mekanik \u00d6zellikleri hakk\u0131nda daha fazlas\u0131n\u0131 okuyun\" tabindex=\"-1\" >\n\t\t\tDEVAMINI OKU\t\t<\/a>\n\n\t\t\t\t<\/div>\n\t\t\t\t<\/article>\n\t\t\t\t<\/div>\n\t\t\t\t\t<span class=\"e-load-more-spinner\">\n\t\t\t\t<i aria-hidden=\"true\" class=\"fas fa-spinner\"><\/i>\t\t\t<\/span>\n\t\t\n\t\t\t\t<div class=\"e-load-more-anchor\" data-page=\"1\" data-max-page=\"6\" data-next-page=\"https:\/\/nanovea.com\/wp-json\/wp\/v2\/pages\/19849\/page\/2\/\"><\/div>\n\t\t\t\t<div class=\"e-load-more-message\"><\/div>\n\t\t\t\t\t\t<\/div>\n\t\t\t\t<\/div>\n\t\t\t\t\t<\/div>\n\t\t<\/div>\n\t\t\t\t\t<\/div>\n\t\t<\/section>\n\t\t\t\t<\/div>","protected":false},"excerpt":{"rendered":"<p>SON \u00c7ALI\u015eMALAR MEKANI\u0307K TESTLER PROFI\u0307LOMETRI\u0307 TESTLERI\u0307 TRIBOLOJI\u0307 TESTLERI\u0307<\/p>","protected":false},"author":1,"featured_media":0,"parent":0,"menu_order":0,"comment_status":"closed","ping_status":"closed","template":"","meta":{"_exactmetrics_skip_tracking":false,"_exactmetrics_sitenote_active":false,"_exactmetrics_sitenote_note":"","_exactmetrics_sitenote_category":0,"footnotes":""},"class_list":["post-19849","page","type-page","status-publish","hentry"],"_links":{"self":[{"href":"https:\/\/nanovea.com\/tr\/wp-json\/wp\/v2\/pages\/19849","targetHints":{"allow":["GET"]}}],"collection":[{"href":"https:\/\/nanovea.com\/tr\/wp-json\/wp\/v2\/pages"}],"about":[{"href":"https:\/\/nanovea.com\/tr\/wp-json\/wp\/v2\/types\/page"}],"author":[{"embeddable":true,"href":"https:\/\/nanovea.com\/tr\/wp-json\/wp\/v2\/users\/1"}],"replies":[{"embeddable":true,"href":"https:\/\/nanovea.com\/tr\/wp-json\/wp\/v2\/comments?post=19849"}],"version-history":[{"count":9,"href":"https:\/\/nanovea.com\/tr\/wp-json\/wp\/v2\/pages\/19849\/revisions"}],"predecessor-version":[{"id":22732,"href":"https:\/\/nanovea.com\/tr\/wp-json\/wp\/v2\/pages\/19849\/revisions\/22732"}],"wp:attachment":[{"href":"https:\/\/nanovea.com\/tr\/wp-json\/wp\/v2\/media?parent=19849"}],"curies":[{"name":"wp","href":"https:\/\/api.w.org\/{rel}","templated":true}]}}