{"id":194,"date":"2015-03-04T16:40:28","date_gmt":"2015-03-04T16:40:28","guid":{"rendered":"http:\/\/nanovea.com\/?page_id=194"},"modified":"2022-04-22T21:51:06","modified_gmt":"2022-04-22T21:51:06","slug":"mikro-cizik-test-cihazi","status":"publish","type":"page","link":"https:\/\/nanovea.com\/tr\/mikro-cizik-test-cihazi\/","title":{"rendered":"Mikro \u00c7izik Testi"},"content":{"rendered":"<div class=\"wonderpluginslider-container\" id=\"wonderpluginslider-container-9\" style=\"max-width:1035px;margin:0 auto;padding-left:0px;padding-right:0px;padding-top:0px;padding-bottom:0px;\"><div class=\"wonderpluginslider\" id=\"wonderpluginslider-9\" data-sliderid=\"9\" data-width=\"1035\" data-height=\"375\" data-skin=\"cube\" data-autoplay=\"true\" data-randomplay=\"false\" data-loadimageondemand=\"false\" data-transitiononfirstslide=\"false\" data-autoplayvideo=\"false\" data-isresponsive=\"true\" data-fullwidth=\"false\" data-isfullscreen=\"false\" data-ratioresponsive=\"false\" data-showtext=\"true\" data-showtimer=\"false\" data-showbottomshadow=\"false\" data-navshowpreview=\"false\" data-textautohide=\"true\" data-lightboxresponsive=\"true\" data-lightboxshownavigation=\"false\" data-lightboxshowtitle=\"true\" data-lightboxshowdescription=\"false\" data-texteffectresponsive=\"true\" data-donotinit=\"false\" data-addinitscript=\"false\" data-lightboxfullscreenmode=\"false\" data-lightboxcloseonoverlay=\"true\" data-lightboxvideohidecontrols=\"false\" data-lightboxnogroup=\"false\" data-lightboxautoslide=\"false\" data-lightboxshowtimer=\"true\" data-lightboxshowplaybutton=\"true\" data-lightboxalwaysshownavarrows=\"false\" data-lightboxshowtitleprefix=\"true\" data-titleusealt=\"false\" data-outputtext=\"false\" data-scalemode=\"fit\" data-arrowstyle=\"always\" data-transition=\"slide\" data-loop=\"0\" data-border=\"0\" data-slideinterval=\"8000\" data-arrowimage=\"arrows-36-80-0.png\" data-arrowwidth=\"36\" data-arrowheight=\"80\" data-arrowtop=\"50\" data-arrowmargin=\"-18\" data-navstyle=\"bullets\" data-navimage=\"bullet-24-24-1.png\" data-navwidth=\"24\" data-navheight=\"24\" data-navspacing=\"8\" data-navmarginx=\"16\" data-navmarginy=\"16\" data-navposition=\"bottom\" data-playvideoimage=\"playvideo-64-64-0.png\" data-playvideoimagewidth=\"64\" data-playvideoimageheight=\"64\" data-lightboxthumbwidth=\"90\" data-lightboxthumbheight=\"60\" data-lightboxthumbtopmargin=\"12\" data-lightboxthumbbottommargin=\"4\" data-lightboxbarheight=\"64\" data-lightboxtitlebottomcss=\"color:#333; font-size:14px; font-family:Armata,sans-serif,Arial; overflow:hidden; text-align:left;\" data-lightboxdescriptionbottomcss=\"color:#333; font-size:12px; font-family:Arial,Helvetica,sans-serif; overflow:hidden; text-align:left; margin:4px 0px 0px; padding: 0px;\" data-textformat=\"Color box\" data-textpositionstatic=\"bottom\" data-textpositiondynamic=\"topleft\" data-paddingleft=\"0\" data-paddingright=\"0\" data-paddingtop=\"0\" data-paddingbottom=\"0\" data-texteffectresponsivesize=\"640\" data-fadeduration=\"1000\" data-crossfadeduration=\"1000\" data-slideduration=\"1000\" data-elasticduration=\"1000\" data-sliceduration=\"1500\" data-blindsduration=\"1500\" data-blocksduration=\"1500\" data-shuffleduration=\"1500\" data-tilesduration=\"2000\" data-kenburnsduration=\"5000\" data-flipduration=\"1500\" data-flipwithzoomduration=\"2000\" data-threedduration=\"1500\" data-threedhorizontalduration=\"1500\" data-threedwithzoomduration=\"2500\" data-threedhorizontalwithzoomduration=\"2200\" data-threedflipduration=\"1500\" data-threedflipwithzoomduration=\"2000\" data-threedtilesduration=\"2000\" data-threedfallback=\"flip\" data-threedhorizontalfallback=\"flip\" data-threedwithzoomfallback=\"flipwithzoom\" data-threedhorizontalwithzoomfallback=\"flipwithzoom\" data-threedflipfallback=\"flip\" data-threedflipwithzoomfallback=\"flipwithzoom\" data-threedtilesfallback=\"tiles\" data-ratiomediumscreen=\"800\" data-ratiomediumheight=\"1.2\" data-ratiosmallscreen=\"480\" data-ratiosmallheight=\"1.6\" data-lightboxtitlestyle=\"bottom\" data-lightboximagepercentage=\"75\" data-lightboxdefaultvideovolume=\"1\" data-lightboxoverlaybgcolor=\"#000\" data-lightboxoverlayopacity=\"0.9\" data-lightboxbgcolor=\"#fff\" data-lightboxtitleprefix=\"%NUM \/ %TOTAL\" data-lightboxtitleinsidecss=\"color:#fff; font-size:16px; font-family:Arial,Helvetica,sans-serif; overflow:hidden; text-align:left;\" data-lightboxdescriptioninsidecss=\"color:#fff; font-size:12px; font-family:Arial,Helvetica,sans-serif; overflow:hidden; text-align:left; margin:4px 0px 0px; padding: 0px;\" data-lightboxslideinterval=\"5000\" data-lightboxtimerposition=\"bottom\" data-lightboxtimercolor=\"#dc572e\" data-lightboxtimeropacity=\"1\" data-lightboxbordersize=\"8\" data-lightboxborderradius=\"0\" data-textcss=\"display:block; padding:8px 16px; text-align:left;\" data-textbgcss=\"display:none;\" data-titlecss=\"color: #1b96cf;    font-family: &quot;Open Sans&quot;,sans-serif;    font-size: 32px;    font-weight: bold;    line-height: 44px;    margin-bottom: 0;    margin-top: 20px;    text-transform: uppercase;\" data-descriptioncss=\"color: #282828;    font-size: 18px;    line-height: 30px;\" data-buttoncss=\"display:block; position:relative; margin-top:10px;\" data-titlecssresponsive=\"font-size:12px;\" data-descriptioncssresponsive=\"display:none !important;\" data-buttoncssresponsive=\"font-size: 9px !important;width:100%;\" data-jsfolder=\"https:\/\/nanovea.com\/wp-content\/plugins\/wonderplugin-slider-lite\/engine\/\" style=\"display:none;\" ><ul class=\"amazingslider-slides\"  style=\"display:none;\"><li><img decoding=\"async\" class=\"amazingslider-img-elem amazingsliderimg\" src=\"https:\/\/nanovea.com\/wp-content\/uploads\/2015\/04\/slide-microscratch-accuracy.jpg\" alt=\"M\u0130KRO \u00c7\u0130Z\u0130K\" title=\"M\u0130KRO \u00c7\u0130Z\u0130K\" data-description=\"Highly accurate friction, true depth &lt;br \/&gt;&amp; acoustic emissions measurement\" \/><\/li><li><img decoding=\"async\" class=\"amazingslider-img-elem amazingsliderimg\" src=\"https:\/\/nanovea.com\/wp-content\/uploads\/2015\/04\/slide-microscratch-panoramic-view.jpg\" alt=\"M\u0130KRO \u00c7\u0130Z\u0130K\" title=\"M\u0130KRO \u00c7\u0130Z\u0130K\" data-description=\"Full scratch imaging for failure &lt;br \/&gt;identification &amp; analysis\" \/><\/li><li><img decoding=\"async\" class=\"amazingslider-img-elem amazingsliderimg\" src=\"https:\/\/nanovea.com\/wp-content\/uploads\/2015\/04\/slide-microscratch-mapping.jpg\" alt=\"M\u0130KRO \u00c7\u0130Z\u0130K\" title=\"M\u0130KRO \u00c7\u0130Z\u0130K\" data-description=\"Mapping with various loading &lt;br \/&gt;options for failure identification\" \/><\/li><\/ul><\/div><\/div>\n<h1><strong>MIKRO \u00c7IZIK | MIKRO YAPI\u015eMA TESTI<\/strong><\/h1>\n<p><a href=\"https:\/\/nanovea.com\/mechanical-tester\">Mekanik Test Cihazlar\u0131<\/a> | <a href=\"https:\/\/nanovea.com\/lab-services\/\">Laboratuvar Hizmetleri<\/a> | <a href=\"https:\/\/nanovea.com\/nano-module\">Nano Mod\u00fcl<\/a> | <a href=\"https:\/\/nanovea.com\/micro-macro-module\">Mikro Mod\u00fcl<\/a> | <a href=\"https:\/\/nanovea.com\/application-notes\">Uygulama Notlar\u0131<\/a><\/p>\n<div class=\"product-desc\">\n<p><strong>Mikro \u00c7izik \u0130\u015flemi:<\/strong><br \/>\nMikro \u00c7izik Testi s\u0131ras\u0131nda, konik bir k\u00fcresel u\u00e7, elmas veya WC, artan bir y\u00fck ile kaplanm\u0131\u015f y\u00fczey boyunca \u00e7ekilir ve belirli kritik y\u00fcklerde \u00e7e\u015fitli ar\u0131za t\u00fcrlerine neden olur. Mikro \u00c7izik Yap\u0131\u015fma Testi, dahili bir video mikroskobu kullanarak kritik y\u00fckleri optik olarak tan\u0131mlar. Bu kritik y\u00fckler, farkl\u0131 film\/substrat kombinasyonlar\u0131n\u0131n yap\u0131\u015fkanl\u0131k ve kohezif \u00f6zelliklerini \u00f6l\u00e7mek i\u00e7in kullan\u0131l\u0131r. Ayr\u0131ca, s\u00fcrt\u00fcnme kuvveti ve derinlik \u00f6l\u00e7\u00fcmleri kullan\u0131larak ar\u0131za noktalar\u0131 belirlenebilir. Derinlik \u00f6l\u00e7\u00fcmleri, deformasyonun plastik ve elastik k\u0131sm\u0131n\u0131 sa\u011flar. Sabit y\u00fck \u00e7izik testi, e\u015flemede y\u00fczey homojenli\u011fini kontrol etmek i\u00e7in kullan\u0131labilir. Do\u011fru elastik ve plastik deformasyon sa\u011flayan (Avrupa Patent No. 0663068) tabanl\u0131 Ger\u00e7ek Derinlik \u00d6l\u00e7\u00fcmleri.<\/p>\n<p>&nbsp;<\/p>\n<p><strong>Standartlar: <\/strong><\/p>\n<ul>\n<li>ASTM D7187<\/li>\n<li>ASTM C1624<\/li>\n<li>ASTM D7027<\/li>\n<li>ASTM G171<\/li>\n<li>ISO 20502<\/li>\n<li>ISO 1518<\/li>\n<li>DIN EN 1071<\/li>\n<li>DVM-0058-PA<\/li>\n<\/ul>\n<p>&nbsp;<\/p>\n<p><strong>Mikro \u00c7izik S\u0131ras\u0131nda Analiz Edilen \u00d6zellikler:<\/strong><\/p>\n<ul>\n<li>Yap\u0131\u015ft\u0131r\u0131c\u0131 ve Yap\u0131\u015ft\u0131r\u0131c\u0131 ar\u0131zas\u0131<\/li>\n<li>Yap\u0131\u015fma Dayan\u0131m\u0131<\/li>\n<li>Zedelenme (Diren\u00e7) ve \u00c7atlak\/K\u0131r\u0131k Ba\u015flang\u0131c\u0131<\/li>\n<li>Plastik ve Elastik Deformasyon derinli\u011fi ve di\u011ferleri<\/li>\n<\/ul>\n<p>&nbsp;<\/p>\n<p><strong>Micro Scratch Yaz\u0131l\u0131m \u00d6zellikleri:<\/strong><\/p>\n<ul>\n<li>Yemek Tarifleri<\/li>\n<li>Ham Verileri ve G\u00f6r\u00fcnt\u00fcleri D\u0131\u015fa Aktarma<\/li>\n<li>Ger\u00e7ek Zamanl\u0131 Ekran<\/li>\n<li>Otomatik Raporlama<\/li>\n<li>\u00c7oklu Dil Deste\u011fi<\/li>\n<li>Ar\u0131za Kar\u015f\u0131la\u015ft\u0131rmas\u0131<\/li>\n<li>Haritalama<\/li>\n<li>\u0130zleme yak\u0131nla\u015ft\u0131r\u0131lm\u0131\u015f g\u00f6r\u00fcn\u00fcm\u00fcn\u00fc kullanarak inceleme sonras\u0131 i\u00e7in Tam \u00c7izik G\u00f6r\u00fcnt\u00fc<\/li>\n<li>Veri derinli\u011fi, s\u00fcrt\u00fcnme ve AE analizi ile kolay inceleme sonras\u0131 i\u00e7in Yak\u0131nla\u015ft\u0131r\u0131lm\u0131\u015f G\u00f6r\u00fcn\u00fcm\u00fc \u0130zleme<\/li>\n<\/ul>\n<p>&nbsp;<\/p>\n<p><strong>Geli\u015fmi\u015f Mikro \u00c7izik Otomasyonu:<\/strong><\/p>\n<ul>\n<li>Broadview Harita Se\u00e7im Arac\u0131: Birle\u015ftirilmi\u015f g\u00f6r\u00fcnt\u00fc \u00fczerinde Geli\u015fmi\u015f Haritalama<\/li>\n<li>Otomatik \u00e7oklu numune testi (50 mm'ye kadar y\u00fckseklik varyans\u0131n\u0131 i\u015fler)<\/li>\n<li>Navigation Plus: Kullan\u0131c\u0131 Dostu y\u00fczey navigasyon g\u00f6r\u00fcnt\u00fcleme<\/li>\n<li>H\u0131zl\u0131 Yakla\u015f\u0131m, Otomatik Y\u00fczey Alg\u0131lama ve Otomatik Analiz<\/li>\n<li>Y\u00fck ve Derinlik i\u00e7in Do\u011frudan Kolay Kalibrasyon Ara\u00e7lar\u0131<\/li>\n<li>Tek Girinti Alan\u0131 \u0130\u015flevi (Avrupa Patent No. 3076153)<\/li>\n<li>\u0130ndenter i\u00e7in \u00f6l\u00e7\u00fclebilir kalite kontrol\u00fc (Avrupa Patent No. 3076153)<\/li>\n<li>Sihirbaz (Patent Bekliyor): Otomatik Test Parametresi olu\u015fturucu<\/li>\n<li>Programlanm\u0131\u015f t\u00fcm makrolar\u0131n kaydedilebilir tarifleri<\/li>\n<\/ul>\n<p>&nbsp;<\/p>\n<p><strong>Girintiler: <\/strong>(Elmas, WC ve di\u011fer bir\u00e7ok malzeme)<\/p>\n<ul>\n<li>Vickers<\/li>\n<li>K\u00fcp K\u00f6\u015fe<\/li>\n<li>Konik-K\u00fcresel<\/li>\n<li>B\u0131\u00e7ak<\/li>\n<\/ul>\n<p>&nbsp;<\/p>\n<p><strong>Numune(ler) Tutucular ve \u00c7evresel Ko\u015fullar:<\/strong><\/p>\n<ul>\n<li>275\u00b0C &amp; 450\u00b0C F\u0131r\u0131n<\/li>\n<li>10\u00b0C'ye kadar So\u011futma Odas\u0131<\/li>\n<li>Nem Odas\u0131<\/li>\n<li>S\u0131v\u0131 Bardaklar<\/li>\n<li>\u00d6zel Numune ve \u0130ndenter Tutucular<\/li>\n<\/ul>\n<p>&nbsp;<\/p>\n<p><strong>Ek Mikro Mod\u00fcl Modlar\u0131:<\/strong><\/p>\n<p><a href=\"https:\/\/nanovea.com\/micro-indentation-tester\">Mikroindentasyon | Mikro Sertlik Testi<\/a><\/p>\n<p><a href=\"https:\/\/nanovea.com\/micro-wear-tester\">Mikro A\u015f\u0131nma | S\u00fcrt\u00fcnme Testi<\/a><\/p>\n<p align=\"justify\">\n<\/div>","protected":false},"excerpt":{"rendered":"<p>MICRO SCRATCH | MICRO ADHESION TESTING Mechanical Testers | Lab Services | Nano Module | Micro Module | Application Notes Micro Scratch Process: During Micro Scratch Testing, a conical spherical tip, diamond or WC, is drawn across the coated surface with an increasing load, resulting in various types of failure at specific critical loads. Micro [&hellip;]<\/p>","protected":false},"author":1,"featured_media":0,"parent":0,"menu_order":0,"comment_status":"open","ping_status":"open","template":"tpl-newslider.php","meta":{"_exactmetrics_skip_tracking":false,"_exactmetrics_sitenote_active":false,"_exactmetrics_sitenote_note":"","_exactmetrics_sitenote_category":0,"footnotes":""},"class_list":["post-194","page","type-page","status-publish","hentry"],"_links":{"self":[{"href":"https:\/\/nanovea.com\/tr\/wp-json\/wp\/v2\/pages\/194","targetHints":{"allow":["GET"]}}],"collection":[{"href":"https:\/\/nanovea.com\/tr\/wp-json\/wp\/v2\/pages"}],"about":[{"href":"https:\/\/nanovea.com\/tr\/wp-json\/wp\/v2\/types\/page"}],"author":[{"embeddable":true,"href":"https:\/\/nanovea.com\/tr\/wp-json\/wp\/v2\/users\/1"}],"replies":[{"embeddable":true,"href":"https:\/\/nanovea.com\/tr\/wp-json\/wp\/v2\/comments?post=194"}],"version-history":[{"count":23,"href":"https:\/\/nanovea.com\/tr\/wp-json\/wp\/v2\/pages\/194\/revisions"}],"predecessor-version":[{"id":19458,"href":"https:\/\/nanovea.com\/tr\/wp-json\/wp\/v2\/pages\/194\/revisions\/19458"}],"wp:attachment":[{"href":"https:\/\/nanovea.com\/tr\/wp-json\/wp\/v2\/media?parent=194"}],"curies":[{"name":"wp","href":"https:\/\/api.w.org\/{rel}","templated":true}]}}