{"id":183,"date":"2015-03-04T16:24:22","date_gmt":"2015-03-04T16:24:22","guid":{"rendered":"http:\/\/nanovea.com\/?page_id=183"},"modified":"2022-04-22T21:46:29","modified_gmt":"2022-04-22T21:46:29","slug":"nano-asinma-test-cihazi","status":"publish","type":"page","link":"https:\/\/nanovea.com\/tr\/nano-asinma-test-cihazi\/","title":{"rendered":"Nano A\u015f\u0131nma Testi"},"content":{"rendered":"<div class=\"wonderpluginslider-container\" id=\"wonderpluginslider-container-14\" style=\"max-width:1035px;margin:0 auto;padding-left:0px;padding-right:0px;padding-top:0px;padding-bottom:0px;\"><div class=\"wonderpluginslider\" id=\"wonderpluginslider-14\" data-sliderid=\"14\" data-width=\"1035\" data-height=\"375\" data-skin=\"cube\" data-autoplay=\"true\" data-randomplay=\"false\" data-loadimageondemand=\"false\" data-transitiononfirstslide=\"false\" data-autoplayvideo=\"false\" data-isresponsive=\"true\" data-fullwidth=\"false\" data-isfullscreen=\"false\" data-ratioresponsive=\"false\" data-showtext=\"true\" data-showtimer=\"false\" data-showbottomshadow=\"false\" data-navshowpreview=\"false\" data-textautohide=\"true\" data-lightboxresponsive=\"true\" data-lightboxshownavigation=\"false\" data-lightboxshowtitle=\"true\" data-lightboxshowdescription=\"false\" data-texteffectresponsive=\"true\" data-donotinit=\"false\" data-addinitscript=\"false\" data-lightboxfullscreenmode=\"false\" data-lightboxcloseonoverlay=\"true\" data-lightboxvideohidecontrols=\"false\" data-lightboxnogroup=\"false\" data-lightboxautoslide=\"false\" data-lightboxshowtimer=\"true\" data-lightboxshowplaybutton=\"true\" data-lightboxalwaysshownavarrows=\"false\" data-lightboxshowtitleprefix=\"true\" data-titleusealt=\"false\" data-outputtext=\"false\" data-scalemode=\"fit\" data-arrowstyle=\"always\" data-transition=\"slide\" data-loop=\"0\" data-border=\"0\" data-slideinterval=\"8000\" data-arrowimage=\"arrows-36-80-0.png\" data-arrowwidth=\"36\" data-arrowheight=\"80\" data-arrowtop=\"50\" data-arrowmargin=\"-18\" data-navstyle=\"bullets\" data-navimage=\"bullet-24-24-1.png\" data-navwidth=\"24\" data-navheight=\"24\" data-navspacing=\"8\" data-navmarginx=\"16\" data-navmarginy=\"16\" data-navposition=\"bottom\" data-playvideoimage=\"playvideo-64-64-0.png\" data-playvideoimagewidth=\"64\" data-playvideoimageheight=\"64\" data-lightboxthumbwidth=\"90\" data-lightboxthumbheight=\"60\" data-lightboxthumbtopmargin=\"12\" data-lightboxthumbbottommargin=\"4\" data-lightboxbarheight=\"64\" data-lightboxtitlebottomcss=\"color:#333; font-size:14px; font-family:Armata,sans-serif,Arial; overflow:hidden; text-align:left;\" data-lightboxdescriptionbottomcss=\"color:#333; font-size:12px; font-family:Arial,Helvetica,sans-serif; overflow:hidden; text-align:left; margin:4px 0px 0px; padding: 0px;\" data-textformat=\"Color box\" data-textpositionstatic=\"bottom\" data-textpositiondynamic=\"topleft\" data-paddingleft=\"0\" data-paddingright=\"0\" data-paddingtop=\"0\" data-paddingbottom=\"0\" data-texteffectresponsivesize=\"640\" data-fadeduration=\"1000\" data-crossfadeduration=\"1000\" data-slideduration=\"1000\" data-elasticduration=\"1000\" data-sliceduration=\"1500\" data-blindsduration=\"1500\" data-blocksduration=\"1500\" data-shuffleduration=\"1500\" data-tilesduration=\"2000\" data-kenburnsduration=\"5000\" data-flipduration=\"1500\" data-flipwithzoomduration=\"2000\" data-threedduration=\"1500\" data-threedhorizontalduration=\"1500\" data-threedwithzoomduration=\"2500\" data-threedhorizontalwithzoomduration=\"2200\" data-threedflipduration=\"1500\" data-threedflipwithzoomduration=\"2000\" data-threedtilesduration=\"2000\" data-threedfallback=\"flip\" data-threedhorizontalfallback=\"flip\" data-threedwithzoomfallback=\"flipwithzoom\" data-threedhorizontalwithzoomfallback=\"flipwithzoom\" data-threedflipfallback=\"flip\" data-threedflipwithzoomfallback=\"flipwithzoom\" data-threedtilesfallback=\"tiles\" data-ratiomediumscreen=\"800\" data-ratiomediumheight=\"1.2\" data-ratiosmallscreen=\"480\" data-ratiosmallheight=\"1.6\" data-lightboxtitlestyle=\"bottom\" data-lightboximagepercentage=\"75\" data-lightboxdefaultvideovolume=\"1\" data-lightboxoverlaybgcolor=\"#000\" data-lightboxoverlayopacity=\"0.9\" data-lightboxbgcolor=\"#fff\" data-lightboxtitleprefix=\"%NUM \/ %TOTAL\" data-lightboxtitleinsidecss=\"color:#fff; font-size:16px; font-family:Arial,Helvetica,sans-serif; overflow:hidden; text-align:left;\" data-lightboxdescriptioninsidecss=\"color:#fff; font-size:12px; font-family:Arial,Helvetica,sans-serif; overflow:hidden; text-align:left; margin:4px 0px 0px; padding: 0px;\" data-lightboxslideinterval=\"5000\" data-lightboxtimerposition=\"bottom\" data-lightboxtimercolor=\"#dc572e\" data-lightboxtimeropacity=\"1\" data-lightboxbordersize=\"8\" data-lightboxborderradius=\"0\" data-textcss=\"display:block; padding:8px 16px; text-align:left;\" data-textbgcss=\"display:none;\" data-titlecss=\"color: #1b96cf;    font-family: &quot;Open Sans&quot;,sans-serif;    font-size: 32px;    font-weight: bold;    line-height: 44px;    margin-bottom: 0;    margin-top: 20px;    text-transform: uppercase;\" data-descriptioncss=\"color: #282828;    font-size: 18px;    line-height: 30px;\" data-buttoncss=\"display:block; position:relative; margin-top:10px;\" data-titlecssresponsive=\"font-size:12px;\" data-descriptioncssresponsive=\"display:none !important;\" data-buttoncssresponsive=\"font-size: 9px !important;width:100%;\" data-jsfolder=\"https:\/\/nanovea.com\/wp-content\/plugins\/wonderplugin-slider-lite\/engine\/\" style=\"display:none;\" ><ul class=\"amazingslider-slides\"  style=\"display:none;\"><li><img decoding=\"async\" class=\"amazingslider-img-elem amazingsliderimg\" src=\"https:\/\/nanovea.com\/wp-content\/uploads\/2015\/04\/slide-nanowear-linear-friction.jpg\" alt=\"NANO G\u0130Y\u0130M\" title=\"NANO G\u0130Y\u0130M\" data-description=\"Highly accurate nano linear wear &lt;br \/&gt;&amp; friction\" \/><\/li><li><img decoding=\"async\" class=\"amazingslider-img-elem amazingsliderimg\" src=\"https:\/\/nanovea.com\/wp-content\/uploads\/2015\/04\/slide-nanowear-wear-depth.jpg\" alt=\"NANO G\u0130Y\u0130M\" title=\"NANO G\u0130Y\u0130M\" data-description=\"Highly accurate low load capacitive &lt;br \/&gt;wear depth\" \/><\/li><li><img decoding=\"async\" class=\"amazingslider-img-elem amazingsliderimg\" src=\"https:\/\/nanovea.com\/wp-content\/uploads\/2015\/04\/slide-nanowear-wear-accuracy.jpg\" alt=\"NANO G\u0130Y\u0130M\" title=\"NANO G\u0130Y\u0130M\" data-description=\"Open configuration for accurate &lt;br \/&gt;sub kPa wear &amp; friction\" \/><\/li><\/ul><\/div><\/div>\n<h1><strong>NANO A\u015eINMA | NANO S\u00dcRT\u00dcNME TESTI<\/strong><\/h1>\n<p><a href=\"https:\/\/nanovea.com\/mechanical-tester\">Mekanik Test Cihazlar\u0131<\/a> | <a href=\"https:\/\/nanovea.com\/lab-services\/\">Laboratuvar Hizmetleri<\/a> | <a href=\"https:\/\/nanovea.com\/nano-module\">Nano Mod\u00fcl<\/a> | <a href=\"https:\/\/nanovea.com\/micro-macro-module\">Mikro Mod\u00fcl<\/a> | <a href=\"https:\/\/nanovea.com\/application-notes\">Uygulama Notlar\u0131<\/a><\/p>\n<div class=\"product-desc\">\n<p align=\"justify\"><strong>Nano A\u015f\u0131nma S\u00fcreci:<\/strong><br \/>\nNano A\u015f\u0131nma s\u0131ras\u0131nda bir pim veya bilye, geri besleme kontroll\u00fc sabit bir a\u011f\u0131rl\u0131kla bir test numunesine y\u00fcklenir. Derinlik de\u011fi\u015fimi, hassas bir kapasit\u00f6r kullan\u0131larak test s\u0131ras\u0131nda tam olarak kaydedilir. Bu bilgi ile a\u015f\u0131nma oran\u0131 hesaplan\u0131r. Pim ve disk i\u00e7in a\u015f\u0131nma oranlar\u0131, ekli bir AFM veya Optik Profilometre ile \u00f6l\u00e7\u00fclen malzeme hacminden de hesaplanabilir. Standart x-y motorlu tabla ile s\u00fcrt\u00fcnme \u00f6l\u00e7\u00fcml\u00fc do\u011frusal mod m\u00fcmk\u00fcnken, rotatif testler rotasyon tablas\u0131 y\u00fckseltmesi gerektirir. Nano mod\u00fcl, \u00e7ok d\u00fc\u015f\u00fck y\u00fckte s\u00fcrt\u00fcnme katsay\u0131s\u0131n\u0131 \u00f6l\u00e7mek i\u00e7in de kullan\u0131labilir.<\/p>\n<p>&nbsp;<\/p>\n<p><strong>Standartlar:<\/strong><\/p>\n<ul>\n<li>ASTM G 133<\/li>\n<\/ul>\n<p>&nbsp;<\/p>\n<p><strong>Nano A\u015f\u0131nma S\u0131ras\u0131nda Analiz Edilen \u00d6zellikler:<\/strong><\/p>\n<ul>\n<li>A\u015f\u0131nma Oranlar\u0131<\/li>\n<li>S\u00fcrt\u00fcnme Katsay\u0131s\u0131<\/li>\n<\/ul>\n<p>&nbsp;<\/p>\n<p><strong>Nano Wear Yaz\u0131l\u0131m \u00d6zellikleri:<\/strong><\/p>\n<ul>\n<li>Yemek Tarifleri<\/li>\n<li>Ham Verileri ve G\u00f6r\u00fcnt\u00fcleri D\u0131\u015fa Aktarma<\/li>\n<li>Ger\u00e7ek Zamanl\u0131 Ekran<\/li>\n<li>Otomatik Raporlama<\/li>\n<li>\u00c7oklu Dil Deste\u011fi<\/li>\n<\/ul>\n<p>&nbsp;<\/p>\n<p><strong>Geli\u015fmi\u015f Nano A\u015f\u0131nma Otomasyonu:<\/strong><\/p>\n<ul>\n<li>Broadview Harita Se\u00e7im Arac\u0131: Birle\u015ftirilmi\u015f g\u00f6r\u00fcnt\u00fc \u00fczerinde Geli\u015fmi\u015f Haritalama<\/li>\n<li>Otomatik \u00e7oklu numune testi (50 mm'ye kadar y\u00fckseklik varyans\u0131n\u0131 i\u015fler)<\/li>\n<li>Navigation Plus: Kullan\u0131c\u0131 Dostu y\u00fczey navigasyon g\u00f6r\u00fcnt\u00fcleme<\/li>\n<li>H\u0131zl\u0131 Yakla\u015f\u0131m, Otomatik Y\u00fczey Alg\u0131lama ve Otomatik Analiz<\/li>\n<li>Y\u00fck ve Derinlik i\u00e7in Do\u011frudan Kolay Kalibrasyon Ara\u00e7lar\u0131<\/li>\n<li>Programlanm\u0131\u015f t\u00fcm makrolar\u0131n kaydedilebilir tarifleri<\/li>\n<\/ul>\n<p>&nbsp;<\/p>\n<p><strong>Girintiler:<\/strong> (Elmas, WC ve di\u011fer bir\u00e7ok malzeme)<\/p>\n<ul>\n<li>Konik-K\u00fcresel<\/li>\n<li>Vickers<\/li>\n<li>B\u0131\u00e7ak<\/li>\n<li>1 ila 6 mm toplar<\/li>\n<\/ul>\n<p>&nbsp;<\/p>\n<p><strong>\u00c7evresel Ko\u015fullar ve Numune(ler) Tutucular:<\/strong><\/p>\n<ul>\n<li>275\u00b0C &amp; 450\u00b0C F\u0131r\u0131n<\/li>\n<li>100\u00b0C'den -10\u00b0C'ye kadar So\u011futma Odas\u0131<\/li>\n<li>Nem Odas\u0131<\/li>\n<li>S\u0131v\u0131 Bardaklar<\/li>\n<li>\u00d6zel Numune ve \u0130ndenter Tutucular<\/li>\n<\/ul>\n<p>&nbsp;<\/p>\n<p><strong>Ek Nano Mod\u00fcl Testi:<\/strong><\/p>\n<p><a href=\"https:\/\/nanovea.com\/nano-indentation-tester\">Nanoindentasyon | NanoSertlik Testi<\/a><strong><br \/>\n<\/strong><\/p>\n<p><a href=\"https:\/\/nanovea.com\/nano-scratch-tester\">Nano \u00c7izik | Yap\u0131\u015fma Testi<\/a><\/p>\n<\/div>\n<p align=\"justify\">","protected":false},"excerpt":{"rendered":"<p>NANO G\u0130Y\u0130M | NANO S\u00dcRT\u00dcNME TEST\u0130 Mekanik Test Cihazlar\u0131 | Laboratuvar Hizmetleri | Nano Mod\u00fcl | Mikro Mod\u00fcl | Uygulama Notlar\u0131 Nano A\u015f\u0131nma S\u00fcreci: Nano A\u015f\u0131nma s\u0131ras\u0131nda, geri besleme kontrol\u00fc ile sabit a\u011f\u0131rl\u0131\u011fa sahip bir test numunesi \u00fczerine bir pim veya bir top y\u00fcklenir. Derinlik de\u011fi\u015fimi hassas bir cihaz kullan\u0131larak test s\u0131ras\u0131nda tam olarak kaydedilir [\u2026]<\/p>","protected":false},"author":1,"featured_media":0,"parent":0,"menu_order":0,"comment_status":"open","ping_status":"open","template":"tpl-newslider.php","meta":{"_exactmetrics_skip_tracking":false,"_exactmetrics_sitenote_active":false,"_exactmetrics_sitenote_note":"","_exactmetrics_sitenote_category":0,"footnotes":""},"class_list":["post-183","page","type-page","status-publish","hentry"],"_links":{"self":[{"href":"https:\/\/nanovea.com\/tr\/wp-json\/wp\/v2\/pages\/183","targetHints":{"allow":["GET"]}}],"collection":[{"href":"https:\/\/nanovea.com\/tr\/wp-json\/wp\/v2\/pages"}],"about":[{"href":"https:\/\/nanovea.com\/tr\/wp-json\/wp\/v2\/types\/page"}],"author":[{"embeddable":true,"href":"https:\/\/nanovea.com\/tr\/wp-json\/wp\/v2\/users\/1"}],"replies":[{"embeddable":true,"href":"https:\/\/nanovea.com\/tr\/wp-json\/wp\/v2\/comments?post=183"}],"version-history":[{"count":17,"href":"https:\/\/nanovea.com\/tr\/wp-json\/wp\/v2\/pages\/183\/revisions"}],"predecessor-version":[{"id":19454,"href":"https:\/\/nanovea.com\/tr\/wp-json\/wp\/v2\/pages\/183\/revisions\/19454"}],"wp:attachment":[{"href":"https:\/\/nanovea.com\/tr\/wp-json\/wp\/v2\/media?parent=183"}],"curies":[{"name":"wp","href":"https:\/\/api.w.org\/{rel}","templated":true}]}}