{"id":155,"date":"2015-03-04T15:24:59","date_gmt":"2015-03-04T15:24:59","guid":{"rendered":"http:\/\/nanovea.com\/?page_id=155"},"modified":"2021-07-30T21:29:34","modified_gmt":"2021-07-30T21:29:34","slug":"mekanik-test-uygulamalari","status":"publish","type":"page","link":"https:\/\/nanovea.com\/tr\/mekanik-test-uygulamalari\/","title":{"rendered":"Mekanik Test Cihazlar\u0131 Uygulamalar\u0131"},"content":{"rendered":"<div id=\"newslider\" style=\"min-height: auto; overflow: hidden;\">\n<ul>\n<li>\n<div class=\"slider-text\">\n<h2>MEKANIK TEST CIHAZLARI<\/h2>\n<p>Her biri benzersiz Nano ve Mikro mod\u00fcller <br \/> girinti, \u00e7izik ve a\u015f\u0131nma test modlar\u0131.\n<\/div>\n<p><!--<img decoding=\"async\" src=\"https:\/\/nanovea.com\/wp-content\/uploads\/2015\/04\/slide-mapplications.jpg\" alt=\"\" \/>!--><br \/>\n<img decoding=\"async\" src=\"https:\/\/nanovea.com\/wp-content\/uploads\/2018\/01\/slide-mapplications-1.jpg\" alt=\"\" \/>\n<\/li>\n<\/ul>\n<\/div>\n<p align=\"justify\"><strong>MEKANI\u0307K TEST CI\u0307HAZI UYGULAMALARI | <\/strong><a href=\"https:\/\/nanovea.com\/mechanical-tester\">Mekanik Test Cihazlar\u0131<\/a> | <a href=\"https:\/\/nanovea.com\/nano-module\">Nano Mod\u00fcl<\/a> | <a href=\"https:\/\/nanovea.com\/micro-macro-module\">Mikro Mod\u00fcl<\/a> | <a href=\"https:\/\/nanovea.com\/mechanical-tester-optics\">Optik<\/a> | <a href=\"https:\/\/nanovea.com\/application-notes\">Uygulama Notlar\u0131<\/a> | <a href=\"https:\/\/nanovea.com\/mechanical-tester-brochure\" target=\"_blank\" rel=\"noopener noreferrer\">Bro\u015f\u00fcr \u0130ndir<\/a> | <a href=\"https:\/\/nanovea.com\/mechanical-testers-video\" target=\"_blank\" rel=\"noopener noreferrer\">Video \u0130zle<\/a><\/p>\n<p>Nanovea Mekanik Test Cihazlar\u0131, tek bir sistem \u00fczerinde en geni\u015f hassas test yelpazesini sa\u011flar. Bu nedenle, sert veya yumu\u015fak, ince veya kal\u0131n olsun, hemen hemen her kaplama, film veya alt tabaka malzemesinin mekanik \u00f6zellikleri test edilebilir. Sekt\u00f6rler \u015funlar\u0131 i\u00e7erir: Biyo ve Biyoteknoloji, Yap\u0131 Malzemeleri, T\u00fcketici \u00dcr\u00fcnleri, Medikal, Metaller, Petrol ve Madenler, Optik, Boya ve Kaplama, \u0130la\u00e7, Yar\u0131 \u0130letken\/Elektronik\/G\u00fcne\u015f, Tekstil\/Deri\/Ka\u011f\u0131t, Tak\u0131m ve Makine ve Ula\u015f\u0131m.<\/p>\n<table border=\"0\" width=\"1016\" cellspacing=\"0\" cellpadding=\"0\">\n<tbody>\n<tr>\n<td width=\"254\">\n<div align=\"center\"><img decoding=\"async\" class=\"alignnone\" src=\"https:\/\/nanovea.com\/wp-content\/themes\/wp-nanovea\/images\/images\/app14.jpg\" alt=\"Tel Y\u00fczeyler\" width=\"150\" height=\"113\" \/><\/div>\n<\/td>\n<td width=\"254\">\n<div align=\"center\"><img decoding=\"async\" src=\"https:\/\/nanovea.com\/wp-content\/themes\/wp-nanovea\/images\/images\/app15.jpg\" alt=\"Optik Y\u00fczeyler\" width=\"150\" height=\"113\" \/><\/div>\n<\/td>\n<td width=\"254\">\n<div align=\"center\"><img decoding=\"async\" class=\"alignnone\" src=\"https:\/\/nanovea.com\/wp-content\/themes\/wp-nanovea\/images\/images\/app13.jpg\" alt=\"K\u00fc\u00e7\u00fck Y\u00fczeyler\" width=\"150\" height=\"113\" \/><\/div>\n<\/td>\n<td width=\"254\">\n<div align=\"center\"><img loading=\"lazy\" decoding=\"async\" class=\"alignnone\" src=\"https:\/\/nanovea.com\/wp-content\/themes\/wp-nanovea\/images\/images\/app16.jpg\" alt=\"Farmas\u00f6tik Y\u00fczeyler\" width=\"150\" height=\"113\" \/><\/div>\n<\/td>\n<\/tr>\n<\/tbody>\n<\/table>\n<table border=\"0\" width=\"1016\" cellspacing=\"0\" cellpadding=\"0\">\n<tbody>\n<tr>\n<td width=\"254\">\n<div align=\"center\">\n<p>&nbsp;<\/p>\n<p><img loading=\"lazy\" decoding=\"async\" class=\"alignnone\" src=\"https:\/\/nanovea.com\/wp-content\/themes\/wp-nanovea\/images\/images\/app1.jpg\" alt=\"Elektronik Y\u00fczeyler\" width=\"150\" height=\"113\" \/><\/p>\n<\/div>\n<\/td>\n<td width=\"254\">\n<div align=\"center\">\n<p>&nbsp;<\/p>\n<p><img loading=\"lazy\" decoding=\"async\" class=\"alignnone\" src=\"https:\/\/nanovea.com\/wp-content\/themes\/wp-nanovea\/images\/images\/app20.jpg\" alt=\"Beton Y\u00fczeyler\" width=\"150\" height=\"113\" \/><\/p>\n<\/div>\n<\/td>\n<td width=\"254\">\n<div align=\"center\">\n<p>&nbsp;<\/p>\n<p><img loading=\"lazy\" decoding=\"async\" class=\"alignnone\" src=\"https:\/\/nanovea.com\/wp-content\/themes\/wp-nanovea\/images\/images\/app12.jpg\" alt=\"Biyomedikal Y\u00fczeyler\" width=\"150\" height=\"113\" \/><\/p>\n<\/div>\n<\/td>\n<td width=\"254\">\n<div align=\"center\">\n<p>&nbsp;<\/p>\n<p><img loading=\"lazy\" decoding=\"async\" class=\"alignnone\" src=\"https:\/\/nanovea.com\/wp-content\/themes\/wp-nanovea\/images\/images\/app18.jpg\" alt=\"Film Y\u00fczeyleri\" width=\"150\" height=\"113\" \/><\/p>\n<\/div>\n<\/td>\n<\/tr>\n<\/tbody>\n<\/table>\n<table border=\"0\" width=\"1016\" cellspacing=\"0\" cellpadding=\"0\">\n<tbody>\n<tr>\n<td width=\"254\">\n<div align=\"center\">\n<p>&nbsp;<\/p>\n<p><img loading=\"lazy\" decoding=\"async\" class=\"alignnone\" src=\"https:\/\/nanovea.com\/wp-content\/themes\/wp-nanovea\/images\/images\/app19.jpg\" alt=\"Otomotiv Y\u00fczeyleri\" width=\"150\" height=\"113\" \/><\/p>\n<\/div>\n<\/td>\n<td width=\"254\">\n<div align=\"center\">\n<p>&nbsp;<\/p>\n<p><img loading=\"lazy\" decoding=\"async\" class=\"alignnone\" src=\"https:\/\/nanovea.com\/wp-content\/themes\/wp-nanovea\/images\/images\/app17.jpg\" alt=\"Wafer Y\u00fczeyleri\" width=\"150\" height=\"113\" \/><\/p>\n<\/div>\n<\/td>\n<td width=\"254\">\n<div align=\"center\">\n<p>&nbsp;<\/p>\n<p><img loading=\"lazy\" decoding=\"async\" class=\"alignnone\" src=\"https:\/\/nanovea.com\/wp-content\/themes\/wp-nanovea\/images\/images\/app11.jpg\" alt=\"Yumu\u015fak Y\u00fczeyler\" width=\"150\" height=\"113\" \/><\/p>\n<\/div>\n<\/td>\n<td width=\"254\">\n<div align=\"center\">\n<p>&nbsp;<\/p>\n<p><img loading=\"lazy\" decoding=\"async\" class=\"alignnone\" src=\"https:\/\/nanovea.com\/wp-content\/themes\/wp-nanovea\/images\/images\/app10.jpg\" alt=\"Alet Y\u00fczeyleri\" width=\"150\" height=\"113\" \/><\/p>\n<\/div>\n<\/td>\n<\/tr>\n<\/tbody>\n<\/table>","protected":false},"excerpt":{"rendered":"<p>MECHANICAL TESTERS Unmatched Nano &#038; Micro modules each with indentation, scratch &#038; wear testing modes. MECHANICAL TESTER APPLICATIONS | Mechanical Testers | Nano Module | Micro Module | Optics | Application Notes | Brochure Download | Watch Video Nanovea Mechanical Testers provide the widest range of accurate testing on a single system. And because so, [&hellip;]<\/p>","protected":false},"author":1,"featured_media":0,"parent":0,"menu_order":0,"comment_status":"open","ping_status":"open","template":"tpl-newslider.php","meta":{"_exactmetrics_skip_tracking":false,"_exactmetrics_sitenote_active":false,"_exactmetrics_sitenote_note":"","_exactmetrics_sitenote_category":0,"footnotes":""},"class_list":["post-155","page","type-page","status-publish","hentry"],"_links":{"self":[{"href":"https:\/\/nanovea.com\/tr\/wp-json\/wp\/v2\/pages\/155","targetHints":{"allow":["GET"]}}],"collection":[{"href":"https:\/\/nanovea.com\/tr\/wp-json\/wp\/v2\/pages"}],"about":[{"href":"https:\/\/nanovea.com\/tr\/wp-json\/wp\/v2\/types\/page"}],"author":[{"embeddable":true,"href":"https:\/\/nanovea.com\/tr\/wp-json\/wp\/v2\/users\/1"}],"replies":[{"embeddable":true,"href":"https:\/\/nanovea.com\/tr\/wp-json\/wp\/v2\/comments?post=155"}],"version-history":[{"count":13,"href":"https:\/\/nanovea.com\/tr\/wp-json\/wp\/v2\/pages\/155\/revisions"}],"predecessor-version":[{"id":12710,"href":"https:\/\/nanovea.com\/tr\/wp-json\/wp\/v2\/pages\/155\/revisions\/12710"}],"wp:attachment":[{"href":"https:\/\/nanovea.com\/tr\/wp-json\/wp\/v2\/media?parent=155"}],"curies":[{"name":"wp","href":"https:\/\/api.w.org\/{rel}","templated":true}]}}