{"id":151,"date":"2015-03-04T15:24:24","date_gmt":"2015-03-04T15:24:24","guid":{"rendered":"http:\/\/nanovea.com\/?page_id=151"},"modified":"2018-11-21T17:56:03","modified_gmt":"2018-11-21T17:56:03","slug":"mikro-makro-modul","status":"publish","type":"page","link":"https:\/\/nanovea.com\/tr\/micro-macro-module\/","title":{"rendered":"Mikro Mod\u00fcl"},"content":{"rendered":"<div id=\"newslider\" style=\"min-height: auto; overflow: hidden;\">\n<ul>\n<li>\n<div class=\"slider-text\">\n<h2>M\u0130KRO MOD\u00dcL<\/h2>\n<p>\u015eimdi d\u00fcnyan\u0131n \u00f6nde gelen mikro mekanik test<\/p>\n<\/div>\n<p><!--<img fetchpriority=\"high\" decoding=\"async\" class=\"alignnone\" src=\"https:\/\/nanovea.com\/wp-content\/uploads\/2015\/04\/slide-micromodule.jpg\" alt=\"Microindenter with non contact true depth measurement\" width=\"1033\" height=\"345\" \/>!--><br \/>\n<a href=\"https:\/\/nanovea.com\/wp-content\/uploads\/2018\/11\/Micro-Module-with-Micro-Box.jpg\"><img decoding=\"async\" class=\"alignnone size-full wp-image-4213\" src=\"https:\/\/nanovea.com\/wp-content\/uploads\/2018\/11\/Micro-Module-with-Micro-Box.jpg\" alt=\"\" width=\"1033\" height=\"345\" \/><\/a><\/li>\n<\/ul>\n<\/div>\n<h1><strong>M\u0130KRO MOD\u00dcL<\/strong><\/h1>\n<p><a href=\"https:\/\/nanovea.com\/mechanical-tester\">Mekanik Test Cihazlar\u0131 <\/a>| <a href=\"https:\/\/nanovea.com\/nano-module\">Nano Mod\u00fcl<\/a> | <a href=\"https:\/\/nanovea.com\/application-notes\">Uygulama Notlar\u0131<\/a><\/p>\n<div class=\"product-pic\"><\/div>\n<div class=\"product-desc\">\n<p align=\"justify\">\u015eimdi d\u00fcnyan\u0131n \u00f6nde gelen mikro mekanik testi. Derinlik ve y\u00fck verilerinden elde edilen otomatik, do\u011fru ve h\u0131zl\u0131 sertlik ve elastik mod\u00fcl sonu\u00e7lar\u0131, geleneksel sertlik test cihazlar\u0131na k\u0131yasla ger\u00e7ekten b\u00fcy\u00fck bir s\u0131\u00e7ramad\u0131r. Ge\u00e7ti\u011fimiz y\u00fczy\u0131l\u0131n bu teknolojisi, do\u011fru derinlik sens\u00f6rleri mevcut olmad\u0131\u011f\u0131nda g\u00f6rsel incelemeye dayan\u0131yordu. Bu nedenle, bug\u00fcn modas\u0131 ge\u00e7mi\u015f geleneksel sertlik test cihazlar\u0131n\u0131 kullanman\u0131n hi\u00e7bir avantaj\u0131 yoktur. Mikro Mod\u00fcl daha h\u0131zl\u0131, daha kolay, \u00f6zellikle d\u00fc\u015f\u00fck y\u00fcklerde daha do\u011fru ve daha tekrarlanabilirdir. Testler, \u00e7ok elastik malzemeler veya girintiyi tan\u0131mlaman\u0131n zor oldu\u011fu y\u00fczeyler de dahil olmak \u00fczere her t\u00fcrl\u00fc malzeme \u00fczerinde ger\u00e7ekle\u015ftirilebilir. Sadece sertlik ve elastik mod\u00fcl sa\u011flamakla kalmaz, ayn\u0131 zamanda s\u00fcr\u00fcnme, gerilme-gerinim e\u011frileri, akma dayan\u0131m\u0131, yorulma, k\u0131r\u0131lma toklu\u011fu, \u00e7izilme ve leke direnci, plastik\/elastik deformasyon, a\u015f\u0131nma oran\u0131 ve s\u00fcrt\u00fcnme katsay\u0131s\u0131 gibi geni\u015f bir test yelpazesi sunar.<\/p>\n<p align=\"justify\">Ve eski \u00e7izik test cihazlar\u0131n\u0131 kullananlar i\u00e7in. Bu sistemler s\u0131n\u0131rl\u0131 bir y\u00fck aral\u0131\u011f\u0131na sahiptir ve y\u00fcksek y\u00fcklerde dalgal\u0131 \u00e7iziklerin g\u00f6zlemlenmesinde g\u00f6r\u00fclebilen yan b\u00fck\u00fclmeye e\u011filimli konsol y\u00fck h\u00fccreleri kullan\u0131r. Mikro mod\u00fcl\u00fcn aksine, sert bir bas\u0131n\u00e7l\u0131 y\u00fck h\u00fccresi ile tasarlanm\u0131\u015ft\u0131r ve derinli\u011fi do\u011frudan girintiyi tutan mile ba\u011fl\u0131 bir kapasit\u00f6r kullanarak \u00f6l\u00e7er. Sonu\u00e7, piyasada mevcut olan en y\u00fcksek do\u011fruluktur. Tek bir mikro mod\u00fcl\u00fcn geni\u015f kullan\u0131labilir y\u00fck aral\u0131\u011f\u0131 (5 b\u00fcy\u00fckl\u00fck mertebesi), bir DLC, TiN, TiC kaplama \u00fczerinde 5 mikron ve \u00fczeri i\u00e7in 200N'ye kadar y\u00fcksek y\u00fck \u00e7izik testi yapmay\u0131 ve ard\u0131ndan alt tabakan\u0131n etkisi olmadan sertli\u011fi ve elastik mod\u00fcl\u00fc \u00f6l\u00e7mek i\u00e7in 50mN'lik bir y\u00fck kullanmay\u0131 m\u00fcmk\u00fcn k\u0131lar. Alt mikronlara kadar daha ince kaplamalar i\u00e7in, 20N ayn\u0131 \u015fekilde derinli\u011fe kar\u015f\u0131 y\u00fck ile tek haneli mN'ye kadar kullan\u0131labilir, ancak yine de 20N'ye kadar m\u00fckemmel \u00e7izik testi yapar. Bu daha hassas y\u00fckler, yar\u0131 iletken ve optik teknolojisinde kullan\u0131lan plazma ile i\u015flenmi\u015f katmanlardan otomobil par\u00e7alar\u0131 ve t\u00fcketim mallar\u0131 i\u00e7in kullan\u0131lan dekoratif ve koruyucu kaplamalara kadar end\u00fcstriyel kaplamalar\u0131n karakterizasyonu i\u00e7in idealdir. Kalibrasyonu kolay ve h\u0131zl\u0131d\u0131r, zaman i\u00e7inde ve bir cihazdan di\u011ferine verilerin do\u011frulu\u011fu garanti edilir. D\u00fc\u015f\u00fck bak\u0131m maliyeti ve \u00f6zellikle y\u00fcksek do\u011fruluk ile y\u00fcksek performansl\u0131 uzun \u00f6m\u00fcr standartt\u0131r.<\/p>\n<p>&nbsp;<\/p>\n<p align=\"justify\"><strong>MIKRO TEST MODLARI<\/strong><\/p>\n<p><a href=\"https:\/\/nanovea.com\/micro-indentation-tester\">Mikroindentasyon | Mikro Sertlik Testi<\/a><\/p>\n<p><a href=\"https:\/\/nanovea.com\/micro-scratch-tester\">Mikro \u00c7izilme | Yap\u0131\u015fma Testi<\/a><\/p>\n<p><a href=\"https:\/\/nanovea.com\/micro-wear-tester\">Mikro A\u015f\u0131nma | S\u00fcrt\u00fcnme Testi<\/a><\/p>\n<\/div>","protected":false},"excerpt":{"rendered":"<p>MICRO MODULE Now the world\u2019s leading micro mechanical testing MICRO MODULE Mechanical Testers | Nano Module | Application Notes Now the world\u2019s leading micro mechanical testing. Automatic, accurate and fast hardness and elastic modulus results obtained from depth versus load data are truly a giant leap compared to traditional hardness testers. This past century technology [&hellip;]<\/p>\n","protected":false},"author":1,"featured_media":0,"parent":0,"menu_order":0,"comment_status":"open","ping_status":"open","template":"tpl-newslider.php","meta":{"_exactmetrics_skip_tracking":false,"_exactmetrics_sitenote_active":false,"_exactmetrics_sitenote_note":"","_exactmetrics_sitenote_category":0,"footnotes":""},"class_list":["post-151","page","type-page","status-publish","hentry"],"_links":{"self":[{"href":"https:\/\/nanovea.com\/tr\/wp-json\/wp\/v2\/pages\/151","targetHints":{"allow":["GET"]}}],"collection":[{"href":"https:\/\/nanovea.com\/tr\/wp-json\/wp\/v2\/pages"}],"about":[{"href":"https:\/\/nanovea.com\/tr\/wp-json\/wp\/v2\/types\/page"}],"author":[{"embeddable":true,"href":"https:\/\/nanovea.com\/tr\/wp-json\/wp\/v2\/users\/1"}],"replies":[{"embeddable":true,"href":"https:\/\/nanovea.com\/tr\/wp-json\/wp\/v2\/comments?post=151"}],"version-history":[{"count":31,"href":"https:\/\/nanovea.com\/tr\/wp-json\/wp\/v2\/pages\/151\/revisions"}],"predecessor-version":[{"id":4214,"href":"https:\/\/nanovea.com\/tr\/wp-json\/wp\/v2\/pages\/151\/revisions\/4214"}],"wp:attachment":[{"href":"https:\/\/nanovea.com\/tr\/wp-json\/wp\/v2\/media?parent=151"}],"curies":[{"name":"wp","href":"https:\/\/api.w.org\/{rel}","templated":true}]}}