{"id":149,"date":"2015-03-04T15:24:09","date_gmt":"2015-03-04T15:24:09","guid":{"rendered":"http:\/\/nanovea.com\/?page_id=149"},"modified":"2018-11-21T17:56:52","modified_gmt":"2018-11-21T17:56:52","slug":"nano-modul","status":"publish","type":"page","link":"https:\/\/nanovea.com\/tr\/nano-modul\/","title":{"rendered":"Nano Mod\u00fcl"},"content":{"rendered":"<div id=\"newslider\" style=\"min-height: auto; overflow: hidden;\">\n<ul>\n<li>\n<div class=\"slider-text\">\n<h2>NANO MOD\u00dcL<\/h2>\n<p>Ba\u011f\u0131ms\u0131z kuvvet, derinlik sens\u00f6rleri ve<br \/>\nuygulanan y\u00fck\u00fcn s\u00fcrekli \u00f6l\u00e7\u00fcm\u00fc<br \/>\ngirinti, \u00e7izik ve a\u015f\u0131nma modlar\u0131 s\u0131ras\u0131nda.<\/p>\n<\/div>\n<p><!--<img fetchpriority=\"high\" decoding=\"async\" class=\"alignnone\" src=\"https:\/\/nanovea.com\/wp-content\/uploads\/2015\/04\/slide-nanomodule.jpg\" alt=\"Nanoindenter\" width=\"1033\" height=\"345\" \/>!--><br \/>\n<a href=\"https:\/\/nanovea.com\/wp-content\/uploads\/2018\/11\/Micro-Module-with-Nano-Box.jpg\"><img decoding=\"async\" class=\"alignnone size-full wp-image-4216\" src=\"https:\/\/nanovea.com\/wp-content\/uploads\/2018\/11\/Micro-Module-with-Nano-Box.jpg\" alt=\"\" width=\"1033\" height=\"345\" \/><\/a><\/li>\n<\/ul>\n<\/div>\n<h1><strong>NANO MOD\u00dcL TANITIMI<\/strong><\/h1>\n<p><a href=\"https:\/\/nanovea.com\/mechanical-tester\">Mekanik Test Cihazlar\u0131 <\/a>| <a href=\"https:\/\/nanovea.com\/micro-macro-module\">Mikro Mod\u00fcl<\/a> | <a href=\"https:\/\/nanovea.com\/application-notes\">Uygulama Notlar\u0131<\/a><\/p>\n<div class=\"product-pic\"><\/div>\n<div class=\"product-desc\">\n<p align=\"justify\">M\u00fc\u015fterilere kullan\u0131m kolayl\u0131\u011f\u0131, uzun \u00f6m\u00fcrl\u00fcl\u00fck ve d\u00fc\u015f\u00fck bak\u0131m maliyeti ile y\u00fcksek do\u011fruluk sa\u011flama vizyonuyla tasarlanan nano mod\u00fcl, maksimum sertlik i\u00e7in dikey olarak hizalanm\u0131\u015f piezo akt\u00fcat\u00f6r, ultra hassas y\u00fck h\u00fccresi ve geni\u015f bir y\u00fczey kapasit\u00f6r halkas\u0131n\u0131n benzersiz kombinasyonu ile bunu ba\u015far\u0131r. Ba\u011f\u0131ms\u0131z derinlik ve y\u00fck sens\u00f6rlerinin benzersiz kullan\u0131m\u0131, her ko\u015fulda y\u00fcksek do\u011fruluk sa\u011flamakla birlikte, uygulanan y\u00fck, girinti y\u00fczeye ilk dokundu\u011funda do\u011frudan ba\u011f\u0131ms\u0131z sens\u00f6r taraf\u0131ndan \u00f6l\u00e7\u00fcld\u00fc\u011f\u00fcnden, m\u00fckemmel temas noktas\u0131 tespiti de sa\u011flar. Mod\u00fcl ayr\u0131ca ba\u011f\u0131ms\u0131z derinlik veya y\u00fck sens\u00f6r\u00fcnden gelen verileri kullanarak ger\u00e7ek kapal\u0131 kontrol geri bildirim d\u00f6ng\u00fcs\u00fc sa\u011flar. Bu \u00f6zellik, \u00e7izik ve a\u015f\u0131nma testi s\u0131ras\u0131nda veya girinti s\u0131ras\u0131nda k\u0131r\u0131lmalar meydana geldi\u011finde oldu\u011fu gibi h\u0131zl\u0131 olaylara h\u0131zl\u0131 ve do\u011fru bir \u015fekilde tepki vermek i\u00e7in gereklidir. Uygulanan ger\u00e7ek y\u00fck\u00fcn \u00f6l\u00e7\u00fcm\u00fc, h\u0131zl\u0131 DMA testi s\u0131ras\u0131nda da do\u011fruluk sa\u011flar ve otomatikli\u011fe izin verir. Ultra hassas y\u00fck h\u00fccresinin do\u011frudan bir a\u011f\u0131rl\u0131k \u00f6l\u00e7e\u011fi ile kalibre edilmesi de kolayd\u0131r. Bu nedenle, her Nano mod\u00fcl\u00fc kullan\u0131c\u0131 taraf\u0131ndan Y\u00fck, Derinlik ve Uyumluluk i\u00e7in 15 dakikadan daha k\u0131sa s\u00fcrede h\u0131zl\u0131 bir \u015fekilde kalibre edilebilir. Bu, zaman i\u00e7inde ve bir cihazdan di\u011ferine verilerin sabit do\u011frulu\u011funu sa\u011flar. Nanovea bu y\u00fcksek do\u011frulu\u011fa sekt\u00f6rdeki en iyi kar\u015f\u0131la\u015ft\u0131rmal\u0131 g\u00fcr\u00fclt\u00fc seviyelerinden baz\u0131lar\u0131yla ula\u015f\u0131r.<\/p>\n<p align=\"justify\">Mod\u00fcl, girinti, \u00e7izik ve a\u015f\u0131nma test modlar\u0131 s\u0131ras\u0131nda nanometre \u00f6l\u00e7e\u011finde test sa\u011flar. Her test modu, di\u011fer testlerin yan\u0131 s\u0131ra sertlik, s\u00fcnme, elastik mod\u00fcl, gerilme-gerinim e\u011frileri, akma dayan\u0131m\u0131, yorulma, kay\u0131p ve depolama mod\u00fcl\u00fc, k\u0131r\u0131lma toklu\u011fu, a\u015f\u0131nma oran\u0131, s\u00fcrt\u00fcnme katsay\u0131s\u0131, \u00e7izilme ve leke direnci, plastik\/elastik deformasyon gibi \u00f6zellikler sa\u011flayabilen geni\u015f bir test yelpazesi sunar. Entegre x-y motorlu tabla ile birlikte, \u00e7ok spesifik konumlarda test yap\u0131labilir veya se\u00e7ilen bir alan boyunca \u00f6zelliklerin tam bir haritas\u0131 \u00e7\u0131kar\u0131labilir. Asl\u0131nda, nano mod\u00fcl\u00fcn piezo akt\u00fcat\u00f6rl\u00fc benzersiz tasar\u0131m\u0131, hassas girintilerin 3 saniyeden daha k\u0131sa s\u00fcrede ger\u00e7ekle\u015ftirilmesine olanak tan\u0131yarak dakikalar i\u00e7inde haritalamay\u0131 m\u00fcmk\u00fcn k\u0131lar. Nano mod\u00fcl, ince end\u00fcstriyel kaplamalar\u0131n veya filmlerin do\u011fru bir \u015fekilde karakterize edilmesi i\u00e7in idealdir. \u00d6rnekler aras\u0131nda t\u0131bbi cihaz end\u00fcstrisi i\u00e7in ince polimer kaplamalar ve g\u00fcne\u015f ve optik lens end\u00fcstrileri i\u00e7in \u00e7e\u015fitli ince kaplamalar bulunmaktad\u0131r. Nano mod\u00fcl\u00fcn bir di\u011fer \u00f6nemli uygulamas\u0131, otomobil end\u00fcstrisinde kullan\u0131lan vernik \u015feffaf kaplamalar ve mobil elektronikler gibi ta\u015f\u0131nabilir cihazlarda kullan\u0131lan di\u011fer koruyucu kaplamalar gibi \u00fcst y\u00fczeylerin haritalanmas\u0131d\u0131r.<\/p>\n<p align=\"justify\">Nano Mod\u00fcl, &lt;0,02 nm\/sn&#039;lik ham veri d\u00fczeltilmemi\u015f termal sapma ile y\u00fcksek termal kararl\u0131l\u0131k i\u00e7in tasarlanm\u0131\u015ft\u0131r. Y\u00fcksek s\u0131cakl\u0131kta f\u0131r\u0131n, daha y\u00fcksek do\u011fruluk ve kompanzasyon olmadan daha d\u00fc\u015f\u00fck sapma seviyeleri i\u00e7in u\u00e7 ve numunenin e\u015fit s\u0131cakl\u0131\u011f\u0131n\u0131 sa\u011flar. Y\u00fcksek s\u0131cakl\u0131k f\u0131r\u0131n\u0131 ile kullan\u0131ld\u0131\u011f\u0131nda, Nano mod\u00fcl MACOR ile &lt;10-6 \/ \u00b0C&#039;lik d\u00fc\u015f\u00fck termal genle\u015fme katsay\u0131l\u0131 malzeme ile tasarlanm\u0131\u015ft\u0131r. Bu, y\u00fcksek s\u0131cakl\u0131kta herhangi bir termal kaymay\u0131 azalt\u0131r.<\/p>\n<p><strong>NANO TEST MODLARI<\/strong><\/p>\n<p><a href=\"https:\/\/nanovea.com\/nano-indentation-tester\">Nanoindentasyon | Nano Sertlik Testi<\/a><strong><br \/>\n<\/strong><\/p>\n<p><a href=\"https:\/\/nanovea.com\/nano-scratch-tester\">Nano \u00c7izik | Yap\u0131\u015fma Testi<\/a><\/p>\n<p><a href=\"https:\/\/nanovea.com\/nano-wear-tester\">Nano A\u015f\u0131nma | S\u00fcrt\u00fcnme Testi<\/a><\/p>\n<\/div>","protected":false},"excerpt":{"rendered":"<p>NANO MOD\u00dcL Ba\u011f\u0131ms\u0131z kuvvet, derinlik sens\u00f6rleri ve girinti, \u00e7izilme ve a\u015f\u0131nma modlar\u0131nda uygulanan y\u00fck\u00fcn s\u00fcrekli \u00f6l\u00e7\u00fcm\u00fc. NANO MOD\u00dcL G\u0130R\u0130\u015e Mekanik Test Cihazlar\u0131 | Mikro Mod\u00fcl | Uygulama Notlar\u0131 M\u00fc\u015fterilere y\u00fcksek do\u011fruluk, kullan\u0131m kolayl\u0131\u011f\u0131, uzun \u00f6m\u00fcr ve d\u00fc\u015f\u00fck bak\u0131m maliyeti sa\u011flama vizyonuyla tasarlanan; nano mod\u00fcl bunu benzersiz \u00f6zelli\u011fiyle ba\u015far\u0131yor [\u2026]<\/p>","protected":false},"author":1,"featured_media":0,"parent":0,"menu_order":0,"comment_status":"open","ping_status":"open","template":"tpl-newslider.php","meta":{"_exactmetrics_skip_tracking":false,"_exactmetrics_sitenote_active":false,"_exactmetrics_sitenote_note":"","_exactmetrics_sitenote_category":0,"footnotes":""},"class_list":["post-149","page","type-page","status-publish","hentry"],"_links":{"self":[{"href":"https:\/\/nanovea.com\/tr\/wp-json\/wp\/v2\/pages\/149","targetHints":{"allow":["GET"]}}],"collection":[{"href":"https:\/\/nanovea.com\/tr\/wp-json\/wp\/v2\/pages"}],"about":[{"href":"https:\/\/nanovea.com\/tr\/wp-json\/wp\/v2\/types\/page"}],"author":[{"embeddable":true,"href":"https:\/\/nanovea.com\/tr\/wp-json\/wp\/v2\/users\/1"}],"replies":[{"embeddable":true,"href":"https:\/\/nanovea.com\/tr\/wp-json\/wp\/v2\/comments?post=149"}],"version-history":[{"count":22,"href":"https:\/\/nanovea.com\/tr\/wp-json\/wp\/v2\/pages\/149\/revisions"}],"predecessor-version":[{"id":4217,"href":"https:\/\/nanovea.com\/tr\/wp-json\/wp\/v2\/pages\/149\/revisions\/4217"}],"wp:attachment":[{"href":"https:\/\/nanovea.com\/tr\/wp-json\/wp\/v2\/media?parent=149"}],"curies":[{"name":"wp","href":"https:\/\/api.w.org\/{rel}","templated":true}]}}