{"id":81,"date":"2015-03-02T16:24:24","date_gmt":"2015-03-02T16:24:24","guid":{"rendered":"http:\/\/nanovea.com\/?page_id=81"},"modified":"2021-07-30T21:56:13","modified_gmt":"2021-07-30T21:56:13","slug":"profilometros-aplicacoes","status":"publish","type":"page","link":"https:\/\/nanovea.com\/pt\/profilometros-aplicacoes\/","title":{"rendered":"Aplica\u00e7\u00f5es dos profil\u00f4metros"},"content":{"rendered":"<div id=\"newslider\" style=\"min-height: auto; overflow: hidden;\">\n<ul>\n<li>\n<div class=\"slider-text\">\n<h2>Perfil\u00f4metros<\/h2>\n<p><!--Applications!-->Medi\u00e7\u00e3o de superf\u00edcie utilizando<br \/>\nProfilometria crom\u00e1tica confocal<\/p>\n<\/div>\n<p><!--<img decoding=\"async\" src=\"https:\/\/nanovea.com\/wp-content\/uploads\/2015\/04\/slide-profilometer.jpg\" alt=\"Lab Testing\" \/>!--><br \/>\n<img decoding=\"async\" src=\"https:\/\/nanovea.com\/wp-content\/uploads\/2018\/01\/slide-profilometer-1-1.jpg\" alt=\"Testes de laborat\u00f3rio\" \/><\/li>\n<\/ul>\n<\/div>\n<h1 align=\"justify\"><strong>APLICA\u00c7\u00d5ES DO PROFIL\u00d4METRO <\/strong><\/h1>\n<p align=\"justify\"><a href=\"https:\/\/nanovea.com\/profilometer\">Perfil\u00f4metros<\/a> | <a href=\"https:\/\/nanovea.com\/chromatic-confocal\">T\u00e9cnica<\/a> | <a href=\"https:\/\/nanovea.com\/profilometers-optics\">\u00d3ptica<\/a> | <a href=\"https:\/\/nanovea.com\/application-notes\">Notas de Aplica\u00e7\u00e3o<\/a> | <a href=\"https:\/\/nanovea.com\/profilometer-brochure\" target=\"_blank\" rel=\"noopener noreferrer\">Download do folheto<\/a> | <a href=\"https:\/\/nanovea.com\/profilometers-video\" target=\"_blank\" rel=\"noopener noreferrer\">Assista ao v\u00eddeo<\/a><\/p>\n<p>Os Nanovea Profil\u00f4metros medem praticamente qualquer material com uma faixa de medi\u00e7\u00e3o mais ampla do que qualquer outro Profil\u00f4metro. E porque assim, praticamente qualquer superf\u00edcie pode ser uma aplica\u00e7\u00e3o em campos, inclusive: Bio &amp; Biotecnologia, Materiais de Constru\u00e7\u00e3o, Produtos de Consumo, Medicina, Metais, Petr\u00f3leo &amp; Minas, \u00d3ptica, Pintura &amp; Revestimento, Farmac\u00eautica, Semicondutores\/Eletr\u00f4nicos\/Solar, T\u00eaxteis\/Couro\/Papel, Ferramentas &amp; M\u00e1quinas e Transporte.<\/p>\n<table border=\"0\" width=\"1016\" cellspacing=\"0\" cellpadding=\"0\">\n<tbody>\n<tr>\n<td width=\"254\">\n<div align=\"center\"><img decoding=\"async\" src=\"https:\/\/nanovea.com\/wp-content\/themes\/wp-nanovea\/images\/images\/app1.jpg\" alt=\"Superf\u00edcies eletr\u00f4nicas\" width=\"150\" height=\"113\" \/><\/div>\n<\/td>\n<td width=\"254\">\n<div align=\"center\"><img decoding=\"async\" src=\"https:\/\/nanovea.com\/wp-content\/themes\/wp-nanovea\/images\/images\/app2.jpg\" alt=\"Superf\u00edcies \u00f3pticas\" width=\"150\" height=\"113\" \/><\/div>\n<\/td>\n<td width=\"254\">\n<div align=\"center\"><img decoding=\"async\" src=\"https:\/\/nanovea.com\/wp-content\/themes\/wp-nanovea\/images\/images\/app3.jpg\" alt=\"Superf\u00edcies automotivas\" width=\"150\" height=\"113\" \/><\/div>\n<\/td>\n<td width=\"254\">\n<div align=\"center\"><img loading=\"lazy\" decoding=\"async\" src=\"https:\/\/nanovea.com\/wp-content\/themes\/wp-nanovea\/images\/images\/app4.jpg\" alt=\"Superf\u00edcies usinadas\" width=\"150\" height=\"113\" \/><\/div>\n<\/td>\n<\/tr>\n<\/tbody>\n<\/table>\n<table border=\"0\" width=\"1016\" cellspacing=\"0\" cellpadding=\"0\">\n<tbody>\n<tr>\n<td width=\"254\">\n<div align=\"center\">\n<p>&nbsp;<\/p>\n<p><img loading=\"lazy\" decoding=\"async\" src=\"https:\/\/nanovea.com\/wp-content\/themes\/wp-nanovea\/images\/images\/app5.jpg\" alt=\"Superf\u00edcies Farmac\u00eauticas\" width=\"150\" height=\"113\" \/><\/p>\n<\/div>\n<\/td>\n<td width=\"254\">\n<div align=\"center\">\n<p>&nbsp;<\/p>\n<p><img loading=\"lazy\" decoding=\"async\" src=\"https:\/\/nanovea.com\/wp-content\/themes\/wp-nanovea\/images\/images\/app7.jpg\" alt=\"Superf\u00edcies de polpa\" width=\"150\" height=\"113\" \/><\/p>\n<\/div>\n<\/td>\n<td width=\"254\">\n<div align=\"center\">\n<p>&nbsp;<\/p>\n<p><img loading=\"lazy\" decoding=\"async\" src=\"https:\/\/nanovea.com\/wp-content\/themes\/wp-nanovea\/images\/images\/app12.jpg\" alt=\"Superf\u00edcies ambientais\" width=\"150\" height=\"113\" \/><\/p>\n<\/div>\n<\/td>\n<td width=\"254\">\n<div align=\"center\">\n<p>&nbsp;<\/p>\n<p><img loading=\"lazy\" decoding=\"async\" src=\"https:\/\/nanovea.com\/wp-content\/themes\/wp-nanovea\/images\/images\/app6.jpg\" alt=\"Superf\u00edcies ambientais\" width=\"150\" height=\"113\" \/><\/p>\n<\/div>\n<\/td>\n<\/tr>\n<\/tbody>\n<\/table>\n<table border=\"0\" width=\"1016\" cellspacing=\"0\" cellpadding=\"0\">\n<tbody>\n<tr>\n<td width=\"254\">\n<div align=\"center\">\n<p>&nbsp;<\/p>\n<p><img loading=\"lazy\" decoding=\"async\" src=\"https:\/\/nanovea.com\/wp-content\/themes\/wp-nanovea\/images\/images\/app9.jpg\" alt=\"Superf\u00edcies Farmac\u00eauticas\" width=\"150\" height=\"113\" \/><\/p>\n<\/div>\n<\/td>\n<td width=\"254\">\n<div align=\"center\">\n<p>&nbsp;<\/p>\n<p><img loading=\"lazy\" decoding=\"async\" src=\"https:\/\/nanovea.com\/wp-content\/themes\/wp-nanovea\/images\/images\/app10.jpg\" alt=\"Superf\u00edcies de polpa\" width=\"150\" height=\"113\" \/><\/p>\n<\/div>\n<\/td>\n<td width=\"254\">\n<div align=\"center\">\n<p>&nbsp;<\/p>\n<p><img loading=\"lazy\" decoding=\"async\" src=\"https:\/\/nanovea.com\/wp-content\/themes\/wp-nanovea\/images\/images\/app11.jpg\" alt=\"Superf\u00edcies de bolachas\" width=\"150\" height=\"113\" \/><\/p>\n<\/div>\n<\/td>\n<td width=\"254\">\n<div align=\"center\">\n<p>&nbsp;<\/p>\n<p><img loading=\"lazy\" decoding=\"async\" src=\"https:\/\/nanovea.com\/wp-content\/themes\/wp-nanovea\/images\/images\/app8.jpg\" alt=\"Superf\u00edcies ambientais\" width=\"150\" height=\"113\" \/><\/p>\n<\/div>\n<\/td>\n<\/tr>\n<\/tbody>\n<\/table>","protected":false},"excerpt":{"rendered":"<p>Profilometers Surface measurement using superior Chromatic Confocal Profilometry PROFILOMETER APPLICATIONS Profilometers | Technique | Optics | Application Notes | Brochure Download | Watch Video Nanovea Profilometers measure nearly any material with a wider range of measurement than any other Profilometer. And because so, virtually any surface can be an application in fields including: Bio &amp; [&hellip;]<\/p>","protected":false},"author":1,"featured_media":0,"parent":0,"menu_order":0,"comment_status":"open","ping_status":"closed","template":"tpl-newslider.php","meta":{"_exactmetrics_skip_tracking":false,"_exactmetrics_sitenote_active":false,"_exactmetrics_sitenote_note":"","_exactmetrics_sitenote_category":0,"footnotes":""},"class_list":["post-81","page","type-page","status-publish","hentry"],"_links":{"self":[{"href":"https:\/\/nanovea.com\/pt\/wp-json\/wp\/v2\/pages\/81","targetHints":{"allow":["GET"]}}],"collection":[{"href":"https:\/\/nanovea.com\/pt\/wp-json\/wp\/v2\/pages"}],"about":[{"href":"https:\/\/nanovea.com\/pt\/wp-json\/wp\/v2\/types\/page"}],"author":[{"embeddable":true,"href":"https:\/\/nanovea.com\/pt\/wp-json\/wp\/v2\/users\/1"}],"replies":[{"embeddable":true,"href":"https:\/\/nanovea.com\/pt\/wp-json\/wp\/v2\/comments?post=81"}],"version-history":[{"count":18,"href":"https:\/\/nanovea.com\/pt\/wp-json\/wp\/v2\/pages\/81\/revisions"}],"predecessor-version":[{"id":12630,"href":"https:\/\/nanovea.com\/pt\/wp-json\/wp\/v2\/pages\/81\/revisions\/12630"}],"wp:attachment":[{"href":"https:\/\/nanovea.com\/pt\/wp-json\/wp\/v2\/media?parent=81"}],"curies":[{"name":"wp","href":"https:\/\/api.w.org\/{rel}","templated":true}]}}