{"id":632,"date":"2015-04-22T14:24:07","date_gmt":"2015-04-22T14:24:07","guid":{"rendered":"http:\/\/nanovea.com\/?page_id=632"},"modified":"2017-10-26T09:45:02","modified_gmt":"2017-10-26T09:45:02","slug":"automacao-optical-inspection-intro","status":"publish","type":"page","link":"https:\/\/nanovea.com\/pt\/automacao-optical-inspection-intro\/","title":{"rendered":"Inspe\u00e7\u00e3o \u00d3ptica Automatizada"},"content":{"rendered":"<div id=\"newslider\" style=\"min-height:auto; overflow:hidden;\">\n<ul>\n<li>\n<div class=\"slider-text\">\n<h2>INSPE\u00c7\u00c3O AUTOMATIZADA<\/h2>\n<p>Em uma gama mais ampla de geometrias e materiais <br \/>\nent\u00e3o qualquer outro sistema de inspe\u00e7\u00e3o \u00f3tica.\n<\/div>\n<p><img fetchpriority=\"high\" decoding=\"async\" class=\"alignnone\" src=\"https:\/\/nanovea.com\/wp-content\/uploads\/2015\/11\/slide-automated-inspection.jpg\" alt=\"Inspe\u00e7\u00e3o \u00d3ptica Automatizada\" width=\"1033\" height=\"345\" \/><\/li>\n<\/ul>\n<\/div>\n<h1><strong>INTRODU\u00c7\u00c3O \u00c0 INSPE\u00c7\u00c3O \u00d3TICA AUTOMATIZADA<\/strong><\/h1>\n<p align=\"justify\">Nanovea Automated Optical Inspection (AOI) com \u00f3ptica de vanguarda utilizando tecnologia crom\u00e1tica confocal superior. A nanovea atrav\u00e9s da gama macro \u00e9 obtida automaticamente durante a medi\u00e7\u00e3o (Dimens\u00e3o do Perfil, Textura de Acabamento Rugoso, Topografia de Forma, Warpage de Planicidade, \u00c1rea de Volume, Espessura de Profundidade Passo-Altura e outras) em uma gama mais ampla de geometrias e materiais do que qualquer outro sistema de inspe\u00e7\u00e3o \u00f3tica baseado em vis\u00e3o ou laser. Com o uso de uma grande variedade de canetas \u00f3ticas, a inspe\u00e7\u00e3o \u00f3ptica pode medir com precis\u00e3o uma gama infinita de aplica\u00e7\u00f5es. A inspe\u00e7\u00e3o \u00f3tica da nanovea tem influ\u00eancia zero da refletividade da amostra, as varia\u00e7\u00f5es n\u00e3o exigem nenhum preparo de amostra e t\u00eam capacidade avan\u00e7ada para medir \u00e2ngulos de superf\u00edcie elevados. Mede facilmente qualquer material: transparente, opaco, especular, difusivo, polido, rugoso, etc. Ao contr\u00e1rio de outras t\u00e9cnicas de medi\u00e7\u00e3o \u00f3tica, grandes \u00e1reas de superf\u00edcie podem ser medidas com precis\u00e3o sem qualquer costura de imagem. Os Nanovea Profilometers podem ser constru\u00eddos com tamanho personalizado, velocidades, capacidade de varredura, conformidade com a Classe 1 de Sala Limpa, com Transportador de Indexa\u00e7\u00e3o e para Inline ou online. Para saber mais sobre a bancada Nanovea <a href=\"https:\/\/nanovea.com\/profilometer\">Perfil\u00f4metros<\/a>. *Para mais especifica\u00e7\u00f5es sobre os sistemas AOI, entre em contato diretamente com a Nanovea.<\/p>\n<p><strong><br \/>\nINSPE\u00c7\u00c3O \u00d3TICA AUTOMATIZADA<\/strong><br \/>\nNano atrav\u00e9s da gama Macro<\/p>\n<table border=\"0\" width=\"1016\" cellspacing=\"0\" cellpadding=\"0\">\n<tbody>\n<tr>\n<td width=\"169\">\n<div align=\"center\"><a href=\"https:\/\/nanovea.com\/surface-roughness\"><img decoding=\"async\" src=\"https:\/\/nanovea.com\/wp-content\/themes\/wp-nanovea\/images\/images\/surface-roughness.jpg\" alt=\"Medi\u00e7\u00e3o da Rugosidade da Superf\u00edcie Medi\u00e7\u00e3o do Acabamento da Textura\" width=\"150\" height=\"113\" \/><\/a><a href=\"https:\/\/nanovea.com\/surface-roughness\">Rugosidade Textura Acabamento<\/a><\/div>\n<\/td>\n<td width=\"169\">\n<div align=\"center\"><a href=\"https:\/\/nanovea.com\/surface-profile\"><img decoding=\"async\" src=\"https:\/\/nanovea.com\/wp-content\/themes\/wp-nanovea\/images\/images\/asphereinspection.jpg\" alt=\"Medi\u00e7\u00e3o da dimens\u00e3o do perfil da superf\u00edcie\" width=\"150\" height=\"113\" \/><\/a><a href=\"https:\/\/nanovea.com\/surface-profile\">Perfil Dimensional<\/a><\/div>\n<\/td>\n<td width=\"169\">\n<div align=\"center\"><a href=\"https:\/\/nanovea.com\/surface-topography-measurement\"><img loading=\"lazy\" decoding=\"async\" src=\"https:\/\/nanovea.com\/wp-content\/themes\/wp-nanovea\/images\/images\/surface-topography.jpg\" alt=\"Medi\u00e7\u00e3o da Forma da Topografia de Superf\u00edcie\" width=\"150\" height=\"113\" \/><\/a><a href=\"https:\/\/nanovea.com\/surface-topography-measurement\">Forma da Topografia<\/a><\/div>\n<\/td>\n<td width=\"169\">\n<div align=\"center\"><a href=\"https:\/\/nanovea.com\/surface-flatness-measurement\"><img loading=\"lazy\" decoding=\"async\" src=\"https:\/\/nanovea.com\/wp-content\/themes\/wp-nanovea\/images\/images\/flatnessinspection.jpg\" alt=\"Medi\u00e7\u00e3o da Planaridade da Superf\u00edcie da Planaridade da Warpage\" width=\"150\" height=\"113\" \/><\/a><a href=\"https:\/\/nanovea.com\/surface-flatness-measurement\">Planaridade da planaridade<\/a><\/div>\n<\/td>\n<td width=\"169\">\n<div align=\"center\"><a href=\"https:\/\/nanovea.com\/surface-volume-measurement\"><img loading=\"lazy\" decoding=\"async\" src=\"https:\/\/nanovea.com\/wp-content\/themes\/wp-nanovea\/images\/images\/surface-volume.jpg\" alt=\"Medi\u00e7\u00e3o de \u00c1rea de Volume Superficial\" width=\"150\" height=\"113\" \/><\/a><a href=\"https:\/\/nanovea.com\/surface-volume-measurement\">\u00c1rea de volume<\/a><\/div>\n<\/td>\n<td width=\"169\">\n<div align=\"center\"><a href=\"https:\/\/nanovea.com\/surface-step-height-measurement\"><img loading=\"lazy\" decoding=\"async\" src=\"https:\/\/nanovea.com\/wp-content\/themes\/wp-nanovea\/images\/images\/surface-stepheight.jpg\" alt=\"Medi\u00e7\u00e3o da Altura da Superf\u00edcie\" width=\"150\" height=\"113\" \/><\/a><a href=\"https:\/\/nanovea.com\/surface-step-height-measurement\">Passo-Altura Profundidade Espessura<\/a><\/div>\n<\/td>\n<\/tr>\n<\/tbody>\n<\/table>\n<p><strong><br \/>\nINSPEC\u00c7\u00c3O<br \/>\nSISTEMA E SOFTWARE<\/strong><\/p>\n<div class=\"product-pic\">\n<p><strong><a><img loading=\"lazy\" decoding=\"async\" src=\"https:\/\/nanovea.com\/wp-content\/themes\/wp-nanovea\/images\/images\/HS1000-.jpg\" alt=\"Perfil\u00f4metro HS1000\" width=\"95\" height=\"95\" align=\"left\" border=\"none\" \/><\/a><\/strong><\/p>\n<\/div>\n<div class=\"product-desc\">\n<p align=\"justify\"><strong>Perf\u00edl\u00f4metro HS2000 | <\/strong> Inspe\u00e7\u00e3o \u00d3ptica Automatizada<br \/>\nInspe\u00e7\u00e3o \u00d3tica Automatizada a velocidades 50 vezes mais r\u00e1pidas do que a maioria dos sistemas de inspe\u00e7\u00e3o de sua classe. As velocidades de inspe\u00e7\u00e3o podem atingir at\u00e9 1m\/s e a aquisi\u00e7\u00e3o de dados at\u00e9 31KHz, proporcionando uma inspe\u00e7\u00e3o crucial para ambientes de produ\u00e7\u00e3o com mais restri\u00e7\u00f5es de tempo e controle de qualidade. O HS1000 \u00e9 feito principalmente de granito para proporcionar estabilidade superior e vem com uma esta\u00e7\u00e3o de trabalho opcional para criar um instrumento aut\u00f4nomo totalmente contido. O HS1000 tamb\u00e9m pode ser equipado com um sensor de linha de 180 pontos para fazer a inspe\u00e7\u00e3o at\u00e9 180 vezes mais r\u00e1pida, o que d\u00e1 1m\/s de velocidade de est\u00e1gio e uma taxa de aquisi\u00e7\u00e3o de at\u00e9 324.000. Op\u00e7\u00e3o ideal para ambientes de automa\u00e7\u00e3o de alta velocidade e controle de qualidade. As vers\u00f5es otimizadas do Profil\u00f4metro HS1000 foram constru\u00eddas para ambientes de produ\u00e7\u00e3o fotovoltaica, microeletr\u00f4nica e Asphere. Capaz de altas velocidades, adquirindo at\u00e9 31.000 pontos por segundo e \u00e1reas de varredura de at\u00e9 1m x 1m. As medidas podem variar de planaridade microeletr\u00f4nica, \u00e0 planicidade da c\u00e9lula solar, \u00e0 topografia asf\u00e9rica e \u00e0 dimens\u00e3o. Dispon\u00edvel como integra\u00e7\u00e3o aut\u00f4noma ou em linha para inspe\u00e7\u00e3o de controle de qualidade.<\/p>\n<p align=\"justify\">- Alta Velocidade - Automatizado - Tecnologia de F\u00e1cil Utiliza\u00e7\u00e3o - (PRVision) Reconhecimento de Padr\u00f5es de Imagem - Estrutura de Granito Aprimorada - Esta\u00e7\u00e3o de Trabalho de Enclausuramento de Seguran\u00e7a - Op\u00e7\u00e3o de Transportador de Indexa\u00e7\u00e3o ou Integra\u00e7\u00e3o em Linha - 31.000 pontos por segundo e \u00e1reas de escaneamento de at\u00e9 1m x 1m para controle de qualidade em linha<\/p>\n<\/div>\n<p>&nbsp;<\/p>\n<div class=\"product-pic\">\n<p><strong><a><img loading=\"lazy\" decoding=\"async\" src=\"https:\/\/nanovea.com\/wp-content\/themes\/wp-nanovea\/images\/images\/PRVisionSoftware.jpg\" alt=\"Nanovea PRVision Software\" width=\"95\" height=\"95\" align=\"left\" border=\"none\" \/><\/a><\/strong><\/p>\n<\/div>\n<div class=\"product-desc\">\n<p align=\"justify\"><strong>Software | Software <\/strong>Reconhecimento de Padr\u00f5es 2D e An\u00e1lise 3D<em><br \/>\nPRVision<\/em> reconhecer automaticamente as caracter\u00edsticas de um arquivo de imagem treinado pelo usu\u00e1rio. A superf\u00edcie \u00e9 escaneada enquanto reconhece automaticamente todas as caracter\u00edsticas de interesse; ent\u00e3o, ou mede automaticamente todas as caracter\u00edsticas encontradas ou algumas selecionadas que s\u00e3o escolhidas pelo usu\u00e1rio. <em>PRVision<\/em> tamb\u00e9m pode ser usado para referenciar a orienta\u00e7\u00e3o da amostra durante uma Macro medi\u00e7\u00e3o, que corrigir\u00e1 automaticamente as rota\u00e7\u00f5es ou deslocamentos criados quando as amostras s\u00e3o carregadas e descarregadas de seu suporte. Esta op\u00e7\u00e3o reduzir\u00e1 significativamente o tempo de prepara\u00e7\u00e3o quando um padr\u00e3o de superf\u00edcie ou se v\u00e1rias amostras forem medidas. O software Nanovea 3D \u00e9 o software de aquisi\u00e7\u00e3o utilizado para an\u00e1lise posterior. O software permite ao usu\u00e1rio definir o tamanho da \u00e1rea, ou linha a ser medida, assim como a resolu\u00e7\u00e3o lateral da medi\u00e7\u00e3o. O software tamb\u00e9m permite tr\u00eas vis\u00f5es diferentes da medi\u00e7\u00e3o em tempo real: vistas transversais, de cima para baixo e tridimensionais. Para facilitar a localiza\u00e7\u00e3o e a medi\u00e7\u00e3o de pequenas superf\u00edcies, uma fun\u00e7\u00e3o de re-centraliza\u00e7\u00e3o permite ao usu\u00e1rio apontar e clicar na imagem digitalizada a fim de re-centrar a pr\u00f3xima digitaliza\u00e7\u00e3o naquele ponto espec\u00edfico; ou pelo uso de um recurso de apontar e clicar a partir de uma c\u00e2mera de v\u00eddeo offset opcional. A combina\u00e7\u00e3o destas duas fun\u00e7\u00f5es permite a capacidade de detectar automaticamente caracter\u00edsticas e defeitos, lembrando sua localiza\u00e7\u00e3o, e depois ter a capacidade de medir aquela \u00e1rea em 3D. Os dados 2D e 3D podem ser usados para comparar dimens\u00e3o, forma, rugosidade, volume e muito mais para par\u00e2metros de aprova\u00e7\u00e3o\/falha pr\u00e9-definidos.<\/p>\n<\/div>\n<p style=\"clear: both;\">","protected":false},"excerpt":{"rendered":"<p>AUTOMATED INSPECTION On a wider range of geometries &amp; materials then any other optical inspection system. AUTOMATED OPTICAL INSPECTION INTRO Nanovea Automated Optical Inspection (AOI) with leading edge optics using superior chromatic confocal technology. Nano through macro range is automatically obtained during measurement (Profile Dimension, Roughness Finish Texture, Shape Form Topography, Flatness Warpage, Volume Area, [&hellip;]<\/p>","protected":false},"author":1,"featured_media":0,"parent":0,"menu_order":0,"comment_status":"open","ping_status":"closed","template":"","meta":{"_exactmetrics_skip_tracking":false,"_exactmetrics_sitenote_active":false,"_exactmetrics_sitenote_note":"","_exactmetrics_sitenote_category":0,"footnotes":""},"class_list":["post-632","page","type-page","status-publish","hentry"],"_links":{"self":[{"href":"https:\/\/nanovea.com\/pt\/wp-json\/wp\/v2\/pages\/632","targetHints":{"allow":["GET"]}}],"collection":[{"href":"https:\/\/nanovea.com\/pt\/wp-json\/wp\/v2\/pages"}],"about":[{"href":"https:\/\/nanovea.com\/pt\/wp-json\/wp\/v2\/types\/page"}],"author":[{"embeddable":true,"href":"https:\/\/nanovea.com\/pt\/wp-json\/wp\/v2\/users\/1"}],"replies":[{"embeddable":true,"href":"https:\/\/nanovea.com\/pt\/wp-json\/wp\/v2\/comments?post=632"}],"version-history":[{"count":14,"href":"https:\/\/nanovea.com\/pt\/wp-json\/wp\/v2\/pages\/632\/revisions"}],"predecessor-version":[{"id":9409,"href":"https:\/\/nanovea.com\/pt\/wp-json\/wp\/v2\/pages\/632\/revisions\/9409"}],"wp:attachment":[{"href":"https:\/\/nanovea.com\/pt\/wp-json\/wp\/v2\/media?parent=632"}],"curies":[{"name":"wp","href":"https:\/\/api.w.org\/{rel}","templated":true}]}}