{"id":3795,"date":"2018-10-25T19:21:19","date_gmt":"2018-10-25T19:21:19","guid":{"rendered":"https:\/\/nanovea.com\/?page_id=3795"},"modified":"2022-06-02T17:08:01","modified_gmt":"2022-06-02T17:08:01","slug":"instrumentos","status":"publish","type":"page","link":"https:\/\/nanovea.com\/pt\/instrumentos\/","title":{"rendered":"Instrumentos"},"content":{"rendered":"<div data-elementor-type=\"wp-post\" data-elementor-id=\"3795\" class=\"elementor elementor-3795\" data-elementor-post-type=\"page\">\n\t\t\t\t\t\t<section class=\"elementor-section elementor-top-section elementor-element elementor-element-f09642c elementor-section-full_width elementor-section-height-default elementor-section-height-default\" data-id=\"f09642c\" data-element_type=\"section\">\n\t\t\t\t\t\t<div class=\"elementor-container elementor-column-gap-wider\">\n\t\t\t\t\t<div class=\"elementor-column elementor-col-33 elementor-top-column elementor-element elementor-element-745e0a0\" data-id=\"745e0a0\" data-element_type=\"column\">\n\t\t\t<div class=\"elementor-widget-wrap elementor-element-populated\">\n\t\t\t\t\t<div class=\"elementor-background-overlay\"><\/div>\n\t\t\t\t\t\t<div class=\"elementor-element elementor-element-65eae29 elementor-widget elementor-widget-image\" data-id=\"65eae29\" data-element_type=\"widget\" data-widget_type=\"image.default\">\n\t\t\t\t<div class=\"elementor-widget-container\">\n\t\t\t\t\t\t\t\t\t\t\t\t\t\t\t<img fetchpriority=\"high\" decoding=\"async\" width=\"591\" height=\"579\" src=\"https:\/\/nanovea.com\/wp-content\/uploads\/2022\/06\/NANOVEA-Profilometer-ST400.png\" class=\"attachment-large size-large wp-image-20088\" alt=\"profil\u00f4metro \u00f3ptico sem contato 3d\" \/>\t\t\t\t\t\t\t\t\t\t\t\t\t\t\t<\/div>\n\t\t\t\t<\/div>\n\t\t\t\t<div class=\"elementor-element elementor-element-b2c1a26 elementor-widget elementor-widget-heading\" data-id=\"b2c1a26\" data-element_type=\"widget\" data-widget_type=\"heading.default\">\n\t\t\t\t<div class=\"elementor-widget-container\">\n\t\t\t\t\t<h2 class=\"elementor-heading-title elementor-size-default\">PERFIL\u00d4METROS<\/h2>\t\t\t\t<\/div>\n\t\t\t\t<\/div>\n\t\t\t\t<div class=\"elementor-element elementor-element-8e67fe6 elementor-align-center profiler-product-info elementor-widget elementor-widget-button\" data-id=\"8e67fe6\" data-element_type=\"widget\" data-widget_type=\"button.default\">\n\t\t\t\t<div class=\"elementor-widget-container\">\n\t\t\t\t\t\t\t\t\t<div class=\"elementor-button-wrapper\">\n\t\t\t\t\t<a class=\"elementor-button elementor-button-link elementor-size-md\" href=\"https:\/\/nanovea.com\/profilometers\/\" id=\"profiler-product-info\">\n\t\t\t\t\t\t<span class=\"elementor-button-content-wrapper\">\n\t\t\t\t\t\t\t\t\t<span class=\"elementor-button-text\">INFORMA\u00c7\u00c3O DE PRODUTOS<\/span>\n\t\t\t\t\t<\/span>\n\t\t\t\t\t<\/a>\n\t\t\t\t<\/div>\n\t\t\t\t\t\t\t\t<\/div>\n\t\t\t\t<\/div>\n\t\t\t\t<div class=\"elementor-element elementor-element-910a962 elementor-align-center profiler-lab-services elementor-widget elementor-widget-button\" data-id=\"910a962\" data-element_type=\"widget\" data-widget_type=\"button.default\">\n\t\t\t\t<div class=\"elementor-widget-container\">\n\t\t\t\t\t\t\t\t\t<div class=\"elementor-button-wrapper\">\n\t\t\t\t\t<a class=\"elementor-button elementor-button-link elementor-size-md\" href=\"https:\/\/nanovea.com\/surface-profiling-lab-services\/\" id=\"profiler-lab-services\">\n\t\t\t\t\t\t<span class=\"elementor-button-content-wrapper\">\n\t\t\t\t\t\t\t\t\t<span class=\"elementor-button-text\">SERVI\u00c7OS DE LABORAT\u00d3RIO<\/span>\n\t\t\t\t\t<\/span>\n\t\t\t\t\t<\/a>\n\t\t\t\t<\/div>\n\t\t\t\t\t\t\t\t<\/div>\n\t\t\t\t<\/div>\n\t\t\t\t\t<\/div>\n\t\t<\/div>\n\t\t\t\t<div class=\"elementor-column elementor-col-33 elementor-top-column elementor-element elementor-element-ceb192f\" data-id=\"ceb192f\" data-element_type=\"column\">\n\t\t\t<div class=\"elementor-widget-wrap elementor-element-populated\">\n\t\t\t\t\t<div class=\"elementor-background-overlay\"><\/div>\n\t\t\t\t\t\t<div class=\"elementor-element elementor-element-d6b278c elementor-widget elementor-widget-image\" data-id=\"d6b278c\" data-element_type=\"widget\" data-widget_type=\"image.default\">\n\t\t\t\t<div class=\"elementor-widget-container\">\n\t\t\t\t\t\t\t\t\t\t\t\t\t\t\t<img decoding=\"async\" width=\"591\" height=\"579\" src=\"https:\/\/nanovea.com\/wp-content\/uploads\/2022\/06\/NANOVEA-Mechanical-Tester-PB1000.png\" class=\"attachment-large size-large wp-image-20087\" alt=\"testador mec\u00e2nico nanoindenter testador de arranh\u00f5es\" \/>\t\t\t\t\t\t\t\t\t\t\t\t\t\t\t<\/div>\n\t\t\t\t<\/div>\n\t\t\t\t<div class=\"elementor-element elementor-element-1130e7f elementor-widget elementor-widget-heading\" data-id=\"1130e7f\" data-element_type=\"widget\" data-widget_type=\"heading.default\">\n\t\t\t\t<div class=\"elementor-widget-container\">\n\t\t\t\t\t<h2 class=\"elementor-heading-title elementor-size-default\">TESTADORES MEC\u00c2NICOS<\/h2>\t\t\t\t<\/div>\n\t\t\t\t<\/div>\n\t\t\t\t<div class=\"elementor-element elementor-element-87205bb elementor-align-center mech-testers-product-info elementor-widget elementor-widget-button\" data-id=\"87205bb\" data-element_type=\"widget\" data-widget_type=\"button.default\">\n\t\t\t\t<div class=\"elementor-widget-container\">\n\t\t\t\t\t\t\t\t\t<div class=\"elementor-button-wrapper\">\n\t\t\t\t\t<a class=\"elementor-button elementor-button-link elementor-size-md\" href=\"https:\/\/nanovea.com\/mechanical-testers\/\" id=\"mech-tester-product-info\">\n\t\t\t\t\t\t<span class=\"elementor-button-content-wrapper\">\n\t\t\t\t\t\t\t\t\t<span class=\"elementor-button-text\">INFORMA\u00c7\u00c3O DE PRODUTOS<\/span>\n\t\t\t\t\t<\/span>\n\t\t\t\t\t<\/a>\n\t\t\t\t<\/div>\n\t\t\t\t\t\t\t\t<\/div>\n\t\t\t\t<\/div>\n\t\t\t\t<div class=\"elementor-element elementor-element-4dac4d0 elementor-align-center mech-testers-lab-services elementor-widget elementor-widget-button\" data-id=\"4dac4d0\" data-element_type=\"widget\" data-widget_type=\"button.default\">\n\t\t\t\t<div class=\"elementor-widget-container\">\n\t\t\t\t\t\t\t\t\t<div class=\"elementor-button-wrapper\">\n\t\t\t\t\t<a class=\"elementor-button elementor-button-link elementor-size-md\" href=\"https:\/\/nanovea.com\/nanoindentation-and-scratch-testing-lab-services\/\" id=\"mech-testers-lab-services\">\n\t\t\t\t\t\t<span class=\"elementor-button-content-wrapper\">\n\t\t\t\t\t\t\t\t\t<span class=\"elementor-button-text\">SERVI\u00c7OS DE LABORAT\u00d3RIO<\/span>\n\t\t\t\t\t<\/span>\n\t\t\t\t\t<\/a>\n\t\t\t\t<\/div>\n\t\t\t\t\t\t\t\t<\/div>\n\t\t\t\t<\/div>\n\t\t\t\t\t<\/div>\n\t\t<\/div>\n\t\t\t\t<div class=\"elementor-column elementor-col-33 elementor-top-column elementor-element elementor-element-eb5da44\" data-id=\"eb5da44\" data-element_type=\"column\">\n\t\t\t<div class=\"elementor-widget-wrap elementor-element-populated\">\n\t\t\t\t\t<div class=\"elementor-background-overlay\"><\/div>\n\t\t\t\t\t\t<div class=\"elementor-element elementor-element-17d7589 elementor-widget elementor-widget-image\" data-id=\"17d7589\" data-element_type=\"widget\" data-widget_type=\"image.default\">\n\t\t\t\t<div class=\"elementor-widget-container\">\n\t\t\t\t\t\t\t\t\t\t\t\t\t\t\t<img decoding=\"async\" width=\"591\" height=\"579\" src=\"https:\/\/nanovea.com\/wp-content\/uploads\/2022\/06\/NANOVEA-Tribometer-T2000.png\" class=\"attachment-large size-large wp-image-20089\" alt=\"Trib\u00f4metro pneum\u00e1tico de alta carga NANOVEA T2000\" \/>\t\t\t\t\t\t\t\t\t\t\t\t\t\t\t<\/div>\n\t\t\t\t<\/div>\n\t\t\t\t<div class=\"elementor-element elementor-element-f6824b3 elementor-widget elementor-widget-heading\" data-id=\"f6824b3\" data-element_type=\"widget\" data-widget_type=\"heading.default\">\n\t\t\t\t<div class=\"elementor-widget-container\">\n\t\t\t\t\t<h2 class=\"elementor-heading-title elementor-size-default\">TRIB\u00d4METROS<\/h2>\t\t\t\t<\/div>\n\t\t\t\t<\/div>\n\t\t\t\t<div class=\"elementor-element elementor-element-3473712 elementor-align-center tribo-product-info elementor-widget elementor-widget-button\" data-id=\"3473712\" data-element_type=\"widget\" data-widget_type=\"button.default\">\n\t\t\t\t<div class=\"elementor-widget-container\">\n\t\t\t\t\t\t\t\t\t<div class=\"elementor-button-wrapper\">\n\t\t\t\t\t<a class=\"elementor-button elementor-button-link elementor-size-md\" href=\"https:\/\/nanovea.com\/tribometers\/\" id=\"tribo-product-info\">\n\t\t\t\t\t\t<span class=\"elementor-button-content-wrapper\">\n\t\t\t\t\t\t\t\t\t<span class=\"elementor-button-text\">INFORMA\u00c7\u00c3O DE PRODUTOS<\/span>\n\t\t\t\t\t<\/span>\n\t\t\t\t\t<\/a>\n\t\t\t\t<\/div>\n\t\t\t\t\t\t\t\t<\/div>\n\t\t\t\t<\/div>\n\t\t\t\t<div class=\"elementor-element elementor-element-3abf16b elementor-align-center tribo-lab-services elementor-widget elementor-widget-button\" data-id=\"3abf16b\" data-element_type=\"widget\" data-widget_type=\"button.default\">\n\t\t\t\t<div class=\"elementor-widget-container\">\n\t\t\t\t\t\t\t\t\t<div class=\"elementor-button-wrapper\">\n\t\t\t\t\t<a class=\"elementor-button elementor-button-link elementor-size-md\" href=\"https:\/\/nanovea.com\/friction-wear-testing\/\" id=\"tribo-lab-services\">\n\t\t\t\t\t\t<span class=\"elementor-button-content-wrapper\">\n\t\t\t\t\t\t\t\t\t<span class=\"elementor-button-text\">SERVI\u00c7OS DE LABORAT\u00d3RIO<\/span>\n\t\t\t\t\t<\/span>\n\t\t\t\t\t<\/a>\n\t\t\t\t<\/div>\n\t\t\t\t\t\t\t\t<\/div>\n\t\t\t\t<\/div>\n\t\t\t\t\t<\/div>\n\t\t<\/div>\n\t\t\t\t\t<\/div>\n\t\t<\/section>\n\t\t\t\t<\/div>","protected":false},"excerpt":{"rendered":"<p>PERFIL\u00d4METROS INFORMA\u00c7\u00d5ES DO PRODUTO SERVI\u00c7OS DE LABORAT\u00d3RIO TESTADORES MEC\u00c2NICOS INFORMA\u00c7\u00d5ES DO PRODUTO SERVI\u00c7OS DE LABORAT\u00d3RIO TRIB\u00d4METROS INFORMA\u00c7\u00d5ES DO PRODUTO SERVI\u00c7OS DE LABORAT\u00d3RIO<\/p>","protected":false},"author":1,"featured_media":0,"parent":0,"menu_order":0,"comment_status":"closed","ping_status":"closed","template":"","meta":{"_exactmetrics_skip_tracking":false,"_exactmetrics_sitenote_active":false,"_exactmetrics_sitenote_note":"","_exactmetrics_sitenote_category":0,"footnotes":""},"class_list":["post-3795","page","type-page","status-publish","hentry"],"_links":{"self":[{"href":"https:\/\/nanovea.com\/pt\/wp-json\/wp\/v2\/pages\/3795","targetHints":{"allow":["GET"]}}],"collection":[{"href":"https:\/\/nanovea.com\/pt\/wp-json\/wp\/v2\/pages"}],"about":[{"href":"https:\/\/nanovea.com\/pt\/wp-json\/wp\/v2\/types\/page"}],"author":[{"embeddable":true,"href":"https:\/\/nanovea.com\/pt\/wp-json\/wp\/v2\/users\/1"}],"replies":[{"embeddable":true,"href":"https:\/\/nanovea.com\/pt\/wp-json\/wp\/v2\/comments?post=3795"}],"version-history":[{"count":31,"href":"https:\/\/nanovea.com\/pt\/wp-json\/wp\/v2\/pages\/3795\/revisions"}],"predecessor-version":[{"id":20097,"href":"https:\/\/nanovea.com\/pt\/wp-json\/wp\/v2\/pages\/3795\/revisions\/20097"}],"wp:attachment":[{"href":"https:\/\/nanovea.com\/pt\/wp-json\/wp\/v2\/media?parent=3795"}],"curies":[{"name":"wp","href":"https:\/\/api.w.org\/{rel}","templated":true}]}}