{"id":2271,"date":"2016-01-25T17:33:58","date_gmt":"2016-01-25T17:33:58","guid":{"rendered":"http:\/\/nanovea.com\/?page_id=2271"},"modified":"2018-11-20T17:18:34","modified_gmt":"2018-11-20T17:18:34","slug":"publicacoes","status":"publish","type":"page","link":"https:\/\/nanovea.com\/pt\/publicacoes\/","title":{"rendered":"Publica\u00e7\u00f5es"},"content":{"rendered":"<p><strong>PUBLICA\u00c7\u00d5ES<br \/>\n<\/strong><\/p>\n<p>A Nanovea continua a avan\u00e7ar a tecnologia de medi\u00e7\u00e3o e pesquisa de superf\u00edcie. Mais de 250 artigos de pesquisa com instrumentos da Nanovea foram publicados em revistas revisadas por pares. Abaixo est\u00e1 uma lista selecionada dos artigos. Por favor, <a href=\"https:\/\/nanovea.com\/request-form\" target=\"_blank\" rel=\"noopener noreferrer\">contato<\/a> Nanovea para uma lista completa de publica\u00e7\u00f5es.<\/p>\n<table style=\"width: 100%;\" border=\"0\">\n<tbody>\n<tr>\n<td style=\"width: 25%; vertical-align: top; padding-right: 10px;\" height=\"152\"><strong><br \/>\nPERFILOMETRO<\/strong><\/p>\n<ul>\n<li><a href=\"https:\/\/www.sciencedirect.com\/science\/article\/pii\/S0921509310007318\">Microestrutura e propriedades de desgaste dos comp\u00f3sitos depositados a laser WC-12%Co<\/a>, Ci\u00eancia e Engenharia de Materiais: A 527, 24\u201325, 6677-6682<\/li>\n<li><a href=\"https:\/\/www.sciencedirect.com\/science\/article\/pii\/S0169433213021879\">Influ\u00eancia do processo de retifica\u00e7\u00e3o do disco diamantado na microtopografia de superf\u00edcie e propriedades do comp\u00f3sito SiO2\/SiO2<\/a>, Applied Surface Science 292, 181-189<\/li>\n<li><a href=\"https:\/\/www.sciencedirect.com\/science\/article\/pii\/S0043164813001841\">Rugosidade da superf\u00edcie e taxa de eros\u00e3o dos canais micromachinados por jato abrasivo: Experi\u00eancias e modelo anal\u00edtico<\/a>, VESTIMENTO 303, 1-2, 138-145<\/li>\n<li><a href=\"https:\/\/www.sciencedirect.com\/science\/article\/pii\/S0008622310009425\">Revestimentos compostos super-hidrof\u00f3bicos est\u00e1veis feitos de uma dispers\u00e3o aquosa de nanotubos de carbono e um fluoropol\u00edmero<\/a>Carbono 49, 5, 1769-1774<\/li>\n<li><a href=\"https:\/\/www.sciencedirect.com\/science\/article\/pii\/S1359645410003605\">Revestimentos nanocomp\u00f3sitos VN\/Ag adapt\u00e1veis com comportamento lubrificante de 25 a 1000 \u00b0C<\/a>, Acta Materialia 58, 16, 5326-5331<\/li>\n<li><a href=\"https:\/\/www.sciencedirect.com\/science\/article\/pii\/S0257897208006749\">Textura da superf\u00edcie para lubrifica\u00e7\u00e3o s\u00f3lida adapt\u00e1vel<\/a>, Tecnologia de Superf\u00edcies e Revestimentos 203, 1-2, 73-79<\/li>\n<li><a href=\"https:\/\/dx.doi.org\/10.1002\/jbm.a.32952\">Revestimento v\u00edtreo \u00e0 base de alum\u00ednio pulverizado a frio: S\u00edntese, propriedades de desgaste e corros\u00e3o<\/a>, Tecnologia de Superf\u00edcies e Revestimentos 232, 33-40<\/li>\n<li><a href=\"https:\/\/www.sciencedirect.com\/science\/article\/pii\/S0043164810001183\">Revestimentos nanocomp\u00f3sitos CrN-Ag: Resposta tribol\u00f3gica a alta temperatura<\/a>, Wear 269, 1-2, 125-131<\/li>\n<li><a href=\"https:\/\/www.sciencedirect.com\/science\/article\/pii\/S0008622312003958\">S\u00edntese e propriedades de nanoplaquetas de grafeno a granel consolidadas por sinteriza\u00e7\u00e3o de plasma por centelha<\/a>Carbono 50, 11, 4068-4077<\/li>\n<li><a href=\"https:\/\/www.sciencedirect.com\/science\/article\/pii\/S0257897211000818\">S\u00edntese in situ de revestimentos compostos TiC\/SiC\/Ti3SiC2 por sinteriza\u00e7\u00e3o de plasma por centelha<\/a>Tecnologia de Superf\u00edcies e Revestimentos 205, 13-14, 3840-3846<\/li>\n<\/ul>\n<div id=\"stcpDiv\"><\/div>\n<\/td>\n<td style=\"width: 25%; vertical-align: top; padding-right: 10px;\"><strong><br \/>\nTESTADOR MEC\u00c2NICO<\/strong><\/p>\n<ul>\n<li><a href=\"https:\/\/www.sciencedirect.com\/science\/article\/pii\/S0010938X14005952\">Prote\u00e7\u00e3o contra oxida\u00e7\u00e3o de compostos de carbono\/carbono por um novo revestimento cer\u00e2mico SiC-Si refor\u00e7ados com nanoribbono<\/a>, Ci\u00eancia da Corros\u00e3o 92, 272-279<\/li>\n<li><a href=\"https:\/\/www.sciencedirect.com\/science\/article\/pii\/S0257897213009389\">Caracteriza\u00e7\u00e3o e propriedades mec\u00e2nicas dos revestimentos duplex produzidos em a\u00e7o por deposi\u00e7\u00e3o de fagulhas el\u00e9tricas e oxida\u00e7\u00e3o de microarca\u00e7as<\/a>, Tecnologia de Superf\u00edcies e Revestimentos 236, 303-308<\/li>\n<li><a href=\"https:\/\/www.sciencedirect.com\/science\/article\/pii\/S0169433212014821\">Caracteriza\u00e7\u00e3o e propriedades mec\u00e2nicas de revestimentos em magn\u00e9sio por oxida\u00e7\u00e3o por micro arco<\/a>, Applied Surface Science 261, 774-782<\/li>\n<li><a href=\"https:\/\/www.sciencedirect.com\/science\/article\/pii\/B9780127999470000134\">Cap\u00edtulo 13 - Pulveriza\u00e7\u00e3o por indu\u00e7\u00e3o a plasma de revestimentos hidroxiapatita nanocristalinos obtidos em implantes intra\u00f3sseos de tit\u00e2nio<\/a>Manual de Revestimentos e Materiais Nanocer\u00e2micos e Nanocomp\u00f3sitos 293-317<\/li>\n<li><a href=\"https:\/\/www.sciencedirect.com\/science\/article\/pii\/S0921509315004165\">Caracter\u00edsticas metal\u00fargicas e transi\u00e7\u00e3o do modo de falha para soldaduras de pontos de resist\u00eancia diferentes entre chapas de a\u00e7o de granula\u00e7\u00e3o ultra fina e granula\u00e7\u00e3o grosseira de baixo carbono<\/a>, Ci\u00eancia e Engenharia de Materiais: A 637, 42360<\/li>\n<li><a href=\"https:\/\/dx.doi.org\/10.1111\/jace.12621\">Correla\u00e7\u00f5es entre microestrutura e propriedades mec\u00e2nicas de revestimentos de ar com barreira t\u00e9rmica de plasma exposto a alta temperatura<\/a>Jornal da Sociedade Americana de Cer\u00e2mica 96, 12, 3901-3907<\/li>\n<li><a href=\"https:\/\/link.springer.com\/article\/10.1007\/s10570-012-9659-7\">Influ\u00eancia da concentra\u00e7\u00e3o de silicato de s\u00f3dio nas propriedades estruturais e tribol\u00f3gicas de revestimentos de oxida\u00e7\u00e3o de microarca\u00e7as em 2017Um substrato de liga de alum\u00ednio<\/a>Journal of Alloys and Compounds 504, 2, 519-526<\/li>\n<li><a href=\"https:\/\/www.sciencedirect.com\/science\/article\/pii\/S025789721400108X\">Deposi\u00e7\u00e3o de HIPIMS de filmes de TiAlN na parede interna de microdies e sua aplicabilidade na forma\u00e7\u00e3o de microplacas met\u00e1licas<\/a>, Tecnologia de Superf\u00edcies e Revestimentos 250, 44-51<\/li>\n<li><a href=\"https:\/\/www.sciencedirect.com\/science\/article\/pii\/S0257897215005009\">Uma investiga\u00e7\u00e3o das propriedades materiais e tribol\u00f3gicas dos filmes s\u00f3lidos lubrificantes Sb2O3\/Au-doped MoS2 sob contato deslizante e rolante em diferentes ambientes<\/a>, Tecnologia de Superf\u00edcies e Revestimentos, em imprensa<\/li>\n<li><a href=\"https:\/\/www.sciencedirect.com\/science\/article\/pii\/S0257897210000265\">A influ\u00eancia da conformidade do revestimento na delamina\u00e7\u00e3o de revestimentos de barreira t\u00e9rmica<\/a>, Tecnologia de Superf\u00edcies e Revestimentos 204, 15, 2432-2441<\/li>\n<li><a href=\"https:\/\/doi.org\/10.1088\/1402-4896\/aa9292\">Estudo comparativo das propriedades mec\u00e2nicas de diferentes materiais de tungst\u00eanio para aplica\u00e7\u00f5es de fus\u00e3o<\/a>S Krimpalis et al 2017 Phys. Scr. 2017 014068<\/li>\n<\/ul>\n<\/td>\n<td style=\"width: 25%; vertical-align: top; padding-right: 10px;\" colspan=\"2\"><strong><br \/>\nTRIBOMETRO<\/strong><\/p>\n<ul>\n<li><a href=\"https:\/\/link.springer.com\/article\/10.1007\/s11666-011-9669-2\">Comportamento de desgaste do revestimento de \u00f3xido de alum\u00ednio refor\u00e7ado com nanotubo de carbono em ambientes mar\u00edtimos e de alta temperatura<\/a>Journal of Thermal Spray Technology 20, 6, 1217-1230<\/li>\n<li><a href=\"https:\/\/www.sciencedirect.com\/science\/article\/pii\/S0257897209009748\">Comportamento tribol\u00f3gico de temperatura intermedi\u00e1ria do revestimento de \u00f3xido de alum\u00ednio com plasma refor\u00e7ado com nanotubo de carbono<\/a>, Tecnologia de superf\u00edcies e revestimentos 204, 11, 1847-1855<\/li>\n<li><a href=\"https:\/\/www.sciencedirect.com\/science\/article\/pii\/S1742706109001330\">Revestimento Zr\/ZrO2 assistido a laser em Ti para implantes de suporte de carga<\/a>, Acta Biomaterialia 5, 7, 2800-2809<\/li>\n<li><a href=\"https:\/\/www.sciencedirect.com\/science\/article\/pii\/S0008622310003143\">Nanotubo de carbono endurecido com hidroxiapatita por sinteriza\u00e7\u00e3o de plasma faiscante: Evolu\u00e7\u00e3o microestrutural e propriedades tribol\u00f3gicas em m\u00faltiplas escalas<\/a>Carbono 48, 11, 3103-3120<\/li>\n<li><a href=\"https:\/\/www.sciencedirect.com\/science\/article\/pii\/S1359646210003003\">Processamento a laser de revestimento refor\u00e7ado com part\u00edculas de SiC sobre tit\u00e2nio<\/a>Scripta Materialia 63, 4, 438-441<\/li>\n<li><a href=\"https:\/\/www.sciencedirect.com\/science\/article\/pii\/S0928493110001724\">Taxa de desgaste in vitro e libera\u00e7\u00e3o de \u00edons CoCrMo-Ti6Al4V de composi\u00e7\u00e3o e estrutura<\/a>, Ci\u00eancia e Engenharia de Materiais: C 31, 4, 809-814<\/li>\n<li><a href=\"https:\/\/www.sciencedirect.com\/science\/article\/pii\/S0043164813004717\">Microestrutura e propriedades tribol\u00f3gicas da liga Tribaloy tratada com solu\u00e7\u00e3o<\/a>, Wear 307, 1-2, 22-27<\/li>\n<li><a href=\"https:\/\/www.sciencedirect.com\/science\/article\/pii\/S0040609009003216\">Crescimento, estrutura e comportamento de fric\u00e7\u00e3o de nanocompostos nanocompostos de tungst\u00eanio dopado com tit\u00e2nio (Ti-WS2)<\/a>, Thin Solid Films 517, 19, 5666-5675<\/li>\n<li><a href=\"https:\/\/www.sciencedirect.com\/science\/article\/pii\/S0008622309006381\">S\u00edntese do revestimento de \u00f3xido de alum\u00ednio com refor\u00e7o de nanotubo de carbono produzido por deposi\u00e7\u00e3o qu\u00edmica de vapor para melhor resist\u00eancia \u00e0 fratura e ao desgaste<\/a>Carbono 48, 2, 431-442<\/li>\n<li><a href=\"https:\/\/dx.doi.org\/10.1111\/j.1551-2916.2010.04345.x\">Uma Avalia\u00e7\u00e3o da Efic\u00e1cia da T\u00e9cnica de Indenta\u00e7\u00e3o Hertziana para Determinar a Resist\u00eancia \u00e0 Fratura de Materiais Br\u00e1lgicos<\/a>Journal of the American Ceramic Society 94, 7, 2153-2161<\/li>\n<li><a href=\"https:\/\/www.nature.com\/nature\/journal\/v536\/n7614\/pdf\/nature18948.pdf\">Tribofilmes \u00e0 base de carbono a partir de \u00f3leos lubrificantes<\/a>, Natureza 536, 67-71<\/li>\n<\/ul>\n<\/td>\n<\/tr>\n<\/tbody>\n<\/table>\n<p>&nbsp;<\/p>\n<p>&nbsp;<\/p>","protected":false},"excerpt":{"rendered":"<p>PUBLICATIONS Nanovea continues to advance measurement and surface research technology. More than 250 research articles featuring Nanovea instruments have been published on peer-reviewed journals. Below is a selected list of the articles. Please contact Nanovea for a full list of publications. PROFILOMETER Microstructure and wear properties of laser deposited WC\u201312%Co composites, Materials Science and Engineering: [&hellip;]<\/p>","protected":false},"author":1,"featured_media":0,"parent":0,"menu_order":0,"comment_status":"closed","ping_status":"closed","template":"","meta":{"_exactmetrics_skip_tracking":false,"_exactmetrics_sitenote_active":false,"_exactmetrics_sitenote_note":"","_exactmetrics_sitenote_category":0,"footnotes":""},"class_list":["post-2271","page","type-page","status-publish","hentry"],"_links":{"self":[{"href":"https:\/\/nanovea.com\/pt\/wp-json\/wp\/v2\/pages\/2271","targetHints":{"allow":["GET"]}}],"collection":[{"href":"https:\/\/nanovea.com\/pt\/wp-json\/wp\/v2\/pages"}],"about":[{"href":"https:\/\/nanovea.com\/pt\/wp-json\/wp\/v2\/types\/page"}],"author":[{"embeddable":true,"href":"https:\/\/nanovea.com\/pt\/wp-json\/wp\/v2\/users\/1"}],"replies":[{"embeddable":true,"href":"https:\/\/nanovea.com\/pt\/wp-json\/wp\/v2\/comments?post=2271"}],"version-history":[{"count":7,"href":"https:\/\/nanovea.com\/pt\/wp-json\/wp\/v2\/pages\/2271\/revisions"}],"predecessor-version":[{"id":4148,"href":"https:\/\/nanovea.com\/pt\/wp-json\/wp\/v2\/pages\/2271\/revisions\/4148"}],"wp:attachment":[{"href":"https:\/\/nanovea.com\/pt\/wp-json\/wp\/v2\/media?parent=2271"}],"curies":[{"name":"wp","href":"https:\/\/api.w.org\/{rel}","templated":true}]}}