{"id":2226,"date":"2016-01-21T17:59:36","date_gmt":"2016-01-21T17:59:36","guid":{"rendered":"http:\/\/nanovea.com\/?page_id=2226"},"modified":"2018-11-16T17:07:33","modified_gmt":"2018-11-16T17:07:33","slug":"teste-de-temperatura-tribologia","status":"publish","type":"page","link":"https:\/\/nanovea.com\/pt\/teste-de-temperatura-tribologia\/","title":{"rendered":"Teste de Tribologia de Temperatura"},"content":{"rendered":"<div class=\"wonderpluginslider-container\" id=\"wonderpluginslider-container-5\" style=\"max-width:1035px;margin:0 auto;padding-left:0px;padding-right:0px;padding-top:0px;padding-bottom:0px;\"><div class=\"wonderpluginslider\" id=\"wonderpluginslider-5\" data-sliderid=\"5\" data-width=\"1035\" data-height=\"380\" data-skin=\"cube\" data-autoplay=\"true\" data-randomplay=\"false\" data-loadimageondemand=\"false\" data-transitiononfirstslide=\"false\" data-autoplayvideo=\"false\" data-isresponsive=\"true\" data-fullwidth=\"false\" data-isfullscreen=\"false\" data-ratioresponsive=\"false\" data-showtext=\"true\" data-showtimer=\"false\" data-showbottomshadow=\"false\" data-navshowpreview=\"false\" data-textautohide=\"true\" data-lightboxresponsive=\"true\" data-lightboxshownavigation=\"false\" data-lightboxshowtitle=\"true\" data-lightboxshowdescription=\"false\" data-texteffectresponsive=\"true\" data-donotinit=\"false\" data-addinitscript=\"false\" data-lightboxfullscreenmode=\"false\" data-lightboxcloseonoverlay=\"true\" data-lightboxvideohidecontrols=\"false\" data-lightboxnogroup=\"false\" data-lightboxautoslide=\"false\" data-lightboxshowtimer=\"true\" data-lightboxshowplaybutton=\"true\" data-lightboxalwaysshownavarrows=\"false\" data-lightboxshowtitleprefix=\"true\" data-titleusealt=\"false\" data-outputtext=\"false\" data-scalemode=\"fit\" data-arrowstyle=\"always\" data-transition=\"slide\" data-loop=\"0\" data-border=\"0\" data-slideinterval=\"8000\" data-arrowimage=\"arrows-36-80-0.png\" data-arrowwidth=\"36\" data-arrowheight=\"80\" data-arrowtop=\"50\" data-arrowmargin=\"-18\" data-navstyle=\"bullets\" data-navimage=\"bullet-24-24-1.png\" data-navwidth=\"24\" data-navheight=\"24\" data-navspacing=\"8\" data-navmarginx=\"16\" data-navmarginy=\"16\" data-navposition=\"bottom\" data-playvideoimage=\"playvideo-64-64-0.png\" data-playvideoimagewidth=\"64\" data-playvideoimageheight=\"64\" data-lightboxthumbwidth=\"90\" data-lightboxthumbheight=\"60\" data-lightboxthumbtopmargin=\"12\" data-lightboxthumbbottommargin=\"4\" data-lightboxbarheight=\"64\" data-lightboxtitlebottomcss=\"color:#333; font-size:14px; font-family:Armata,sans-serif,Arial; overflow:hidden; text-align:left;\" data-lightboxdescriptionbottomcss=\"color:#333; font-size:12px; font-family:Arial,Helvetica,sans-serif; overflow:hidden; text-align:left; margin:4px 0px 0px; padding: 0px;\" data-textformat=\"Color box\" data-textpositionstatic=\"bottom\" data-textpositiondynamic=\"topleft\" data-paddingleft=\"0\" data-paddingright=\"0\" data-paddingtop=\"0\" data-paddingbottom=\"0\" data-texteffectresponsivesize=\"640\" data-fadeduration=\"1000\" data-crossfadeduration=\"1000\" data-slideduration=\"1000\" data-elasticduration=\"1000\" data-sliceduration=\"1500\" data-blindsduration=\"1500\" data-blocksduration=\"1500\" data-shuffleduration=\"1500\" data-tilesduration=\"2000\" data-kenburnsduration=\"5000\" data-flipduration=\"1500\" data-flipwithzoomduration=\"2000\" data-threedduration=\"1500\" data-threedhorizontalduration=\"1500\" data-threedwithzoomduration=\"2500\" data-threedhorizontalwithzoomduration=\"2200\" data-threedflipduration=\"1500\" data-threedflipwithzoomduration=\"2000\" data-threedtilesduration=\"2000\" data-threedfallback=\"flip\" data-threedhorizontalfallback=\"flip\" data-threedwithzoomfallback=\"flipwithzoom\" data-threedhorizontalwithzoomfallback=\"flipwithzoom\" data-threedflipfallback=\"flip\" data-threedflipwithzoomfallback=\"flipwithzoom\" data-threedtilesfallback=\"tiles\" data-ratiomediumscreen=\"800\" data-ratiomediumheight=\"1.2\" data-ratiosmallscreen=\"480\" data-ratiosmallheight=\"1.6\" data-lightboxtitlestyle=\"bottom\" data-lightboximagepercentage=\"75\" data-lightboxdefaultvideovolume=\"1\" data-lightboxoverlaybgcolor=\"#000\" data-lightboxoverlayopacity=\"0.9\" data-lightboxbgcolor=\"#fff\" data-lightboxtitleprefix=\"%NUM \/ %TOTAL\" data-lightboxtitleinsidecss=\"color:#fff; font-size:16px; font-family:Arial,Helvetica,sans-serif; overflow:hidden; text-align:left;\" data-lightboxdescriptioninsidecss=\"color:#fff; font-size:12px; font-family:Arial,Helvetica,sans-serif; overflow:hidden; text-align:left; margin:4px 0px 0px; padding: 0px;\" data-lightboxslideinterval=\"5000\" data-lightboxtimerposition=\"bottom\" data-lightboxtimercolor=\"#dc572e\" data-lightboxtimeropacity=\"1\" data-lightboxbordersize=\"8\" data-lightboxborderradius=\"0\" data-textcss=\"display:block; padding:8px 16px; text-align:left;\" data-textbgcss=\"display:none;\" data-titlecss=\"color: #1b96cf;    font-family: &quot;Open Sans&quot;,sans-serif;    font-size: 32px;    margin-top: 25px;    margin-left: -20px;    font-weight:bold;\" data-descriptioncss=\"color: #282828;    font-size: 18px;    line-height: 30px;    margin-left: -20px;    margin-top: 03px;\" data-buttoncss=\"display:block; position:relative; margin-top:10px;\" data-titlecssresponsive=\"font-size:12px;\" data-descriptioncssresponsive=\"display:none !important;\" data-buttoncssresponsive=\"font-size: 9px !important;width:100%;\" data-jsfolder=\"https:\/\/nanovea.com\/wp-content\/plugins\/wonderplugin-slider-lite\/engine\/\" style=\"display:none;\" ><ul class=\"amazingslider-slides\"  style=\"display:none;\"><li><img decoding=\"async\" class=\"amazingslider-img-elem amazingsliderimg\" src=\"https:\/\/nanovea.com\/wp-content\/uploads\/2015\/04\/temperature-tribology-1.jpg\" alt=\"TRIBOLOGIA DA TEMPERATURA\" title=\"TRIBOLOGIA DA TEMPERATURA\" data-description=\"Sample and pin completely enclosed in the oven\" \/><\/li><li><img decoding=\"async\" class=\"amazingslider-img-elem amazingsliderimg\" src=\"https:\/\/nanovea.com\/wp-content\/uploads\/2015\/04\/temperature-tribology-2.jpg\" alt=\"TRIBOLOGIA DA TEMPERATURA\" title=\"TRIBOLOGIA DA TEMPERATURA\" data-description=\"Evolution of wear track depth\" \/><\/li><li><img decoding=\"async\" class=\"amazingslider-img-elem amazingsliderimg\" src=\"https:\/\/nanovea.com\/wp-content\/uploads\/2015\/04\/temperature-tribology-3.jpg\" alt=\"TRIBOLOGIA DA TEMPERATURA\" title=\"TRIBOLOGIA DA TEMPERATURA\" data-description=\"Scratch Hardness &amp; Wear Rate comparison\" \/><\/li><\/ul><\/div><\/div>\n<h1><strong>INTRODU\u00c7\u00c3O \u00c0 TRIBOLOGIA DA TEMPERATURA <\/strong><\/h1>\n<p><a href=\"https:\/\/nanovea.com\/tribometers\">Instrumentos Tribom\u00e9tricos<\/a> | <a href=\"https:\/\/nanovea.com\/lab-services\/\">Servi\u00e7os de Laborat\u00f3rio<\/a> | <a href=\"https:\/\/nanovea.com\/rotative-wear-test\">Rotativo<\/a> | <a href=\"https:\/\/nanovea.com\/linear-wear-test\">Linear<\/a> | <a href=\"https:\/\/nanovea.com\/application-notes\">Notas de Aplica\u00e7\u00e3o<\/a><\/p>\n<div class=\"product-desc\">\n<p align=\"justify\"><strong>Processo de Tribologia de Temperatura:<br \/>\n<\/strong>A temperatura desempenha um papel cr\u00edtico na extens\u00e3o dos danos por desgaste dos materiais. o Nanovea Tribometer conduz experimentos de desgaste a temperaturas elevadas at\u00e9 1200\u00b0C para o teste rotativo e at\u00e9 450\u00b0C para o teste linear. O contato do processo de desgaste \u00e9 totalmente fechado em um grande forno que garante uma temperatura uniforme e est\u00e1vel ao redor da amostra e do contra material durante o teste de desgaste. O casal t\u00e9rmico \u00e9 montado para estar muito pr\u00f3ximo do ponto de contato ou tocando diretamente a parte de tr\u00e1s da esfera dentro do suporte da esfera para obter a melhor precis\u00e3o da leitura da temperatura. O forno remov\u00edvel permite que os usu\u00e1rios realizem outros tipos de testes adicionando m\u00f3dulos suplementares. O projeto exclusivo do dissipador de calor no eixo principal do motor rotativo faz com que o fornecimento de ar seja suficiente para resfriar a eletr\u00f4nica no compartimento inferior durante o teste de desgaste a 1200\u00b0C. A c\u00e9lula de carga \u00e9 auto calibrada para altas temperaturas a fim de garantir dados precisos. Uma unidade e c\u00e2mara de resfriamento permite o teste at\u00e9 -40\u00b0C, permitindo uma gama completa de condi\u00e7\u00f5es para aplica\u00e7\u00f5es como borracha de pneu ou outras partes sujeitas a temperaturas mais frias.<\/p>\n<p>&nbsp;<\/p>\n<p><strong>Normas:<\/strong><\/p>\n<p>- ASTM G99<\/p>\n<p>- ASTM G133<\/p>\n<p>&nbsp;<\/p>\n<p><strong>Propriedades Analisadas Durante o Desgaste em Temperatura:<\/strong><\/p>\n<p>- Taxas de desgaste<\/p>\n<p>- Coeficiente de Atrito<\/p>\n<p>- Comportamento de Desgaste em Temperatura<\/p>\n<p>&nbsp;<\/p>\n<p><strong>Controles de software durante o desgaste por temperatura:<\/strong><\/p>\n<p>- Desgaste e Atrito em Temperaturas Diferentes<\/p>\n<p>- Controle de velocidade vari\u00e1vel durante o teste e muitos outros<\/p>\n<p>&nbsp;<\/p>\n<p><strong>Controles Ambientais Durante o Desgaste em Temperatura:<\/strong><\/p>\n<p>- Atmosfera diferente (Ar, N2, G\u00e1s Inerte, etc.)<\/p>\n<p>- V\u00e1rias temperaturas<\/p>\n<p>&nbsp;<\/p>\n<p><strong>Dicas: (Diamante, WC, Al2O3 e muitos outros materiais):<\/strong><\/p>\n<p>- bola de 3, 6, 10 e 25mm<\/p>\n<p>- Tamanhos de bola personalizados<\/p>\n<p>- Pinos personalizados<\/p>\n<p>- Placa plana<\/p>\n<p>- Geometrias personalizadas<\/p>\n<p>&nbsp;<\/p>\n<p><strong>Titulares da(s) amostra(s):<\/strong><\/p>\n<p>- Grampo padr\u00e3o<\/p>\n<p>- Montagem do clipe na placa de base<\/p>\n<p>- Outros suportes de amostras dispon\u00edveis para geometrias variadas<\/p>\n<p>&nbsp;<\/p>\n<p><strong>Testes adicionais de Tribologia:<\/strong><\/p>\n<p><a href=\"https:\/\/nanovea.com\/liquid-tribology-testing\" target=\"_blank\" rel=\"noopener noreferrer\">L\u00edquido<br \/>\n<\/a><\/p>\n<p><a href=\"https:\/\/nanovea.com\/corrosion-tribology-testing\" target=\"_blank\" rel=\"noopener noreferrer\">Corros\u00e3o<\/a><\/p>\n<\/div>","protected":false},"excerpt":{"rendered":"<p>TEMPERATURE TRIBOLOGY INTRO Tribometer Instruments | Lab Services | Rotative | Linear | Application Notes Temperature Tribology Process: Temperature plays a critical role on the extent of wear damage to materials. the Nanovea Tribometer conducts wear experiments at elevated temperatures up to 1200\u00b0C for the rotative test and up to 450\u00b0C for the linear test. [&hellip;]<\/p>","protected":false},"author":1,"featured_media":0,"parent":0,"menu_order":0,"comment_status":"closed","ping_status":"closed","template":"","meta":{"_exactmetrics_skip_tracking":false,"_exactmetrics_sitenote_active":false,"_exactmetrics_sitenote_note":"","_exactmetrics_sitenote_category":0,"footnotes":""},"class_list":["post-2226","page","type-page","status-publish","hentry"],"_links":{"self":[{"href":"https:\/\/nanovea.com\/pt\/wp-json\/wp\/v2\/pages\/2226","targetHints":{"allow":["GET"]}}],"collection":[{"href":"https:\/\/nanovea.com\/pt\/wp-json\/wp\/v2\/pages"}],"about":[{"href":"https:\/\/nanovea.com\/pt\/wp-json\/wp\/v2\/types\/page"}],"author":[{"embeddable":true,"href":"https:\/\/nanovea.com\/pt\/wp-json\/wp\/v2\/users\/1"}],"replies":[{"embeddable":true,"href":"https:\/\/nanovea.com\/pt\/wp-json\/wp\/v2\/comments?post=2226"}],"version-history":[{"count":16,"href":"https:\/\/nanovea.com\/pt\/wp-json\/wp\/v2\/pages\/2226\/revisions"}],"predecessor-version":[{"id":4053,"href":"https:\/\/nanovea.com\/pt\/wp-json\/wp\/v2\/pages\/2226\/revisions\/4053"}],"wp:attachment":[{"href":"https:\/\/nanovea.com\/pt\/wp-json\/wp\/v2\/media?parent=2226"}],"curies":[{"name":"wp","href":"https:\/\/api.w.org\/{rel}","templated":true}]}}