{"id":220,"date":"2015-03-04T17:51:07","date_gmt":"2015-03-04T17:51:07","guid":{"rendered":"http:\/\/nanovea.com\/?page_id=220"},"modified":"2021-07-30T21:34:11","modified_gmt":"2021-07-30T21:34:11","slug":"tribometro-aplicacoes","status":"publish","type":"page","link":"https:\/\/nanovea.com\/pt\/tribometro-aplicacoes\/","title":{"rendered":"Aplica\u00e7\u00f5es do Trib\u00f4metro"},"content":{"rendered":"<div id=\"newslider\" style=\"min-height:auto; overflow:hidden;\">\n<ul>\n<li>\n<div class=\"slider-text\">\n<h2>TRIB\u00d4METROS<\/h2>\n<p>Teste de fric\u00e7\u00e3o com controle de velocidade preciso\n<\/p><\/div>\n<p><!--<img decoding=\"async\" src=\"https:\/\/nanovea.com\/wp-content\/uploads\/2015\/04\/slide-tapplications.jpg\" alt=\"\" \/>!--><br \/>\n<img decoding=\"async\" src=\"https:\/\/nanovea.com\/wp-content\/uploads\/2018\/01\/app-tribo.jpg\" alt=\"\" \/>\n<\/li>\n<\/ul>\n<\/div>\n<h1 align=\"justify\"><strong>APLICA\u00c7\u00d5ES DO TRIB\u00d4METRO<\/strong><\/h1>\n<p align=\"justify\"><a href=\"https:\/\/nanovea.com\/tribometers\">Trib\u00f4metros<\/a> | <a href=\"https:\/\/nanovea.com\/rotative-wear-test\">Rotativo<\/a> | <a href=\"https:\/\/nanovea.com\/linear-wear-test\">Linear<\/a> | <a href=\"https:\/\/nanovea.com\/tribometer-optics\"> \u00d3ptica<\/a> | <a href=\"https:\/\/nanovea.com\/application-notes\">Notas de Aplica\u00e7\u00e3o<\/a> | <a href=\"https:\/\/nanovea.com\/tribometer-brochure\" target=\"_blank\" rel=\"noopener\">Trib\u00f4metros Download<\/a> | <a href=\"https:\/\/nanovea.com\/tribometers-video\" target=\"_blank\" rel=\"noopener\">Assista ao v\u00eddeo<\/a><\/p>\n<p>Os Trib\u00f4metros Nanovea medem o atrito de desgaste rotativo e linear em um \u00fanico sistema, com op\u00e7\u00f5es de controle de temperatura, atomosfera e l\u00edquidos. A tribologia \u00e9 um estudo importante em quase todas as ind\u00fastrias, inclusive: Automotiva, Aeroespacial, Metal\u00fargica, Usinagem, Revestimentos, Farmac\u00eautica, Biom\u00e9dica, Ambiental e muitas outras.<\/p>\n<table border=\"0\" width=\"1016\" cellspacing=\"0\" cellpadding=\"0\">\n<tbody>\n<tr>\n<td width=\"254\">\n<div align=\"center\"><img decoding=\"async\" src=\"https:\/\/nanovea.com\/wp-content\/themes\/wp-nanovea\/images\/images\/app4.jpg\" alt=\"Superf\u00edcies usinadas\" width=\"150\" height=\"113\" \/><\/div>\n<\/td>\n<td width=\"254\">\n<div align=\"center\"><img decoding=\"async\" src=\"https:\/\/nanovea.com\/wp-content\/themes\/wp-nanovea\/images\/images\/app15.jpg\" alt=\"Superf\u00edcies \u00f3pticas\" width=\"150\" height=\"113\" \/><\/div>\n<\/td>\n<td width=\"254\">\n<div align=\"center\"><img decoding=\"async\" class=\"alignnone\" src=\"https:\/\/nanovea.com\/wp-content\/themes\/wp-nanovea\/images\/images\/app7.jpg\" alt=\"Superf\u00edcies de papel\" width=\"150\" height=\"113\" \/><\/div>\n<\/td>\n<td width=\"254\">\n<div align=\"center\"><img loading=\"lazy\" decoding=\"async\" class=\"alignnone\" src=\"https:\/\/nanovea.com\/wp-content\/themes\/wp-nanovea\/images\/images\/app16.jpg\" alt=\"Superf\u00edcies Farmac\u00eauticas\" width=\"150\" height=\"113\" \/><\/div>\n<\/td>\n<\/tr>\n<\/tbody>\n<\/table>\n<table border=\"0\" width=\"1016\" cellspacing=\"0\" cellpadding=\"0\">\n<tbody>\n<tr>\n<td width=\"254\">\n<div align=\"center\">\n<p>&nbsp;<\/p>\n<p><img loading=\"lazy\" decoding=\"async\" src=\"https:\/\/nanovea.com\/wp-content\/themes\/wp-nanovea\/images\/images\/app1.jpg\" alt=\"Superf\u00edcies Farmac\u00eauticas\" width=\"150\" height=\"113\" \/><\/p>\n<\/div>\n<\/td>\n<td width=\"254\">\n<div align=\"center\">\n<p>&nbsp;<\/p>\n<p><img loading=\"lazy\" decoding=\"async\" class=\"alignnone\" src=\"https:\/\/nanovea.com\/wp-content\/themes\/wp-nanovea\/images\/images\/app20.jpg\" alt=\"Superf\u00edcies de concreto\" width=\"150\" height=\"113\" \/><\/p>\n<\/div>\n<\/td>\n<td width=\"254\">\n<div align=\"center\">\n<p>&nbsp;<\/p>\n<p><img loading=\"lazy\" decoding=\"async\" class=\"alignnone\" src=\"https:\/\/nanovea.com\/wp-content\/themes\/wp-nanovea\/images\/images\/app12.jpg\" alt=\"Superf\u00edcies Biom\u00e9dicas\" width=\"150\" height=\"113\" \/><\/p>\n<\/div>\n<\/td>\n<td width=\"254\">\n<div align=\"center\">\n<p>&nbsp;<\/p>\n<p><img loading=\"lazy\" decoding=\"async\" src=\"https:\/\/nanovea.com\/wp-content\/themes\/wp-nanovea\/images\/images\/app6.jpg\" alt=\"Superf\u00edcies ambientais\" width=\"150\" height=\"113\" \/><\/p>\n<\/div>\n<\/td>\n<\/tr>\n<\/tbody>\n<\/table>\n<table border=\"0\" width=\"1016\" cellspacing=\"0\" cellpadding=\"0\">\n<tbody>\n<tr>\n<td width=\"254\">\n<div align=\"center\">\n<p>&nbsp;<\/p>\n<p><img loading=\"lazy\" decoding=\"async\" class=\"alignnone\" src=\"https:\/\/nanovea.com\/wp-content\/themes\/wp-nanovea\/images\/images\/app19.jpg\" alt=\"Superf\u00edcie automotiva\" width=\"150\" height=\"113\" \/><\/p>\n<\/div>\n<\/td>\n<td width=\"254\">\n<div align=\"center\">\n<p>&nbsp;<\/p>\n<p><img loading=\"lazy\" decoding=\"async\" class=\"alignnone\" src=\"https:\/\/nanovea.com\/wp-content\/themes\/wp-nanovea\/images\/images\/app17.jpg\" alt=\"Superf\u00edcie do wafer\" width=\"150\" height=\"113\" \/><\/p>\n<\/div>\n<\/td>\n<td width=\"254\">\n<div align=\"center\">\n<p>&nbsp;<\/p>\n<p><img loading=\"lazy\" decoding=\"async\" class=\"alignnone\" src=\"https:\/\/nanovea.com\/wp-content\/themes\/wp-nanovea\/images\/images\/app9.jpg\" alt=\"Superf\u00edcie do freio\" width=\"150\" height=\"113\" \/><\/p>\n<\/div>\n<\/td>\n<td width=\"254\">\n<div align=\"center\">\n<p>&nbsp;<\/p>\n<p><img loading=\"lazy\" decoding=\"async\" class=\"alignnone\" src=\"https:\/\/nanovea.com\/wp-content\/themes\/wp-nanovea\/images\/images\/app10.jpg\" alt=\"Superf\u00edcie da ferramenta\" width=\"150\" height=\"113\" \/><\/p>\n<\/div>\n<\/td>\n<\/tr>\n<\/tbody>\n<\/table>\n<p>&nbsp;<\/p>","protected":false},"excerpt":{"rendered":"<p>TRIB\u00d4METROS Teste de atrito de desgaste com controle de velocidade de precis\u00e3o TRIB\u00d4METRO APLICA\u00c7\u00d5ES Trib\u00f4metros | Rotativo | Linear | \u00d3ptica | Notas de Aplica\u00e7\u00e3o | Baixar Trib\u00f4metros | Assista ao v\u00eddeo Os Trib\u00f4metros Nanovea medem o atrito de desgaste rotativo e linear em um \u00fanico sistema, com op\u00e7\u00f5es de controle de temperatura, atmosfera e l\u00edquido. A tribologia \u00e9 um estudo importante em quase todas as ind\u00fastrias, incluindo: [\u2026]<\/p>","protected":false},"author":1,"featured_media":0,"parent":0,"menu_order":0,"comment_status":"open","ping_status":"open","template":"tpl-newslider.php","meta":{"_exactmetrics_skip_tracking":false,"_exactmetrics_sitenote_active":false,"_exactmetrics_sitenote_note":"","_exactmetrics_sitenote_category":0,"footnotes":""},"class_list":["post-220","page","type-page","status-publish","hentry"],"_links":{"self":[{"href":"https:\/\/nanovea.com\/pt\/wp-json\/wp\/v2\/pages\/220","targetHints":{"allow":["GET"]}}],"collection":[{"href":"https:\/\/nanovea.com\/pt\/wp-json\/wp\/v2\/pages"}],"about":[{"href":"https:\/\/nanovea.com\/pt\/wp-json\/wp\/v2\/types\/page"}],"author":[{"embeddable":true,"href":"https:\/\/nanovea.com\/pt\/wp-json\/wp\/v2\/users\/1"}],"replies":[{"embeddable":true,"href":"https:\/\/nanovea.com\/pt\/wp-json\/wp\/v2\/comments?post=220"}],"version-history":[{"count":14,"href":"https:\/\/nanovea.com\/pt\/wp-json\/wp\/v2\/pages\/220\/revisions"}],"predecessor-version":[{"id":12705,"href":"https:\/\/nanovea.com\/pt\/wp-json\/wp\/v2\/pages\/220\/revisions\/12705"}],"wp:attachment":[{"href":"https:\/\/nanovea.com\/pt\/wp-json\/wp\/v2\/media?parent=220"}],"curies":[{"name":"wp","href":"https:\/\/api.w.org\/{rel}","templated":true}]}}