{"id":211,"date":"2015-03-04T17:02:19","date_gmt":"2015-03-04T17:02:19","guid":{"rendered":"http:\/\/nanovea.com\/?page_id=211"},"modified":"2018-10-19T15:29:56","modified_gmt":"2018-10-19T15:29:56","slug":"desgaste-superficial-africcao","status":"publish","type":"page","link":"https:\/\/nanovea.com\/pt\/desgaste-superficial-africcao\/","title":{"rendered":"A fric\u00e7\u00e3o por desgaste superficial"},"content":{"rendered":"<div id=\"newslider\" style=\"min-height: auto; overflow: hidden;\">\n<ul>\n<li>\n<div class=\"slider-text\">\n<h2>TRIB\u00d4METROS<\/h2>\n<p>Atrito de Desgaste<\/p>\n<\/div>\n<p><img decoding=\"async\" src=\"https:\/\/nanovea.com\/wp-content\/uploads\/2015\/07\/slide-wear-friction.jpg\" alt=\"\" \/><\/li>\n<\/ul>\n<\/div>\n<h1><strong>TESTE DE TRIBOLOGIA DE FRIC\u00c7\u00c3O | DESGASTE SUPERFICIAL <\/strong><\/h1>\n<div class=\"product-desc\">\n<p align=\"justify\">Baseado em <a href=\"https:\/\/www.astm.org\/Standards\/G99.htm\">ASTM G99<\/a> e <a href=\"https:\/\/www.astm.org\/Standards\/G133.htm\">ASTM G133<\/a>. Usando uma esfera, pino ou suporte plano \u00e9 fixado ao bra\u00e7o de medi\u00e7\u00e3o que pode ser posicionado com precis\u00e3o a uma resolu\u00e7\u00e3o de 2,5micron usando a mesa motorizada padr\u00e3o. Com a carga adicionada, o disco de amostra \u00e9 girado a uma velocidade conhecida que cria fric\u00e7\u00e3o entre a esfera superior, o pino ou o suporte plano e o disco de amostra inferior. Para medi\u00e7\u00e3o do desgaste, a perda de peso pode ser medida usando uma escala de peso sens\u00edvel antes e depois do teste. Al\u00e9m disso, um LVDT pode ser acoplado ao bra\u00e7o de medi\u00e7\u00e3o para registrar a profundidade durante o teste. Isto d\u00e1 a possibilidade de acompanhar a mudan\u00e7a da taxa de desgaste em rela\u00e7\u00e3o ao tempo. A for\u00e7a de atrito \u00e9 medida diretamente com uma c\u00e9lula de carga r\u00edgida que oferece alta resolu\u00e7\u00e3o com excelente estabilidade mec\u00e2nica e t\u00e9rmica; ao contr\u00e1rio de outros sistemas que dependem apenas do LVDT para a medi\u00e7\u00e3o de atrito. V\u00e1rias op\u00e7\u00f5es de teste est\u00e3o dispon\u00edveis para acompanhar de perto as condi\u00e7\u00f5es reais do ambiente, incluindo controle de Temperatura, L\u00edquido e Atmosfera. Al\u00e9m disso, para medir com precis\u00e3o o volume da pista de desgaste, um profiler \u00f3ptico 3D completo sem contato pode ser integrado na plataforma Tribometer para quantificar a perda de desgaste em um m\u00e9todo r\u00e1pido e conveniente sem remo\u00e7\u00e3o de amostras.<\/p>\n<p>&nbsp;<\/p>\n<p><strong>Propriedades Analisadas Durante o Teste de Atrito de Desgaste:<\/strong><\/p>\n<p>- Coeficiente de Atrito<\/p>\n<p>- Taxas de desgaste<\/p>\n<p>- Pontos de falha<\/p>\n<p>- Contato el\u00e9trico<\/p>\n<p>- Estudos de lubrifica\u00e7\u00e3o e outros<\/p>\n<p>&nbsp;<\/p>\n<p><a href=\"https:\/\/nanovea.com\/tribometers\">&lt; de volta aos Trib\u00f4metros<\/a><\/p>\n<p align=\"justify\">\n<\/div>","protected":false},"excerpt":{"rendered":"<p>TRIBOMETERS Wear Friction SURFACE WEAR | FRICTION TRIBOLOGY TESTING Based from ASTM G99 and ASTM G133. Using a ball, pin or flat holder is attached to the measuring arm which can be precisely positioned to a resolution of 2.5micron using the standard motorized table. With load added, the sample disk is rotated at a known [&hellip;]<\/p>","protected":false},"author":1,"featured_media":0,"parent":0,"menu_order":0,"comment_status":"open","ping_status":"open","template":"","meta":{"_exactmetrics_skip_tracking":false,"_exactmetrics_sitenote_active":false,"_exactmetrics_sitenote_note":"","_exactmetrics_sitenote_category":0,"footnotes":""},"class_list":["post-211","page","type-page","status-publish","hentry"],"_links":{"self":[{"href":"https:\/\/nanovea.com\/pt\/wp-json\/wp\/v2\/pages\/211","targetHints":{"allow":["GET"]}}],"collection":[{"href":"https:\/\/nanovea.com\/pt\/wp-json\/wp\/v2\/pages"}],"about":[{"href":"https:\/\/nanovea.com\/pt\/wp-json\/wp\/v2\/types\/page"}],"author":[{"embeddable":true,"href":"https:\/\/nanovea.com\/pt\/wp-json\/wp\/v2\/users\/1"}],"replies":[{"embeddable":true,"href":"https:\/\/nanovea.com\/pt\/wp-json\/wp\/v2\/comments?post=211"}],"version-history":[{"count":9,"href":"https:\/\/nanovea.com\/pt\/wp-json\/wp\/v2\/pages\/211\/revisions"}],"predecessor-version":[{"id":3574,"href":"https:\/\/nanovea.com\/pt\/wp-json\/wp\/v2\/pages\/211\/revisions\/3574"}],"wp:attachment":[{"href":"https:\/\/nanovea.com\/pt\/wp-json\/wp\/v2\/media?parent=211"}],"curies":[{"name":"wp","href":"https:\/\/api.w.org\/{rel}","templated":true}]}}