{"id":2057,"date":"2015-10-13T20:36:14","date_gmt":"2015-10-13T20:36:14","guid":{"rendered":"http:\/\/nanovea.com\/?page_id=2057"},"modified":"2024-03-07T00:46:39","modified_gmt":"2024-03-07T00:46:39","slug":"politica-de-privacidade","status":"publish","type":"page","link":"https:\/\/nanovea.com\/pt\/politica-de-privacidade\/","title":{"rendered":"Pol\u00edtica de Privacidade"},"content":{"rendered":"<p><strong>Pol\u00edtica geral de privacidade da NANOVEA<\/strong><\/p>\n<p>A prote\u00e7\u00e3o de seus dados pessoais \u00e9 de import\u00e2ncia cr\u00edtica para n\u00f3s. Seus dados pessoais s\u00e3o processados somente com base nas leis de prote\u00e7\u00e3o de dados aplic\u00e1veis (GDPR). Tomamos medidas cuidadosas para proteger seus dados contra perda, manipula\u00e7\u00e3o e acesso n\u00e3o autorizado. As medidas est\u00e3o de acordo com o estado atual da tecnologia. Nesta declara\u00e7\u00e3o sobre nossa Pol\u00edtica de Privacidade de Dados, informamos a voc\u00ea sobre os aspectos mais importantes no contexto do processamento de dados em nosso website.<br \/>\n<strong><br \/>\n1.) Armazenamento de dados de acesso em arquivos de log do servidor<\/strong><\/p>\n<p>Voc\u00ea pode visitar nosso website sem revelar nenhuma informa\u00e7\u00e3o pessoal. Armazenamos apenas os dados de acesso em arquivos de log do servidor, tais como os nomes dos arquivos solicitados, a data e hora da consulta, os volumes de dados transferidos, tipo de navegador, endere\u00e7o IP e o provedor solicitante. Estes dados s\u00e3o avaliados exclusivamente para garantir o funcionamento sem problemas do site e para melhorar nossa oferta, mas n\u00e3o permitem tirar conclus\u00f5es sobre a pessoa por tr\u00e1s do usu\u00e1rio. No caso de indica\u00e7\u00f5es concretas de uso ilegal, reservamo-nos o direito de rever os dados retrospectivamente.<\/p>\n<p><strong>2.)  Biscoitos<\/strong><\/p>\n<p>Nosso website faz uso dos chamados cookies para reconhecer o uso repetido de nosso website pelo mesmo usu\u00e1rio\/assinante de conex\u00e3o da Internet. Os cookies s\u00e3o pequenos arquivos de texto que seu navegador de internet baixa e armazena em seu computador. Eles s\u00e3o usados para melhorar nosso website e nossos servi\u00e7os.<\/p>\n<p>At\u00e9 certo ponto, por\u00e9m, estes cookies tamb\u00e9m transmitem informa\u00e7\u00f5es usadas para reconhec\u00ea-lo automaticamente. O reconhecimento \u00e9 poss\u00edvel porque seu endere\u00e7o IP \u00e9 salvo nos cookies. As informa\u00e7\u00f5es assim obtidas s\u00e3o usadas para melhorar nossos servi\u00e7os e para facilitar o acesso ao site.<\/p>\n<p>Voc\u00ea pode evitar que os cookies sejam instalados ajustando as configura\u00e7\u00f5es do software do seu navegador de acordo. Voc\u00ea deve estar ciente, entretanto, que ao fazer isso voc\u00ea pode n\u00e3o ser capaz de fazer pleno uso de todas as fun\u00e7\u00f5es de nosso website. Ao utilizar este website sem desativar a instala\u00e7\u00e3o de cookies no software de seu navegador, voc\u00ea consente com o processamento de seus dados coletados pelo Google da maneira e para os prop\u00f3sitos acima expostos.<\/p>\n<p><strong>3.) Contatando-nos<\/strong><\/p>\n<p>Em nosso site oferecemos a oportunidade de entrar em contato conosco atrav\u00e9s de nossos formul\u00e1rios de contato, via e-mail ou via Chat (ver se\u00e7\u00e3o 7). Para fins de processamento de seu pedido e posterior comunica\u00e7\u00e3o com voc\u00ea, as informa\u00e7\u00f5es fornecidas ser\u00e3o armazenadas e encaminhadas aos respons\u00e1veis (ver se\u00e7\u00e3o 7). Uma compara\u00e7\u00e3o dos dados coletados com os dados, que podem ser coletados por outros componentes do nosso site, tamb\u00e9m n\u00e3o \u00e9 feita. Se voc\u00ea entrar em contato conosco atrav\u00e9s de um link de e-mail (por exemplo <a href=\"mailto:info@nanovea.com\">info@nanovea.com<\/a>), a data e a hora do correio recebido, remetente e destinat\u00e1rio, e o assunto do e-mail ser\u00e3o registrados. Uma avalia\u00e7\u00e3o destes dados \u00e9 feita apenas para reconstruir e corrigir desvios sist\u00eamicos.<\/p>\n<p><strong>4.) Boletim informativo <\/strong><\/p>\n<p>Voc\u00ea tem a oportunidade de assinar nossa newsletter atrav\u00e9s de nosso website. Para isso, precisamos de seu nome e seu endere\u00e7o de e-mail, bem como da declara\u00e7\u00e3o de que voc\u00ea concorda com a assinatura do boletim informativo. Ao nos fornecer seu endere\u00e7o de e-mail antes de fazer o download de nossos folhetos, entrar em contato conosco via bate-papo ao vivo ou e-mail, voc\u00ea d\u00e1 voluntariamente seu consentimento opcional para ser adicionado \u00e0 nossa lista de correio e receber nossa Newsletter.<\/p>\n<p>A fim de fornecer a voc\u00ea informa\u00e7\u00f5es espec\u00edficas, tamb\u00e9m coletamos e processamos as informa\u00e7\u00f5es voluntariamente fornecidas por voc\u00ea.<\/p>\n<p>Voc\u00ea pode cancelar a assinatura do boletim a qualquer momento. Favor enviar seu cancelamento para o seguinte endere\u00e7o de e-mail: <a href=\"mailto:info@nanovea.com\">info@nanovea.com<\/a>. Apagaremos imediatamente seus dados em conex\u00e3o com o envio do boletim informativo.<\/p>\n<p><strong>5.) Uso do Google Analytics <\/strong><\/p>\n<p>Este site usa o Google Analytics, um servi\u00e7o de an\u00e1lise web fornecido pela Google Inc., 1600 Amphitheatre Parkway Mountain View, CA 94043, EUA (\"Google\").<\/p>\n<p>O Google Analytics tamb\u00e9m utiliza cookies, ou seja, arquivos de texto salvos atrav\u00e9s do navegador em seu computador que permitem que nosso website o reconhe\u00e7a quando voc\u00ea revisita nosso website, bem como para analisar seu uso do website. Usamos esta an\u00e1lise para estruturar nossa oferta de forma amig\u00e1vel e para otimizar nosso website de acordo com seus interesses.<\/p>\n<p>Encontre mais informa\u00e7\u00f5es sobre o Google Analytics e a Opt-Out-Out-Option <a href=\"https:\/\/tools.google.com\/dlpage\/gaoptout\">aqui<\/a><\/p>\n<p><strong>6.) Transmiss\u00e3o de dados<\/strong><\/p>\n<p>Os dados s\u00e3o processados para efeitos de cumprimento de requisitos legais, cumprimento de um contrato, processamento de consultas de clientes sobre nossos produtos e servi\u00e7os e para garantir as rotinas comerciais da NANOVEA.<\/p>\n<p>Os parceiros contratuais da NANOVEA, como parceiros de distribui\u00e7\u00e3o, consultores fiscais ou prestadores de servi\u00e7os, como empresas de transporte para entrega de mercadorias ou solu\u00e7\u00f5es de software de terceiros (como Chat), utilizam os dados transmitidos por n\u00f3s ou transmitidos a n\u00f3s apenas para o cumprimento da respetiva finalidade definida. N\u00e3o \u00e9 permitida uma utiliza\u00e7\u00e3o diferente dos dados.<\/p>\n<p><strong>7.) Seus direitos<\/strong><\/p>\n<p>Voc\u00ea tem direito \u00e0 informa\u00e7\u00e3o, direito de acesso, direito de retifica\u00e7\u00e3o, direito de apagamento, direito de restri\u00e7\u00e3o de processamento, direito \u00e0 portabilidade dos dados e direito de obje\u00e7\u00e3o.<\/p>\n<p>Favor entrar em contato conosco se voc\u00ea tiver perguntas relativas \u00e0 coleta, processamento ou uso de seus dados pessoais, e tamb\u00e9m se voc\u00ea tiver alguma d\u00favida, quiser corrigir os dados, bloquear ou apagar dados, retirar seu consentimento ou apresentar uma obje\u00e7\u00e3o a um determinado tipo de uso dos dados (ver se\u00e7\u00e3o 8).<\/p>\n<p>Se voc\u00ea acredita que o processamento de seus dados pessoais n\u00e3o cumpre com a lei de prote\u00e7\u00e3o de dados, voc\u00ea tem o direito de apresentar uma reclama\u00e7\u00e3o \u00e0 autoridade fiscalizadora competente.<\/p>\n<p><strong>8.) Restri\u00e7\u00f5es \u00e0 extra\u00e7\u00e3o automatizada de dados e utiliza\u00e7\u00e3o de IA<\/strong><\/p>\n<p>A coleta automatizada de dados, incluindo o uso de IA e algoritmos de aprendizado de m\u00e1quina para extrair dados de nosso site, incluindo notas de aplica\u00e7\u00e3o e resultados de testes publicados, bem como o uso desses dados para fins de treinamento de aprendizado de m\u00e1quina, \u00e9 estritamente proibido sem autoriza\u00e7\u00e3o pr\u00e9via por escrito da NANOVEA .<\/p>\n<p><strong>9.) \u00d3rg\u00e3o respons\u00e1vel e contato <\/strong><\/p>\n<p>NANOVEA<br \/>\n6 Morgan STE 156<br \/>\nIrvine, CA 92618<\/p>\n<p>Contato para suas preocupa\u00e7\u00f5es com privacidade: <a href=\"mailto:info@nanovea.com\">info@nanovea.com<\/a><\/p>","protected":false},"excerpt":{"rendered":"<p>General privacy policy of NANOVEA The protection of your personal data is of critical importance us. Your personal data is only processed on the basis of the applicable data protection laws (GDPR). We take careful measures to protect your data from loss, manipulation, and unauthorized access. The measures are in accordance with the current state [&hellip;]<\/p>","protected":false},"author":1,"featured_media":0,"parent":0,"menu_order":0,"comment_status":"closed","ping_status":"closed","template":"","meta":{"_exactmetrics_skip_tracking":false,"_exactmetrics_sitenote_active":false,"_exactmetrics_sitenote_note":"","_exactmetrics_sitenote_category":0,"footnotes":""},"class_list":["post-2057","page","type-page","status-publish","hentry"],"_links":{"self":[{"href":"https:\/\/nanovea.com\/pt\/wp-json\/wp\/v2\/pages\/2057","targetHints":{"allow":["GET"]}}],"collection":[{"href":"https:\/\/nanovea.com\/pt\/wp-json\/wp\/v2\/pages"}],"about":[{"href":"https:\/\/nanovea.com\/pt\/wp-json\/wp\/v2\/types\/page"}],"author":[{"embeddable":true,"href":"https:\/\/nanovea.com\/pt\/wp-json\/wp\/v2\/users\/1"}],"replies":[{"embeddable":true,"href":"https:\/\/nanovea.com\/pt\/wp-json\/wp\/v2\/comments?post=2057"}],"version-history":[{"count":11,"href":"https:\/\/nanovea.com\/pt\/wp-json\/wp\/v2\/pages\/2057\/revisions"}],"predecessor-version":[{"id":23706,"href":"https:\/\/nanovea.com\/pt\/wp-json\/wp\/v2\/pages\/2057\/revisions\/23706"}],"wp:attachment":[{"href":"https:\/\/nanovea.com\/pt\/wp-json\/wp\/v2\/media?parent=2057"}],"curies":[{"name":"wp","href":"https:\/\/api.w.org\/{rel}","templated":true}]}}