{"id":149,"date":"2015-03-04T15:24:09","date_gmt":"2015-03-04T15:24:09","guid":{"rendered":"http:\/\/nanovea.com\/?page_id=149"},"modified":"2018-11-21T17:56:52","modified_gmt":"2018-11-21T17:56:52","slug":"nano-modulo","status":"publish","type":"page","link":"https:\/\/nanovea.com\/pt\/nano-modulo\/","title":{"rendered":"M\u00f3dulo Nano"},"content":{"rendered":"<div id=\"newslider\" style=\"min-height: auto; overflow: hidden;\">\n<ul>\n<li>\n<div class=\"slider-text\">\n<h2>M\u00d3DULO NANO<\/h2>\n<p>For\u00e7a independente, sensores de profundidade e<br \/>\nmedi\u00e7\u00e3o cont\u00ednua da carga aplicada<br \/>\ndurante os modos de recuo, arranh\u00e3o e desgaste.<\/p>\n<\/div>\n<p><!--<img fetchpriority=\"high\" decoding=\"async\" class=\"alignnone\" src=\"https:\/\/nanovea.com\/wp-content\/uploads\/2015\/04\/slide-nanomodule.jpg\" alt=\"Nanoindenter\" width=\"1033\" height=\"345\" \/>!--><br \/>\n<a href=\"https:\/\/nanovea.com\/wp-content\/uploads\/2018\/11\/Micro-Module-with-Nano-Box.jpg\"><img decoding=\"async\" class=\"alignnone size-full wp-image-4216\" src=\"https:\/\/nanovea.com\/wp-content\/uploads\/2018\/11\/Micro-Module-with-Nano-Box.jpg\" alt=\"\" width=\"1033\" height=\"345\" \/><\/a><\/li>\n<\/ul>\n<\/div>\n<h1><strong>INTRODU\u00c7\u00c3O AO M\u00d3DULO NANO<\/strong><\/h1>\n<p><a href=\"https:\/\/nanovea.com\/mechanical-tester\">Testadores Mec\u00e2nicos <\/a>| <a href=\"https:\/\/nanovea.com\/micro-macro-module\">Micro M\u00f3dulo<\/a> | <a href=\"https:\/\/nanovea.com\/application-notes\">Notas de Aplica\u00e7\u00e3o<\/a><\/p>\n<div class=\"product-pic\"><\/div>\n<div class=\"product-desc\">\n<p align=\"justify\">Projetado com a vis\u00e3o de fornecer aos clientes alta precis\u00e3o com facilidade de uso, longevidade com baixo custo de manuten\u00e7\u00e3o; o m\u00f3dulo nano consegue isso com sua combina\u00e7\u00e3o \u00fanica de atuador piezo, c\u00e9lula de carga ultra-sens\u00edvel e um grande anel condensador de superf\u00edcie, todos alinhados verticalmente para m\u00e1xima rigidez. O uso exclusivo de sensores independentes de profundidade e carga garantem alta precis\u00e3o em todas as condi\u00e7\u00f5es, mas tamb\u00e9m proporcionam excelente detec\u00e7\u00e3o do ponto de contato, j\u00e1 que a carga aplicada \u00e9 medida diretamente pelo sensor independente quando o reentrante toca a superf\u00edcie pela primeira vez. O m\u00f3dulo tamb\u00e9m fornece um verdadeiro circuito fechado de feedback de controle usando dados de profundidade ou sensor de carga independente. Esta caracter\u00edstica \u00e9 essencial para reagir com rapidez e precis\u00e3o a eventos r\u00e1pidos, como durante testes de arranh\u00f5es e desgaste ou quando ocorrem fraturas durante a indenta\u00e7\u00e3o. A medi\u00e7\u00e3o da carga real aplicada garante tamb\u00e9m precis\u00e3o durante os testes r\u00e1pidos de DMA e permite autom\u00e1tico. A c\u00e9lula de carga ultra-sens\u00edvel tamb\u00e9m \u00e9 simples de calibrar com uma escala de peso direta. Portanto, cada m\u00f3dulo Nano pode ser calibrado rapidamente, pelo usu\u00e1rio, em menos de 15 minutos para Carga, Profundidade e Conformidade. Isto garante a precis\u00e3o constante dos dados ao longo do tempo e de um instrumento para outro. A Nanovea atinge esta alta precis\u00e3o com alguns dos melhores n\u00edveis de ru\u00eddo comparativos da ind\u00fastria.<\/p>\n<p align=\"justify\">O m\u00f3dulo fornece testes em escala nanom\u00e9trica durante os modos de indenta\u00e7\u00e3o, teste de arranh\u00f5es e teste de desgaste. Cada modo de teste oferece uma ampla gama de testes que podem fornecer propriedades como dureza, flu\u00eancia, m\u00f3dulo el\u00e1stico, curvas de tens\u00e3o-deforma\u00e7\u00e3o, resist\u00eancia ao escoamento, fadiga, m\u00f3dulo de perda e armazenamento, resist\u00eancia \u00e0 fratura, taxa de desgaste, coeficiente de fric\u00e7\u00e3o, resist\u00eancia a arranh\u00f5es e marca\u00e7\u00e3o, deforma\u00e7\u00e3o pl\u00e1stica\/el\u00e1stica entre outros testes. Em combina\u00e7\u00e3o com a mesa motorizada x-y integrada, pode-se testar em locais muito espec\u00edficos ou fazer um mapeamento completo das propriedades em uma \u00e1rea escolhida. De fato, o projeto exclusivo do m\u00f3dulo nano com o atuador piezo permite a realiza\u00e7\u00e3o de travess\u00f5es precisos em menos de 3 segundos, tornando poss\u00edvel o mapeamento em minutos. O m\u00f3dulo Nano \u00e9 ideal para a caracteriza\u00e7\u00e3o precisa de revestimentos ou filmes industriais finos. Exemplos incluem revestimentos de pol\u00edmeros finos para a ind\u00fastria de dispositivos m\u00e9dicos e v\u00e1rios revestimentos finos para a ind\u00fastria solar e de lentes \u00f3pticas. Outra grande aplica\u00e7\u00e3o do nano m\u00f3dulo \u00e9 a marca\u00e7\u00e3o de superf\u00edcies superiores, como vernizes transparentes usados na ind\u00fastria automobil\u00edstica e outros revestimentos de prote\u00e7\u00e3o usados em dispositivos port\u00e1teis, como eletr\u00f4nicos m\u00f3veis.<\/p>\n<p align=\"justify\">O M\u00f3dulo Nano foi projetado para alta estabilidade t\u00e9rmica com dados brutos de desvio t\u00e9rmico n\u00e3o corrigido de &lt; 0,02 nm\/seg. Em altas temperaturas, o forno fornece temperatura uniforme da ponta e da amostra para maior precis\u00e3o e menores n\u00edveis de deriva sem compensa\u00e7\u00e3o. Quando utilizado com o forno de alta temperatura, o m\u00f3dulo Nano \u00e9 projetado com MACOR com material de baixo coeficiente de expans\u00e3o t\u00e9rmica de &lt; 10-6 \/ \u00b0C . Isto reduz qualquer deriva t\u00e9rmica a alta temperatura.<\/p>\n<p><strong>MODOS DE TESTE NANO<\/strong><\/p>\n<p><a href=\"https:\/\/nanovea.com\/nano-indentation-tester\">Nanoindenta\u00e7\u00e3o | Teste de Dureza Nano<\/a><strong><br \/>\n<\/strong><\/p>\n<p><a href=\"https:\/\/nanovea.com\/nano-scratch-tester\">Nano Scratch | Teste de ader\u00eancia<\/a><\/p>\n<p><a href=\"https:\/\/nanovea.com\/nano-wear-tester\">Nano Wear | Teste de fric\u00e7\u00e3o<\/a><\/p>\n<\/div>","protected":false},"excerpt":{"rendered":"<p>NANO MODULE Independent force, depth sensors and continuous measurement of applied load during indentation, scratch and wear modes. NANO MODULE INTRO Mechanical Testers | Micro Module | Application Notes Designed with the vision of providing clients high accuracy with ease of use, longevity with low maintenance cost; the nano module achieves this with its unique [&hellip;]<\/p>","protected":false},"author":1,"featured_media":0,"parent":0,"menu_order":0,"comment_status":"open","ping_status":"open","template":"tpl-newslider.php","meta":{"_exactmetrics_skip_tracking":false,"_exactmetrics_sitenote_active":false,"_exactmetrics_sitenote_note":"","_exactmetrics_sitenote_category":0,"footnotes":""},"class_list":["post-149","page","type-page","status-publish","hentry"],"_links":{"self":[{"href":"https:\/\/nanovea.com\/pt\/wp-json\/wp\/v2\/pages\/149","targetHints":{"allow":["GET"]}}],"collection":[{"href":"https:\/\/nanovea.com\/pt\/wp-json\/wp\/v2\/pages"}],"about":[{"href":"https:\/\/nanovea.com\/pt\/wp-json\/wp\/v2\/types\/page"}],"author":[{"embeddable":true,"href":"https:\/\/nanovea.com\/pt\/wp-json\/wp\/v2\/users\/1"}],"replies":[{"embeddable":true,"href":"https:\/\/nanovea.com\/pt\/wp-json\/wp\/v2\/comments?post=149"}],"version-history":[{"count":22,"href":"https:\/\/nanovea.com\/pt\/wp-json\/wp\/v2\/pages\/149\/revisions"}],"predecessor-version":[{"id":4217,"href":"https:\/\/nanovea.com\/pt\/wp-json\/wp\/v2\/pages\/149\/revisions\/4217"}],"wp:attachment":[{"href":"https:\/\/nanovea.com\/pt\/wp-json\/wp\/v2\/media?parent=149"}],"curies":[{"name":"wp","href":"https:\/\/api.w.org\/{rel}","templated":true}]}}