{"id":104,"date":"2015-03-03T22:13:43","date_gmt":"2015-03-03T22:13:43","guid":{"rendered":"http:\/\/nanovea.com\/?page_id=104"},"modified":"2022-04-25T14:42:01","modified_gmt":"2022-04-25T14:42:01","slug":"medida-de-altura-passo-de-superficie","status":"publish","type":"page","link":"https:\/\/nanovea.com\/pt\/surface-step-height-measurement\/","title":{"rendered":"Medi\u00e7\u00e3o da Altura da Superf\u00edcie"},"content":{"rendered":"<div class=\"wonderpluginslider-container\" id=\"wonderpluginslider-container-21\" style=\"max-width:1035px;margin:0 auto;padding-left:0px;padding-right:0px;padding-top:0px;padding-bottom:0px;\"><div class=\"wonderpluginslider\" id=\"wonderpluginslider-21\" data-sliderid=\"21\" data-width=\"1035\" data-height=\"375\" data-skin=\"cube\" data-autoplay=\"true\" data-randomplay=\"false\" data-loadimageondemand=\"false\" data-transitiononfirstslide=\"false\" data-autoplayvideo=\"false\" data-isresponsive=\"true\" data-fullwidth=\"false\" data-isfullscreen=\"false\" data-ratioresponsive=\"false\" data-showtext=\"true\" data-showtimer=\"false\" data-showbottomshadow=\"false\" data-navshowpreview=\"false\" data-textautohide=\"true\" data-lightboxresponsive=\"true\" data-lightboxshownavigation=\"false\" data-lightboxshowtitle=\"true\" data-lightboxshowdescription=\"false\" data-texteffectresponsive=\"true\" data-donotinit=\"false\" data-addinitscript=\"false\" data-lightboxfullscreenmode=\"false\" data-lightboxcloseonoverlay=\"true\" data-lightboxvideohidecontrols=\"false\" data-lightboxnogroup=\"false\" data-lightboxautoslide=\"false\" data-lightboxshowtimer=\"true\" data-lightboxshowplaybutton=\"true\" data-lightboxalwaysshownavarrows=\"false\" data-lightboxshowtitleprefix=\"true\" data-titleusealt=\"false\" data-outputtext=\"false\" data-scalemode=\"fit\" data-arrowstyle=\"always\" data-transition=\"slide\" data-loop=\"0\" data-border=\"0\" data-slideinterval=\"8000\" data-arrowimage=\"arrows-36-80-0.png\" data-arrowwidth=\"36\" data-arrowheight=\"80\" data-arrowtop=\"50\" data-arrowmargin=\"-18\" data-navstyle=\"bullets\" data-navimage=\"bullet-24-24-1.png\" data-navwidth=\"24\" data-navheight=\"24\" data-navspacing=\"8\" data-navmarginx=\"16\" data-navmarginy=\"16\" data-navposition=\"bottom\" data-playvideoimage=\"playvideo-64-64-0.png\" data-playvideoimagewidth=\"64\" data-playvideoimageheight=\"64\" data-lightboxthumbwidth=\"90\" data-lightboxthumbheight=\"60\" data-lightboxthumbtopmargin=\"12\" data-lightboxthumbbottommargin=\"4\" data-lightboxbarheight=\"64\" data-lightboxtitlebottomcss=\"color:#333; font-size:14px; font-family:Armata,sans-serif,Arial; overflow:hidden; text-align:left;\" data-lightboxdescriptionbottomcss=\"color:#333; font-size:12px; font-family:Arial,Helvetica,sans-serif; overflow:hidden; text-align:left; margin:4px 0px 0px; padding: 0px;\" data-textformat=\"Color box\" data-textpositionstatic=\"bottom\" data-textpositiondynamic=\"topleft\" data-paddingleft=\"0\" data-paddingright=\"0\" data-paddingtop=\"0\" data-paddingbottom=\"0\" data-texteffectresponsivesize=\"640\" data-fadeduration=\"1000\" data-crossfadeduration=\"1000\" data-slideduration=\"1000\" data-elasticduration=\"1000\" data-sliceduration=\"1500\" data-blindsduration=\"1500\" data-blocksduration=\"1500\" data-shuffleduration=\"1500\" data-tilesduration=\"2000\" data-kenburnsduration=\"5000\" data-flipduration=\"1500\" data-flipwithzoomduration=\"2000\" data-threedduration=\"1500\" data-threedhorizontalduration=\"1500\" data-threedwithzoomduration=\"2500\" data-threedhorizontalwithzoomduration=\"2200\" data-threedflipduration=\"1500\" data-threedflipwithzoomduration=\"2000\" data-threedtilesduration=\"2000\" data-threedfallback=\"flip\" data-threedhorizontalfallback=\"flip\" data-threedwithzoomfallback=\"flipwithzoom\" data-threedhorizontalwithzoomfallback=\"flipwithzoom\" data-threedflipfallback=\"flip\" data-threedflipwithzoomfallback=\"flipwithzoom\" data-threedtilesfallback=\"tiles\" data-ratiomediumscreen=\"800\" data-ratiomediumheight=\"1.2\" data-ratiosmallscreen=\"480\" data-ratiosmallheight=\"1.6\" data-lightboxtitlestyle=\"bottom\" data-lightboximagepercentage=\"75\" data-lightboxdefaultvideovolume=\"1\" data-lightboxoverlaybgcolor=\"#000\" data-lightboxoverlayopacity=\"0.9\" data-lightboxbgcolor=\"#fff\" data-lightboxtitleprefix=\"%NUM \/ %TOTAL\" data-lightboxtitleinsidecss=\"color:#fff; font-size:16px; font-family:Arial,Helvetica,sans-serif; overflow:hidden; text-align:left;\" data-lightboxdescriptioninsidecss=\"color:#fff; font-size:12px; font-family:Arial,Helvetica,sans-serif; overflow:hidden; text-align:left; margin:4px 0px 0px; padding: 0px;\" data-lightboxslideinterval=\"5000\" data-lightboxtimerposition=\"bottom\" data-lightboxtimercolor=\"#dc572e\" data-lightboxtimeropacity=\"1\" data-lightboxbordersize=\"8\" data-lightboxborderradius=\"0\" data-textcss=\"display:block; padding:8px 16px; text-align:left;\" data-textbgcss=\"display:none;\" data-titlecss=\"color: #1b96cf;    font-family: &quot;Open Sans&quot;,sans-serif;    font-size: 32px;    font-weight: bold;    line-height: 44px;    margin-bottom: 0;    margin-top: 20px;    text-transform: uppercase;\" data-descriptioncss=\"color: #282828;    font-size: 18px;    line-height: 30px;\" data-buttoncss=\"display:block; position:relative; margin-top:10px;\" data-titlecssresponsive=\"font-size:12px;\" data-descriptioncssresponsive=\"display:none !important;\" data-buttoncssresponsive=\"font-size: 9px !important;width:100%;\" data-jsfolder=\"https:\/\/nanovea.com\/wp-content\/plugins\/wonderplugin-slider-lite\/engine\/\" style=\"display:none;\" ><ul class=\"amazingslider-slides\"  style=\"display:none;\"><li><img decoding=\"async\" class=\"amazingslider-img-elem amazingsliderimg\" src=\"http:\/\/nanovea.com\/wp-content\/uploads\/2015\/04\/step-height-2d-3d.jpg\" alt=\"ALTURA DO DEGRAU | PROFUNDIDADE | ESPESSURA\" title=\"ALTURA DO DEGRAU | PROFUNDIDADE | ESPESSURA\" data-description=\"Precise measurement of step height, depth and thickness &lt;br \/&gt;with a single 2D profile or 3D area\" \/><\/li><li><img decoding=\"async\" class=\"amazingslider-img-elem amazingsliderimg\" src=\"http:\/\/nanovea.com\/wp-content\/uploads\/2015\/04\/step-height-large-area.jpg\" alt=\"ALTURA DO DEGRAU | PROFUNDIDADE | ESPESSURA\" title=\"ALTURA DO DEGRAU | PROFUNDIDADE | ESPESSURA\" data-description=\"Accurately measure height and depth across large areas\" \/><\/li><li><img decoding=\"async\" class=\"amazingslider-img-elem amazingsliderimg\" src=\"http:\/\/nanovea.com\/wp-content\/uploads\/2015\/04\/step-height-challenging.jpg\" alt=\"ALTURA DO DEGRAU | PROFUNDIDADE | ESPESSURA\" title=\"ALTURA DO DEGRAU | PROFUNDIDADE | ESPESSURA\" data-description=\"Superior ability to accurately measure step height on&lt;br \/&gt;challenging surfaces\" \/><\/li><\/ul><\/div><\/div>\n<h1><strong>MEDI\u00c7\u00c3O DA ALTURA DO DEGRAU DE SUPERF\u00cdCIE | PROFUNDIDADE E ESPESSURA<\/strong><\/h1>\n<p><a href=\"https:\/\/nanovea.com\/profilometer\">Instrumentos de perfil\u00f4metro<\/a> | <a href=\"https:\/\/nanovea.com\/lab-services\/\">Servi\u00e7os de Laborat\u00f3rio<\/a> | <a href=\"https:\/\/nanovea.com\/chromatic-confocal\">Luz Confocal Crom\u00e1tica<\/a> | <a href=\"https:\/\/nanovea.com\/application-notes\">Notas de Aplica\u00e7\u00e3o<\/a><\/p>\n<div class=\"product-desc\">\n<p>A t\u00e9cnica crom\u00e1tica confocal oferece as melhores medidas precisas de alturas de passos de 60nm a 20mm. A vantagem da t\u00e9cnica para medir com precis\u00e3o a espessura reside no fato de que o confocal crom\u00e1tico n\u00e3o \u00e9 influenciado por grandes mudan\u00e7as na refletividade ou na textura, como em algum momento visto quando se passa de um revestimento para seu substrato. A espessura de uma camada transparente \u00f3ptica tamb\u00e9m pode ser medida com resolu\u00e7\u00e3o e alcance similares (&gt; 7\u03bcm).<\/p>\n<p>&nbsp;<\/p>\n<p><strong>Normas: <\/strong><\/p>\n<ul>\n<li>ISO 5436-1<\/li>\n<\/ul>\n<p>&nbsp;<\/p>\n<p align=\"justify\"><strong>An\u00e1lise de Medi\u00e7\u00e3o Padr\u00e3o:<\/strong><\/p>\n<ul>\n<li>Ponto a ponto<\/li>\n<li>Avi\u00e3o a avi\u00e3o<\/li>\n<li>Altura m\u00e1xima, m\u00ednima e m\u00e9dia<\/li>\n<li>Mapa de espessura 3D ou 2D<\/li>\n<li>Curva de distribui\u00e7\u00e3o de espessuras<\/li>\n<\/ul>\n<p>&nbsp;<\/p>\n<p><strong>Caracter\u00edsticas do software:<\/strong><\/p>\n<ul>\n<li>Digitaliza\u00e7\u00f5es de linha ou \u00e1rea facilmente definidas<\/li>\n<li>Receitas<\/li>\n<li>Resolu\u00e7\u00e3o lateral<\/li>\n<li>Exportar dados brutos e imagens<\/li>\n<li>Exibi\u00e7\u00e3o em tempo real<\/li>\n<li>Relat\u00f3rios autom\u00e1ticos<\/li>\n<li>Suporte multil\u00edng\u00fce<\/li>\n<li>Mapeamento<\/li>\n<\/ul>\n<p>&nbsp;<\/p>\n<p align=\"justify\"><strong>Caracter\u00edsticas do software de an\u00e1lise:<\/strong><\/p>\n<ul>\n<li>Filtragem<\/li>\n<li>Nivelamento<\/li>\n<li>Thresholding<\/li>\n<li>Zooming<\/li>\n<li>Ferramentas de sele\u00e7\u00e3o de \u00e1rea e remo\u00e7\u00e3o de formul\u00e1rios<\/li>\n<li>Subtrair e comparar fun\u00e7\u00f5es e muitas outras<\/li>\n<\/ul>\n<p>&nbsp;<\/p>\n<p align=\"justify\"><strong>Automa\u00e7\u00e3o avan\u00e7ada:<\/strong><\/p>\n<ul>\n<li>Foco autom\u00e1tico (\u00f3ptico e microsc\u00f3pio), modelo de an\u00e1lise autom\u00e1tica<\/li>\n<li>Macros de manuseio de amostras m\u00faltiplas<\/li>\n<li>F\u00e1cil sele\u00e7\u00e3o de \u00e1rea sob o microsc\u00f3pio para a cria\u00e7\u00e3o de perfis ou testes de AFM<\/li>\n<li>Dupla freq\u00fc\u00eancia autom\u00e1tica para superf\u00edcies com diferentes reflextividades<\/li>\n<li>Etapa rotacional<\/li>\n<li>Reconhecimento de padr\u00f5es<\/li>\n<li>Comunica\u00e7\u00f5es de banco de dados<\/li>\n<li>Limites de aprova\u00e7\u00e3o\/fal\u00eancia<\/li>\n<li>Sensores de linha para medi\u00e7\u00f5es at\u00e9 200 vezes mais r\u00e1pidas<\/li>\n<\/ul>\n<p>&nbsp;<\/p>\n<p><strong>Titulares da(s) amostra(s) e condi\u00e7\u00f5es ambientais:<\/strong><\/p>\n<ul>\n<li>Porta amostras personalizadas e padr\u00e3o<\/li>\n<li>Etapa de aquecimento<\/li>\n<\/ul>\n<p>&nbsp;<\/p>\n<p><strong>Medidas de Superf\u00edcie Adicionais:<\/strong><strong><br \/>\n<\/strong><\/p>\n<p><a href=\"https:\/\/nanovea.com\/surface-roughness-measurement\">Medi\u00e7\u00e3o da Rugosidade da Superf\u00edcie<\/a><\/p>\n<p><a href=\"https:\/\/nanovea.com\/surface-profile-measurement\">Medi\u00e7\u00e3o do Perfil de Superf\u00edcie<\/a><\/p>\n<p><a href=\"https:\/\/nanovea.com\/surface-topography-measurement\">Medi\u00e7\u00e3o de Topografia de Superf\u00edcie<\/a><\/p>\n<p><a href=\"https:\/\/nanovea.com\/surface-flatness-measurement\">Medi\u00e7\u00e3o da planicidade da superf\u00edcie<\/a><\/p>\n<p><a href=\"https:\/\/nanovea.com\/surface-volume-measurement\">Medi\u00e7\u00e3o de Volume Superficial<\/a><\/p>\n<\/div>","protected":false},"excerpt":{"rendered":"<p>SURFACE STEP HEIGHT MEASUREMENT | DEPTH &amp; THICKNESS Profilometer Instruments | Lab Services | Chromatic Confocal | Application Notes The chromatic confocal technique offers the best accurately measures step heights from 60nm to 20mm. The advantage of the technique to accurately measure thickness lies on the fact that chromatic confocal is not influence by large [&hellip;]<\/p>\n","protected":false},"author":1,"featured_media":0,"parent":0,"menu_order":0,"comment_status":"open","ping_status":"open","template":"tpl-newslider.php","meta":{"_exactmetrics_skip_tracking":false,"_exactmetrics_sitenote_active":false,"_exactmetrics_sitenote_note":"","_exactmetrics_sitenote_category":0,"footnotes":""},"class_list":["post-104","page","type-page","status-publish","hentry"],"_links":{"self":[{"href":"https:\/\/nanovea.com\/pt\/wp-json\/wp\/v2\/pages\/104","targetHints":{"allow":["GET"]}}],"collection":[{"href":"https:\/\/nanovea.com\/pt\/wp-json\/wp\/v2\/pages"}],"about":[{"href":"https:\/\/nanovea.com\/pt\/wp-json\/wp\/v2\/types\/page"}],"author":[{"embeddable":true,"href":"https:\/\/nanovea.com\/pt\/wp-json\/wp\/v2\/users\/1"}],"replies":[{"embeddable":true,"href":"https:\/\/nanovea.com\/pt\/wp-json\/wp\/v2\/comments?post=104"}],"version-history":[{"count":23,"href":"https:\/\/nanovea.com\/pt\/wp-json\/wp\/v2\/pages\/104\/revisions"}],"predecessor-version":[{"id":19481,"href":"https:\/\/nanovea.com\/pt\/wp-json\/wp\/v2\/pages\/104\/revisions\/19481"}],"wp:attachment":[{"href":"https:\/\/nanovea.com\/pt\/wp-json\/wp\/v2\/media?parent=104"}],"curies":[{"name":"wp","href":"https:\/\/api.w.org\/{rel}","templated":true}]}}