{"id":101,"date":"2015-03-03T22:09:48","date_gmt":"2015-03-03T22:09:48","guid":{"rendered":"http:\/\/nanovea.com\/?page_id=101"},"modified":"2022-04-22T22:13:09","modified_gmt":"2022-04-22T22:13:09","slug":"medicao-de-superficie-volume-medida","status":"publish","type":"page","link":"https:\/\/nanovea.com\/pt\/medicao-de-superficie-volume-medida\/","title":{"rendered":"Medi\u00e7\u00e3o de Volume Superficial"},"content":{"rendered":"<div class=\"wonderpluginslider-container\" id=\"wonderpluginslider-container-23\" style=\"max-width:1035px;margin:0 auto;padding-left:0px;padding-right:0px;padding-top:0px;padding-bottom:0px;\"><div class=\"wonderpluginslider\" id=\"wonderpluginslider-23\" data-sliderid=\"23\" data-width=\"1035\" data-height=\"375\" data-skin=\"cube\" data-autoplay=\"true\" data-randomplay=\"false\" data-loadimageondemand=\"false\" data-transitiononfirstslide=\"false\" data-autoplayvideo=\"false\" data-isresponsive=\"true\" data-fullwidth=\"false\" data-isfullscreen=\"false\" data-ratioresponsive=\"false\" data-showtext=\"true\" data-showtimer=\"false\" data-showbottomshadow=\"false\" data-navshowpreview=\"false\" data-textautohide=\"true\" data-lightboxresponsive=\"true\" data-lightboxshownavigation=\"false\" data-lightboxshowtitle=\"true\" data-lightboxshowdescription=\"false\" data-texteffectresponsive=\"true\" data-donotinit=\"false\" data-addinitscript=\"false\" data-lightboxfullscreenmode=\"false\" data-lightboxcloseonoverlay=\"true\" data-lightboxvideohidecontrols=\"false\" data-lightboxnogroup=\"false\" data-lightboxautoslide=\"false\" data-lightboxshowtimer=\"true\" data-lightboxshowplaybutton=\"true\" data-lightboxalwaysshownavarrows=\"false\" data-lightboxshowtitleprefix=\"true\" data-titleusealt=\"false\" data-outputtext=\"false\" data-scalemode=\"fit\" data-arrowstyle=\"always\" data-transition=\"slide\" data-loop=\"0\" data-border=\"0\" data-slideinterval=\"8000\" data-arrowimage=\"arrows-36-80-0.png\" data-arrowwidth=\"36\" data-arrowheight=\"80\" data-arrowtop=\"50\" data-arrowmargin=\"-18\" data-navstyle=\"bullets\" data-navimage=\"bullet-24-24-1.png\" data-navwidth=\"24\" data-navheight=\"24\" data-navspacing=\"8\" data-navmarginx=\"16\" data-navmarginy=\"16\" data-navposition=\"bottom\" data-playvideoimage=\"playvideo-64-64-0.png\" data-playvideoimagewidth=\"64\" data-playvideoimageheight=\"64\" data-lightboxthumbwidth=\"90\" data-lightboxthumbheight=\"60\" data-lightboxthumbtopmargin=\"12\" data-lightboxthumbbottommargin=\"4\" data-lightboxbarheight=\"64\" data-lightboxtitlebottomcss=\"color:#333; font-size:14px; font-family:Armata,sans-serif,Arial; overflow:hidden; text-align:left;\" data-lightboxdescriptionbottomcss=\"color:#333; font-size:12px; font-family:Arial,Helvetica,sans-serif; overflow:hidden; text-align:left; margin:4px 0px 0px; padding: 0px;\" data-textformat=\"Color box\" data-textpositionstatic=\"bottom\" data-textpositiondynamic=\"topleft\" data-paddingleft=\"0\" data-paddingright=\"0\" data-paddingtop=\"0\" data-paddingbottom=\"0\" data-texteffectresponsivesize=\"640\" data-fadeduration=\"1000\" data-crossfadeduration=\"1000\" data-slideduration=\"1000\" data-elasticduration=\"1000\" data-sliceduration=\"1500\" data-blindsduration=\"1500\" data-blocksduration=\"1500\" data-shuffleduration=\"1500\" data-tilesduration=\"2000\" data-kenburnsduration=\"5000\" data-flipduration=\"1500\" data-flipwithzoomduration=\"2000\" data-threedduration=\"1500\" data-threedhorizontalduration=\"1500\" data-threedwithzoomduration=\"2500\" data-threedhorizontalwithzoomduration=\"2200\" data-threedflipduration=\"1500\" data-threedflipwithzoomduration=\"2000\" data-threedtilesduration=\"2000\" data-threedfallback=\"flip\" data-threedhorizontalfallback=\"flip\" data-threedwithzoomfallback=\"flipwithzoom\" data-threedhorizontalwithzoomfallback=\"flipwithzoom\" data-threedflipfallback=\"flip\" data-threedflipwithzoomfallback=\"flipwithzoom\" data-threedtilesfallback=\"tiles\" data-ratiomediumscreen=\"800\" data-ratiomediumheight=\"1.2\" data-ratiosmallscreen=\"480\" data-ratiosmallheight=\"1.6\" data-lightboxtitlestyle=\"bottom\" data-lightboximagepercentage=\"75\" data-lightboxdefaultvideovolume=\"1\" data-lightboxoverlaybgcolor=\"#000\" data-lightboxoverlayopacity=\"0.9\" data-lightboxbgcolor=\"#fff\" data-lightboxtitleprefix=\"%NUM \/ %TOTAL\" data-lightboxtitleinsidecss=\"color:#fff; font-size:16px; font-family:Arial,Helvetica,sans-serif; overflow:hidden; text-align:left;\" data-lightboxdescriptioninsidecss=\"color:#fff; font-size:12px; font-family:Arial,Helvetica,sans-serif; overflow:hidden; text-align:left; margin:4px 0px 0px; padding: 0px;\" data-lightboxslideinterval=\"5000\" data-lightboxtimerposition=\"bottom\" data-lightboxtimercolor=\"#dc572e\" data-lightboxtimeropacity=\"1\" data-lightboxbordersize=\"8\" data-lightboxborderradius=\"0\" data-textcss=\"display:block; padding:8px 16px; text-align:left;\" data-textbgcss=\"display:none;\" data-titlecss=\"color: #1b96cf;    font-family: &quot;Open Sans&quot;,sans-serif;    font-size: 32px;    font-weight: bold;    line-height: 44px;    margin-bottom: 0;    margin-top: 20px;    text-transform: uppercase;\" data-descriptioncss=\"color: #282828;    font-size: 18px;    line-height: 30px;\" data-buttoncss=\"display:block; position:relative; margin-top:10px;\" data-titlecssresponsive=\"font-size:12px;\" data-descriptioncssresponsive=\"display:none !important;\" data-buttoncssresponsive=\"font-size: 9px !important;width:100%;\" data-jsfolder=\"https:\/\/nanovea.com\/wp-content\/plugins\/wonderplugin-slider-lite\/engine\/\" style=\"display:none;\" ><ul class=\"amazingslider-slides\"  style=\"display:none;\"><li><img decoding=\"async\" class=\"amazingslider-img-elem amazingsliderimg\" src=\"https:\/\/nanovea.com\/wp-content\/uploads\/2015\/04\/volume-2D-3D.jpg\" alt=\"VOLUME | \u00c1REA\" title=\"VOLUME | \u00c1REA\" data-description=\"Precise measurement with&lt;br \/&gt;a single 2D profile or 3D area\" \/><\/li><li><img decoding=\"async\" class=\"amazingslider-img-elem amazingsliderimg\" src=\"https:\/\/nanovea.com\/wp-content\/uploads\/2015\/04\/volume-large-areas.jpg\" alt=\"VOLUME | \u00c1REA\" title=\"VOLUME | \u00c1REA\" data-description=\"Accurately measure volume&lt;br \/&gt;across large and rough areas\" \/><\/li><li><img decoding=\"async\" class=\"amazingslider-img-elem amazingsliderimg\" src=\"https:\/\/nanovea.com\/wp-content\/uploads\/2015\/04\/volume-area.jpg\" alt=\"VOLUME | \u00c1REA\" title=\"VOLUME | \u00c1REA\" data-description=\"Superior ability to compare &amp; &lt;br \/&gt;evaluate surface area\" \/><\/li><\/ul><\/div><\/div>\n<h1><strong>MEDI\u00c7\u00c3O DO VOLUME DE SUPERF\u00cdCIE | \u00c1REA<\/strong><\/h1>\n<p><a href=\"https:\/\/nanovea.com\/profilometer\">Instrumentos de perfil\u00f4metro<\/a> | <a href=\"https:\/\/nanovea.com\/lab-services\/\">Servi\u00e7os de Laborat\u00f3rio<\/a> | <a href=\"https:\/\/nanovea.com\/chromatic-confocal\">Luz Confocal Crom\u00e1tica<\/a> | <a href=\"https:\/\/nanovea.com\/application-notes\">Notas de Aplica\u00e7\u00e3o<\/a><\/p>\n<div class=\"product-desc\">\n<p align=\"justify\">A t\u00e9cnica crom\u00e1tica confocal proporciona o mais alto n\u00edvel de precis\u00e3o para a medi\u00e7\u00e3o de volume e \u00e1rea na mais ampla gama de materiais. Isto porque a t\u00e9cnica mede um comprimento de onda f\u00edsico direto ligado a uma altura espec\u00edfica que garante a precis\u00e3o dos dados. Quase qualquer superf\u00edcie de material pode ser medida, incluindo superf\u00edcies t\u00eaxteis e altamente corro\u00eddas, e os \u00e2ngulos de superf\u00edcie mais altos podem ser medidos sem a necessidade de algoritmos. Como os par\u00e2metros de teste n\u00e3o t\u00eam efeito sobre os resultados, os dados repet\u00edveis s\u00e3o f\u00e1ceis de comparar de amostra em amostra e de um instrumento para outro. Com reconhecimento de padr\u00f5es e automa\u00e7\u00e3o, al\u00e9m de condi\u00e7\u00f5es de falha e comunica\u00e7\u00e3o de banco de dados, o instrumento pode ser usado como uma ferramenta avan\u00e7ada de controle de qualidade.<\/p>\n<p>&nbsp;<\/p>\n<p><strong>Normas: <\/strong><\/p>\n<ul>\n<li>ISO 25178<\/li>\n<li>ISO 4287<\/li>\n<li>ISO 13565<\/li>\n<li>ISO 12085<\/li>\n<li>ISO 12780<\/li>\n<li>ISO 12181<\/li>\n<\/ul>\n<p>&nbsp;<\/p>\n<p align=\"justify\"><strong>An\u00e1lise de Medi\u00e7\u00e3o Padr\u00e3o:<\/strong><\/p>\n<ul>\n<li>Volume de vazios<\/li>\n<li>Volume da colina ou vale<\/li>\n<li>Pico ou fosso<\/li>\n<li>\u00c1rea de superf\u00edcie<\/li>\n<li>Profundidades m\u00e1xima e m\u00ednima<\/li>\n<li>O pico mais alto<\/li>\n<\/ul>\n<p>&nbsp;<\/p>\n<p><strong>Caracter\u00edsticas do software:<\/strong><\/p>\n<ul>\n<li>Digitaliza\u00e7\u00f5es de linha ou \u00e1rea facilmente definidas<\/li>\n<li>Receitas<\/li>\n<li>Resolu\u00e7\u00e3o lateral<\/li>\n<li>Exportar dados brutos e imagens<\/li>\n<li>Exibi\u00e7\u00e3o em tempo real<\/li>\n<li>Relat\u00f3rios autom\u00e1ticos<\/li>\n<li>Suporte multil\u00edng\u00fce<\/li>\n<li>Mapeamento<\/li>\n<\/ul>\n<p>&nbsp;<\/p>\n<p align=\"justify\"><strong>Caracter\u00edsticas do software de an\u00e1lise:<\/strong><\/p>\n<ul>\n<li>Filtragem<\/li>\n<li>Nivelamento<\/li>\n<li>Thresholding<\/li>\n<li>Zooming<\/li>\n<li>Ferramentas de sele\u00e7\u00e3o de \u00e1rea e remo\u00e7\u00e3o de formul\u00e1rios<\/li>\n<li>Subtrair e comparar fun\u00e7\u00f5es e muitas outras<\/li>\n<\/ul>\n<p>&nbsp;<\/p>\n<p align=\"justify\"><strong>Automa\u00e7\u00e3o avan\u00e7ada:<\/strong><\/p>\n<ul>\n<li>Foco autom\u00e1tico (\u00f3ptico e microsc\u00f3pio), modelo de an\u00e1lise autom\u00e1tica<\/li>\n<li>Macros de manuseio de amostras m\u00faltiplas<\/li>\n<li>F\u00e1cil sele\u00e7\u00e3o de \u00e1rea sob o microsc\u00f3pio para a cria\u00e7\u00e3o de perfis ou testes de AFM<\/li>\n<li>Dupla freq\u00fc\u00eancia autom\u00e1tica para superf\u00edcies com diferentes reflextividades<\/li>\n<li>Realiza\u00e7\u00e3o de rota\u00e7\u00f5es<\/li>\n<li>Reconhecimento de padr\u00f5es<\/li>\n<li>Comunica\u00e7\u00f5es de banco de dados<\/li>\n<li>Limites de aprova\u00e7\u00e3o\/fal\u00eancia<\/li>\n<li>Sensores de linha para medi\u00e7\u00f5es at\u00e9 200 vezes mais r\u00e1pidas<\/li>\n<\/ul>\n<p>&nbsp;<\/p>\n<p><strong>Titulares da(s) amostra(s) e condi\u00e7\u00f5es ambientais:<\/strong><\/p>\n<ul>\n<li>Porta amostras personalizadas e padr\u00e3o<\/li>\n<li>Etapa de aquecimento<\/li>\n<\/ul>\n<p>&nbsp;<\/p>\n<p><strong>Medidas de Superf\u00edcie Adicionais:<\/strong><\/p>\n<p><a href=\"https:\/\/nanovea.com\/surface-roughness-measurement\">Medi\u00e7\u00e3o da Rugosidade da Superf\u00edcie<\/a><\/p>\n<p><a href=\"https:\/\/nanovea.com\/surface-profile-measurement\">Medi\u00e7\u00e3o do Perfil de Superf\u00edcie<\/a><\/p>\n<p><a href=\"https:\/\/nanovea.com\/surface-topography-measurement\">Medi\u00e7\u00e3o de Topografia de Superf\u00edcie<\/a><\/p>\n<p><a href=\"https:\/\/nanovea.com\/surface-flatness-measurement\">Medi\u00e7\u00e3o da planicidade da superf\u00edcie<\/a><\/p>\n<p><a href=\"https:\/\/nanovea.com\/surface-step-height-measurement\">Medi\u00e7\u00e3o da Altura da Superf\u00edcie<\/a><\/p>\n<p>&nbsp;<\/p>\n<p align=\"justify\">\n<\/div>","protected":false},"excerpt":{"rendered":"<p>SURFACE VOLUME MEASUREMENT | AREA Profilometer Instruments | Lab Services | Chromatic Confocal | Application Notes The chromatic confocal technique provides the highest level of accuracy for volume and area measurement on the widest range of materials. This is because the technique measures a direct physical wavelength linked to a specific height which ensures accuracy [&hellip;]<\/p>","protected":false},"author":1,"featured_media":0,"parent":0,"menu_order":0,"comment_status":"open","ping_status":"open","template":"tpl-newslider.php","meta":{"_exactmetrics_skip_tracking":false,"_exactmetrics_sitenote_active":false,"_exactmetrics_sitenote_note":"","_exactmetrics_sitenote_category":0,"footnotes":""},"class_list":["post-101","page","type-page","status-publish","hentry"],"_links":{"self":[{"href":"https:\/\/nanovea.com\/pt\/wp-json\/wp\/v2\/pages\/101","targetHints":{"allow":["GET"]}}],"collection":[{"href":"https:\/\/nanovea.com\/pt\/wp-json\/wp\/v2\/pages"}],"about":[{"href":"https:\/\/nanovea.com\/pt\/wp-json\/wp\/v2\/types\/page"}],"author":[{"embeddable":true,"href":"https:\/\/nanovea.com\/pt\/wp-json\/wp\/v2\/users\/1"}],"replies":[{"embeddable":true,"href":"https:\/\/nanovea.com\/pt\/wp-json\/wp\/v2\/comments?post=101"}],"version-history":[{"count":20,"href":"https:\/\/nanovea.com\/pt\/wp-json\/wp\/v2\/pages\/101\/revisions"}],"predecessor-version":[{"id":19471,"href":"https:\/\/nanovea.com\/pt\/wp-json\/wp\/v2\/pages\/101\/revisions\/19471"}],"wp:attachment":[{"href":"https:\/\/nanovea.com\/pt\/wp-json\/wp\/v2\/media?parent=101"}],"curies":[{"name":"wp","href":"https:\/\/api.w.org\/{rel}","templated":true}]}}