{"id":99,"date":"2015-03-03T22:06:46","date_gmt":"2015-03-03T22:06:46","guid":{"rendered":"http:\/\/nanovea.com\/?page_id=99"},"modified":"2023-07-12T22:02:22","modified_gmt":"2023-07-12T22:02:22","slug":"pomiar-plaskosci-powierzchni","status":"publish","type":"page","link":"https:\/\/nanovea.com\/pl\/surface-flatness-measurement\/","title":{"rendered":"Pomiar p\u0142asko\u015bci powierzchni"},"content":{"rendered":"<div class=\"wonderpluginslider-container\" id=\"wonderpluginslider-container-18\" style=\"max-width:1035px;margin:0 auto;padding-left:0px;padding-right:0px;padding-top:0px;padding-bottom:0px;\"><div class=\"wonderpluginslider\" id=\"wonderpluginslider-18\" data-sliderid=\"18\" data-width=\"1035\" data-height=\"375\" data-skin=\"cube\" data-autoplay=\"true\" data-randomplay=\"false\" data-loadimageondemand=\"false\" data-transitiononfirstslide=\"false\" data-autoplayvideo=\"false\" data-isresponsive=\"true\" data-fullwidth=\"false\" data-isfullscreen=\"false\" data-ratioresponsive=\"false\" data-showtext=\"true\" data-showtimer=\"false\" data-showbottomshadow=\"false\" data-navshowpreview=\"false\" data-textautohide=\"true\" data-lightboxresponsive=\"true\" data-lightboxshownavigation=\"false\" data-lightboxshowtitle=\"true\" data-lightboxshowdescription=\"false\" data-texteffectresponsive=\"true\" data-donotinit=\"false\" data-addinitscript=\"false\" data-lightboxfullscreenmode=\"false\" data-lightboxcloseonoverlay=\"true\" data-lightboxvideohidecontrols=\"false\" data-lightboxnogroup=\"false\" data-lightboxautoslide=\"false\" data-lightboxshowtimer=\"true\" data-lightboxshowplaybutton=\"true\" data-lightboxalwaysshownavarrows=\"false\" data-lightboxshowtitleprefix=\"true\" data-titleusealt=\"false\" data-outputtext=\"false\" data-scalemode=\"fit\" data-arrowstyle=\"always\" data-transition=\"slide\" data-loop=\"0\" data-border=\"0\" data-slideinterval=\"8000\" data-arrowimage=\"arrows-36-80-0.png\" data-arrowwidth=\"36\" data-arrowheight=\"80\" data-arrowtop=\"50\" data-arrowmargin=\"-18\" data-navstyle=\"bullets\" data-navimage=\"bullet-24-24-1.png\" data-navwidth=\"24\" data-navheight=\"24\" data-navspacing=\"8\" data-navmarginx=\"16\" data-navmarginy=\"16\" data-navposition=\"bottom\" data-playvideoimage=\"playvideo-64-64-0.png\" data-playvideoimagewidth=\"64\" data-playvideoimageheight=\"64\" data-lightboxthumbwidth=\"90\" data-lightboxthumbheight=\"60\" data-lightboxthumbtopmargin=\"12\" data-lightboxthumbbottommargin=\"4\" data-lightboxbarheight=\"64\" data-lightboxtitlebottomcss=\"color:#333; font-size:14px; font-family:Armata,sans-serif,Arial; overflow:hidden; text-align:left;\" data-lightboxdescriptionbottomcss=\"color:#333; font-size:12px; font-family:Arial,Helvetica,sans-serif; overflow:hidden; text-align:left; margin:4px 0px 0px; padding: 0px;\" data-textformat=\"Color box\" data-textpositionstatic=\"bottom\" data-textpositiondynamic=\"topleft\" data-paddingleft=\"0\" data-paddingright=\"0\" data-paddingtop=\"0\" data-paddingbottom=\"0\" data-texteffectresponsivesize=\"640\" data-fadeduration=\"1000\" data-crossfadeduration=\"1000\" data-slideduration=\"1000\" data-elasticduration=\"1000\" data-sliceduration=\"1500\" data-blindsduration=\"1500\" data-blocksduration=\"1500\" data-shuffleduration=\"1500\" data-tilesduration=\"2000\" data-kenburnsduration=\"5000\" data-flipduration=\"1500\" data-flipwithzoomduration=\"2000\" data-threedduration=\"1500\" data-threedhorizontalduration=\"1500\" data-threedwithzoomduration=\"2500\" data-threedhorizontalwithzoomduration=\"2200\" data-threedflipduration=\"1500\" data-threedflipwithzoomduration=\"2000\" data-threedtilesduration=\"2000\" data-threedfallback=\"flip\" data-threedhorizontalfallback=\"flip\" data-threedwithzoomfallback=\"flipwithzoom\" data-threedhorizontalwithzoomfallback=\"flipwithzoom\" data-threedflipfallback=\"flip\" data-threedflipwithzoomfallback=\"flipwithzoom\" data-threedtilesfallback=\"tiles\" data-ratiomediumscreen=\"800\" data-ratiomediumheight=\"1.2\" data-ratiosmallscreen=\"480\" data-ratiosmallheight=\"1.6\" data-lightboxtitlestyle=\"bottom\" data-lightboximagepercentage=\"75\" data-lightboxdefaultvideovolume=\"1\" data-lightboxoverlaybgcolor=\"#000\" data-lightboxoverlayopacity=\"0.9\" data-lightboxbgcolor=\"#fff\" data-lightboxtitleprefix=\"%NUM \/ %TOTAL\" data-lightboxtitleinsidecss=\"color:#fff; font-size:16px; font-family:Arial,Helvetica,sans-serif; overflow:hidden; text-align:left;\" data-lightboxdescriptioninsidecss=\"color:#fff; font-size:12px; font-family:Arial,Helvetica,sans-serif; overflow:hidden; text-align:left; margin:4px 0px 0px; padding: 0px;\" data-lightboxslideinterval=\"5000\" data-lightboxtimerposition=\"bottom\" data-lightboxtimercolor=\"#dc572e\" data-lightboxtimeropacity=\"1\" data-lightboxbordersize=\"8\" data-lightboxborderradius=\"0\" data-textcss=\"display:block; padding:8px 16px; text-align:left;\" data-textbgcss=\"display:none;\" data-titlecss=\"color: #1b96cf;    font-family: &quot;Open Sans&quot;,sans-serif;    font-size: 32px;    font-weight: bold;    line-height: 44px;    margin-bottom: 0;    margin-top: 20px;    text-transform: uppercase;\" data-descriptioncss=\"color: #282828;    font-size: 18px;    line-height: 30px;\" data-buttoncss=\"display:block; position:relative; margin-top:10px;\" data-titlecssresponsive=\"font-size:12px;\" data-descriptioncssresponsive=\"display:none !important;\" data-buttoncssresponsive=\"font-size: 9px !important;width:100%;\" data-jsfolder=\"https:\/\/nanovea.com\/wp-content\/plugins\/wonderplugin-slider-lite\/engine\/\" style=\"display:none;\" ><ul class=\"amazingslider-slides\"  style=\"display:none;\"><li><img decoding=\"async\" class=\"amazingslider-img-elem amazingsliderimg\" src=\"https:\/\/nanovea.com\/wp-content\/uploads\/2015\/04\/flatness-capability.jpg\" alt=\"P\u0141ASKO\u015a\u0106 | WYPACZENIE | PLANISTYCZNO\u015a\u0106\" title=\"P\u0141ASKO\u015a\u0106 | WYPACZENIE | PLANISTYCZNO\u015a\u0106\" data-description=\"Precise measurement of flatness, warpage and &lt;br \/&gt;planarity with a single 2D profile or 3D area\" \/><\/li><li><img decoding=\"async\" class=\"amazingslider-img-elem amazingsliderimg\" src=\"https:\/\/nanovea.com\/wp-content\/uploads\/2015\/04\/flatness-rotation.jpg\" alt=\"P\u0141ASKO\u015a\u0106 | WYPACZENIE | PLANISTYCZNO\u015a\u0106\" title=\"P\u0141ASKO\u015a\u0106 | WYPACZENIE | PLANISTYCZNO\u015a\u0106\" data-description=\"Accurately measure flatness across large areas and rotational &lt;br \/&gt;capability\" \/><\/li><li><img decoding=\"async\" class=\"amazingslider-img-elem amazingsliderimg\" src=\"https:\/\/nanovea.com\/wp-content\/uploads\/2015\/04\/flatness-co-planarity.jpg\" alt=\"P\u0141ASKO\u015a\u0106 | WYPACZENIE | PLANISTYCZNO\u015a\u0106\" title=\"P\u0141ASKO\u015a\u0106 | WYPACZENIE | PLANISTYCZNO\u015a\u0106\" data-description=\"Superior ability to accurately measure coplanarity across &lt;br \/&gt;large ares\" \/><\/li><\/ul><\/div><\/div>\n<h1><strong>POMIAR P\u0141ASKO\u015aCI POWIERZCHNI | WYPACZENIA I PLANARNO\u015a\u0106<\/strong><\/h1>\n<p><a href=\"https:\/\/nanovea.com\/profilometers\/\">Przyrz\u0105dy profilometryczne<\/a> | <a href=\"https:\/\/nanovea.com\/lab-services\/\">Us\u0142ugi laboratoryjne<\/a> | <a href=\"https:\/\/nanovea.com\/chromatic-confocal\">Konfokalny chromatyczny<\/a> | <a href=\"https:\/\/nanovea.com\/application-notes\">Uwagi do zastosowania<\/a><\/p>\n<div class=\"product-desc\">\n<p>Chromatyczna technika konfokalna jest idealna do pomiaru p\u0142asko\u015bci powierzchni, odkszta\u0142ce\u0144 i planarno\u015bci w aplikacjach, gdzie jest to cz\u0119sto krytyczne, takich jak mikro cz\u0119\u015bci, szk\u0142o, uszczelnienia i wiele innych. Poniewa\u017c w przypadku du\u017cych powierzchni nie jest wymagane zszywanie, chromatyczna technika konfokalna mo\u017ce w ci\u0105gu kilku sekund dokona\u0107 dok\u0142adnych pomiar\u00f3w, kt\u00f3re dodatkowo wykrywaj\u0105 lokalne defekty.  Dzi\u0119ki HS2000 p\u0142asko\u015b\u0107 powierzchni mo\u017ce by\u0107 mierzona na pe\u0142nym obszarze 400x500mm z odchyleniem mniejszym ni\u017c 1 mikron w bardzo kr\u00f3tkim czasie.  Mo\u017cliwe jest r\u00f3wnie\u017c uzyskanie najlepiej dopasowanego wielomianu kszta\u0142tu, kt\u00f3ry powoduje odchylenie p\u0142asko\u015bci powierzchni. Dzi\u0119ki rozpoznawaniu wzorc\u00f3w i automatyzacji, opr\u00f3cz warunk\u00f3w pass fail i komunikacji z baz\u0105 danych, urz\u0105dzenie mo\u017ce by\u0107 wykorzystywane jako zaawansowane narz\u0119dzie kontroli jako\u015bci.<\/p>\n<p>&nbsp;<\/p>\n<p><strong>Normy: <\/strong><\/p>\n<ul>\n<li>ISO 25178<\/li>\n<li>ISO 4287<\/li>\n<li>ISO 13565-2<\/li>\n<li>ISO 12085<\/li>\n<li>ISO 12780<\/li>\n<li>ISO 12181<\/li>\n<\/ul>\n<p>&nbsp;<\/p>\n<p align=\"justify\"><strong>Analiza pomiar\u00f3w standardowych:<\/strong><\/p>\n<ul>\n<li>Falisto\u015b\u0107 i p\u0142asko\u015b\u0107 powierzchni 3D i 2D<\/li>\n<li>Najlepsze dopasowanie wielomianu<\/li>\n<li>Wsp\u00f3\u0142czynniki materia\u0142owe i no\u015bno\u015bci<\/li>\n<\/ul>\n<p>&nbsp;<\/p>\n<p><strong>Cechy oprogramowania:<\/strong><\/p>\n<ul>\n<li>\u0141atwe do zdefiniowania skanowanie linii lub obszaru<\/li>\n<li>Przepisy<\/li>\n<li>Rozdzielczo\u015b\u0107 boczna<\/li>\n<li>Eksportowanie surowych danych i obraz\u00f3w<\/li>\n<li>Wy\u015bwietlacz czasu rzeczywistego<\/li>\n<li>Automatyczne raportowanie<\/li>\n<li>Obs\u0142uga wielu j\u0119zyk\u00f3w<\/li>\n<li>Mapowanie<\/li>\n<\/ul>\n<p>&nbsp;<\/p>\n<p align=\"justify\"><strong>Cechy oprogramowania analitycznego:<\/strong><\/p>\n<ul>\n<li>Filtrowanie<\/li>\n<li>Leveling<\/li>\n<li>Progowanie<\/li>\n<li>Zooming<\/li>\n<li>Narz\u0119dzia do wyboru obszaru i usuwania formularzy<\/li>\n<li>Funkcje odejmowania i por\u00f3wnywania oraz wiele innych<\/li>\n<\/ul>\n<p>&nbsp;<\/p>\n<p align=\"justify\"><strong>Zaawansowana automatyka:<\/strong><\/p>\n<ul>\n<li>Automatyczna ostro\u015b\u0107 (optyczna i mikroskopowa), automatyczny szablon analizy<\/li>\n<li>Makra obs\u0142ugi wielu pr\u00f3bek<\/li>\n<li>\u0141atwy wyb\u00f3r obszaru pod mikroskopem do profilowania lub badania AFM<\/li>\n<li>Automatyczna podw\u00f3jna cz\u0119stotliwo\u015b\u0107 dla powierzchni o r\u00f3\u017cnej refleksyjno\u015bci<\/li>\n<li>Stopie\u0144 rotacyjny<\/li>\n<li>Rozpoznawanie wzor\u00f3w<\/li>\n<li>Komunikacja z baz\u0105 danych<\/li>\n<li>Limity zalicze\u0144<\/li>\n<li>Czujniki liniowe zapewniaj\u0105ce do 200 razy szybsze pomiary<\/li>\n<\/ul>\n<p>&nbsp;<\/p>\n<p><strong>Posiadacz(e) pr\u00f3bek i warunki \u015brodowiskowe:<\/strong><\/p>\n<ul>\n<li>Niestandardowe i standardowe uchwyty do pr\u00f3bek<\/li>\n<li>Stopie\u0144 ogrzewania<\/li>\n<\/ul>\n<p>&nbsp;<\/p>\n<p><strong>Dodatkowe pomiary powierzchni:<br \/>\n<\/strong><\/p>\n<p><a href=\"https:\/\/nanovea.com\/surface-roughness-measurement\">Pomiar chropowato\u015bci powierzchni<\/a><\/p>\n<p><a href=\"https:\/\/nanovea.com\/surface-profile-measurement\">Pomiar profilu powierzchni<\/a><\/p>\n<p><a href=\"https:\/\/nanovea.com\/surface-topography-measurement\">Pomiar topografii powierzchni<\/a><\/p>\n<p><a href=\"https:\/\/nanovea.com\/surface-volume-measurement\">Pomiar obj\u0119to\u015bci powierzchni<\/a><\/p>\n<p><a href=\"https:\/\/nanovea.com\/surface-step-height-measurement\">Pomiar wysoko\u015bci uskoku na powierzchni<\/a><\/p>\n<p align=\"justify\">\n<\/div>","protected":false},"excerpt":{"rendered":"<p>SURFACE FLATNESS MEASUREMENT | WARPAGE &amp; PLANARITY Profilometer Instruments | Lab Services | Chromatic Confocal | Application Notes The chromatic confocal technique is ideal for measurement of surface flatness, warpage and planarity on applications where it is often critical such as for micro parts, glass, seals and many others. Because no stitching is needed for [&hellip;]<\/p>\n","protected":false},"author":1,"featured_media":0,"parent":0,"menu_order":0,"comment_status":"open","ping_status":"open","template":"tpl-newslider.php","meta":{"_exactmetrics_skip_tracking":false,"_exactmetrics_sitenote_active":false,"_exactmetrics_sitenote_note":"","_exactmetrics_sitenote_category":0,"footnotes":""},"class_list":["post-99","page","type-page","status-publish","hentry"],"_links":{"self":[{"href":"https:\/\/nanovea.com\/pl\/wp-json\/wp\/v2\/pages\/99","targetHints":{"allow":["GET"]}}],"collection":[{"href":"https:\/\/nanovea.com\/pl\/wp-json\/wp\/v2\/pages"}],"about":[{"href":"https:\/\/nanovea.com\/pl\/wp-json\/wp\/v2\/types\/page"}],"author":[{"embeddable":true,"href":"https:\/\/nanovea.com\/pl\/wp-json\/wp\/v2\/users\/1"}],"replies":[{"embeddable":true,"href":"https:\/\/nanovea.com\/pl\/wp-json\/wp\/v2\/comments?post=99"}],"version-history":[{"count":24,"href":"https:\/\/nanovea.com\/pl\/wp-json\/wp\/v2\/pages\/99\/revisions"}],"predecessor-version":[{"id":23021,"href":"https:\/\/nanovea.com\/pl\/wp-json\/wp\/v2\/pages\/99\/revisions\/23021"}],"wp:attachment":[{"href":"https:\/\/nanovea.com\/pl\/wp-json\/wp\/v2\/media?parent=99"}],"curies":[{"name":"wp","href":"https:\/\/api.w.org\/{rel}","templated":true}]}}