{"id":94,"date":"2015-03-03T21:59:42","date_gmt":"2015-03-03T21:59:42","guid":{"rendered":"http:\/\/nanovea.com\/?page_id=94"},"modified":"2022-04-25T14:40:18","modified_gmt":"2022-04-25T14:40:18","slug":"surface-topography-measurement","status":"publish","type":"page","link":"https:\/\/nanovea.com\/pl\/surface-topography-measurement\/","title":{"rendered":"Pomiar topografii powierzchni"},"content":{"rendered":"<div class=\"wonderpluginslider-container\" id=\"wonderpluginslider-container-22\" style=\"max-width:1035px;margin:0 auto;padding-left:0px;padding-right:0px;padding-top:0px;padding-bottom:0px;\"><div class=\"wonderpluginslider\" id=\"wonderpluginslider-22\" data-sliderid=\"22\" data-width=\"1035\" data-height=\"375\" data-skin=\"cube\" data-autoplay=\"true\" data-randomplay=\"false\" data-loadimageondemand=\"false\" data-transitiononfirstslide=\"false\" data-autoplayvideo=\"false\" data-isresponsive=\"true\" data-fullwidth=\"false\" data-isfullscreen=\"false\" data-ratioresponsive=\"false\" data-showtext=\"true\" data-showtimer=\"false\" data-showbottomshadow=\"false\" data-navshowpreview=\"false\" data-textautohide=\"true\" data-lightboxresponsive=\"true\" data-lightboxshownavigation=\"false\" data-lightboxshowtitle=\"true\" data-lightboxshowdescription=\"false\" data-texteffectresponsive=\"true\" data-donotinit=\"false\" data-addinitscript=\"false\" data-lightboxfullscreenmode=\"false\" data-lightboxcloseonoverlay=\"true\" data-lightboxvideohidecontrols=\"false\" data-lightboxnogroup=\"false\" data-lightboxautoslide=\"false\" data-lightboxshowtimer=\"true\" data-lightboxshowplaybutton=\"true\" data-lightboxalwaysshownavarrows=\"false\" data-lightboxshowtitleprefix=\"true\" data-titleusealt=\"false\" data-outputtext=\"false\" data-scalemode=\"fit\" data-arrowstyle=\"always\" data-transition=\"slide\" data-loop=\"0\" data-border=\"0\" data-slideinterval=\"8000\" data-arrowimage=\"arrows-36-80-0.png\" data-arrowwidth=\"36\" data-arrowheight=\"80\" data-arrowtop=\"50\" data-arrowmargin=\"-18\" data-navstyle=\"bullets\" data-navimage=\"bullet-24-24-1.png\" data-navwidth=\"24\" data-navheight=\"24\" data-navspacing=\"8\" data-navmarginx=\"16\" data-navmarginy=\"16\" data-navposition=\"bottom\" data-playvideoimage=\"playvideo-64-64-0.png\" data-playvideoimagewidth=\"64\" data-playvideoimageheight=\"64\" data-lightboxthumbwidth=\"90\" data-lightboxthumbheight=\"60\" data-lightboxthumbtopmargin=\"12\" data-lightboxthumbbottommargin=\"4\" data-lightboxbarheight=\"64\" data-lightboxtitlebottomcss=\"color:#333; font-size:14px; font-family:Armata,sans-serif,Arial; overflow:hidden; text-align:left;\" data-lightboxdescriptionbottomcss=\"color:#333; font-size:12px; font-family:Arial,Helvetica,sans-serif; overflow:hidden; text-align:left; margin:4px 0px 0px; padding: 0px;\" data-textformat=\"Color box\" data-textpositionstatic=\"bottom\" data-textpositiondynamic=\"topleft\" data-paddingleft=\"0\" data-paddingright=\"0\" data-paddingtop=\"0\" data-paddingbottom=\"0\" data-texteffectresponsivesize=\"640\" data-fadeduration=\"1000\" data-crossfadeduration=\"1000\" data-slideduration=\"1000\" data-elasticduration=\"1000\" data-sliceduration=\"1500\" data-blindsduration=\"1500\" data-blocksduration=\"1500\" data-shuffleduration=\"1500\" data-tilesduration=\"2000\" data-kenburnsduration=\"5000\" data-flipduration=\"1500\" data-flipwithzoomduration=\"2000\" data-threedduration=\"1500\" data-threedhorizontalduration=\"1500\" data-threedwithzoomduration=\"2500\" data-threedhorizontalwithzoomduration=\"2200\" data-threedflipduration=\"1500\" data-threedflipwithzoomduration=\"2000\" data-threedtilesduration=\"2000\" data-threedfallback=\"flip\" data-threedhorizontalfallback=\"flip\" data-threedwithzoomfallback=\"flipwithzoom\" data-threedhorizontalwithzoomfallback=\"flipwithzoom\" data-threedflipfallback=\"flip\" data-threedflipwithzoomfallback=\"flipwithzoom\" data-threedtilesfallback=\"tiles\" data-ratiomediumscreen=\"800\" data-ratiomediumheight=\"1.2\" data-ratiosmallscreen=\"480\" data-ratiosmallheight=\"1.6\" data-lightboxtitlestyle=\"bottom\" data-lightboximagepercentage=\"75\" data-lightboxdefaultvideovolume=\"1\" data-lightboxoverlaybgcolor=\"#000\" data-lightboxoverlayopacity=\"0.9\" data-lightboxbgcolor=\"#fff\" data-lightboxtitleprefix=\"%NUM \/ %TOTAL\" data-lightboxtitleinsidecss=\"color:#fff; font-size:16px; font-family:Arial,Helvetica,sans-serif; overflow:hidden; text-align:left;\" data-lightboxdescriptioninsidecss=\"color:#fff; font-size:12px; font-family:Arial,Helvetica,sans-serif; overflow:hidden; text-align:left; margin:4px 0px 0px; padding: 0px;\" data-lightboxslideinterval=\"5000\" data-lightboxtimerposition=\"bottom\" data-lightboxtimercolor=\"#dc572e\" data-lightboxtimeropacity=\"1\" data-lightboxbordersize=\"8\" data-lightboxborderradius=\"0\" data-textcss=\"display:block; padding:8px 16px; text-align:left;\" data-textbgcss=\"display:none;\" data-titlecss=\"color: #1b96cf;    font-family: &quot;Open Sans&quot;,sans-serif;    font-size: 32px;    font-weight:bold;    line-height: 44px;    margin-bottom: 0;    margin-top: 20px;    text-transform: uppercase;\" data-descriptioncss=\"color: #282828;    font-size: 18px;    line-height: 26px;\" data-buttoncss=\"display:block; position:relative; margin-top:10px;\" data-titlecssresponsive=\"font-size:12px;\" data-descriptioncssresponsive=\"display:none !important;\" data-buttoncssresponsive=\"font-size: 9px !important;width:100%;\" data-jsfolder=\"https:\/\/nanovea.com\/wp-content\/plugins\/wonderplugin-slider-lite\/engine\/\" style=\"display:none;\" ><ul class=\"amazingslider-slides\"  style=\"display:none;\"><li><img decoding=\"async\" class=\"amazingslider-img-elem amazingsliderimg\" src=\"https:\/\/nanovea.com\/wp-content\/uploads\/2015\/04\/topography-any-surface.jpg\" alt=\"TOPOGRAFIA|KSZTA\u0141T|FORMA\" title=\"TOPOGRAFIA|KSZTA\u0141T|FORMA\" data-description=\"Precise topography measurement on any surface\" \/><\/li><li><img decoding=\"async\" class=\"amazingslider-img-elem amazingsliderimg\" src=\"https:\/\/nanovea.com\/wp-content\/uploads\/2015\/04\/shape-small-parts.jpg\" alt=\"TOPOGRAFIA|KSZTA\u0141T|FORMA\" title=\"TOPOGRAFIA|KSZTA\u0141T|FORMA\" data-description=\"Accurate shape measurement of small parts &amp; features\" \/><\/li><li><img decoding=\"async\" class=\"amazingslider-img-elem amazingsliderimg\" src=\"https:\/\/nanovea.com\/wp-content\/uploads\/2015\/04\/form-analysis.jpg\" alt=\"TOPOGRAFIA|KSZTA\u0141T|FORMA\" title=\"TOPOGRAFIA|KSZTA\u0141T|FORMA\" data-description=\"Superior ability to accurately measure and analyze &lt;br \/&gt;surface form\" \/><\/li><\/ul><\/div><\/div>\n<h1><strong>POMIAR TOPOGRAFII POWIERZCHNI | KSZTA\u0141T I FORMA<\/strong><\/h1>\n<p><a href=\"https:\/\/nanovea.com\/profilometer\">Przyrz\u0105dy profilometryczne<\/a> | <a href=\"https:\/\/nanovea.com\/lab-services\/\">Us\u0142ugi laboratoryjne<\/a> | <a href=\"https:\/\/nanovea.com\/chromatic-confocal\">Konfokalny chromatyczny<\/a> | <a href=\"https:\/\/nanovea.com\/application-notes\">Uwagi do zastosowania<\/a><\/p>\n<div class=\"product-desc\">\n<p align=\"justify\">Dzi\u0119ki szerokiemu zakresowi wysoko\u015bci do 25 mm i mo\u017cliwo\u015bci pomiaru stromych k\u0105t\u00f3w, chromatyczna technika konfokalna jest idealna do pomiar\u00f3w topografii, kszta\u0142tu i formy na nieznanych i z\u0142o\u017conych powierzchniach, takich jak tkanki mi\u0119kkie, ro\u015bliny i ska\u0142y, ma\u0142e cz\u0119\u015bci i wiele innych. Poniewa\u017c w przypadku du\u017cych powierzchni nie jest wymagane zszywanie, chromatyczna technika konfokalna mo\u017ce zmierzy\u0107 wymagane dane dotycz\u0105ce kszta\u0142tu i formy w ci\u0105gu kilku sekund. Uzyskane dane s\u0105 najlepszym wielomianowym dopasowaniem do badanego kszta\u0142tu. Dzi\u0119ki rozpoznawaniu wzorc\u00f3w i automatyzacji, opr\u00f3cz warunk\u00f3w \"pass fail\" i komunikacji z baz\u0105 danych, urz\u0105dzenie mo\u017ce by\u0107 stosowane jako zaawansowane narz\u0119dzie kontroli jako\u015bci dla pomiar\u00f3w kszta\u0142tu i formy.<\/p>\n<p>&nbsp;<\/p>\n<h4><b>Normy:<\/b><\/h4>\n<ul>\n<li style=\"text-align: left;\">ISO 25178<\/li>\n<li style=\"text-align: left;\">ISO 4287<\/li>\n<li style=\"text-align: left;\">ISO 13565-2<\/li>\n<li style=\"text-align: left;\">ISO 12085<\/li>\n<li style=\"text-align: left;\">ISO 12780<\/li>\n<li style=\"text-align: left;\">ISO 12181<\/li>\n<\/ul>\n<p>&nbsp;<\/p>\n<h4><b>Analiza pomiar\u00f3w standardowych:<\/b><\/h4>\n<ul>\n<li style=\"text-align: left;\">Parametry falisto\u015bci i u\u0142o\u017cenia<\/li>\n<li style=\"text-align: left;\">Sko\u015bno\u015b\u0107 i kurtoza<\/li>\n<li style=\"text-align: left;\">Por\u00f3wnywanie powierzchni lub odejmowanie<\/li>\n<li style=\"text-align: left;\">Krzywa Abbotta-Firestone'a<\/li>\n<li style=\"text-align: left;\">Najlepsze dopasowanie wielomianu<\/li>\n<\/ul>\n<p>&nbsp;<\/p>\n<h4><b>Cechy oprogramowania:<\/b><\/h4>\n<ul>\n<li style=\"text-align: left;\">\u0141atwe do zdefiniowania skanowanie linii lub obszaru<\/li>\n<li style=\"text-align: left;\">Przepisy<\/li>\n<li style=\"text-align: left;\">Rozdzielczo\u015b\u0107 boczna<\/li>\n<li style=\"text-align: left;\">Eksportowanie surowych danych i obraz\u00f3w<\/li>\n<li style=\"text-align: left;\">Wy\u015bwietlacz czasu rzeczywistego<\/li>\n<li style=\"text-align: left;\">Automatyczne raportowanie<\/li>\n<li style=\"text-align: left;\">Obs\u0142uga wielu j\u0119zyk\u00f3w<\/li>\n<li style=\"text-align: left;\">Mapowanie<\/li>\n<\/ul>\n<p>&nbsp;<\/p>\n<h4><b>Cechy oprogramowania analitycznego:<\/b><\/h4>\n<ul>\n<li style=\"text-align: left;\">Filtrowanie<\/li>\n<li style=\"text-align: left;\">Leveling<\/li>\n<li style=\"text-align: left;\">Progowanie<\/li>\n<li style=\"text-align: left;\">Zooming<\/li>\n<li style=\"text-align: left;\">Narz\u0119dzia do wyboru obszaru i usuwania formularzy<\/li>\n<li style=\"text-align: left;\">Funkcje odejmowania i por\u00f3wnywania oraz wiele innych<\/li>\n<\/ul>\n<p>&nbsp;<\/p>\n<h4><b>Zaawansowana automatyka:<\/b><\/h4>\n<ul>\n<li style=\"text-align: left;\">Automatyczna ostro\u015b\u0107 (optyczna i mikroskopowa), automatyczny szablon analizy<\/li>\n<li style=\"text-align: left;\">Makra obs\u0142ugi wielu pr\u00f3bek<\/li>\n<li style=\"text-align: left;\">\u0141atwy wyb\u00f3r obszaru pod mikroskopem do profilowania lub badania AFM<\/li>\n<li style=\"text-align: left;\">Automatyczna podw\u00f3jna cz\u0119stotliwo\u015b\u0107 dla powierzchni o r\u00f3\u017cnej refleksyjno\u015bci<\/li>\n<li style=\"text-align: left;\">Stopie\u0144 rotacyjny<\/li>\n<li style=\"text-align: left;\">Rozpoznawanie wzor\u00f3w<\/li>\n<li style=\"text-align: left;\">Komunikacja z baz\u0105 danych<\/li>\n<li style=\"text-align: left;\">Limity zalicze\u0144<\/li>\n<li style=\"text-align: left;\">Czujniki liniowe zapewniaj\u0105ce do 200 razy szybsze pomiary<\/li>\n<\/ul>\n<p>&nbsp;<\/p>\n<h4><b>Posiadacz(e) pr\u00f3bek i warunki \u015brodowiskowe:<\/b><\/h4>\n<ul>\n<li style=\"text-align: left;\">Niestandardowe i standardowe uchwyty do pr\u00f3bek<\/li>\n<li style=\"text-align: left;\">Stopie\u0144 ogrzewania<\/li>\n<\/ul>\n<p>&nbsp;<\/p>\n<h4><b>Dodatkowe pomiary powierzchni:<\/b><\/h4>\n<p><a href=\"https:\/\/nanovea.com\/surface-roughness-measurement\">Pomiar chropowato\u015bci powierzchni<\/a><br \/>\n<a href=\"https:\/\/nanovea.com\/surface-profile-measurement\">Pomiar profilu powierzchni<\/a><br \/>\n<a href=\"https:\/\/nanovea.com\/surface-flatness-measurement\">Pomiar p\u0142asko\u015bci powierzchni<\/a><br \/>\n<a href=\"https:\/\/nanovea.com\/surface-volume-measurement\">Pomiar obj\u0119to\u015bci powierzchni<\/a><br \/>\n<a href=\"https:\/\/nanovea.com\/surface-step-height-measurement\">Pomiar wysoko\u015bci uskoku na powierzchni<\/a><\/p>\n<\/div>","protected":false},"excerpt":{"rendered":"<p>SURFACE TOPOGRAPHY MEASUREMENT | SHAPE &amp; FORM Profilometer Instruments | Lab Services | Chromatic Confocal | Application Notes With a wide height range up to 25mm and the capability to measure steep angles, the chromatic confocal technique is ideal for measurements of topography, shape and form on unknown and complex surfaces such as soft tissue, [&hellip;]<\/p>\n","protected":false},"author":1,"featured_media":0,"parent":0,"menu_order":0,"comment_status":"open","ping_status":"open","template":"tpl-newslider.php","meta":{"_exactmetrics_skip_tracking":false,"_exactmetrics_sitenote_active":false,"_exactmetrics_sitenote_note":"","_exactmetrics_sitenote_category":0,"footnotes":""},"class_list":["post-94","page","type-page","status-publish","hentry"],"_links":{"self":[{"href":"https:\/\/nanovea.com\/pl\/wp-json\/wp\/v2\/pages\/94","targetHints":{"allow":["GET"]}}],"collection":[{"href":"https:\/\/nanovea.com\/pl\/wp-json\/wp\/v2\/pages"}],"about":[{"href":"https:\/\/nanovea.com\/pl\/wp-json\/wp\/v2\/types\/page"}],"author":[{"embeddable":true,"href":"https:\/\/nanovea.com\/pl\/wp-json\/wp\/v2\/users\/1"}],"replies":[{"embeddable":true,"href":"https:\/\/nanovea.com\/pl\/wp-json\/wp\/v2\/comments?post=94"}],"version-history":[{"count":20,"href":"https:\/\/nanovea.com\/pl\/wp-json\/wp\/v2\/pages\/94\/revisions"}],"predecessor-version":[{"id":19476,"href":"https:\/\/nanovea.com\/pl\/wp-json\/wp\/v2\/pages\/94\/revisions\/19476"}],"wp:attachment":[{"href":"https:\/\/nanovea.com\/pl\/wp-json\/wp\/v2\/media?parent=94"}],"curies":[{"name":"wp","href":"https:\/\/api.w.org\/{rel}","templated":true}]}}