{"id":81,"date":"2015-03-02T16:24:24","date_gmt":"2015-03-02T16:24:24","guid":{"rendered":"http:\/\/nanovea.com\/?page_id=81"},"modified":"2021-07-30T21:56:13","modified_gmt":"2021-07-30T21:56:13","slug":"profilometry-zastosowania","status":"publish","type":"page","link":"https:\/\/nanovea.com\/pl\/profilometry-zastosowania\/","title":{"rendered":"Zastosowania profilometr\u00f3w"},"content":{"rendered":"<div id=\"newslider\" style=\"min-height: auto; overflow: hidden;\">\n<ul>\n<li>\n<div class=\"slider-text\">\n<h2>Profilometry<\/h2>\n<p><!--Applications!-->Pomiar powierzchni przy u\u017cyciu najwy\u017cszej jako\u015bci<br \/>\nChromatyczna profilometria konfokalna<\/p>\n<\/div>\n<p><!--<img decoding=\"async\" src=\"https:\/\/nanovea.com\/wp-content\/uploads\/2015\/04\/slide-profilometer.jpg\" alt=\"Lab Testing\" \/>!--><br \/>\n<img decoding=\"async\" src=\"https:\/\/nanovea.com\/wp-content\/uploads\/2018\/01\/slide-profilometer-1-1.jpg\" alt=\"Badania laboratoryjne\" \/><\/li>\n<\/ul>\n<\/div>\n<h1 align=\"justify\"><strong>ZASTOSOWANIA PROFILOMETRU <\/strong><\/h1>\n<p align=\"justify\"><a href=\"https:\/\/nanovea.com\/profilometer\">Profilometry<\/a> | <a href=\"https:\/\/nanovea.com\/chromatic-confocal\">Technika<\/a> | <a href=\"https:\/\/nanovea.com\/profilometers-optics\">Optyka<\/a> | <a href=\"https:\/\/nanovea.com\/application-notes\">Uwagi do zastosowania<\/a> | <a href=\"https:\/\/nanovea.com\/profilometer-brochure\" target=\"_blank\" rel=\"noopener noreferrer\">Broszura do pobrania<\/a> | <a href=\"https:\/\/nanovea.com\/profilometers-video\" target=\"_blank\" rel=\"noopener noreferrer\">Obejrzyj wideo<\/a><\/p>\n<p>Profilometry Nanovea mierz\u0105 prawie ka\u017cdy materia\u0142 z szerszym zakresem pomiarowym ni\u017c jakikolwiek inny profilometr. Dzi\u0119ki temu praktycznie ka\u017cda powierzchnia mo\u017ce znale\u017a\u0107 zastosowanie w takich dziedzinach jak: Bio i biotechnologia, materia\u0142y budowlane, produkty konsumenckie, medycyna, metale, ropa i kopalnie, optyka, farby i pow\u0142oki, farmaceutyka, p\u00f3\u0142przewodniki\/elektronika\/solar, tekstylia\/sk\u00f3ra\/papier, narz\u0119dzia i maszyny oraz transport.<\/p>\n<table border=\"0\" width=\"1016\" cellspacing=\"0\" cellpadding=\"0\">\n<tbody>\n<tr>\n<td width=\"254\">\n<div align=\"center\"><img decoding=\"async\" src=\"https:\/\/nanovea.com\/wp-content\/themes\/wp-nanovea\/images\/images\/app1.jpg\" alt=\"Powierzchnie elektroniczne\" width=\"150\" height=\"113\" \/><\/div>\n<\/td>\n<td width=\"254\">\n<div align=\"center\"><img decoding=\"async\" src=\"https:\/\/nanovea.com\/wp-content\/themes\/wp-nanovea\/images\/images\/app2.jpg\" alt=\"Powierzchnie optyczne\" width=\"150\" height=\"113\" \/><\/div>\n<\/td>\n<td width=\"254\">\n<div align=\"center\"><img decoding=\"async\" src=\"https:\/\/nanovea.com\/wp-content\/themes\/wp-nanovea\/images\/images\/app3.jpg\" alt=\"Powierzchnie samochodowe\" width=\"150\" height=\"113\" \/><\/div>\n<\/td>\n<td width=\"254\">\n<div align=\"center\"><img loading=\"lazy\" decoding=\"async\" src=\"https:\/\/nanovea.com\/wp-content\/themes\/wp-nanovea\/images\/images\/app4.jpg\" alt=\"Obrabiane powierzchnie\" width=\"150\" height=\"113\" \/><\/div>\n<\/td>\n<\/tr>\n<\/tbody>\n<\/table>\n<table border=\"0\" width=\"1016\" cellspacing=\"0\" cellpadding=\"0\">\n<tbody>\n<tr>\n<td width=\"254\">\n<div align=\"center\">\n<p>&nbsp;<\/p>\n<p><img loading=\"lazy\" decoding=\"async\" src=\"https:\/\/nanovea.com\/wp-content\/themes\/wp-nanovea\/images\/images\/app5.jpg\" alt=\"Powierzchnie farmaceutyczne\" width=\"150\" height=\"113\" \/><\/p>\n<\/div>\n<\/td>\n<td width=\"254\">\n<div align=\"center\">\n<p>&nbsp;<\/p>\n<p><img loading=\"lazy\" decoding=\"async\" src=\"https:\/\/nanovea.com\/wp-content\/themes\/wp-nanovea\/images\/images\/app7.jpg\" alt=\"Powierzchnie miazgi\" width=\"150\" height=\"113\" \/><\/p>\n<\/div>\n<\/td>\n<td width=\"254\">\n<div align=\"center\">\n<p>&nbsp;<\/p>\n<p><img loading=\"lazy\" decoding=\"async\" src=\"https:\/\/nanovea.com\/wp-content\/themes\/wp-nanovea\/images\/images\/app12.jpg\" alt=\"Powierzchnie \u015brodowiskowe\" width=\"150\" height=\"113\" \/><\/p>\n<\/div>\n<\/td>\n<td width=\"254\">\n<div align=\"center\">\n<p>&nbsp;<\/p>\n<p><img loading=\"lazy\" decoding=\"async\" src=\"https:\/\/nanovea.com\/wp-content\/themes\/wp-nanovea\/images\/images\/app6.jpg\" alt=\"Powierzchnie \u015brodowiskowe\" width=\"150\" height=\"113\" \/><\/p>\n<\/div>\n<\/td>\n<\/tr>\n<\/tbody>\n<\/table>\n<table border=\"0\" width=\"1016\" cellspacing=\"0\" cellpadding=\"0\">\n<tbody>\n<tr>\n<td width=\"254\">\n<div align=\"center\">\n<p>&nbsp;<\/p>\n<p><img loading=\"lazy\" decoding=\"async\" src=\"https:\/\/nanovea.com\/wp-content\/themes\/wp-nanovea\/images\/images\/app9.jpg\" alt=\"Powierzchnie farmaceutyczne\" width=\"150\" height=\"113\" \/><\/p>\n<\/div>\n<\/td>\n<td width=\"254\">\n<div align=\"center\">\n<p>&nbsp;<\/p>\n<p><img loading=\"lazy\" decoding=\"async\" src=\"https:\/\/nanovea.com\/wp-content\/themes\/wp-nanovea\/images\/images\/app10.jpg\" alt=\"Powierzchnie miazgi\" width=\"150\" height=\"113\" \/><\/p>\n<\/div>\n<\/td>\n<td width=\"254\">\n<div align=\"center\">\n<p>&nbsp;<\/p>\n<p><img loading=\"lazy\" decoding=\"async\" src=\"https:\/\/nanovea.com\/wp-content\/themes\/wp-nanovea\/images\/images\/app11.jpg\" alt=\"Powierzchnie wafli\" width=\"150\" height=\"113\" \/><\/p>\n<\/div>\n<\/td>\n<td width=\"254\">\n<div align=\"center\">\n<p>&nbsp;<\/p>\n<p><img loading=\"lazy\" decoding=\"async\" src=\"https:\/\/nanovea.com\/wp-content\/themes\/wp-nanovea\/images\/images\/app8.jpg\" alt=\"Powierzchnie \u015brodowiskowe\" width=\"150\" height=\"113\" \/><\/p>\n<\/div>\n<\/td>\n<\/tr>\n<\/tbody>\n<\/table>","protected":false},"excerpt":{"rendered":"<p>Profilometers Surface measurement using superior Chromatic Confocal Profilometry PROFILOMETER APPLICATIONS Profilometers | Technique | Optics | Application Notes | Brochure Download | Watch Video Nanovea Profilometers measure nearly any material with a wider range of measurement than any other Profilometer. And because so, virtually any surface can be an application in fields including: Bio &amp; [&hellip;]<\/p>","protected":false},"author":1,"featured_media":0,"parent":0,"menu_order":0,"comment_status":"open","ping_status":"closed","template":"tpl-newslider.php","meta":{"_exactmetrics_skip_tracking":false,"_exactmetrics_sitenote_active":false,"_exactmetrics_sitenote_note":"","_exactmetrics_sitenote_category":0,"footnotes":""},"class_list":["post-81","page","type-page","status-publish","hentry"],"_links":{"self":[{"href":"https:\/\/nanovea.com\/pl\/wp-json\/wp\/v2\/pages\/81","targetHints":{"allow":["GET"]}}],"collection":[{"href":"https:\/\/nanovea.com\/pl\/wp-json\/wp\/v2\/pages"}],"about":[{"href":"https:\/\/nanovea.com\/pl\/wp-json\/wp\/v2\/types\/page"}],"author":[{"embeddable":true,"href":"https:\/\/nanovea.com\/pl\/wp-json\/wp\/v2\/users\/1"}],"replies":[{"embeddable":true,"href":"https:\/\/nanovea.com\/pl\/wp-json\/wp\/v2\/comments?post=81"}],"version-history":[{"count":18,"href":"https:\/\/nanovea.com\/pl\/wp-json\/wp\/v2\/pages\/81\/revisions"}],"predecessor-version":[{"id":12630,"href":"https:\/\/nanovea.com\/pl\/wp-json\/wp\/v2\/pages\/81\/revisions\/12630"}],"wp:attachment":[{"href":"https:\/\/nanovea.com\/pl\/wp-json\/wp\/v2\/media?parent=81"}],"curies":[{"name":"wp","href":"https:\/\/api.w.org\/{rel}","templated":true}]}}