{"id":632,"date":"2015-04-22T14:24:07","date_gmt":"2015-04-22T14:24:07","guid":{"rendered":"http:\/\/nanovea.com\/?page_id=632"},"modified":"2017-10-26T09:45:02","modified_gmt":"2017-10-26T09:45:02","slug":"zautomatyzowana-inspekcja-optyczna-wprowadzenie","status":"publish","type":"page","link":"https:\/\/nanovea.com\/pl\/zautomatyzowana-inspekcja-optyczna-wprowadzenie\/","title":{"rendered":"Zautomatyzowana inspekcja optyczna"},"content":{"rendered":"<div id=\"newslider\" style=\"min-height:auto; overflow:hidden;\">\n<ul>\n<li>\n<div class=\"slider-text\">\n<h2>AUTOMATYCZNA INSPEKCJA<\/h2>\n<p>Szerszy zakres geometrii i materia\u0142\u00f3w <br \/>\nni\u017c jakikolwiek inny system kontroli optycznej.\n<\/div>\n<p><img fetchpriority=\"high\" decoding=\"async\" class=\"alignnone\" src=\"https:\/\/nanovea.com\/wp-content\/uploads\/2015\/11\/slide-automated-inspection.jpg\" alt=\"Zautomatyzowana inspekcja optyczna\" width=\"1033\" height=\"345\" \/><\/li>\n<\/ul>\n<\/div>\n<h1><strong>AUTOMATYCZNA INSPEKCJA OPTYCZNA INTRO<\/strong><\/h1>\n<p align=\"justify\">Nanovea Automated Optical Inspection (AOI) z najnowocze\u015bniejsz\u0105 optyk\u0105 wykorzystuj\u0105c\u0105 doskona\u0142\u0105 chromatyczn\u0105 technologi\u0119 konfokaln\u0105. Zakres od nano do makro jest automatycznie uzyskiwany podczas pomiaru (wymiar profilu, chropowato\u015b\u0107, tekstura wyko\u0144czenia, topografia kszta\u0142tu, wypaczenie p\u0142asko\u015bci, obszar obj\u0119to\u015bci, g\u0142\u0119boko\u015b\u0107 kroku, grubo\u015b\u0107 i inne) w szerszym zakresie geometrii i materia\u0142\u00f3w ni\u017c jakikolwiek inny wizyjny lub laserowy system kontroli optycznej. Dzi\u0119ki zastosowaniu szerokiej gamy pi\u00f3r optycznych, inspekcja optyczna mo\u017ce precyzyjnie mierzy\u0107 niesko\u0144czony zakres zastosowa\u0144. Inspekcja optyczna Nanovea ma zerowy wp\u0142yw odbicia pr\u00f3bki, zmiany nie wymagaj\u0105 przygotowania pr\u00f3bki i maj\u0105 zaawansowan\u0105 zdolno\u015b\u0107 do pomiaru du\u017cych k\u0105t\u00f3w powierzchni. Z \u0142atwo\u015bci\u0105 zmierzy ka\u017cdy materia\u0142: przezroczysty, nieprzezroczysty, zwierciadlany, dyfuzyjny, polerowany, chropowaty itp. W przeciwie\u0144stwie do innych optycznych technik pomiarowych, du\u017ce obszary powierzchni mog\u0105 by\u0107 precyzyjnie mierzone bez obrazowania. Profilometry Nanovea mog\u0105 by\u0107 budowane z niestandardowymi rozmiarami, pr\u0119dko\u015bciami, mo\u017cliwo\u015bciami skanowania, zgodno\u015bci\u0105 z klas\u0105 1 pomieszcze\u0144 czystych, z przeno\u015bnikiem indeksuj\u0105cym oraz do pracy w trybie Inline lub online. Aby dowiedzie\u0107 si\u0119 wi\u0119cej o urz\u0105dzeniach sto\u0142owych Nanovea <a href=\"https:\/\/nanovea.com\/profilometer\">Profilometry<\/a>. *W celu uzyskania dalszych specyfikacji dotycz\u0105cych system\u00f3w AOI nale\u017cy skontaktowa\u0107 si\u0119 bezpo\u015brednio z firm\u0105 Nanovea.<\/p>\n<p><strong><br \/>\nAUTOMATYCZNA INSPEKCJA OPTYCZNA<\/strong><br \/>\nZakres od nano do makro<\/p>\n<table border=\"0\" width=\"1016\" cellspacing=\"0\" cellpadding=\"0\">\n<tbody>\n<tr>\n<td width=\"169\">\n<div align=\"center\"><a href=\"https:\/\/nanovea.com\/surface-roughness\"><img decoding=\"async\" src=\"https:\/\/nanovea.com\/wp-content\/themes\/wp-nanovea\/images\/images\/surface-roughness.jpg\" alt=\"Chropowato\u015b\u0107 powierzchni Tekstura Pomiar wyko\u0144czenia\" width=\"150\" height=\"113\" \/><\/a><a href=\"https:\/\/nanovea.com\/surface-roughness\">Chropowato\u015b\u0107 Tekstura Wyko\u0144czenie<\/a><\/div>\n<\/td>\n<td width=\"169\">\n<div align=\"center\"><a href=\"https:\/\/nanovea.com\/surface-profile\"><img decoding=\"async\" src=\"https:\/\/nanovea.com\/wp-content\/themes\/wp-nanovea\/images\/images\/asphereinspection.jpg\" alt=\"Pomiar wymiar\u00f3w profilu powierzchni\" width=\"150\" height=\"113\" \/><\/a><a href=\"https:\/\/nanovea.com\/surface-profile\">Wymiar profilu<\/a><\/div>\n<\/td>\n<td width=\"169\">\n<div align=\"center\"><a href=\"https:\/\/nanovea.com\/surface-topography-measurement\"><img loading=\"lazy\" decoding=\"async\" src=\"https:\/\/nanovea.com\/wp-content\/themes\/wp-nanovea\/images\/images\/surface-topography.jpg\" alt=\"Topografia powierzchni Pomiar kszta\u0142tu\" width=\"150\" height=\"113\" \/><\/a><a href=\"https:\/\/nanovea.com\/surface-topography-measurement\">Topografia Kszta\u0142t Forma<\/a><\/div>\n<\/td>\n<td width=\"169\">\n<div align=\"center\"><a href=\"https:\/\/nanovea.com\/surface-flatness-measurement\"><img loading=\"lazy\" decoding=\"async\" src=\"https:\/\/nanovea.com\/wp-content\/themes\/wp-nanovea\/images\/images\/flatnessinspection.jpg\" alt=\"Pomiar p\u0142asko\u015bci wypaczenia powierzchni\" width=\"150\" height=\"113\" \/><\/a><a href=\"https:\/\/nanovea.com\/surface-flatness-measurement\">P\u0142asko\u015b\u0107 Wypaczenie P\u0142asko\u015b\u0107<\/a><\/div>\n<\/td>\n<td width=\"169\">\n<div align=\"center\"><a href=\"https:\/\/nanovea.com\/surface-volume-measurement\"><img loading=\"lazy\" decoding=\"async\" src=\"https:\/\/nanovea.com\/wp-content\/themes\/wp-nanovea\/images\/images\/surface-volume.jpg\" alt=\"Pomiar obj\u0119to\u015bci powierzchni\" width=\"150\" height=\"113\" \/><\/a><a href=\"https:\/\/nanovea.com\/surface-volume-measurement\">Obj\u0119to\u015b\u0107 Obszar<\/a><\/div>\n<\/td>\n<td width=\"169\">\n<div align=\"center\"><a href=\"https:\/\/nanovea.com\/surface-step-height-measurement\"><img loading=\"lazy\" decoding=\"async\" src=\"https:\/\/nanovea.com\/wp-content\/themes\/wp-nanovea\/images\/images\/surface-stepheight.jpg\" alt=\"Pomiar wysoko\u015bci uskoku na powierzchni\" width=\"150\" height=\"113\" \/><\/a><a href=\"https:\/\/nanovea.com\/surface-step-height-measurement\">Wysoko\u015b\u0107 G\u0142\u0119boko\u015b\u0107 Grubo\u015b\u0107<\/a><\/div>\n<\/td>\n<\/tr>\n<\/tbody>\n<\/table>\n<p><strong><br \/>\nINSPEKCJA<br \/>\nSYSTEM I OPROGRAMOWANIE<\/strong><\/p>\n<div class=\"product-pic\">\n<p><strong><a><img loading=\"lazy\" decoding=\"async\" src=\"https:\/\/nanovea.com\/wp-content\/themes\/wp-nanovea\/images\/images\/HS1000-.jpg\" alt=\"Profilometr HS1000\" width=\"95\" height=\"95\" align=\"left\" border=\"none\" \/><\/a><\/strong><\/p>\n<\/div>\n<div class=\"product-desc\">\n<p align=\"justify\"><strong>Profilometr HS2000 | <\/strong> Zautomatyzowana inspekcja optyczna<br \/>\nZautomatyzowana inspekcja optyczna z pr\u0119dko\u015bci\u0105 50 razy wi\u0119ksz\u0105 ni\u017c w przypadku wi\u0119kszo\u015bci system\u00f3w inspekcyjnych tej klasy. Pr\u0119dko\u015b\u0107 inspekcji mo\u017ce osi\u0105gn\u0105\u0107 do 1 m\/s, a akwizycja danych do 31 kHz, zapewniaj\u0105c kluczow\u0105 inspekcj\u0119 w \u015brodowiskach produkcyjnych i kontroli jako\u015bci o ograniczonym czasie. HS1000 jest wykonany g\u0142\u00f3wnie z granitu, aby zapewni\u0107 doskona\u0142\u0105 stabilno\u015b\u0107 i jest dostarczany z opcjonaln\u0105 stacj\u0105 robocz\u0105 w obudowie, aby stworzy\u0107 w pe\u0142ni zamkni\u0119ty samodzielny instrument. HS1000 mo\u017ce by\u0107 r\u00f3wnie\u017c wyposa\u017cony w 180-punktowy czujnik liniowy, kt\u00f3ry przyspiesza inspekcj\u0119 do 180 razy, co daje pr\u0119dko\u015b\u0107 przesuwu 1 m\/s i szybko\u015b\u0107 akwizycji do 324 000. Idealna opcja dla \u015brodowisk szybkiej automatyzacji i kontroli jako\u015bci. Zoptymalizowane wersje profilometru HS1000 zosta\u0142y stworzone dla \u015brodowisk produkcyjnych fotowoltaiki, mikroelektroniki i asphere. Zdolny do du\u017cych pr\u0119dko\u015bci, akwizycji do 31 000 punkt\u00f3w na sekund\u0119 i skanowania obszar\u00f3w do 1m x 1m. Pomiary mog\u0105 obejmowa\u0107 zakres od planarno\u015bci mikroelektroniki, przez p\u0142asko\u015b\u0107 ogniw s\u0142onecznych, po topografi\u0119 i wymiary asferyczne. Dost\u0119pny jako samodzielne urz\u0105dzenie lub do integracji w linii produkcyjnej na potrzeby kontroli jako\u015bci.<\/p>\n<p align=\"justify\">- Wysoka pr\u0119dko\u015b\u0107 - Zautomatyzowana - Przyjazna dla u\u017cytkownika technologia - (PRVision) Rozpoznawanie wzorc\u00f3w obrazu - Ulepszona struktura granitu - Stacja robocza w obudowie bezpiecze\u0144stwa - Przeno\u015bnik indeksuj\u0105cy lub opcja integracji w linii - 31 000 punkt\u00f3w na sekund\u0119 i skanowanie obszar\u00f3w do 1m x 1m do kontroli jako\u015bci w linii<\/p>\n<\/div>\n<p>&nbsp;<\/p>\n<div class=\"product-pic\">\n<p><strong><a><img loading=\"lazy\" decoding=\"async\" src=\"https:\/\/nanovea.com\/wp-content\/themes\/wp-nanovea\/images\/images\/PRVisionSoftware.jpg\" alt=\"Oprogramowanie Nanovea PRVision\" width=\"95\" height=\"95\" align=\"left\" border=\"none\" \/><\/a><\/strong><\/p>\n<\/div>\n<div class=\"product-desc\">\n<p align=\"justify\"><strong>Oprogramowanie | <\/strong>Rozpoznawanie wzorc\u00f3w 2D i analiza 3D<em><br \/>\nPRVision<\/em> automatycznie rozpoznaje cechy z pliku obrazu przeszkolonego przez u\u017cytkownika. Powierzchnia jest skanowana podczas automatycznego rozpoznawania wszystkich interesuj\u0105cych cech; nast\u0119pnie automatycznie mierzy ka\u017cd\u0105 znalezion\u0105 cech\u0119 lub kilka wybranych przez u\u017cytkownika. <em>PRVision<\/em> mo\u017cna r\u00f3wnie\u017c u\u017cy\u0107 do odniesienia orientacji pr\u00f3bki podczas pomiaru makro, co automatycznie skoryguje obroty lub przemieszczenia powsta\u0142e podczas \u0142adowania i roz\u0142adowywania pr\u00f3bek z uchwytu. Opcja ta znacznie skraca czas konfiguracji, gdy mierzony jest wz\u00f3r powierzchni lub kilka pr\u00f3bek. Oprogramowanie Nanovea 3D jest oprogramowaniem akwizycji u\u017cywanym do dalszej analizy. Oprogramowanie pozwala u\u017cytkownikowi zdefiniowa\u0107 rozmiar mierzonego obszaru lub linii, a tak\u017ce rozdzielczo\u015b\u0107 boczn\u0105 pomiaru. Oprogramowanie pozwala r\u00f3wnie\u017c na trzy r\u00f3\u017cne widoki pomiaru w czasie rzeczywistym: przekr\u00f3j poprzeczny, widok z g\u00f3ry na d\u00f3\u0142 i widok tr\u00f3jwymiarowy. Aby u\u0142atwi\u0107 znalezienie i pomiar ma\u0142ych powierzchni, funkcja ponownego centrowania umo\u017cliwia u\u017cytkownikowi wskazanie i klikni\u0119cie na zeskanowanym obrazie w celu ponownego wy\u015brodkowania nast\u0119pnego skanu do tego konkretnego punktu; lub za pomoc\u0105 funkcji wska\u017c i kliknij z opcjonalnej przesuni\u0119tej kamery wideo. Po\u0142\u0105czenie tych dw\u00f3ch funkcji umo\u017cliwia automatyczne wykrywanie cech i wad, zapami\u0119tywanie ich lokalizacji, a nast\u0119pnie mo\u017cliwo\u015b\u0107 pomiaru tego obszaru w 3D. Dane 2D i 3D mog\u0105 by\u0107 wykorzystane do por\u00f3wnania wymiar\u00f3w, kszta\u0142tu, chropowato\u015bci, obj\u0119to\u015bci i wielu innych parametr\u00f3w z wcze\u015bniej zdefiniowanymi parametrami.<\/p>\n<\/div>\n<p style=\"clear: both;\">","protected":false},"excerpt":{"rendered":"<p>AUTOMATED INSPECTION On a wider range of geometries &amp; materials then any other optical inspection system. AUTOMATED OPTICAL INSPECTION INTRO Nanovea Automated Optical Inspection (AOI) with leading edge optics using superior chromatic confocal technology. Nano through macro range is automatically obtained during measurement (Profile Dimension, Roughness Finish Texture, Shape Form Topography, Flatness Warpage, Volume Area, [&hellip;]<\/p>","protected":false},"author":1,"featured_media":0,"parent":0,"menu_order":0,"comment_status":"open","ping_status":"closed","template":"","meta":{"_exactmetrics_skip_tracking":false,"_exactmetrics_sitenote_active":false,"_exactmetrics_sitenote_note":"","_exactmetrics_sitenote_category":0,"footnotes":""},"class_list":["post-632","page","type-page","status-publish","hentry"],"_links":{"self":[{"href":"https:\/\/nanovea.com\/pl\/wp-json\/wp\/v2\/pages\/632","targetHints":{"allow":["GET"]}}],"collection":[{"href":"https:\/\/nanovea.com\/pl\/wp-json\/wp\/v2\/pages"}],"about":[{"href":"https:\/\/nanovea.com\/pl\/wp-json\/wp\/v2\/types\/page"}],"author":[{"embeddable":true,"href":"https:\/\/nanovea.com\/pl\/wp-json\/wp\/v2\/users\/1"}],"replies":[{"embeddable":true,"href":"https:\/\/nanovea.com\/pl\/wp-json\/wp\/v2\/comments?post=632"}],"version-history":[{"count":14,"href":"https:\/\/nanovea.com\/pl\/wp-json\/wp\/v2\/pages\/632\/revisions"}],"predecessor-version":[{"id":9409,"href":"https:\/\/nanovea.com\/pl\/wp-json\/wp\/v2\/pages\/632\/revisions\/9409"}],"wp:attachment":[{"href":"https:\/\/nanovea.com\/pl\/wp-json\/wp\/v2\/media?parent=632"}],"curies":[{"name":"wp","href":"https:\/\/api.w.org\/{rel}","templated":true}]}}