{"id":2271,"date":"2016-01-25T17:33:58","date_gmt":"2016-01-25T17:33:58","guid":{"rendered":"http:\/\/nanovea.com\/?page_id=2271"},"modified":"2018-11-20T17:18:34","modified_gmt":"2018-11-20T17:18:34","slug":"publikacje","status":"publish","type":"page","link":"https:\/\/nanovea.com\/pl\/publikacje\/","title":{"rendered":"Publikacje"},"content":{"rendered":"<p><strong>PUBLIKACJE<br \/>\n<\/strong><\/p>\n<p>Nanovea kontynuuje rozw\u00f3j technologii pomiar\u00f3w i bada\u0144 powierzchni. W recenzowanych czasopismach opublikowano ponad 250 artyku\u0142\u00f3w naukowych z wykorzystaniem instrument\u00f3w Nanovea. Poni\u017cej znajduje si\u0119 wybrana lista artyku\u0142\u00f3w. Prosz\u0119 <a href=\"https:\/\/nanovea.com\/request-form\" target=\"_blank\" rel=\"noopener noreferrer\">kontakt<\/a> Nanovea w celu uzyskania pe\u0142nej listy publikacji.<\/p>\n<table style=\"width: 100%;\" border=\"0\">\n<tbody>\n<tr>\n<td style=\"width: 25%; vertical-align: top; padding-right: 10px;\" height=\"152\"><strong><br \/>\nPROFILOMETR<\/strong><\/p>\n<ul>\n<li><a href=\"https:\/\/www.sciencedirect.com\/science\/article\/pii\/S0921509310007318\">Mikrostruktura i w\u0142a\u015bciwo\u015bci \u015bcierne kompozyt\u00f3w WC-12%Co osadzanych laserowo<\/a>, Materials Science and Engineering: A 527, 24-25, 6677-6682<\/li>\n<li><a href=\"https:\/\/www.sciencedirect.com\/science\/article\/pii\/S0169433213021879\">Wp\u0142yw procesu szlifowania \u015bciernic\u0105 diamentow\u0105 na mikrotopografi\u0119 powierzchni i w\u0142a\u015bciwo\u015bci kompozytu SiO2\/SiO2<\/a>, Applied Surface Science 292, 181-189<\/li>\n<li><a href=\"https:\/\/www.sciencedirect.com\/science\/article\/pii\/S0043164813001841\">Chropowato\u015b\u0107 powierzchni i szybko\u015b\u0107 erozji kana\u0142\u00f3w mikroobrabianych strumieniem \u015bcierniwa: Eksperymenty i model analityczny<\/a>, Nosz 303, 1-2, 138-145<\/li>\n<li><a href=\"https:\/\/www.sciencedirect.com\/science\/article\/pii\/S0008622310009425\">Stabilne superhydrofobowe pow\u0142oki kompozytowe wykonane z wodnej dyspersji nanorurek w\u0119glowych i fluoropolimeru<\/a>, W\u0119glin 49, 5, 1769-1774<\/li>\n<li><a href=\"https:\/\/www.sciencedirect.com\/science\/article\/pii\/S1359645410003605\">Adaptacyjne pow\u0142oki nanokompozytowe VN\/Ag o w\u0142a\u015bciwo\u015bciach smarnych w zakresie od 25 do 1000 \u00b0C<\/a>, Acta Materialia 58, 16, 5326-5331<\/li>\n<li><a href=\"https:\/\/www.sciencedirect.com\/science\/article\/pii\/S0257897208006749\">Teksturowanie powierzchni dla adaptacyjnego smarowania sta\u0142ego<\/a>, Surface and Coatings Technology 203, 1-2, 73-79<\/li>\n<li><a href=\"https:\/\/dx.doi.org\/10.1002\/jbm.a.32952\">Szklana pow\u0142oka na bazie aluminium natryskiwana na zimno: Synteza, w\u0142a\u015bciwo\u015bci zu\u017cycia i korozji<\/a>, Surface and Coatings Technology 232, 33-40<\/li>\n<li><a href=\"https:\/\/www.sciencedirect.com\/science\/article\/pii\/S0043164810001183\">Pow\u0142oki nanokompozytowe CrN-Ag: Wysokotemperaturowa odpowied\u017a tribologiczna<\/a>, Nosi 269, 1-2, 125-131<\/li>\n<li><a href=\"https:\/\/www.sciencedirect.com\/science\/article\/pii\/S0008622312003958\">Synteza i w\u0142a\u015bciwo\u015bci sypkich nanop\u0142atk\u00f3w grafenowych konsolidowanych metod\u0105 iskrowego spiekania plazmowego<\/a>, W\u0119giel 50, 11, 4068-4077<\/li>\n<li><a href=\"https:\/\/www.sciencedirect.com\/science\/article\/pii\/S0257897211000818\">Synteza in-situ pow\u0142ok kompozytowych TiC\/SiC\/Ti3SiC2 metod\u0105 iskrowego spiekania plazmowego<\/a>, Surface and Coatings Technology 205, 13-14, 3840-3846<\/li>\n<\/ul>\n<div id=\"stcpDiv\"><\/div>\n<\/td>\n<td style=\"width: 25%; vertical-align: top; padding-right: 10px;\"><strong><br \/>\nTESTER MECHANICZNY<\/strong><\/p>\n<ul>\n<li><a href=\"https:\/\/www.sciencedirect.com\/science\/article\/pii\/S0010938X14005952\">Ochrona przed utlenianiem kompozyt\u00f3w w\u0119giel\/w\u0119giel za pomoc\u0105 nowatorskiej pow\u0142oki ceramicznej SiC wzmocnionej nanorobkami SiC-Si<\/a>, Corrosion Science 92, 272-279<\/li>\n<li><a href=\"https:\/\/www.sciencedirect.com\/science\/article\/pii\/S0257897213009389\">Charakterystyka i w\u0142a\u015bciwo\u015bci mechaniczne pow\u0142ok duplex wytwarzanych na stali metod\u0105 osadzania elektroiskrowego i utleniania mikro\u0142ukowego<\/a>, Surface and Coatings Technology 236, 303-308<\/li>\n<li><a href=\"https:\/\/www.sciencedirect.com\/science\/article\/pii\/S0169433212014821\">Charakterystyka i w\u0142a\u015bciwo\u015bci mechaniczne pow\u0142ok na magnezie metod\u0105 mikro\u0142ukowego utleniania<\/a>, Applied Surface Science 261, 774-782<\/li>\n<li><a href=\"https:\/\/www.sciencedirect.com\/science\/article\/pii\/B9780127999470000134\">Rozdzia\u0142 13 - Napylanie plazmowe nanokrystalicznych pow\u0142ok hydroksyapatytowych uzyskanych na tytanowych implantach \u015br\u00f3dkostnych<\/a>, Handbook of Nanoceramic and Nanocomposite Coatings and Materials 293-317<\/li>\n<li><a href=\"https:\/\/www.sciencedirect.com\/science\/article\/pii\/S0921509315004165\">Charakterystyka metalurgiczna i przej\u015bcie w tryb awaryjny dla zgrzew\u00f3w punktowych o r\u00f3\u017cnej rezystancji pomi\u0119dzy ultra drobnoziarnistymi i gruboziarnistymi blachami ze stali niskow\u0119glowej<\/a>, Materials Science and Engineering: A 637, 42360<\/li>\n<li><a href=\"https:\/\/dx.doi.org\/10.1111\/jace.12621\">Korelacje pomi\u0119dzy mikrostruktur\u0105 a w\u0142a\u015bciwo\u015bciami mechanicznymi natryskiwanych plazm\u0105 powietrzn\u0105 pow\u0142ok barierowych poddanych dzia\u0142aniu wysokiej temperatury<\/a>, Journal of the American Ceramic Society 96, 12, 3901-3907<\/li>\n<li><a href=\"https:\/\/link.springer.com\/article\/10.1007\/s10570-012-9659-7\">Wp\u0142yw st\u0119\u017cenia krzemianu sodu na w\u0142a\u015bciwo\u015bci strukturalne i tribologiczne pow\u0142ok mikro\u0142ukowych utlenianych na pod\u0142o\u017cu ze stopu aluminium 2017A<\/a>, Journal of Alloys and Compounds 504, 2, 519-526<\/li>\n<li><a href=\"https:\/\/www.sciencedirect.com\/science\/article\/pii\/S025789721400108X\">Osadzanie HIPIMS film\u00f3w TiAlN na wewn\u0119trznej \u015bciance mikrodr\u0105\u017carek i jego zastosowanie w formowaniu mikroarkuszy metalowych<\/a>, Surface and Coatings Technology 250, 44-51<\/li>\n<li><a href=\"https:\/\/www.sciencedirect.com\/science\/article\/pii\/S0257897215005009\">Badanie w\u0142a\u015bciwo\u015bci materia\u0142owych i tribologicznych sta\u0142ych film\u00f3w smarowych Sb2O3\/Au z domieszk\u0105 MoS2 w warunkach kontaktu \u015blizgowego i tocznego w r\u00f3\u017cnych \u015brodowiskach<\/a>, Surface and Coatings Technology, w druku<\/li>\n<li><a href=\"https:\/\/www.sciencedirect.com\/science\/article\/pii\/S0257897210000265\">Wp\u0142yw zgodno\u015bci pow\u0142oki na rozwarstwienie pow\u0142ok termoizolacyjnych<\/a>, Surface and Coatings Technology 204, 15, 2432-2441<\/li>\n<li><a href=\"https:\/\/doi.org\/10.1088\/1402-4896\/aa9292\">Badanie por\u00f3wnawcze w\u0142a\u015bciwo\u015bci mechanicznych r\u00f3\u017cnych materia\u0142\u00f3w wolframowych do zastosowa\u0144 w syntezie j\u0105drowej<\/a>, S Krimpalis et al 2017 Phys. Scr. 2017 014068<\/li>\n<\/ul>\n<\/td>\n<td style=\"width: 25%; vertical-align: top; padding-right: 10px;\" colspan=\"2\"><strong><br \/>\nTRIBOMETR<\/strong><\/p>\n<ul>\n<li><a href=\"https:\/\/link.springer.com\/article\/10.1007\/s11666-011-9669-2\">Zachowanie si\u0119 pow\u0142oki tlenku aluminium wzmocnionej nanorurkami w\u0119glowymi spryskiwanymi plazm\u0105 w \u015brodowisku morskim i wysokotemperaturowym<\/a>, Journal of Thermal Spray Technology 20, 6, 1217-1230<\/li>\n<li><a href=\"https:\/\/www.sciencedirect.com\/science\/article\/pii\/S0257897209009748\">Zachowanie tribologiczne w \u015bredniej temperaturze pow\u0142oki z tlenku glinu wzmocnionej nanorurkami w\u0119glowymi natryskiwanymi plazmowo<\/a>, Surface and Coatings Technology 204, 11, 1847-1855<\/li>\n<li><a href=\"https:\/\/www.sciencedirect.com\/science\/article\/pii\/S1742706109001330\">Laserowo wspomagana pow\u0142oka Zr\/ZrO2 na Ti dla implant\u00f3w no\u015bnych<\/a>, Acta Biomaterialia 5, 7, 2800-2809<\/li>\n<li><a href=\"https:\/\/www.sciencedirect.com\/science\/article\/pii\/S0008622310003143\">Hartowanie hydroksyapatytu nanorurkami w\u0119glowymi metod\u0105 iskrowego spiekania plazmowego: Ewolucja mikrostruktury i wieloskalowe w\u0142a\u015bciwo\u015bci tribologiczne<\/a>, W\u0119giel 48, 11, 3103-3120<\/li>\n<li><a href=\"https:\/\/www.sciencedirect.com\/science\/article\/pii\/S1359646210003003\">Laserowa obr\u00f3bka pow\u0142oki wzmocnionej cz\u0105steczkami SiC na tytanie<\/a>, Scripta Materialia 63, 4, 438-441<\/li>\n<li><a href=\"https:\/\/www.sciencedirect.com\/science\/article\/pii\/S0928493110001724\">Szybko\u015b\u0107 zu\u017cycia in vitro i uwalnianie jon\u00f3w Co z kompozycyjnie i strukturalnie stopniowanych struktur CoCrMo-Ti6Al4V<\/a>, Materials Science and Engineering: C 31, 4, 809-814<\/li>\n<li><a href=\"https:\/\/www.sciencedirect.com\/science\/article\/pii\/S0043164813004717\">Mikrostruktura i w\u0142a\u015bciwo\u015bci tribologiczne poddanego obr\u00f3bce roztworu stopu Tribaloy<\/a>, Wear 307, 1-2, 22-27<\/li>\n<li><a href=\"https:\/\/www.sciencedirect.com\/science\/article\/pii\/S0040609009003216\">Wzrost, struktura i zachowanie podczas tarcia nanokompozytowych cienkich film\u00f3w z dwusiarczku wolframu z domieszk\u0105 tytanu (Ti-WS2)<\/a>, Thin Solid Films 517, 19, 5666-5675<\/li>\n<li><a href=\"https:\/\/www.sciencedirect.com\/science\/article\/pii\/S0008622309006381\">Synteza pow\u0142oki z tlenku glinu ze wzmocnieniem z nanorurek w\u0119glowych wytworzonej metod\u0105 chemicznego osadzania z fazy gazowej dla zwi\u0119kszenia odporno\u015bci na p\u0119kanie i zu\u017cycie<\/a>, W\u0119giel 48, 2, 431-442<\/li>\n<li><a href=\"https:\/\/dx.doi.org\/10.1111\/j.1551-2916.2010.04345.x\">Ocena skuteczno\u015bci techniki wg\u0142\u0119biania Hertza w okre\u015blaniu odporno\u015bci na p\u0119kanie materia\u0142\u00f3w kruchych<\/a>, Journal of the American Ceramic Society 94, 7, 2153-2161<\/li>\n<li><a href=\"https:\/\/www.nature.com\/nature\/journal\/v536\/n7614\/pdf\/nature18948.pdf\">Trybofilmy w\u0119glowe z olej\u00f3w smarowych<\/a>, Nature 536, 67-71<\/li>\n<\/ul>\n<\/td>\n<\/tr>\n<\/tbody>\n<\/table>\n<p>&nbsp;<\/p>\n<p>&nbsp;<\/p>","protected":false},"excerpt":{"rendered":"<p>PUBLICATIONS Nanovea continues to advance measurement and surface research technology. More than 250 research articles featuring Nanovea instruments have been published on peer-reviewed journals. Below is a selected list of the articles. Please contact Nanovea for a full list of publications. PROFILOMETER Microstructure and wear properties of laser deposited WC\u201312%Co composites, Materials Science and Engineering: [&hellip;]<\/p>","protected":false},"author":1,"featured_media":0,"parent":0,"menu_order":0,"comment_status":"closed","ping_status":"closed","template":"","meta":{"_exactmetrics_skip_tracking":false,"_exactmetrics_sitenote_active":false,"_exactmetrics_sitenote_note":"","_exactmetrics_sitenote_category":0,"footnotes":""},"class_list":["post-2271","page","type-page","status-publish","hentry"],"_links":{"self":[{"href":"https:\/\/nanovea.com\/pl\/wp-json\/wp\/v2\/pages\/2271","targetHints":{"allow":["GET"]}}],"collection":[{"href":"https:\/\/nanovea.com\/pl\/wp-json\/wp\/v2\/pages"}],"about":[{"href":"https:\/\/nanovea.com\/pl\/wp-json\/wp\/v2\/types\/page"}],"author":[{"embeddable":true,"href":"https:\/\/nanovea.com\/pl\/wp-json\/wp\/v2\/users\/1"}],"replies":[{"embeddable":true,"href":"https:\/\/nanovea.com\/pl\/wp-json\/wp\/v2\/comments?post=2271"}],"version-history":[{"count":7,"href":"https:\/\/nanovea.com\/pl\/wp-json\/wp\/v2\/pages\/2271\/revisions"}],"predecessor-version":[{"id":4148,"href":"https:\/\/nanovea.com\/pl\/wp-json\/wp\/v2\/pages\/2271\/revisions\/4148"}],"wp:attachment":[{"href":"https:\/\/nanovea.com\/pl\/wp-json\/wp\/v2\/media?parent=2271"}],"curies":[{"name":"wp","href":"https:\/\/api.w.org\/{rel}","templated":true}]}}