{"id":2254,"date":"2016-01-25T17:01:39","date_gmt":"2016-01-25T17:01:39","guid":{"rendered":"http:\/\/nanovea.com\/?page_id=2254"},"modified":"2018-11-16T17:08:40","modified_gmt":"2018-11-16T17:08:40","slug":"korozja-tribologia-testowanie","status":"publish","type":"page","link":"https:\/\/nanovea.com\/pl\/korozja-tribologia-testowanie\/","title":{"rendered":"Testy tribologiczne korozji"},"content":{"rendered":"<div class=\"wonderpluginslider-container\" id=\"wonderpluginslider-container-7\" style=\"max-width:1035px;margin:0 auto;padding-left:0px;padding-right:0px;padding-top:0px;padding-bottom:0px;\"><div class=\"wonderpluginslider\" id=\"wonderpluginslider-7\" data-sliderid=\"7\" data-width=\"1035\" data-height=\"380\" data-skin=\"cube\" data-autoplay=\"true\" data-randomplay=\"false\" data-loadimageondemand=\"false\" data-transitiononfirstslide=\"false\" data-autoplayvideo=\"false\" data-isresponsive=\"true\" data-fullwidth=\"false\" data-isfullscreen=\"false\" data-ratioresponsive=\"false\" data-showtext=\"true\" data-showtimer=\"false\" data-showbottomshadow=\"false\" data-navshowpreview=\"false\" data-textautohide=\"true\" data-lightboxresponsive=\"true\" data-lightboxshownavigation=\"false\" data-lightboxshowtitle=\"true\" data-lightboxshowdescription=\"false\" data-texteffectresponsive=\"true\" data-donotinit=\"false\" data-addinitscript=\"false\" data-lightboxfullscreenmode=\"false\" data-lightboxcloseonoverlay=\"true\" data-lightboxvideohidecontrols=\"false\" data-lightboxnogroup=\"false\" data-lightboxautoslide=\"false\" data-lightboxshowtimer=\"true\" data-lightboxshowplaybutton=\"true\" data-lightboxalwaysshownavarrows=\"false\" data-lightboxshowtitleprefix=\"true\" data-titleusealt=\"false\" data-outputtext=\"false\" data-scalemode=\"fit\" data-arrowstyle=\"always\" data-transition=\"slide\" data-loop=\"0\" data-border=\"0\" data-slideinterval=\"8000\" data-arrowimage=\"arrows-36-80-0.png\" data-arrowwidth=\"36\" data-arrowheight=\"80\" data-arrowtop=\"50\" data-arrowmargin=\"-18\" data-navstyle=\"bullets\" data-navimage=\"bullet-24-24-1.png\" data-navwidth=\"24\" data-navheight=\"24\" data-navspacing=\"8\" data-navmarginx=\"16\" data-navmarginy=\"16\" data-navposition=\"bottom\" data-playvideoimage=\"playvideo-64-64-0.png\" data-playvideoimagewidth=\"64\" data-playvideoimageheight=\"64\" data-lightboxthumbwidth=\"90\" data-lightboxthumbheight=\"60\" data-lightboxthumbtopmargin=\"12\" data-lightboxthumbbottommargin=\"4\" data-lightboxbarheight=\"64\" data-lightboxtitlebottomcss=\"color:#333; font-size:14px; font-family:Armata,sans-serif,Arial; overflow:hidden; text-align:left;\" data-lightboxdescriptionbottomcss=\"color:#333; font-size:12px; font-family:Arial,Helvetica,sans-serif; overflow:hidden; text-align:left; margin:4px 0px 0px; padding: 0px;\" data-textformat=\"Color box\" data-textpositionstatic=\"bottom\" data-textpositiondynamic=\"topleft\" data-paddingleft=\"0\" data-paddingright=\"0\" data-paddingtop=\"0\" data-paddingbottom=\"0\" data-texteffectresponsivesize=\"640\" data-fadeduration=\"1000\" data-crossfadeduration=\"1000\" data-slideduration=\"1000\" data-elasticduration=\"1000\" data-sliceduration=\"1500\" data-blindsduration=\"1500\" data-blocksduration=\"1500\" data-shuffleduration=\"1500\" data-tilesduration=\"2000\" data-kenburnsduration=\"5000\" data-flipduration=\"1500\" data-flipwithzoomduration=\"2000\" data-threedduration=\"1500\" data-threedhorizontalduration=\"1500\" data-threedwithzoomduration=\"2500\" data-threedhorizontalwithzoomduration=\"2200\" data-threedflipduration=\"1500\" data-threedflipwithzoomduration=\"2000\" data-threedtilesduration=\"2000\" data-threedfallback=\"flip\" data-threedhorizontalfallback=\"flip\" data-threedwithzoomfallback=\"flipwithzoom\" data-threedhorizontalwithzoomfallback=\"flipwithzoom\" data-threedflipfallback=\"flip\" data-threedflipwithzoomfallback=\"flipwithzoom\" data-threedtilesfallback=\"tiles\" data-ratiomediumscreen=\"800\" data-ratiomediumheight=\"1.2\" data-ratiosmallscreen=\"480\" data-ratiosmallheight=\"1.6\" data-lightboxtitlestyle=\"bottom\" data-lightboximagepercentage=\"75\" data-lightboxdefaultvideovolume=\"1\" data-lightboxoverlaybgcolor=\"#000\" data-lightboxoverlayopacity=\"0.9\" data-lightboxbgcolor=\"#fff\" data-lightboxtitleprefix=\"%NUM \/ %TOTAL\" data-lightboxtitleinsidecss=\"color:#fff; font-size:16px; font-family:Arial,Helvetica,sans-serif; overflow:hidden; text-align:left;\" data-lightboxdescriptioninsidecss=\"color:#fff; font-size:12px; font-family:Arial,Helvetica,sans-serif; overflow:hidden; text-align:left; margin:4px 0px 0px; padding: 0px;\" data-lightboxslideinterval=\"5000\" data-lightboxtimerposition=\"bottom\" data-lightboxtimercolor=\"#dc572e\" data-lightboxtimeropacity=\"1\" data-lightboxbordersize=\"8\" data-lightboxborderradius=\"0\" data-textcss=\"display:block; padding:8px 16px; text-align:left;\" data-textbgcss=\"display:none;\" data-titlecss=\"color: #1b96cf;    font-family: &quot;Open Sans&quot;,sans-serif;    font-size: 32px;    margin-top: 25px;    margin-left: -20px;    font-weight: bold;\" data-descriptioncss=\"color: #282828;    font-size: 18px;    line-height: 30px;    margin-left: -20px;    margin-top: 03px;\" data-buttoncss=\"display:block; position:relative; margin-top:10px;\" data-titlecssresponsive=\"font-size:12px;\" data-descriptioncssresponsive=\"display:none !important;\" data-buttoncssresponsive=\"font-size: 9px !important;width:100%;\" data-jsfolder=\"https:\/\/nanovea.com\/wp-content\/plugins\/wonderplugin-slider-lite\/engine\/\" style=\"display:none;\" ><ul class=\"amazingslider-slides\"  style=\"display:none;\"><li><img decoding=\"async\" class=\"amazingslider-img-elem amazingsliderimg\" src=\"https:\/\/nanovea.com\/wp-content\/uploads\/2015\/04\/corrosion-tribology-1.jpg\" alt=\"TRYBOLOGIA KOROZJI\" title=\"TRYBOLOGIA KOROZJI\" data-description=\"Open Tribocorrosion test set-up\" \/><\/li><li><img decoding=\"async\" class=\"amazingslider-img-elem amazingsliderimg\" src=\"https:\/\/nanovea.com\/wp-content\/uploads\/2015\/04\/corrosion-tribology-2.jpg\" alt=\"TRYBOLOGIA KOROZJI\" title=\"TRYBOLOGIA KOROZJI\" data-description=\"Open circuit potential, anodic and cathodic potential\" \/><\/li><li><img decoding=\"async\" class=\"amazingslider-img-elem amazingsliderimg\" src=\"https:\/\/nanovea.com\/wp-content\/uploads\/2015\/04\/corrosion-tribology-3.jpg\" alt=\"TRYBOLOGIA KOROZJI\" title=\"TRYBOLOGIA KOROZJI\" data-description=\"Wear tracks after dry\/corrosive wear and Electrochemical &lt;br \/&gt;Impedance Spectroscopy\" \/><\/li><\/ul><\/div><\/div>\n<h1><strong>TRIBOLOGIA KOROZJI WPROWADZENIE<\/strong><\/h1>\n<p><a href=\"https:\/\/nanovea.com\/tribometers\">Przyrz\u0105dy do pomiaru tryb\u00f3w<\/a> | <a href=\"https:\/\/nanovea.com\/lab-services\/\">Us\u0142ugi laboratoryjne<\/a> | <a href=\"https:\/\/nanovea.com\/rotative-wear-test\">Rotacyjny<\/a> | <a href=\"https:\/\/nanovea.com\/application-notes\">Uwagi do zastosowania<\/a><\/p>\n<div class=\"product-pic\">\n<p><img decoding=\"async\" src=\"https:\/\/nanovea.com\/wp-content\/themes\/wp-nanovea\/images\/images\/corrosion-tribology.jpg\" alt=\"Tribologia cieczy\" width=\"95\" height=\"95\" align=\"left\" border=\"none\" \/><\/p>\n<\/div>\n<div class=\"product-desc\">\n<p align=\"justify\"><strong>Proces Tribologii Korozji:<br \/>\n<\/strong>Tribokorozja to proces degradacji powierzchni wynikaj\u0105cy z jednoczesnego dzia\u0142ania trybologicznego i elektrochemicznego w \u015brodowisku korozyjnym. Test tribokorozyjny przeprowadza eksperymenty zu\u017cycia i korozji jednocze\u015bnie przy u\u017cyciu konfiguracji \u015blizgowej kulki na p\u0142ytce, gdzie kontakt procesu zu\u017cycia jest ca\u0142kowicie zanurzony w elektrolicie testowym. Modu\u0142 tribokorozyjny to tr\u00f3jko\u0144c\u00f3wkowe ogniwo elektrochemiczne zainstalowane na etapie pr\u00f3bki, z pr\u00f3bk\u0105, drutem platynowym i elektrod\u0105 Ag\/AgCl, NaCl (nasycon\u0105) dzia\u0142aj\u0105cymi odpowiednio jako elektrody robocze, przeciwne i odniesienia. Potencja\u0142 obwodu otwartego (OCP) jest mierzony in situ w celu monitorowania ewolucji procesu tribokorozji. Zmniejszenie OCP dzia\u0142a jako wska\u017anik uszkodzenia warstw ochronnych. Zmiana wsp\u00f3\u0142czynnika tarcia (COF) r\u00f3wnie\u017c zapewnia wgl\u0105d w r\u00f3\u017cne etapy rozwoju zu\u017cycia. Testy zu\u017cycia mo\u017cna r\u00f3wnie\u017c przeprowadzi\u0107 w warunkach polaryzacji anodowej lub katodowej, aby przyspieszy\u0107 lub zahamowa\u0107 proces korozji, w celu zbadania wp\u0142ywu reakcji korozyjnych na szybko\u015b\u0107 tribokorozji.<\/p>\n<p>&nbsp;<\/p>\n<p><strong>Normy:<\/strong><\/p>\n<p>- ASTM G133<\/p>\n<p>&nbsp;<\/p>\n<p><strong>W\u0142a\u015bciwo\u015bci analizowane podczas tribokorozji:<\/strong><\/p>\n<p>- Wska\u017aniki zu\u017cycia<\/p>\n<p>- Wsp\u00f3\u0142czynnik tarcia<\/p>\n<p>- Odporno\u015b\u0107 na korozj\u0119<\/p>\n<p>- Zachowanie tribokorozyjne<\/p>\n<p>&nbsp;<\/p>\n<p><strong>Kontrola oprogramowania podczas tribokorozji:<\/strong><\/p>\n<p>- Zu\u017cycie przy potencjale obwodu otwartego<\/p>\n<p>- Zu\u017cycie przy potencjale anodowym\/katodowym<\/p>\n<p>- Analiza elektrochemicznej spektroskopii impedancyjnej<\/p>\n<p>- Polaryzacja potencjodynamiczna<\/p>\n<p>- Kontrola zmiennej pr\u0119dko\u015bci podczas testu i wiele innych<\/p>\n<p>&nbsp;<\/p>\n<p><strong>Kontrola \u015brodowiska podczas tribokorozji:<\/strong><\/p>\n<p>- R\u00f3\u017cne rozwi\u0105zania do symulacji realistycznych aplikacji<\/p>\n<p>- Przyspieszone\/op\u00f3\u017anione tempo korozji<\/p>\n<p>&nbsp;<\/p>\n<p><strong>Ko\u0144c\u00f3wki: (Stal i inne materia\u0142y przewodz\u0105ce):<\/strong><\/p>\n<p>- Kula 3, 6, 10 i 25 mm<\/p>\n<p>- Niestandardowe rozmiary kulek<\/p>\n<p>- Niestandardowe przypinki<\/p>\n<p>- P\u0142aska p\u0142yta<\/p>\n<p>- Niestandardowe geometrie<\/p>\n<p>&nbsp;<\/p>\n<p><strong>Posiadacze pr\u00f3bek:<\/strong><\/p>\n<p>- Zacisk standardowy<\/p>\n<p>- Monta\u017c klipsa na ogniwie Tribocorrosion Cell<\/p>\n<p>- Inne uchwyty pr\u00f3bek dost\u0119pne dla r\u00f3\u017cnych geometrii<\/p>\n<p>&nbsp;<\/p>\n<p><strong>Dodatkowe testy tribologiczne:<\/strong><br \/>\n<a href=\"https:\/\/nanovea.com\/temperature-tribology-testing\" target=\"_blank\" rel=\"noopener\">Temperatura <\/a><br \/>\n<a href=\"https:\/\/nanovea.com\/liquid-tribology-testing\" target=\"_blank\" rel=\"noopener\">P\u0142yn<\/a><\/p>\n<\/div>","protected":false},"excerpt":{"rendered":"<p>CORROSION TRIBOLOGY INTRO Tribometer Instruments | Lab Services | Rotative | Application Notes Corrosion Tribology Process: Tribocorrosion is a surface degradation process resulting from simultaneous tribological and electrochemical actions in a corrosive environment. Tribocorrosion test conducts wear and corrosion experiments simultaneously using a sliding ball-on-plate configuration, where the contact of the wear process is totally [&hellip;]<\/p>","protected":false},"author":1,"featured_media":0,"parent":0,"menu_order":0,"comment_status":"closed","ping_status":"closed","template":"","meta":{"_exactmetrics_skip_tracking":false,"_exactmetrics_sitenote_active":false,"_exactmetrics_sitenote_note":"","_exactmetrics_sitenote_category":0,"footnotes":""},"class_list":["post-2254","page","type-page","status-publish","hentry"],"_links":{"self":[{"href":"https:\/\/nanovea.com\/pl\/wp-json\/wp\/v2\/pages\/2254","targetHints":{"allow":["GET"]}}],"collection":[{"href":"https:\/\/nanovea.com\/pl\/wp-json\/wp\/v2\/pages"}],"about":[{"href":"https:\/\/nanovea.com\/pl\/wp-json\/wp\/v2\/types\/page"}],"author":[{"embeddable":true,"href":"https:\/\/nanovea.com\/pl\/wp-json\/wp\/v2\/users\/1"}],"replies":[{"embeddable":true,"href":"https:\/\/nanovea.com\/pl\/wp-json\/wp\/v2\/comments?post=2254"}],"version-history":[{"count":9,"href":"https:\/\/nanovea.com\/pl\/wp-json\/wp\/v2\/pages\/2254\/revisions"}],"predecessor-version":[{"id":4057,"href":"https:\/\/nanovea.com\/pl\/wp-json\/wp\/v2\/pages\/2254\/revisions\/4057"}],"wp:attachment":[{"href":"https:\/\/nanovea.com\/pl\/wp-json\/wp\/v2\/media?parent=2254"}],"curies":[{"name":"wp","href":"https:\/\/api.w.org\/{rel}","templated":true}]}}