{"id":2244,"date":"2016-01-21T23:09:53","date_gmt":"2016-01-21T23:09:53","guid":{"rendered":"http:\/\/nanovea.com\/?page_id=2244"},"modified":"2018-11-16T17:09:30","modified_gmt":"2018-11-16T17:09:30","slug":"liquid-tribology","status":"publish","type":"page","link":"https:\/\/nanovea.com\/pl\/liquid-tribology\/","title":{"rendered":"Testowanie tribologii cieczy"},"content":{"rendered":"<div class=\"wonderpluginslider-container\" id=\"wonderpluginslider-container-6\" style=\"max-width:1035px;margin:0 auto;padding-left:0px;padding-right:0px;padding-top:0px;padding-bottom:0px;\"><div class=\"wonderpluginslider\" id=\"wonderpluginslider-6\" data-sliderid=\"6\" data-width=\"1035\" data-height=\"380\" data-skin=\"cube\" data-autoplay=\"true\" data-randomplay=\"false\" data-loadimageondemand=\"false\" data-transitiononfirstslide=\"false\" data-autoplayvideo=\"false\" data-isresponsive=\"true\" data-fullwidth=\"false\" data-isfullscreen=\"false\" data-ratioresponsive=\"false\" data-showtext=\"true\" data-showtimer=\"false\" data-showbottomshadow=\"false\" data-navshowpreview=\"false\" data-textautohide=\"true\" data-pauseonmouseover=\"false\" data-lightboxresponsive=\"true\" data-lightboxshownavigation=\"false\" data-lightboxshowtitle=\"true\" data-lightboxshowdescription=\"false\" data-texteffectresponsive=\"true\" data-donotinit=\"false\" data-addinitscript=\"false\" data-lightboxfullscreenmode=\"false\" data-lightboxcloseonoverlay=\"true\" data-lightboxvideohidecontrols=\"false\" data-lightboxnogroup=\"false\" data-shownav=\"true\" data-navthumbresponsive=\"false\" data-navshowfeaturedarrow=\"false\" data-lightboxshowsocial=\"false\" data-lightboxshowfacebook=\"true\" data-lightboxshowtwitter=\"true\" data-lightboxshowpinterest=\"true\" data-lightboxsocialrotateeffect=\"true\" data-showsocial=\"false\" data-showfacebook=\"true\" data-showtwitter=\"true\" data-showpinterest=\"true\" data-socialrotateeffect=\"true\" data-disableinlinecss=\"false\" data-triggerresize=\"false\" data-lightboxautoslide=\"false\" data-lightboxshowtimer=\"true\" data-lightboxshowplaybutton=\"true\" data-lightboxalwaysshownavarrows=\"false\" data-lightboxshowtitleprefix=\"true\" data-titleusealt=\"false\" data-outputtext=\"false\" data-scalemode=\"fit\" data-arrowstyle=\"always\" data-transition=\"slide\" data-loop=\"0\" data-border=\"0\" data-slideinterval=\"8000\" data-arrowimage=\"arrows-36-80-0.png\" data-arrowwidth=\"36\" data-arrowheight=\"80\" data-arrowtop=\"50\" data-arrowmargin=\"-18\" data-navstyle=\"bullets\" data-navimage=\"bullet-24-24-1.png\" data-navwidth=\"24\" data-navheight=\"24\" data-navspacing=\"8\" data-navmarginx=\"16\" data-navmarginy=\"16\" data-navposition=\"bottom\" data-navthumbnavigationstyle=\"arrow\" data-navthumbnavigationarrowimage=\"carouselarrows-32-32-0.png\" data-navthumbnavigationarrowimagewidth=\"32\" data-navthumbnavigationarrowimageheight=\"32\" data-playvideoimage=\"playvideo-64-64-0.png\" data-playvideoimagewidth=\"64\" data-playvideoimageheight=\"64\" data-lightboxthumbwidth=\"90\" data-lightboxthumbheight=\"60\" data-lightboxthumbtopmargin=\"12\" data-lightboxthumbbottommargin=\"4\" data-lightboxbarheight=\"64\" data-lightboxtitlebottomcss=\"color:#333; font-size:14px; font-family:Armata,sans-serif,Arial; overflow:hidden; text-align:left;\" data-lightboxdescriptionbottomcss=\"color:#333; font-size:12px; font-family:Arial,Helvetica,sans-serif; overflow:hidden; text-align:left; margin:4px 0px 0px; padding: 0px;\" data-textformat=\"Color box\" data-textpositionstatic=\"bottom\" data-textpositiondynamic=\"topleft\" data-paddingleft=\"0\" data-paddingright=\"0\" data-paddingtop=\"0\" data-paddingbottom=\"0\" data-texteffectresponsivesize=\"640\" data-textleftrightpercentforstatic=\"40\" data-fadeduration=\"1000\" data-crossfadeduration=\"1000\" data-slideduration=\"1000\" data-elasticduration=\"1000\" data-sliceduration=\"1500\" data-blindsduration=\"1500\" data-blocksduration=\"1500\" data-shuffleduration=\"1500\" data-tilesduration=\"2000\" data-kenburnsduration=\"5000\" data-flipduration=\"1500\" data-flipwithzoomduration=\"2000\" data-threedduration=\"1500\" data-threedhorizontalduration=\"1500\" data-threedwithzoomduration=\"2500\" data-threedhorizontalwithzoomduration=\"2200\" data-threedflipduration=\"1500\" data-threedflipwithzoomduration=\"2000\" data-threedtilesduration=\"2000\" data-threedfallback=\"flip\" data-threedhorizontalfallback=\"flip\" data-threedwithzoomfallback=\"flipwithzoom\" data-threedhorizontalwithzoomfallback=\"flipwithzoom\" data-threedflipfallback=\"flip\" data-threedflipwithzoomfallback=\"flipwithzoom\" data-threedtilesfallback=\"tiles\" data-ratiomediumscreen=\"800\" data-ratiomediumheight=\"1.2\" data-ratiosmallscreen=\"480\" data-ratiosmallheight=\"1.6\" data-socialmode=\"mouseover\" data-socialposition=\"position:absolute;top:8px;right:8px;\" data-socialpositionsmallscreen=\"position:absolute;top:8px;right:8px;\" data-socialdirection=\"horizontal\" data-socialbuttonsize=\"32\" data-socialbuttonfontsize=\"18\" data-navthumbcolumn=\"5\" data-navthumbtitleheight=\"20\" data-navthumbtitlewidth=\"120\" data-navthumbresponsivemode=\"samesize\" data-navthumbstyle=\"imageonly\" data-navthumbmediumsize=\"900\" data-navthumbmediumwidth=\"64\" data-navthumbmediumheight=\"64\" data-navthumbmediumcolumn=\"4\" data-navthumbmediumtitleheight=\"18\" data-navthumbmediumtitlewidth=\"120\" data-navthumbsmallsize=\"600\" data-navthumbsmallwidth=\"48\" data-navthumbsmallheight=\"48\" data-navthumbsmallcolumn=\"3\" data-navthumbsmalltitleheight=\"18\" data-navthumbsmalltitlewidth=\"120\" data-lightboxsocialposition=\"position:absolute;top:100%;right:0;\" data-lightboxsocialpositionsmallscreen=\"position:absolute;top:100%;right:0;left:0;\" data-lightboxsocialdirection=\"horizontal\" data-lightboxsocialbuttonsize=\"32\" data-lightboxsocialbuttonfontsize=\"18\" data-lightboxtitlestyle=\"bottom\" data-lightboximagepercentage=\"75\" data-lightboxdefaultvideovolume=\"1\" data-lightboxoverlaybgcolor=\"#000\" data-lightboxoverlayopacity=\"0.9\" data-lightboxbgcolor=\"#fff\" data-lightboxtitleprefix=\"%NUM \/ %TOTAL\" data-lightboxtitleinsidecss=\"color:#fff; font-size:16px; font-family:Arial,Helvetica,sans-serif; overflow:hidden; text-align:left;\" data-lightboxdescriptioninsidecss=\"color:#fff; font-size:12px; font-family:Arial,Helvetica,sans-serif; overflow:hidden; text-align:left; margin:4px 0px 0px; padding: 0px;\" data-triggerresizedelay=\"100\" data-lightboxslideinterval=\"5000\" data-lightboxtimerposition=\"bottom\" data-lightboxtimercolor=\"#dc572e\" data-lightboxtimeropacity=\"1\" data-lightboxbordersize=\"8\" data-lightboxborderradius=\"0\" data-textcss=\"display:block; padding:8px 16px; text-align:left;\" data-textbgcss=\"display:none;\" data-titlecss=\"color: #1b96cf;    font-family: &quot;Open Sans&quot;,sans-serif;    font-size: 32px;    margin-top: 25px;    margin-left: -20px;    font-weight:bold;\" data-descriptioncss=\"color: #282828;    font-size: 18px;    line-height: 30px;    margin-left: -20px;    margin-top: 03px;\" data-buttoncss=\"display:block; position:relative; margin-top:10px;\" data-titlecssresponsive=\"font-size:12px;\" data-descriptioncssresponsive=\"display:none !important;\" data-buttoncssresponsive=\"font-size: 9px !important;width:100%;\" data-jsfolder=\"https:\/\/nanovea.com\/wp-content\/plugins\/wonderplugin-slider-lite\/engine\/\" style=\"display:none;\" ><ul class=\"amazingslider-slides\"  style=\"display:none;\"><li><img decoding=\"async\" class=\"amazingslider-img-elem amazingsliderimg\" src=\"https:\/\/nanovea.com\/wp-content\/uploads\/2015\/04\/liquid-tribology-1.jpg\" alt=\"TRYBOLOGIA CIECZY\" title=\"TRYBOLOGIA CIECZY\" data-description=\"Both Rotative and Linear Liquid Cup options\" \/><\/li><li><img decoding=\"async\" class=\"amazingslider-img-elem amazingsliderimg\" src=\"https:\/\/nanovea.com\/wp-content\/uploads\/2015\/04\/liquid-tribology-2.jpg\" alt=\"TRYBOLOGIA CIECZY\" title=\"TRYBOLOGIA CIECZY\" data-description=\"Precision control for continuous Stribeck Curve\" \/><\/li><li><img decoding=\"async\" class=\"amazingslider-img-elem amazingsliderimg\" src=\"https:\/\/nanovea.com\/wp-content\/uploads\/2015\/04\/liquid-tribology-3.jpg\" alt=\"TRYBOLOGIA CIECZY\" title=\"TRYBOLOGIA CIECZY\" data-description=\"Evolution of COF at different stages\" \/><\/li><\/ul><\/div><\/div><div id=\"amazingslider_customtexteffect_6\" style=\"display:none;\" data-texteffect=\"{&quot;Color box&quot;:{&quot;textstyle&quot;:&quot;dynamic&quot;,&quot;textpositionstatic&quot;:&quot;bottom&quot;,&quot;textautohide&quot;:true,&quot;textpositionmarginstatic&quot;:0,&quot;textpositiondynamic&quot;:&quot;topleft&quot;,&quot;textpositionmarginleft&quot;:24,&quot;textpositionmarginright&quot;:24,&quot;textpositionmargintop&quot;:24,&quot;textpositionmarginbottom&quot;:24,&quot;texteffect&quot;:&quot;slide&quot;,&quot;texteffecteasing&quot;:&quot;easeOutCubic&quot;,&quot;texteffectduration&quot;:600,&quot;texteffectslidedirection&quot;:&quot;left&quot;,&quot;texteffectslidedistance&quot;:30,&quot;texteffectdelay&quot;:500,&quot;texteffectseparate&quot;:true,&quot;texteffect1&quot;:&quot;slide&quot;,&quot;texteffectslidedirection1&quot;:&quot;right&quot;,&quot;texteffectslidedistance1&quot;:120,&quot;texteffecteasing1&quot;:&quot;easeOutCubic&quot;,&quot;texteffectduration1&quot;:600,&quot;texteffectdelay1&quot;:1000,&quot;texteffect2&quot;:&quot;slide&quot;,&quot;texteffectslidedirection2&quot;:&quot;right&quot;,&quot;texteffectslidedistance2&quot;:120,&quot;texteffecteasing2&quot;:&quot;easeOutCubic&quot;,&quot;texteffectduration2&quot;:600,&quot;texteffectdelay2&quot;:1500,&quot;textcss&quot;:&quot;display:block; padding:8px 16px; text-align:left;&quot;,&quot;textbgcss&quot;:&quot;display:none;&quot;,&quot;titlecss&quot;:&quot;color: #1b96cf;\\n    font-family: \\&quot;Open Sans\\&quot;,sans-serif;\\n    font-size: 32px;\\n    margin-top: 25px;\\n    margin-left: -20px;\\n    font-weight:bold;&quot;,&quot;descriptioncss&quot;:&quot;color: #282828;\\n    font-size: 18px;\\n    line-height: 30px;\\n    margin-left: -20px;\\n    margin-top: 03px;&quot;,&quot;buttoncss&quot;:&quot;display:block; position:relative; margin-top:10px;&quot;,&quot;texteffectresponsive&quot;:true,&quot;texteffectresponsivesize&quot;:640,&quot;titlecssresponsive&quot;:&quot;font-size:12px;&quot;,&quot;descriptioncssresponsive&quot;:&quot;display:none !important;&quot;,&quot;buttoncssresponsive&quot;:&quot;font-size: 9px !important;\\nwidth:100%;&quot;,&quot;addgooglefonts&quot;:false,&quot;googlefonts&quot;:&quot;&quot;,&quot;textleftrightpercentforstatic&quot;:40}}\"><\/div>\n<h1>WPROWADZENIE DO TRYBOLOGII CIECZY<\/h1>\n<p><a href=\"https:\/\/nanovea.com\/tribometers\">Przyrz\u0105dy do pomiaru tryb\u00f3w<\/a> | <a href=\"https:\/\/nanovea.com\/lab-services\/\">Us\u0142ugi laboratoryjne<\/a> | <a href=\"https:\/\/nanovea.com\/rotative-wear-test\">Rotacyjny<\/a> | <a href=\"https:\/\/nanovea.com\/linear-wear-test\">Linear<\/a> | <a href=\"https:\/\/nanovea.com\/application-notes\">Uwagi do zastosowania<\/a><\/p>\n<div class=\"product-desc\">\n<p align=\"justify\"><strong>Proces tribologii cieczy:<br \/>\n<\/strong>Tribometr Nanovea zapewnia liniowe i obrotowe modu\u0142y ciecz\/smar do przeprowadzania eksperyment\u00f3w zu\u017cycia i tarcia w cieczach lub smarach. R\u00f3\u017cne roztwory cieczy mog\u0105 by\u0107 wykorzystywane do symulacji procesu zu\u017cycia w realistycznych zastosowaniach. Zu\u017cycie i tarcie materia\u0142\u00f3w w cieczach lub smarach ma kluczowe znaczenie dla r\u00f3\u017cnych zastosowa\u0144 przemys\u0142owych. Na przyk\u0142ad biomateria\u0142y do biologicznych zamiennik\u00f3w, takich jak stawy, stenty i korzenie dentystyczne, wymagaj\u0105 doskona\u0142ej d\u0142ugoterminowej odporno\u015bci i odpowiedniej wytrzyma\u0142o\u015bci w \u015brodowisku p\u0142ynnym. Cz\u0119\u015bci w silnikach powinny by\u0107 chronione przez odpowiednie smarowanie w celu zmniejszenia zu\u017cycia i tarcia oraz wyd\u0142u\u017cenia \u017cywotno\u015bci. Podczas testu zu\u017cycia ewolucja wsp\u00f3\u0142czynnika tarcia zapewnia wgl\u0105d w r\u00f3\u017cne etapy rozwoju zu\u017cycia. W po\u0142\u0105czeniu z precyzyjn\u0105 kontrol\u0105 pr\u0119dko\u015bci i ci\u0105g\u0142\u0105 zmian\u0105 pr\u0119dko\u015bci mo\u017cna zmierzy\u0107 ci\u0105g\u0142\u0105 krzyw\u0105 Stribecka dla testowanego smaru. Dost\u0119pna jest cewka do podgrzewania cieczy w kubkach do temperatury 150\u00b0C. Dodatkiem do kubka jest opcja smarowania kropla po kropli, kt\u00f3ra umo\u017cliwia test smarowania nawet przy bardzo du\u017cej pr\u0119dko\u015bci obrotowej 5000 obr.<\/p>\n<p>&nbsp;<\/p>\n<p align=\"justify\"><strong>Normy:<\/strong><\/p>\n<p align=\"justify\">- ASTM G99<\/p>\n<p>- ASTM G133<\/p>\n<p>&nbsp;<\/p>\n<p><strong>W\u0142a\u015bciwo\u015bci analizowane podczas zu\u017cycia cieczy:<\/strong><\/p>\n<p>- Wska\u017aniki zu\u017cycia<\/p>\n<p>- Wsp\u00f3\u0142czynnik tarcia<\/p>\n<p>- Tarcie a pr\u0119dko\u015b\u0107<\/p>\n<p>- Krzywa Stribecka<\/p>\n<p>- Wsp\u00f3\u0142czynnik tarcia lub zu\u017cycia w funkcji temperatury<\/p>\n<p>&nbsp;<\/p>\n<p><strong>Kontrola oprogramowania podczas zu\u017cycia cieczy:<\/strong><\/p>\n<p>- Kontrola zmiennej pr\u0119dko\u015bci podczas testu<\/p>\n<p>&nbsp;<\/p>\n<p><strong>Kontrola \u015brodowiska podczas zu\u017cycia cieczy:<\/strong><\/p>\n<p>- R\u00f3\u017cne rozwi\u0105zania do symulacji realistycznych aplikacji<\/p>\n<p>&nbsp;<\/p>\n<p><strong>Ko\u0144c\u00f3wki: (Stal, Diament, WC, Al2O3 i wiele innych materia\u0142\u00f3w):<\/strong><\/p>\n<p>- Kula 3, 6, 10 i 25 mm<\/p>\n<p>- Niestandardowe rozmiary kulek<\/p>\n<p>- Niestandardowe przypinki<\/p>\n<p>- P\u0142aska p\u0142yta<\/p>\n<p>- Niestandardowe geometrie<\/p>\n<p>&nbsp;<\/p>\n<p><strong>Posiadacze pr\u00f3bek:<\/strong><\/p>\n<p>- Zacisk standardowy<\/p>\n<p>- Klips monta\u017cowy na kubku na p\u0142yn<\/p>\n<p>- Inne uchwyty na pr\u00f3bki dost\u0119pne dla r\u00f3\u017cnych geometrii<\/p>\n<p>&nbsp;<\/p>\n<p><strong>Dodatkowe testy tribologiczne:<\/strong><br \/>\n<a href=\"https:\/\/nanovea.com\/temperature-tribology-testing\" target=\"_blank\" rel=\"noopener\">Temperatura <\/a><br \/>\n<a href=\"https:\/\/nanovea.com\/corrosion-tribology-testing\" target=\"_blank\" rel=\"noopener\">Korozja<\/a><\/p>\n<\/div>","protected":false},"excerpt":{"rendered":"<p>LIQUID TRIBOLOGY INTRO Tribometer Instruments | Lab Services | Rotative | Linear | Application Notes Liquid Tribology Process: Nanovea Tribometer provides the liquid\/lubricant linear and rotative cup modules to carry out wear and friction experiments in liquids or lubricants. Different liquid solutions can be used to simulate the wear process for realistic applications. The wear [&hellip;]<\/p>","protected":false},"author":1,"featured_media":0,"parent":0,"menu_order":0,"comment_status":"closed","ping_status":"closed","template":"","meta":{"_exactmetrics_skip_tracking":false,"_exactmetrics_sitenote_active":false,"_exactmetrics_sitenote_note":"","_exactmetrics_sitenote_category":0,"footnotes":""},"class_list":["post-2244","page","type-page","status-publish","hentry"],"_links":{"self":[{"href":"https:\/\/nanovea.com\/pl\/wp-json\/wp\/v2\/pages\/2244","targetHints":{"allow":["GET"]}}],"collection":[{"href":"https:\/\/nanovea.com\/pl\/wp-json\/wp\/v2\/pages"}],"about":[{"href":"https:\/\/nanovea.com\/pl\/wp-json\/wp\/v2\/types\/page"}],"author":[{"embeddable":true,"href":"https:\/\/nanovea.com\/pl\/wp-json\/wp\/v2\/users\/1"}],"replies":[{"embeddable":true,"href":"https:\/\/nanovea.com\/pl\/wp-json\/wp\/v2\/comments?post=2244"}],"version-history":[{"count":11,"href":"https:\/\/nanovea.com\/pl\/wp-json\/wp\/v2\/pages\/2244\/revisions"}],"predecessor-version":[{"id":4058,"href":"https:\/\/nanovea.com\/pl\/wp-json\/wp\/v2\/pages\/2244\/revisions\/4058"}],"wp:attachment":[{"href":"https:\/\/nanovea.com\/pl\/wp-json\/wp\/v2\/media?parent=2244"}],"curies":[{"name":"wp","href":"https:\/\/api.w.org\/{rel}","templated":true}]}}