{"id":2226,"date":"2016-01-21T17:59:36","date_gmt":"2016-01-21T17:59:36","guid":{"rendered":"http:\/\/nanovea.com\/?page_id=2226"},"modified":"2018-11-16T17:07:33","modified_gmt":"2018-11-16T17:07:33","slug":"temperatura-tribologia-testowanie","status":"publish","type":"page","link":"https:\/\/nanovea.com\/pl\/temperatura-tribologia-testowanie\/","title":{"rendered":"Temperaturowe testy trybologiczne"},"content":{"rendered":"<div class=\"wonderpluginslider-container\" id=\"wonderpluginslider-container-5\" style=\"max-width:1035px;margin:0 auto;padding-left:0px;padding-right:0px;padding-top:0px;padding-bottom:0px;\"><div class=\"wonderpluginslider\" id=\"wonderpluginslider-5\" data-sliderid=\"5\" data-width=\"1035\" data-height=\"380\" data-skin=\"cube\" data-autoplay=\"true\" data-randomplay=\"false\" data-loadimageondemand=\"false\" data-transitiononfirstslide=\"false\" data-autoplayvideo=\"false\" data-isresponsive=\"true\" data-fullwidth=\"false\" data-isfullscreen=\"false\" data-ratioresponsive=\"false\" data-showtext=\"true\" data-showtimer=\"false\" data-showbottomshadow=\"false\" data-navshowpreview=\"false\" data-textautohide=\"true\" data-lightboxresponsive=\"true\" data-lightboxshownavigation=\"false\" data-lightboxshowtitle=\"true\" data-lightboxshowdescription=\"false\" data-texteffectresponsive=\"true\" data-donotinit=\"false\" data-addinitscript=\"false\" data-lightboxfullscreenmode=\"false\" data-lightboxcloseonoverlay=\"true\" data-lightboxvideohidecontrols=\"false\" data-lightboxnogroup=\"false\" data-lightboxautoslide=\"false\" data-lightboxshowtimer=\"true\" data-lightboxshowplaybutton=\"true\" data-lightboxalwaysshownavarrows=\"false\" data-lightboxshowtitleprefix=\"true\" data-titleusealt=\"false\" data-outputtext=\"false\" data-scalemode=\"fit\" data-arrowstyle=\"always\" data-transition=\"slide\" data-loop=\"0\" data-border=\"0\" data-slideinterval=\"8000\" data-arrowimage=\"arrows-36-80-0.png\" data-arrowwidth=\"36\" data-arrowheight=\"80\" data-arrowtop=\"50\" data-arrowmargin=\"-18\" data-navstyle=\"bullets\" data-navimage=\"bullet-24-24-1.png\" data-navwidth=\"24\" data-navheight=\"24\" data-navspacing=\"8\" data-navmarginx=\"16\" data-navmarginy=\"16\" data-navposition=\"bottom\" data-playvideoimage=\"playvideo-64-64-0.png\" data-playvideoimagewidth=\"64\" data-playvideoimageheight=\"64\" data-lightboxthumbwidth=\"90\" data-lightboxthumbheight=\"60\" data-lightboxthumbtopmargin=\"12\" data-lightboxthumbbottommargin=\"4\" data-lightboxbarheight=\"64\" data-lightboxtitlebottomcss=\"color:#333; font-size:14px; font-family:Armata,sans-serif,Arial; overflow:hidden; text-align:left;\" data-lightboxdescriptionbottomcss=\"color:#333; font-size:12px; font-family:Arial,Helvetica,sans-serif; overflow:hidden; text-align:left; margin:4px 0px 0px; padding: 0px;\" data-textformat=\"Color box\" data-textpositionstatic=\"bottom\" data-textpositiondynamic=\"topleft\" data-paddingleft=\"0\" data-paddingright=\"0\" data-paddingtop=\"0\" data-paddingbottom=\"0\" data-texteffectresponsivesize=\"640\" data-fadeduration=\"1000\" data-crossfadeduration=\"1000\" data-slideduration=\"1000\" data-elasticduration=\"1000\" data-sliceduration=\"1500\" data-blindsduration=\"1500\" data-blocksduration=\"1500\" data-shuffleduration=\"1500\" data-tilesduration=\"2000\" data-kenburnsduration=\"5000\" data-flipduration=\"1500\" data-flipwithzoomduration=\"2000\" data-threedduration=\"1500\" data-threedhorizontalduration=\"1500\" data-threedwithzoomduration=\"2500\" data-threedhorizontalwithzoomduration=\"2200\" data-threedflipduration=\"1500\" data-threedflipwithzoomduration=\"2000\" data-threedtilesduration=\"2000\" data-threedfallback=\"flip\" data-threedhorizontalfallback=\"flip\" data-threedwithzoomfallback=\"flipwithzoom\" data-threedhorizontalwithzoomfallback=\"flipwithzoom\" data-threedflipfallback=\"flip\" data-threedflipwithzoomfallback=\"flipwithzoom\" data-threedtilesfallback=\"tiles\" data-ratiomediumscreen=\"800\" data-ratiomediumheight=\"1.2\" data-ratiosmallscreen=\"480\" data-ratiosmallheight=\"1.6\" data-lightboxtitlestyle=\"bottom\" data-lightboximagepercentage=\"75\" data-lightboxdefaultvideovolume=\"1\" data-lightboxoverlaybgcolor=\"#000\" data-lightboxoverlayopacity=\"0.9\" data-lightboxbgcolor=\"#fff\" data-lightboxtitleprefix=\"%NUM \/ %TOTAL\" data-lightboxtitleinsidecss=\"color:#fff; font-size:16px; font-family:Arial,Helvetica,sans-serif; overflow:hidden; text-align:left;\" data-lightboxdescriptioninsidecss=\"color:#fff; font-size:12px; font-family:Arial,Helvetica,sans-serif; overflow:hidden; text-align:left; margin:4px 0px 0px; padding: 0px;\" data-lightboxslideinterval=\"5000\" data-lightboxtimerposition=\"bottom\" data-lightboxtimercolor=\"#dc572e\" data-lightboxtimeropacity=\"1\" data-lightboxbordersize=\"8\" data-lightboxborderradius=\"0\" data-textcss=\"display:block; padding:8px 16px; text-align:left;\" data-textbgcss=\"display:none;\" data-titlecss=\"color: #1b96cf;    font-family: &quot;Open Sans&quot;,sans-serif;    font-size: 32px;    margin-top: 25px;    margin-left: -20px;    font-weight:bold;\" data-descriptioncss=\"color: #282828;    font-size: 18px;    line-height: 30px;    margin-left: -20px;    margin-top: 03px;\" data-buttoncss=\"display:block; position:relative; margin-top:10px;\" data-titlecssresponsive=\"font-size:12px;\" data-descriptioncssresponsive=\"display:none !important;\" data-buttoncssresponsive=\"font-size: 9px !important;width:100%;\" data-jsfolder=\"https:\/\/nanovea.com\/wp-content\/plugins\/wonderplugin-slider-lite\/engine\/\" style=\"display:none;\" ><ul class=\"amazingslider-slides\"  style=\"display:none;\"><li><img decoding=\"async\" class=\"amazingslider-img-elem amazingsliderimg\" src=\"https:\/\/nanovea.com\/wp-content\/uploads\/2015\/04\/temperature-tribology-1.jpg\" alt=\"TRYBOLOGIA TEMPERATUROWA\" title=\"TRYBOLOGIA TEMPERATUROWA\" data-description=\"Sample and pin completely enclosed in the oven\" \/><\/li><li><img decoding=\"async\" class=\"amazingslider-img-elem amazingsliderimg\" src=\"https:\/\/nanovea.com\/wp-content\/uploads\/2015\/04\/temperature-tribology-2.jpg\" alt=\"TRYBOLOGIA TEMPERATUROWA\" title=\"TRYBOLOGIA TEMPERATUROWA\" data-description=\"Evolution of wear track depth\" \/><\/li><li><img decoding=\"async\" class=\"amazingslider-img-elem amazingsliderimg\" src=\"https:\/\/nanovea.com\/wp-content\/uploads\/2015\/04\/temperature-tribology-3.jpg\" alt=\"TRYBOLOGIA TEMPERATUROWA\" title=\"TRYBOLOGIA TEMPERATUROWA\" data-description=\"Scratch Hardness &amp; Wear Rate comparison\" \/><\/li><\/ul><\/div><\/div>\n<h1><strong>WPROWADZENIE DO TRYBOLOGII TEMPERATUROWEJ <\/strong><\/h1>\n<p><a href=\"https:\/\/nanovea.com\/tribometers\">Przyrz\u0105dy do pomiaru tryb\u00f3w<\/a> | <a href=\"https:\/\/nanovea.com\/lab-services\/\">Us\u0142ugi laboratoryjne<\/a> | <a href=\"https:\/\/nanovea.com\/rotative-wear-test\">Rotacyjny<\/a> | <a href=\"https:\/\/nanovea.com\/linear-wear-test\">Linear<\/a> | <a href=\"https:\/\/nanovea.com\/application-notes\">Uwagi do zastosowania<\/a><\/p>\n<div class=\"product-desc\">\n<p align=\"justify\"><strong>Temperatura procesu trybologii:<br \/>\n<\/strong>Temperatura odgrywa kluczow\u0105 rol\u0119 w zakresie zu\u017cycia materia\u0142\u00f3w. Tribometr Nanovea przeprowadza eksperymenty zu\u017cycia w podwy\u017cszonych temperaturach do 1200\u00b0C dla testu obrotowego i do 450\u00b0C dla testu liniowego. Kontakt procesu zu\u017cycia jest ca\u0142kowicie zamkni\u0119ty w du\u017cym piecu, kt\u00f3ry zapewnia jednolit\u0105 i stabiln\u0105 temperatur\u0119 otaczaj\u0105c\u0105 pr\u00f3bk\u0119 i materia\u0142 przeciwny podczas testu zu\u017cycia. Para termiczna jest ustawiona bardzo blisko punktu styku lub bezpo\u015brednio dotyka grzbietu kuli wewn\u0105trz uchwytu kulowego, aby uzyska\u0107 najlepsz\u0105 dok\u0142adno\u015b\u0107 odczytu temperatury. Wyjmowany piec pozwala u\u017cytkownikom na wykonywanie innych rodzaj\u00f3w test\u00f3w poprzez dodanie dodatkowych modu\u0142\u00f3w. Unikalna konstrukcja radiatora na g\u0142\u00f3wnym wale silnika obrotowego sprawia, \u017ce dop\u0142yw powietrza jest wystarczaj\u0105cy do ch\u0142odzenia elektroniki w dolnej obudowie podczas testu zu\u017cycia w temperaturze 1200\u00b0C. Czujnik wagowy jest samokalibrowany dla wysokich temperatur, aby zapewni\u0107 dok\u0142adne dane. Jednostka ch\u0142odz\u0105ca i komora umo\u017cliwiaj\u0105 testowanie do -40\u00b0C, co pozwala na pe\u0142ny zakres warunk\u00f3w dla zastosowa\u0144 takich jak guma oponowa lub inne cz\u0119\u015bci nara\u017cone na dzia\u0142anie ni\u017cszych temperatur.<\/p>\n<p>&nbsp;<\/p>\n<p><strong>Normy:<\/strong><\/p>\n<p>- ASTM G99<\/p>\n<p>- ASTM G133<\/p>\n<p>&nbsp;<\/p>\n<p><strong>W\u0142a\u015bciwo\u015bci analizowane podczas zu\u017cycia temperaturowego:<\/strong><\/p>\n<p>- Wska\u017aniki zu\u017cycia<\/p>\n<p>- Wsp\u00f3\u0142czynnik tarcia<\/p>\n<p>- Zu\u017cycie pod wp\u0142ywem temperatury<\/p>\n<p>&nbsp;<\/p>\n<p><strong>Kontrola oprogramowania podczas zu\u017cycia temperatury:<\/strong><\/p>\n<p>- Zu\u017cycie i tarcie w r\u00f3\u017cnych temperaturach<\/p>\n<p>- Kontrola zmiennej pr\u0119dko\u015bci podczas testu i wiele innych<\/p>\n<p>&nbsp;<\/p>\n<p><strong>Kontrola \u015brodowiska podczas noszenia w temperaturze:<\/strong><\/p>\n<p>- R\u00f3\u017cne atmosfery (powietrze, N2, gaz oboj\u0119tny itp.)<\/p>\n<p>- R\u00f3\u017cne temperatury<\/p>\n<p>&nbsp;<\/p>\n<p><strong>Wskaz\u00f3wki: (Diament, WC, Al2O3 i wiele innych materia\u0142\u00f3w):<\/strong><\/p>\n<p>- Kula 3, 6, 10 i 25 mm<\/p>\n<p>- Niestandardowe rozmiary kulek<\/p>\n<p>- Niestandardowe przypinki<\/p>\n<p>- P\u0142aska p\u0142yta<\/p>\n<p>- Niestandardowe geometrie<\/p>\n<p>&nbsp;<\/p>\n<p><strong>Posiadacze pr\u00f3bek:<\/strong><\/p>\n<p>- Zacisk standardowy<\/p>\n<p>- Monta\u017c zatrzaskowy na p\u0142ycie bazowej<\/p>\n<p>- Inne uchwyty na pr\u00f3bki dost\u0119pne dla r\u00f3\u017cnych geometrii<\/p>\n<p>&nbsp;<\/p>\n<p><strong>Dodatkowe testy tribologiczne:<\/strong><\/p>\n<p><a href=\"https:\/\/nanovea.com\/liquid-tribology-testing\" target=\"_blank\" rel=\"noopener noreferrer\">P\u0142yn<br \/>\n<\/a><\/p>\n<p><a href=\"https:\/\/nanovea.com\/corrosion-tribology-testing\" target=\"_blank\" rel=\"noopener noreferrer\">Korozja<\/a><\/p>\n<\/div>","protected":false},"excerpt":{"rendered":"<p>TEMPERATURE TRIBOLOGY INTRO Tribometer Instruments | Lab Services | Rotative | Linear | Application Notes Temperature Tribology Process: Temperature plays a critical role on the extent of wear damage to materials. the Nanovea Tribometer conducts wear experiments at elevated temperatures up to 1200\u00b0C for the rotative test and up to 450\u00b0C for the linear test. [&hellip;]<\/p>","protected":false},"author":1,"featured_media":0,"parent":0,"menu_order":0,"comment_status":"closed","ping_status":"closed","template":"","meta":{"_exactmetrics_skip_tracking":false,"_exactmetrics_sitenote_active":false,"_exactmetrics_sitenote_note":"","_exactmetrics_sitenote_category":0,"footnotes":""},"class_list":["post-2226","page","type-page","status-publish","hentry"],"_links":{"self":[{"href":"https:\/\/nanovea.com\/pl\/wp-json\/wp\/v2\/pages\/2226","targetHints":{"allow":["GET"]}}],"collection":[{"href":"https:\/\/nanovea.com\/pl\/wp-json\/wp\/v2\/pages"}],"about":[{"href":"https:\/\/nanovea.com\/pl\/wp-json\/wp\/v2\/types\/page"}],"author":[{"embeddable":true,"href":"https:\/\/nanovea.com\/pl\/wp-json\/wp\/v2\/users\/1"}],"replies":[{"embeddable":true,"href":"https:\/\/nanovea.com\/pl\/wp-json\/wp\/v2\/comments?post=2226"}],"version-history":[{"count":16,"href":"https:\/\/nanovea.com\/pl\/wp-json\/wp\/v2\/pages\/2226\/revisions"}],"predecessor-version":[{"id":4053,"href":"https:\/\/nanovea.com\/pl\/wp-json\/wp\/v2\/pages\/2226\/revisions\/4053"}],"wp:attachment":[{"href":"https:\/\/nanovea.com\/pl\/wp-json\/wp\/v2\/media?parent=2226"}],"curies":[{"name":"wp","href":"https:\/\/api.w.org\/{rel}","templated":true}]}}