{"id":216,"date":"2015-03-04T17:50:29","date_gmt":"2015-03-04T17:50:29","guid":{"rendered":"http:\/\/nanovea.com\/?page_id=216"},"modified":"2022-03-25T21:04:12","modified_gmt":"2022-03-25T21:04:12","slug":"test-zuzycia-liniowego","status":"publish","type":"page","link":"https:\/\/nanovea.com\/pl\/test-zuzycia-liniowego\/","title":{"rendered":"Test zu\u017cycia liniowego"},"content":{"rendered":"<div class=\"wonderpluginslider-container\" id=\"wonderpluginslider-container-8\" style=\"max-width:1035px;margin:0 auto;padding-left:0px;padding-right:0px;padding-top:0px;padding-bottom:0px;\"><div class=\"wonderpluginslider\" id=\"wonderpluginslider-8\" data-sliderid=\"8\" data-width=\"1035\" data-height=\"375\" data-skin=\"cube\" data-autoplay=\"true\" data-randomplay=\"false\" data-loadimageondemand=\"false\" data-transitiononfirstslide=\"false\" data-autoplayvideo=\"false\" data-isresponsive=\"true\" data-fullwidth=\"false\" data-isfullscreen=\"false\" data-ratioresponsive=\"false\" data-showtext=\"true\" data-showtimer=\"false\" data-showbottomshadow=\"false\" data-navshowpreview=\"false\" data-textautohide=\"true\" data-lightboxresponsive=\"true\" data-lightboxshownavigation=\"false\" data-lightboxshowtitle=\"true\" data-lightboxshowdescription=\"false\" data-texteffectresponsive=\"true\" data-donotinit=\"false\" data-addinitscript=\"false\" data-lightboxfullscreenmode=\"false\" data-lightboxcloseonoverlay=\"true\" data-lightboxvideohidecontrols=\"false\" data-lightboxnogroup=\"false\" data-lightboxautoslide=\"false\" data-lightboxshowtimer=\"true\" data-lightboxshowplaybutton=\"true\" data-lightboxalwaysshownavarrows=\"false\" data-lightboxshowtitleprefix=\"true\" data-titleusealt=\"false\" data-outputtext=\"false\" data-scalemode=\"fit\" data-arrowstyle=\"always\" data-transition=\"slide\" data-loop=\"0\" data-border=\"0\" data-slideinterval=\"8000\" data-arrowimage=\"arrows-36-80-0.png\" data-arrowwidth=\"36\" data-arrowheight=\"80\" data-arrowtop=\"50\" data-arrowmargin=\"-18\" data-navstyle=\"bullets\" data-navimage=\"bullet-24-24-1.png\" data-navwidth=\"24\" data-navheight=\"24\" data-navspacing=\"8\" data-navmarginx=\"16\" data-navmarginy=\"16\" data-navposition=\"bottom\" data-playvideoimage=\"playvideo-64-64-0.png\" data-playvideoimagewidth=\"64\" data-playvideoimageheight=\"64\" data-lightboxthumbwidth=\"90\" data-lightboxthumbheight=\"60\" data-lightboxthumbtopmargin=\"12\" data-lightboxthumbbottommargin=\"4\" data-lightboxbarheight=\"64\" data-lightboxtitlebottomcss=\"color:#333; font-size:14px; font-family:Armata,sans-serif,Arial; overflow:hidden; text-align:left;\" data-lightboxdescriptionbottomcss=\"color:#333; font-size:12px; font-family:Arial,Helvetica,sans-serif; overflow:hidden; text-align:left; margin:4px 0px 0px; padding: 0px;\" data-textformat=\"Color box\" data-textpositionstatic=\"bottom\" data-textpositiondynamic=\"topleft\" data-paddingleft=\"0\" data-paddingright=\"0\" data-paddingtop=\"0\" data-paddingbottom=\"0\" data-texteffectresponsivesize=\"640\" data-fadeduration=\"1000\" data-crossfadeduration=\"1000\" data-slideduration=\"1000\" data-elasticduration=\"1000\" data-sliceduration=\"1500\" data-blindsduration=\"1500\" data-blocksduration=\"1500\" data-shuffleduration=\"1500\" data-tilesduration=\"2000\" data-kenburnsduration=\"5000\" data-flipduration=\"1500\" data-flipwithzoomduration=\"2000\" data-threedduration=\"1500\" data-threedhorizontalduration=\"1500\" data-threedwithzoomduration=\"2500\" data-threedhorizontalwithzoomduration=\"2200\" data-threedflipduration=\"1500\" data-threedflipwithzoomduration=\"2000\" data-threedtilesduration=\"2000\" data-threedfallback=\"flip\" data-threedhorizontalfallback=\"flip\" data-threedwithzoomfallback=\"flipwithzoom\" data-threedhorizontalwithzoomfallback=\"flipwithzoom\" data-threedflipfallback=\"flip\" data-threedflipwithzoomfallback=\"flipwithzoom\" data-threedtilesfallback=\"tiles\" data-ratiomediumscreen=\"800\" data-ratiomediumheight=\"1.2\" data-ratiosmallscreen=\"480\" data-ratiosmallheight=\"1.6\" data-lightboxtitlestyle=\"bottom\" data-lightboximagepercentage=\"75\" data-lightboxdefaultvideovolume=\"1\" data-lightboxoverlaybgcolor=\"#000\" data-lightboxoverlayopacity=\"0.9\" data-lightboxbgcolor=\"#fff\" data-lightboxtitleprefix=\"%NUM \/ %TOTAL\" data-lightboxtitleinsidecss=\"color:#fff; font-size:16px; font-family:Arial,Helvetica,sans-serif; overflow:hidden; text-align:left;\" data-lightboxdescriptioninsidecss=\"color:#fff; font-size:12px; font-family:Arial,Helvetica,sans-serif; overflow:hidden; text-align:left; margin:4px 0px 0px; padding: 0px;\" data-lightboxslideinterval=\"5000\" data-lightboxtimerposition=\"bottom\" data-lightboxtimercolor=\"#dc572e\" data-lightboxtimeropacity=\"1\" data-lightboxbordersize=\"8\" data-lightboxborderradius=\"0\" data-textcss=\"display:block; padding:8px 16px; text-align:left;\" data-textbgcss=\"display:none;\" data-titlecss=\"color: #1b96cf;    font-family: &quot;Open Sans&quot;,sans-serif;    font-size: 32px;    font-weight: bold;    line-height: 44px;    margin-bottom: 0;    margin-top: 20px;    text-transform: uppercase;\" data-descriptioncss=\"color: #282828;    font-size: 18px;    line-height: 30px;\" data-buttoncss=\"display:block; position:relative; margin-top:10px;\" data-titlecssresponsive=\"font-size:12px;\" data-descriptioncssresponsive=\"display:none !important;\" data-buttoncssresponsive=\"font-size: 9px !important;width:100%;\" data-jsfolder=\"https:\/\/nanovea.com\/wp-content\/plugins\/wonderplugin-slider-lite\/engine\/\" style=\"display:none;\" ><ul class=\"amazingslider-slides\"  style=\"display:none;\"><li><img decoding=\"async\" class=\"amazingslider-img-elem amazingsliderimg\" src=\"https:\/\/nanovea.com\/wp-content\/uploads\/2018\/01\/slide-linear-wear-test.jpg\" alt=\"TARCIE LINIOWE\" title=\"TARCIE LINIOWE\" data-description=\"Optional flexibility and testing function &lt;br \/&gt;an a single system\" \/><\/li><li><img decoding=\"async\" class=\"amazingslider-img-elem amazingsliderimg\" src=\"https:\/\/nanovea.com\/wp-content\/uploads\/2015\/04\/linear-wear-friction-cycle.jpg\" alt=\"TARCIE LINIOWE\" title=\"TARCIE LINIOWE\" data-description=\"Friction &amp; depth vs cycle\/ time using precise fix &lt;br \/&gt;cycle view with 3D profiler integration\" \/><\/li><li><img decoding=\"async\" class=\"amazingslider-img-elem amazingsliderimg\" src=\"https:\/\/nanovea.com\/wp-content\/uploads\/2015\/04\/linear-wear-friction-comparative.jpg\" alt=\"TARCIE LINIOWE\" title=\"TARCIE LINIOWE\" data-description=\"Same system linear provides a critical &lt;br \/&gt;comparative wear evaluation\" \/><\/li><li><img decoding=\"async\" class=\"amazingslider-img-elem amazingsliderimg\" src=\"https:\/\/nanovea.com\/wp-content\/uploads\/2015\/04\/linear-wear-friction-sample.jpg\" alt=\"TARCIE LINIOWE\" title=\"TARCIE LINIOWE\" data-description=\"Certain sample size and geometries can be &lt;br \/&gt;better tested with Linear\" \/><\/li><\/ul><\/div><\/div>\n<h1><strong>LINIOWE TARCIE CIERNE INTRO<\/strong><\/h1>\n<p><a href=\"https:\/\/nanovea.com\/tribometers\">Przyrz\u0105dy do pomiaru tryb\u00f3w<\/a> | <a href=\"https:\/\/nanovea.com\/lab-services\/\">Us\u0142ugi laboratoryjne<\/a> | <a href=\"https:\/\/nanovea.com\/rotative-wear-test\">Rotacyjny<\/a> | <a href=\"https:\/\/nanovea.com\/application-notes\">Uwagi do zastosowania<\/a><\/p>\n<div class=\"product-desc\">\n<p align=\"justify\"><strong>Proces tarcia liniowego:<br \/>\n<\/strong>Test tarcia liniowego odtwarza liniowy ruch posuwisto-zwrotny wyst\u0119puj\u0105cy w wielu rzeczywistych mechanizmach trybologicznych. P\u0142aska, szpilkowa lub kulkowa ko\u0144c\u00f3wka jest obci\u0105\u017cana na pr\u00f3bce testowej precyzyjnym ci\u0119\u017carem. Pr\u00f3bki testowe mog\u0105 mie\u0107 r\u00f3\u017cny kszta\u0142t (np. cylindryczny), o ile istnieje p\u0142aska strefa o okre\u015blonej d\u0142ugo\u015bci w kierunku ruchu. D\u0142ugo\u015b\u0107 toru mo\u017ce by\u0107 regulowana przed rozpocz\u0119ciem pomiaru. Po rozpocz\u0119ciu testu ko\u0144c\u00f3wka tworzy liniowy \u015blad zu\u017cycia (mo\u017cliwy jest r\u00f3wnie\u017c wz\u00f3r zygzakowaty). Wsp\u00f3\u0142czynnik tarcia jest dok\u0142adnie mierzony podczas testu poprzez odchylenie \u0142atwego i szybkiego w kalibracji czujnika wagowego. Si\u0142y tarcia s\u0105 rejestrowane zar\u00f3wno dla ruchu do przodu, jak i do ty\u0142u. Pr\u0119dko\u015b\u0107 ruchu pod\u0105\u017ca za sinusoid\u0105 z maksymaln\u0105 pr\u0119dko\u015bci\u0105 w \u015brodku toru. W zwi\u0105zku z tym tarcie b\u0119dzie si\u0119 zmienia\u0107 w ka\u017cdej pozycji na torze w zale\u017cno\u015bci od pr\u0119dko\u015bci i kierunku ruchu.  Dzi\u0119ki zintegrowanemu 16-bitowemu zewn\u0119trznemu enkoderowi pozycji, tarcie mo\u017ce by\u0107 wy\u015bwietlane dla dowolnego okre\u015blonego punktu dla ka\u017cdego przebiegu. Jest to niezb\u0119dne do dok\u0142adnego zbadania trendu tarcia na ca\u0142ej d\u0142ugo\u015bci testu. Wska\u017aniki zu\u017cycia ko\u0144c\u00f3wki i pr\u00f3bki s\u0105 obliczane na podstawie obj\u0119to\u015bci utraconego materia\u0142u.<\/p>\n<p>&nbsp;<\/p>\n<p align=\"justify\"><strong>Normy:<\/strong><\/p>\n<p align=\"justify\">- ASTM G133<\/p>\n<\/div>\n<div class=\"product-desc\">\n<p>- ASTM G171<\/p>\n<p>- ASTM F732<\/p>\n<p>&nbsp;<\/p>\n<p><strong>W\u0142a\u015bciwo\u015bci analizowane podczas testu tarcia liniowego:<\/strong><\/p>\n<p>- Wsp\u00f3\u0142czynnik tarcia<\/p>\n<p>- Wska\u017aniki zu\u017cycia<\/p>\n<p>- Punkty awarii<\/p>\n<p>- Op\u00f3r elektryczny<\/p>\n<p>- Badania smarowania i korozji<\/p>\n<p>- Tarcie a pr\u0119dko\u015b\u0107<\/p>\n<p>- Twardo\u015b\u0107 na zarysowania i wiele innych<\/p>\n<p>&nbsp;<\/p>\n<p><strong>Cechy oprogramowania do test\u00f3w tarcia liniowego:<\/strong><\/p>\n<p>- Eksport nieprzetworzonych danych i obraz\u00f3w<\/p>\n<p>- Wy\u015bwietlacz czasu rzeczywistego<\/p>\n<p>- Automatyczne raportowanie<\/p>\n<p>- Obs\u0142uga wielu j\u0119zyk\u00f3w<\/p>\n<p>- Makra ze zmienn\u0105 pr\u0119dko\u015bci\u0105<\/p>\n<p>- Sta\u0142y widok cyklu<\/p>\n<p>- Widok por\u00f3wnania cyklu<\/p>\n<p>- Obliczanie twardo\u015bci zarysowania<\/p>\n<p>- Automatyczne obliczanie zu\u017cycia<\/p>\n<p>- Sterowanie zmienn\u0105 pr\u0119dko\u015bci\u0105<\/p>\n<p>- Analiza zu\u017cycia 3D lub 2D in-situ i wiele innych<\/p>\n<p>&nbsp;<\/p>\n<p><strong>Ko\u0144c\u00f3wki: (diament, WC, guma i wiele innych materia\u0142\u00f3w):<\/strong><\/p>\n<p>- Kula 3, 6, 10 i 25 mm<\/p>\n<p>- Niestandardowe rozmiary kulek<\/p>\n<p>- Niestandardowe przypinki<\/p>\n<p>- P\u0142aska p\u0142yta<\/p>\n<p>- Niestandardowe geometrie<\/p>\n<p>&nbsp;<\/p>\n<p><strong>Warunki \u015brodowiskowe:<\/strong><\/p>\n<p>- Piekarnik grzewczy 450\u00b0C<\/p>\n<p>- Kubek na ciecz i podgrzewanie cieczy do 150 \u00b0C<\/p>\n<p>- Smarowanie kropla po kropli<\/p>\n<p>- Kontrola wilgotno\u015bci<\/p>\n<p>- Komora ch\u0142odzenia -40 \u00b0C<\/p>\n<p>- Kubek do testowania korozji<\/p>\n<p>- R\u00f3\u017cne gazy<\/p>\n<p>- Pr\u00f3\u017cnia<\/p>\n<p>&nbsp;<\/p>\n<p><strong>Posiadacze pr\u00f3bek:<\/strong><\/p>\n<p>- Zacisk standardowy<\/p>\n<p>- Monta\u017c zatrzaskowy na p\u0142ycie bazowej<\/p>\n<p>- Inne uchwyty na pr\u00f3bki dost\u0119pne dla r\u00f3\u017cnych geometrii<\/p>\n<p>&nbsp;<\/p>\n<p><strong>Liniowe tryby testowania:<\/strong><br \/>\n<a href=\"https:\/\/nanovea.com\/temperature-tribology-testing\" target=\"_blank\" rel=\"noopener noreferrer\">Temperaturowe testy trybologiczne<\/a><br \/>\n<a href=\"https:\/\/nanovea.com\/liquid-tribology-testing\" target=\"_blank\" rel=\"noopener noreferrer\">Testowanie tribologii cieczy <\/a><br \/>\n<a href=\"https:\/\/nanovea.com\/corrosion-tribology-testing\" target=\"_blank\" rel=\"noopener noreferrer\">Testy tribologiczne korozji <\/a><\/p>\n<p align=\"justify\"><a href=\"https:\/\/www.nanovea.com\/NanoWearTester.html\">\u00a0<\/a><\/p>\n<\/div>","protected":false},"excerpt":{"rendered":"<p>LINEAR WEAR FRICTION INTRO Tribometer Instruments | Lab Services | Rotative | Application Notes Linear Wear Friction Process: Linear wear friction test reproduces the linear reciprocating motion found in many real-world tribology mechanisms. A flat, pin or ball tip is loaded onto a test sample with a precise weight. The test samples can be of [&hellip;]<\/p>","protected":false},"author":1,"featured_media":0,"parent":0,"menu_order":0,"comment_status":"open","ping_status":"open","template":"tpl-newslider.php","meta":{"_exactmetrics_skip_tracking":false,"_exactmetrics_sitenote_active":false,"_exactmetrics_sitenote_note":"","_exactmetrics_sitenote_category":0,"footnotes":""},"class_list":["post-216","page","type-page","status-publish","hentry"],"_links":{"self":[{"href":"https:\/\/nanovea.com\/pl\/wp-json\/wp\/v2\/pages\/216","targetHints":{"allow":["GET"]}}],"collection":[{"href":"https:\/\/nanovea.com\/pl\/wp-json\/wp\/v2\/pages"}],"about":[{"href":"https:\/\/nanovea.com\/pl\/wp-json\/wp\/v2\/types\/page"}],"author":[{"embeddable":true,"href":"https:\/\/nanovea.com\/pl\/wp-json\/wp\/v2\/users\/1"}],"replies":[{"embeddable":true,"href":"https:\/\/nanovea.com\/pl\/wp-json\/wp\/v2\/comments?post=216"}],"version-history":[{"count":22,"href":"https:\/\/nanovea.com\/pl\/wp-json\/wp\/v2\/pages\/216\/revisions"}],"predecessor-version":[{"id":4055,"href":"https:\/\/nanovea.com\/pl\/wp-json\/wp\/v2\/pages\/216\/revisions\/4055"}],"wp:attachment":[{"href":"https:\/\/nanovea.com\/pl\/wp-json\/wp\/v2\/media?parent=216"}],"curies":[{"name":"wp","href":"https:\/\/api.w.org\/{rel}","templated":true}]}}