{"id":214,"date":"2015-03-04T17:48:59","date_gmt":"2015-03-04T17:48:59","guid":{"rendered":"http:\/\/nanovea.com\/?page_id=214"},"modified":"2019-11-13T16:47:46","modified_gmt":"2019-11-13T16:47:46","slug":"test-zuzycia-obrotowego","status":"publish","type":"page","link":"https:\/\/nanovea.com\/pl\/test-zuzycia-obrotowego\/","title":{"rendered":"Test zu\u017cycia obrotowego"},"content":{"rendered":"<div class=\"wonderpluginslider-container\" id=\"wonderpluginslider-container-17\" style=\"max-width:1035px;margin:0 auto;padding-left:0px;padding-right:0px;padding-top:0px;padding-bottom:0px;\"><div class=\"wonderpluginslider\" id=\"wonderpluginslider-17\" data-sliderid=\"17\" data-width=\"1035\" data-height=\"375\" data-skin=\"cube\" data-autoplay=\"true\" data-randomplay=\"false\" data-loadimageondemand=\"false\" data-transitiononfirstslide=\"false\" data-autoplayvideo=\"false\" data-isresponsive=\"true\" data-fullwidth=\"false\" data-isfullscreen=\"false\" data-ratioresponsive=\"false\" data-showtext=\"true\" data-showtimer=\"false\" data-showbottomshadow=\"false\" data-navshowpreview=\"false\" data-textautohide=\"true\" data-pauseonmouseover=\"false\" data-lightboxresponsive=\"true\" data-lightboxshownavigation=\"false\" data-lightboxshowtitle=\"true\" data-lightboxshowdescription=\"false\" data-texteffectresponsive=\"true\" data-donotinit=\"false\" data-addinitscript=\"false\" data-lightboxfullscreenmode=\"false\" data-lightboxcloseonoverlay=\"true\" data-lightboxvideohidecontrols=\"false\" data-lightboxnogroup=\"false\" data-shownav=\"true\" data-navthumbresponsive=\"false\" data-navshowfeaturedarrow=\"false\" data-lightboxshowsocial=\"false\" data-lightboxshowfacebook=\"true\" data-lightboxshowtwitter=\"true\" data-lightboxshowpinterest=\"true\" data-lightboxsocialrotateeffect=\"true\" data-showsocial=\"false\" data-showfacebook=\"true\" data-showtwitter=\"true\" data-showpinterest=\"true\" data-socialrotateeffect=\"true\" data-disableinlinecss=\"false\" data-triggerresize=\"false\" data-lightboxautoslide=\"false\" data-lightboxshowtimer=\"true\" data-lightboxshowplaybutton=\"true\" data-lightboxalwaysshownavarrows=\"false\" data-lightboxshowtitleprefix=\"true\" data-titleusealt=\"false\" data-outputtext=\"false\" data-scalemode=\"fit\" data-arrowstyle=\"always\" data-transition=\"slide\" data-loop=\"0\" data-border=\"0\" data-slideinterval=\"8000\" data-arrowimage=\"arrows-36-80-0.png\" data-arrowwidth=\"36\" data-arrowheight=\"80\" data-arrowtop=\"50\" data-arrowmargin=\"-18\" data-navstyle=\"bullets\" data-navimage=\"bullet-24-24-1.png\" data-navwidth=\"24\" data-navheight=\"24\" data-navspacing=\"8\" data-navmarginx=\"16\" data-navmarginy=\"16\" data-navposition=\"bottom\" data-navthumbnavigationstyle=\"arrow\" data-navthumbnavigationarrowimage=\"carouselarrows-32-32-0.png\" data-navthumbnavigationarrowimagewidth=\"32\" data-navthumbnavigationarrowimageheight=\"32\" data-playvideoimage=\"playvideo-64-64-0.png\" data-playvideoimagewidth=\"64\" data-playvideoimageheight=\"64\" data-lightboxthumbwidth=\"90\" data-lightboxthumbheight=\"60\" data-lightboxthumbtopmargin=\"12\" data-lightboxthumbbottommargin=\"4\" data-lightboxbarheight=\"64\" data-lightboxtitlebottomcss=\"color:#333; font-size:14px; font-family:Armata,sans-serif,Arial; overflow:hidden; text-align:left;\" data-lightboxdescriptionbottomcss=\"color:#333; font-size:12px; font-family:Arial,Helvetica,sans-serif; overflow:hidden; text-align:left; margin:4px 0px 0px; padding: 0px;\" data-textformat=\"Color box\" data-textpositionstatic=\"bottom\" data-textpositiondynamic=\"topleft\" data-paddingleft=\"0\" data-paddingright=\"0\" data-paddingtop=\"0\" data-paddingbottom=\"0\" data-texteffectresponsivesize=\"640\" data-textleftrightpercentforstatic=\"40\" data-fadeduration=\"1000\" data-crossfadeduration=\"1000\" data-fadeoutfadeinduration=\"2000\" data-slideduration=\"1000\" data-elasticduration=\"1000\" data-sliceduration=\"1500\" data-blindsduration=\"1500\" data-blocksduration=\"1500\" data-shuffleduration=\"1500\" data-tilesduration=\"2000\" data-kenburnsduration=\"5000\" data-flipduration=\"1500\" data-flipwithzoomduration=\"2000\" data-threedduration=\"1500\" data-threedhorizontalduration=\"1500\" data-threedwithzoomduration=\"2500\" data-threedhorizontalwithzoomduration=\"2200\" data-threedflipduration=\"1500\" data-threedflipwithzoomduration=\"2000\" data-threedtilesduration=\"2000\" data-threedfallback=\"flip\" data-threedhorizontalfallback=\"flip\" data-threedwithzoomfallback=\"flipwithzoom\" data-threedhorizontalwithzoomfallback=\"flipwithzoom\" data-threedflipfallback=\"flip\" data-threedflipwithzoomfallback=\"flipwithzoom\" data-threedtilesfallback=\"tiles\" data-ratiomediumscreen=\"800\" data-ratiomediumheight=\"1.2\" data-ratiosmallscreen=\"480\" data-ratiosmallheight=\"1.6\" data-socialmode=\"mouseover\" data-socialposition=\"position:absolute;top:8px;right:8px;\" data-socialpositionsmallscreen=\"position:absolute;top:8px;right:8px;\" data-socialdirection=\"horizontal\" data-socialbuttonsize=\"32\" data-socialbuttonfontsize=\"18\" data-navthumbcolumn=\"5\" data-navthumbtitleheight=\"20\" data-navthumbtitlewidth=\"120\" data-navthumbresponsivemode=\"samesize\" data-navthumbstyle=\"imageonly\" data-navthumbmediumsize=\"900\" data-navthumbmediumwidth=\"64\" data-navthumbmediumheight=\"64\" data-navthumbmediumcolumn=\"4\" data-navthumbmediumtitleheight=\"18\" data-navthumbmediumtitlewidth=\"120\" data-navthumbsmallsize=\"600\" data-navthumbsmallwidth=\"48\" data-navthumbsmallheight=\"48\" data-navthumbsmallcolumn=\"3\" data-navthumbsmalltitleheight=\"18\" data-navthumbsmalltitlewidth=\"120\" data-lightboxsocialposition=\"position:absolute;top:100%;right:0;\" data-lightboxsocialpositionsmallscreen=\"position:absolute;top:100%;right:0;left:0;\" data-lightboxsocialdirection=\"horizontal\" data-lightboxsocialbuttonsize=\"32\" data-lightboxsocialbuttonfontsize=\"18\" data-lightboxtitlestyle=\"bottom\" data-lightboximagepercentage=\"75\" data-lightboxdefaultvideovolume=\"1\" data-lightboxoverlaybgcolor=\"#000\" data-lightboxoverlayopacity=\"0.9\" data-lightboxbgcolor=\"#fff\" data-lightboxtitleprefix=\"%NUM \/ %TOTAL\" data-lightboxtitleinsidecss=\"color:#fff; font-size:16px; font-family:Arial,Helvetica,sans-serif; overflow:hidden; text-align:left;\" data-lightboxdescriptioninsidecss=\"color:#fff; font-size:12px; font-family:Arial,Helvetica,sans-serif; overflow:hidden; text-align:left; margin:4px 0px 0px; padding: 0px;\" data-triggerresizedelay=\"100\" data-lightboxslideinterval=\"5000\" data-lightboxtimerposition=\"bottom\" data-lightboxtimercolor=\"#dc572e\" data-lightboxtimeropacity=\"1\" data-lightboxbordersize=\"8\" data-lightboxborderradius=\"0\" data-textcss=\"display:block; padding:8px 16px; text-align:left;\" data-textbgcss=\"display:none;\" data-titlecss=\"color: #1b96cf;    font-family: &quot;Open Sans&quot;,sans-serif;    font-size: 32px;    font-weight: bold;    line-height: 44px;    margin-bottom: 0;    margin-top: 20px;    text-transform: uppercase;\" data-descriptioncss=\"color: #282828;    font-size: 18px;    line-height: 30px;\" data-buttoncss=\"display:block; position:relative; margin-top:10px;\" data-titlecssresponsive=\"font-size:12px;\" data-descriptioncssresponsive=\"display:none !important;\" data-buttoncssresponsive=\"font-size: 9px !important;width:100%;\" data-jsfolder=\"https:\/\/nanovea.com\/wp-content\/plugins\/wonderplugin-slider-lite\/engine\/\" style=\"display:none;\" ><ul class=\"amazingslider-slides\"  style=\"display:none;\"><li><img decoding=\"async\" class=\"amazingslider-img-elem amazingsliderimg\" src=\"https:\/\/nanovea.com\/wp-content\/uploads\/2018\/01\/slide-rotative-wear-test.jpg\" alt=\"TARCIE ZWI\u0104ZANE ZE ZU\u017bYCIEM OBROTOWYM\" title=\"TARCIE ZWI\u0104ZANE ZE ZU\u017bYCIEM OBROTOWYM\" data-description=\"Precise and flexable testing with &lt;br \/&gt;unmatched speed controls\" \/><\/li><li><img decoding=\"async\" class=\"amazingslider-img-elem amazingsliderimg\" src=\"https:\/\/nanovea.com\/wp-content\/uploads\/2015\/04\/rotative-wear-friction-depth.jpg\" alt=\"TARCIE ZWI\u0104ZANE ZE ZU\u017bYCIEM OBROTOWYM\" title=\"TARCIE ZWI\u0104ZANE ZE ZU\u017bYCIEM OBROTOWYM\" data-description=\"Continuous coefficient of friction &amp; depth by &lt;br \/&gt;LVDT or depth by in-situ optical profiler\" \/><\/li><li><img decoding=\"async\" class=\"amazingslider-img-elem amazingsliderimg\" src=\"https:\/\/nanovea.com\/wp-content\/uploads\/2015\/04\/rotative-wear-friction-speed.jpg\" alt=\"TARCIE ZWI\u0104ZANE ZE ZU\u017bYCIEM OBROTOWYM\" title=\"TARCIE ZWI\u0104ZANE ZE ZU\u017bYCIEM OBROTOWYM\" data-description=\"Unmatched speed control: wear rate vs. time, &lt;br \/&gt;quasi static friction &amp; continuous stribeck curves\" \/><\/li><\/ul><\/div><\/div><div id=\"amazingslider_customtexteffect_17\" style=\"display:none;\" data-texteffect=\"{&quot;Color box&quot;:{&quot;textstyle&quot;:&quot;dynamic&quot;,&quot;textpositionstatic&quot;:&quot;bottom&quot;,&quot;textautohide&quot;:true,&quot;textpositionmarginstatic&quot;:0,&quot;textpositiondynamic&quot;:&quot;topleft&quot;,&quot;textpositionmarginleft&quot;:24,&quot;textpositionmarginright&quot;:24,&quot;textpositionmargintop&quot;:24,&quot;textpositionmarginbottom&quot;:24,&quot;texteffect&quot;:&quot;slide&quot;,&quot;texteffecteasing&quot;:&quot;easeOutCubic&quot;,&quot;texteffectduration&quot;:600,&quot;texteffectslidedirection&quot;:&quot;left&quot;,&quot;texteffectslidedistance&quot;:30,&quot;texteffectdelay&quot;:500,&quot;texteffectseparate&quot;:true,&quot;texteffect1&quot;:&quot;slide&quot;,&quot;texteffectslidedirection1&quot;:&quot;right&quot;,&quot;texteffectslidedistance1&quot;:120,&quot;texteffecteasing1&quot;:&quot;easeOutCubic&quot;,&quot;texteffectduration1&quot;:600,&quot;texteffectdelay1&quot;:1000,&quot;texteffect2&quot;:&quot;slide&quot;,&quot;texteffectslidedirection2&quot;:&quot;right&quot;,&quot;texteffectslidedistance2&quot;:120,&quot;texteffecteasing2&quot;:&quot;easeOutCubic&quot;,&quot;texteffectduration2&quot;:600,&quot;texteffectdelay2&quot;:1500,&quot;textcss&quot;:&quot;display:block; padding:8px 16px; text-align:left;&quot;,&quot;textbgcss&quot;:&quot;display:none;&quot;,&quot;titlecss&quot;:&quot;color: #1b96cf;\\n    font-family: \\&quot;Open Sans\\&quot;,sans-serif;\\n    font-size: 32px;\\n    font-weight: bold;\\n    line-height: 44px;\\n    margin-bottom: 0;\\n    margin-top: 20px;\\n    text-transform: uppercase;&quot;,&quot;descriptioncss&quot;:&quot;color: #282828;\\n    font-size: 18px;\\n    line-height: 30px;&quot;,&quot;buttoncss&quot;:&quot;display:block; position:relative; margin-top:10px;&quot;,&quot;texteffectresponsive&quot;:true,&quot;texteffectresponsivesize&quot;:640,&quot;titlecssresponsive&quot;:&quot;font-size:12px;&quot;,&quot;descriptioncssresponsive&quot;:&quot;display:none !important;&quot;,&quot;buttoncssresponsive&quot;:&quot;font-size: 9px !important;\\nwidth:100%;&quot;,&quot;addgooglefonts&quot;:false,&quot;googlefonts&quot;:&quot;&quot;,&quot;textleftrightpercentforstatic&quot;:40}}\"><\/div>\n<h1><strong>ZU\u017bYCIE OBROTOWE TARCIE INTRO<\/strong><\/h1>\n<p><a href=\"https:\/\/nanovea.com\/tribometers\">Przyrz\u0105dy do pomiaru tryb\u00f3w<\/a> | <a href=\"https:\/\/nanovea.com\/lab-services\/\">Us\u0142ugi laboratoryjne<\/a> | <a href=\"https:\/\/nanovea.com\/linear-wear-test\">Linear<\/a> | <a href=\"https:\/\/nanovea.com\/application-notes\">Uwagi do zastosowania<\/a><\/p>\n<div class=\"product-desc\">\n<p align=\"justify\"><strong>Proces tarcia obrotowego:<\/strong><br \/>\nTest tarcia obrotowego odtwarza ruch obrotowy wyst\u0119puj\u0105cy w wielu rzeczywistych mechanizmach trybologicznych. P\u0142aska, szpilkowa lub kulkowa ko\u0144c\u00f3wka jest \u0142adowana na badan\u0105 pr\u00f3bk\u0119 z precyzyjnym ci\u0119\u017carem i w okre\u015blonej pozycji od \u015brodka obrotu. Gdy pr\u00f3bka zaczyna si\u0119 obraca\u0107, ko\u0144c\u00f3wka tworzy obrotowy \u015blad zu\u017cycia. Wsp\u00f3\u0142czynnik tarcia jest dok\u0142adnie mierzony przez ugi\u0119cie czujnika wagowego, precyzyjnie skalibrowanego. Dzi\u0119ki zintegrowanemu 16-bitowemu zewn\u0119trznemu enkoderowi pozycji, tarcie mo\u017ce by\u0107 wy\u015bwietlane dla dowolnej okre\u015blonej pozycji lub strefy dla ka\u017cdego cyklu. Dodatkowo, wewn\u0119trzny 20-bitowy enkoder pr\u0119dko\u015bci zapewnia p\u0142ynne lub szybkie zmiany pr\u0119dko\u015bci obrotowej od 0,01 do 5000 obr\/min podczas pojedynczego testu, zapewniaj\u0105c dok\u0142adny wsp\u00f3\u0142czynnik tarcia w zale\u017cno\u015bci od pr\u0119dko\u015bci. Pr\u0119dko\u015bci do 0,01 obr\/min s\u0105 niezb\u0119dne do badania tarcia w strefie statycznej i lepszego zrozumienia przej\u015bcia mi\u0119dzy statycznym i kinetycznym wsp\u00f3\u0142czynnikiem tarcia.  Wsp\u00f3\u0142czynniki zu\u017cycia pr\u00f3bki mo\u017cna obliczy\u0107 na podstawie profilu 2D w wybranych pozycjach lub na podstawie rzeczywistego pe\u0142nego profilu 3D ca\u0142ej \u015bcie\u017cki zu\u017cycia. Test spiralny mo\u017cna przeprowadzi\u0107 ze sta\u0142\u0105 pr\u0119dko\u015bci\u0105 liniow\u0105 (zmieniaj\u0105c pr\u0119dko\u015b\u0107 obrotow\u0105) w dowolnym punkcie, aby uzyska\u0107 por\u00f3wnywalne dane dotycz\u0105ce tarcia na ca\u0142ej d\u0142ugo\u015bci testu.<\/p>\n<p>&nbsp;<\/p>\n<p><strong>Normy:<\/strong><\/p>\n<p>- ASTM G99<\/p>\n<p>- DIN 50324<\/p>\n<p>- ASTM D3702<\/p>\n<p>- ASTM D2266<\/p>\n<p>- ASTM D4172<\/p>\n<p>- ASTM G132<\/p>\n<p>&nbsp;<\/p>\n<p><strong>W\u0142a\u015bciwo\u015bci analizowane podczas testu tarcia obrotowego:<\/strong><\/p>\n<p>- Wsp\u00f3\u0142czynnik tarcia<\/p>\n<p>- Wska\u017aniki zu\u017cycia<\/p>\n<p>- Punkty awarii<\/p>\n<p>- Op\u00f3r elektryczny<\/p>\n<p>- Badania smarowania i korozji<\/p>\n<p>- Tarcie a pr\u0119dko\u015b\u0107<\/p>\n<p>- Krzywa Stribecka<\/p>\n<p>- Twardo\u015b\u0107 na zarysowania<\/p>\n<p>- Wsp\u00f3\u0142czynnik tarcia statycznego i wiele innych<\/p>\n<p>&nbsp;<\/p>\n<p><strong>Oprogramowanie do testowania tarcia obrotowego Funkcje:<\/strong><\/p>\n<p>- Ci\u0105g\u0142a krzywa Stribecka<\/p>\n<p>- Eksport nieprzetworzonych danych i obraz\u00f3w<\/p>\n<p>- Wy\u015bwietlacz czasu rzeczywistego<\/p>\n<p>- Automatyczne raportowanie<\/p>\n<p>- Obs\u0142uga wielu j\u0119zyk\u00f3w<\/p>\n<p>- Obliczanie twardo\u015bci zarysowania<\/p>\n<p>- Makra ze zmienn\u0105 pr\u0119dko\u015bci\u0105<\/p>\n<p>- Test spirali przy sta\u0142ej pr\u0119dko\u015bci liniowej<\/p>\n<p>- Sta\u0142y widok cyklu<\/p>\n<p>- Widok por\u00f3wnania cyklu 360<\/p>\n<p>- Automatyczne obliczanie zu\u017cycia<\/p>\n<p>- P\u00f3\u0142liniowy (mikrony lub stopnie)<\/p>\n<p>- Kontrola zmiennej pr\u0119dko\u015bci podczas testu i wiele innych<\/p>\n<p>&nbsp;<\/p>\n<p><strong>Ko\u0144c\u00f3wki: (diament, WC, guma i wiele innych materia\u0142\u00f3w):<\/strong><\/p>\n<p>- Kula 3, 6, 10 i 25 mm<\/p>\n<p>- Niestandardowe rozmiary kulek<\/p>\n<p>- Niestandardowe przypinki<\/p>\n<p>- P\u0142aska p\u0142yta<\/p>\n<p>- Niestandardowe geometrie<\/p>\n<p>&nbsp;<\/p>\n<p><strong>Warunki \u015brodowiskowe:<\/strong><\/p>\n<p>- W pe\u0142ni wyjmowany piekarnik 1200\u00b0C<\/p>\n<p>- Ch\u0142odzenie do - 150\u00b0C<\/p>\n<p>- Pojemnik na ciecz i podgrzewanie cieczy do 150\u00b0C<\/p>\n<p>- Smarowanie kropla po kropli<\/p>\n<p>- Kontrola wilgotno\u015bci<\/p>\n<p>- R\u00f3\u017cne gazy<\/p>\n<p>- Pr\u00f3\u017cnia<\/p>\n<p>&nbsp;<\/p>\n<p><strong>Posiadacze pr\u00f3bek:<\/strong><\/p>\n<p>- Zacisk standardowy<\/p>\n<p>- Monta\u017c zatrzaskowy na p\u0142ycie bazowej<\/p>\n<p>- Niestandardowe uchwyty dla r\u00f3\u017cnych geometrii<\/p>\n<p>&nbsp;<\/p>\n<p><strong>Tryby testowania obrotowego:<\/strong><\/p>\n<p><a href=\"https:\/\/nanovea.com\/temperature-tribology-testing\" target=\"_blank\" rel=\"noopener noreferrer\">Temperaturowe testy trybologiczne<\/a><\/p>\n<p><a href=\"https:\/\/nanovea.com\/liquid-tribology-testing\" target=\"_blank\" rel=\"noopener noreferrer\">Testowanie tribologii cieczy <\/a><\/p>\n<\/div>","protected":false},"excerpt":{"rendered":"<p>ROTATIONAL WEAR FRICTION INTRO Tribometer Instruments | Lab Services | Linear | Application Notes Rotational Wear Friction Process: Rotational wear friction test reproduces the rotational motion found in many real-world tribology mechanisms. A flat, pin or ball tip is loaded onto a test sample with a precise weight and at a specific position from the [&hellip;]<\/p>","protected":false},"author":1,"featured_media":0,"parent":0,"menu_order":0,"comment_status":"open","ping_status":"open","template":"tpl-newslider.php","meta":{"_exactmetrics_skip_tracking":false,"_exactmetrics_sitenote_active":false,"_exactmetrics_sitenote_note":"","_exactmetrics_sitenote_category":0,"footnotes":""},"class_list":["post-214","page","type-page","status-publish","hentry"],"_links":{"self":[{"href":"https:\/\/nanovea.com\/pl\/wp-json\/wp\/v2\/pages\/214","targetHints":{"allow":["GET"]}}],"collection":[{"href":"https:\/\/nanovea.com\/pl\/wp-json\/wp\/v2\/pages"}],"about":[{"href":"https:\/\/nanovea.com\/pl\/wp-json\/wp\/v2\/types\/page"}],"author":[{"embeddable":true,"href":"https:\/\/nanovea.com\/pl\/wp-json\/wp\/v2\/users\/1"}],"replies":[{"embeddable":true,"href":"https:\/\/nanovea.com\/pl\/wp-json\/wp\/v2\/comments?post=214"}],"version-history":[{"count":22,"href":"https:\/\/nanovea.com\/pl\/wp-json\/wp\/v2\/pages\/214\/revisions"}],"predecessor-version":[{"id":7470,"href":"https:\/\/nanovea.com\/pl\/wp-json\/wp\/v2\/pages\/214\/revisions\/7470"}],"wp:attachment":[{"href":"https:\/\/nanovea.com\/pl\/wp-json\/wp\/v2\/media?parent=214"}],"curies":[{"name":"wp","href":"https:\/\/api.w.org\/{rel}","templated":true}]}}