{"id":211,"date":"2015-03-04T17:02:19","date_gmt":"2015-03-04T17:02:19","guid":{"rendered":"http:\/\/nanovea.com\/?page_id=211"},"modified":"2018-10-19T15:29:56","modified_gmt":"2018-10-19T15:29:56","slug":"tarcie-powierzchniowe","status":"publish","type":"page","link":"https:\/\/nanovea.com\/pl\/tarcie-powierzchniowe\/","title":{"rendered":"Tarcie powierzchniowe"},"content":{"rendered":"<div id=\"newslider\" style=\"min-height: auto; overflow: hidden;\">\n<ul>\n<li>\n<div class=\"slider-text\">\n<h2>TRIBOMETRY<\/h2>\n<p>Tarcie<\/p>\n<\/div>\n<p><img decoding=\"async\" src=\"https:\/\/nanovea.com\/wp-content\/uploads\/2015\/07\/slide-wear-friction.jpg\" alt=\"\" \/><\/li>\n<\/ul>\n<\/div>\n<h1><strong>ZU\u017bYCIE POWIERZCHNI | BADANIE TRIBOLOGICZNE TARCIA <\/strong><\/h1>\n<div class=\"product-desc\">\n<p align=\"justify\">Na podstawie <a href=\"https:\/\/www.astm.org\/Standards\/G99.htm\">ASTM G99<\/a> oraz <a href=\"https:\/\/www.astm.org\/Standards\/G133.htm\">ASTM G133<\/a>. Za pomoc\u0105 kulki, sworznia lub p\u0142askiego uchwytu jest on przymocowany do ramienia pomiarowego, kt\u00f3re mo\u017cna precyzyjnie ustawi\u0107 z rozdzielczo\u015bci\u0105 2,5 mikrona za pomoc\u0105 standardowego zmotoryzowanego sto\u0142u. Po dodaniu obci\u0105\u017cenia tarcza pr\u00f3bki jest obracana ze znan\u0105 pr\u0119dko\u015bci\u0105, co powoduje tarcie mi\u0119dzy g\u00f3rn\u0105 kulk\u0105, sworzniem lub p\u0142ask\u0105 powierzchni\u0105 a doln\u0105 tarcz\u0105 pr\u00f3bki. W celu pomiaru zu\u017cycia, utrata masy mo\u017ce by\u0107 mierzona przy u\u017cyciu czu\u0142ej wagi przed i po te\u015bcie. Ponadto do ramienia pomiarowego mo\u017cna przymocowa\u0107 LVDT, aby rejestrowa\u0107 g\u0142\u0119boko\u015b\u0107 podczas testu. Daje to mo\u017cliwo\u015b\u0107 \u015bledzenia zmian szybko\u015bci zu\u017cycia w funkcji czasu. Si\u0142a tarcia jest mierzona bezpo\u015brednio za pomoc\u0105 sztywnego czujnika wagowego, kt\u00f3ry oferuje wysok\u0105 rozdzielczo\u015b\u0107 przy doskona\u0142ej stabilno\u015bci mechanicznej i termicznej; w przeciwie\u0144stwie do innych system\u00f3w, kt\u00f3re polegaj\u0105 tylko na LVDT do pomiaru tarcia. Dost\u0119pnych jest kilka opcji testowania, kt\u00f3re \u015bci\u015ble odpowiadaj\u0105 rzeczywistym warunkom \u015brodowiskowym, w tym kontrola temperatury, cieczy i atmosfery. Dodatkowo, aby precyzyjnie zmierzy\u0107 obj\u0119to\u015b\u0107 \u015bladu zu\u017cycia, na platformie Tribometer mo\u017cna zintegrowa\u0107 w pe\u0142ni bezkontaktowy profiler optyczny 3D w celu ilo\u015bciowego okre\u015blenia utraty zu\u017cycia w szybkiej i wygodnej metodzie bez konieczno\u015bci usuwania pr\u00f3bki.<\/p>\n<p>&nbsp;<\/p>\n<p><strong>W\u0142a\u015bciwo\u015bci analizowane podczas test\u00f3w tarcia:<\/strong><\/p>\n<p>- Wsp\u00f3\u0142czynnik tarcia<\/p>\n<p>- Wska\u017aniki zu\u017cycia<\/p>\n<p>- Punkty awarii<\/p>\n<p>- Kontakt elektryczny<\/p>\n<p>- Badania smarowania i inne<\/p>\n<p>&nbsp;<\/p>\n<p><a href=\"https:\/\/nanovea.com\/tribometers\">&lt; powr\u00f3t do Tribometry<\/a><\/p>\n<p align=\"justify\">\n<\/div>","protected":false},"excerpt":{"rendered":"<p>TRIBOMETERS Wear Friction SURFACE WEAR | FRICTION TRIBOLOGY TESTING Based from ASTM G99 and ASTM G133. Using a ball, pin or flat holder is attached to the measuring arm which can be precisely positioned to a resolution of 2.5micron using the standard motorized table. With load added, the sample disk is rotated at a known [&hellip;]<\/p>","protected":false},"author":1,"featured_media":0,"parent":0,"menu_order":0,"comment_status":"open","ping_status":"open","template":"","meta":{"_exactmetrics_skip_tracking":false,"_exactmetrics_sitenote_active":false,"_exactmetrics_sitenote_note":"","_exactmetrics_sitenote_category":0,"footnotes":""},"class_list":["post-211","page","type-page","status-publish","hentry"],"_links":{"self":[{"href":"https:\/\/nanovea.com\/pl\/wp-json\/wp\/v2\/pages\/211","targetHints":{"allow":["GET"]}}],"collection":[{"href":"https:\/\/nanovea.com\/pl\/wp-json\/wp\/v2\/pages"}],"about":[{"href":"https:\/\/nanovea.com\/pl\/wp-json\/wp\/v2\/types\/page"}],"author":[{"embeddable":true,"href":"https:\/\/nanovea.com\/pl\/wp-json\/wp\/v2\/users\/1"}],"replies":[{"embeddable":true,"href":"https:\/\/nanovea.com\/pl\/wp-json\/wp\/v2\/comments?post=211"}],"version-history":[{"count":9,"href":"https:\/\/nanovea.com\/pl\/wp-json\/wp\/v2\/pages\/211\/revisions"}],"predecessor-version":[{"id":3574,"href":"https:\/\/nanovea.com\/pl\/wp-json\/wp\/v2\/pages\/211\/revisions\/3574"}],"wp:attachment":[{"href":"https:\/\/nanovea.com\/pl\/wp-json\/wp\/v2\/media?parent=211"}],"curies":[{"name":"wp","href":"https:\/\/api.w.org\/{rel}","templated":true}]}}