{"id":2057,"date":"2015-10-13T20:36:14","date_gmt":"2015-10-13T20:36:14","guid":{"rendered":"http:\/\/nanovea.com\/?page_id=2057"},"modified":"2024-03-07T00:46:39","modified_gmt":"2024-03-07T00:46:39","slug":"polityka-prywatnosci","status":"publish","type":"page","link":"https:\/\/nanovea.com\/pl\/polityka-prywatnosci\/","title":{"rendered":"Polityka prywatno\u015bci"},"content":{"rendered":"<p><strong>Og\u00f3lna polityka prywatno\u015bci NANOVEA<\/strong><\/p>\n<p>Ochrona danych osobowych u\u017cytkownik\u00f3w ma dla nas kluczowe znaczenie. Twoje dane osobowe s\u0105 przetwarzane wy\u0142\u0105cznie na podstawie obowi\u0105zuj\u0105cych przepis\u00f3w o ochronie danych (RODO). Podejmujemy staranne \u015brodki w celu ochrony danych przed utrat\u0105, manipulacj\u0105 i nieuprawnionym dost\u0119pem. \u015arodki te s\u0105 zgodne z aktualnym stanem technologii. W niniejszym o\u015bwiadczeniu dotycz\u0105cym naszej polityki prywatno\u015bci danych informujemy o najwa\u017cniejszych aspektach w kontek\u015bcie przetwarzania danych na naszej stronie internetowej.<br \/>\n<strong><br \/>\n1.) Przechowywanie danych dost\u0119pu w plikach dziennika serwera<\/strong><\/p>\n<p>Nasz\u0105 witryn\u0119 mo\u017cna odwiedza\u0107 bez ujawniania jakichkolwiek danych osobowych. Przechowujemy jedynie dane dost\u0119powe w plikach dziennika serwera, takie jak nazwy \u017c\u0105danych plik\u00f3w, data i godzina zapytania, ilo\u015b\u0107 przes\u0142anych danych, typ przegl\u0105darki, adres IP i dostawca \u017c\u0105daj\u0105cy. Dane te s\u0105 oceniane wy\u0142\u0105cznie w celu zapewnienia bezproblemowego dzia\u0142ania witryny i ulepszenia naszej oferty, ale nie pozwalaj\u0105 na wyci\u0105gni\u0119cie jakichkolwiek wniosk\u00f3w na temat osoby u\u017cytkownika. W przypadku konkretnych oznak niezgodnego z prawem korzystania zastrzegamy sobie prawo do retrospektywnej weryfikacji danych.<\/p>\n<p><strong>2.)  Ciasteczka<\/strong><\/p>\n<p>Nasza strona internetowa korzysta z tak zwanych plik\u00f3w cookie w celu rozpoznania wielokrotnego korzystania z naszej strony internetowej przez tego samego u\u017cytkownika \/ abonenta po\u0142\u0105czenia internetowego. Pliki cookie to ma\u0142e pliki tekstowe, kt\u00f3re przegl\u0105darka internetowa pobiera i przechowuje na komputerze u\u017cytkownika. S\u0142u\u017c\u0105 one do ulepszania naszej strony internetowej i us\u0142ug.<\/p>\n<p>Jednak do pewnego stopnia te pliki cookie przekazuj\u0105 r\u00f3wnie\u017c informacje wykorzystywane do automatycznego rozpoznawania u\u017cytkownika. Rozpoznanie jest mo\u017cliwe, poniewa\u017c adres IP u\u017cytkownika jest zapisywany w plikach cookie. Uzyskane w ten spos\u00f3b informacje s\u0105 wykorzystywane do ulepszania naszych us\u0142ug i u\u0142atwiania dost\u0119pu do strony internetowej.<\/p>\n<p>U\u017cytkownik mo\u017ce zapobiec instalowaniu plik\u00f3w cookie, odpowiednio dostosowuj\u0105c ustawienia oprogramowania przegl\u0105darki. Nale\u017cy jednak pami\u0119ta\u0107, \u017ce mo\u017ce to uniemo\u017cliwi\u0107 pe\u0142ne korzystanie ze wszystkich funkcji naszej strony internetowej. Korzystaj\u0105c z tej witryny bez dezaktywacji instalacji plik\u00f3w cookie w oprogramowaniu przegl\u0105darki, u\u017cytkownik wyra\u017ca zgod\u0119 na przetwarzanie swoich danych zebranych przez Google w spos\u00f3b i w celach okre\u015blonych powy\u017cej.<\/p>\n<p><strong>3.) Kontakt z nami<\/strong><\/p>\n<p>Na naszej stronie internetowej oferujemy mo\u017cliwo\u015b\u0107 skontaktowania si\u0119 z nami za po\u015brednictwem naszych formularzy kontaktowych, poczty elektronicznej lub czatu (patrz sekcja 7). W celu przetworzenia Twojego \u017c\u0105dania i p\u00f3\u017aniejszej komunikacji z Tob\u0105, podane przez Ciebie informacje b\u0119d\u0105 przechowywane i przekazywane osobom odpowiedzialnym (patrz sekcja 7). Por\u00f3wnanie zebranych danych z danymi, kt\u00f3re mog\u0105 by\u0107 gromadzone przez inne komponenty naszej witryny, r\u00f3wnie\u017c nie jest dokonywane. Je\u015bli u\u017cytkownik skontaktuje si\u0119 z nami za po\u015brednictwem \u0142\u0105cza e-mail (np. <a href=\"mailto:info@nanovea.com\">info@nanovea.com<\/a>), data i godzina przychodz\u0105cej wiadomo\u015bci, nadawca i odbiorca oraz temat wiadomo\u015bci e-mail zostan\u0105 zarejestrowane. Ocena tych danych jest przeprowadzana wy\u0142\u0105cznie w celu zrekonstruowania i skorygowania odchyle\u0144 systemowych.<\/p>\n<p><strong>4.) Newsletter <\/strong><\/p>\n<p>U\u017cytkownik ma mo\u017cliwo\u015b\u0107 zapisania si\u0119 do naszego newslettera za po\u015brednictwem naszej strony internetowej. W tym celu potrzebujemy Twojego imienia i nazwiska oraz adresu e-mail, a tak\u017ce o\u015bwiadczenia, \u017ce zgadzasz si\u0119 na subskrypcj\u0119 newslettera. Podaj\u0105c nam sw\u00f3j adres e-mail przed pobraniem naszych broszur, kontaktuj\u0105c si\u0119 z nami za po\u015brednictwem czatu na \u017cywo lub poczty elektronicznej, u\u017cytkownik dobrowolnie wyra\u017ca zgod\u0119 na dodanie do naszej listy mailingowej i otrzymywanie naszego biuletynu.<\/p>\n<p>W celu dostarczania u\u017cytkownikowi ukierunkowanych informacji gromadzimy i przetwarzamy r\u00f3wnie\u017c informacje dobrowolnie przekazane przez u\u017cytkownika.<\/p>\n<p>Subskrypcj\u0119 newslettera mo\u017cna anulowa\u0107 w dowolnym momencie. Rezygnacj\u0119 nale\u017cy przes\u0142a\u0107 na nast\u0119puj\u0105cy adres e-mail: <a href=\"mailto:info@nanovea.com\">info@nanovea.com<\/a>. Niezw\u0142ocznie usuniemy dane u\u017cytkownika w zwi\u0105zku z wysy\u0142k\u0105 newslettera.<\/p>\n<p><strong>5.) Korzystanie z Google Analytics <\/strong><\/p>\n<p>Niniejsza witryna internetowa korzysta z Google Analytics, us\u0142ugi analizy ogl\u0105dalno\u015bci stron internetowych udost\u0119pnianej przez Google Inc, 1600 Amphitheatre Parkway Mountain View, CA 94043, USA (\"Google\").<\/p>\n<p>Google Analytics wykorzystuje r\u00f3wnie\u017c pliki cookie, tj. pliki tekstowe zapisywane za po\u015brednictwem przegl\u0105darki internetowej na komputerze u\u017cytkownika, kt\u00f3re umo\u017cliwiaj\u0105 naszej witrynie rozpoznanie u\u017cytkownika podczas ponownych odwiedzin naszej witryny, a tak\u017ce analiz\u0119 korzystania z witryny przez u\u017cytkownika. Korzystamy z tej analizy, aby ustrukturyzowa\u0107 nasz\u0105 ofert\u0119 w spos\u00f3b przyjazny dla u\u017cytkownika i zoptymalizowa\u0107 nasz\u0105 stron\u0119 internetow\u0105 pod k\u0105tem jego zainteresowa\u0144<\/p>\n<p>Wi\u0119cej informacji na temat Google Analytics i opcji rezygnacji. <a href=\"https:\/\/tools.google.com\/dlpage\/gaoptout\">tutaj<\/a><\/p>\n<p><strong>6.) Przekazywanie danych<\/strong><\/p>\n<p>Dane przetwarzane s\u0105 w celu wype\u0142nienia wymog\u00f3w prawnych, realizacji umowy, obs\u0142ugi zapyta\u0144 klient\u00f3w dotycz\u0105cych naszych produkt\u00f3w i us\u0142ug oraz w celu zapewnienia realizacji procedur biznesowych NANOVEA.<\/p>\n<p>Partnerzy kontraktowi NANOVEA, np. partnerzy dystrybucyjni, doradcy podatkowi lub us\u0142ugodawcy, np. firmy transportowe w zakresie dostawy towar\u00f3w lub rozwi\u0105zania programowe stron trzecich (takie jak Chat), korzystaj\u0105 z danych przes\u0142anych przez nas lub przes\u0142anych nam wy\u0142\u0105cznie w celu realizacj\u0119 odpowiednio okre\u015blonego celu. Inne wykorzystanie danych jest niedozwolone.<\/p>\n<p><strong>7.) Prawa u\u017cytkownika<\/strong><\/p>\n<p>U\u017cytkownik ma prawo do informacji, prawo dost\u0119pu, prawo do sprostowania, prawo do usuni\u0119cia, prawo do ograniczenia przetwarzania, prawo do przenoszenia danych i prawo do sprzeciwu.<\/p>\n<p>Prosimy o kontakt w przypadku pyta\u0144 dotycz\u0105cych gromadzenia, przetwarzania lub wykorzystywania danych osobowych, a tak\u017ce w przypadku jakichkolwiek pyta\u0144, ch\u0119ci poprawienia danych, zablokowania lub usuni\u0119cia danych, wycofania zgody lub z\u0142o\u017cenia sprzeciwu wobec okre\u015blonego rodzaju wykorzystania danych (patrz sekcja 8).<\/p>\n<p>Je\u015bli u\u017cytkownik uwa\u017ca, \u017ce przetwarzanie jego danych osobowych nie jest zgodne z przepisami o ochronie danych, ma prawo z\u0142o\u017cy\u0107 skarg\u0119 do w\u0142a\u015bciwego organu nadzorczego.<\/p>\n<p><strong>8.) Ograniczenia dotycz\u0105ce automatycznego gromadzenia danych i wykorzystania sztucznej inteligencji<\/strong><\/p>\n<p>Automatyczne pobieranie danych, w tym wykorzystanie sztucznej inteligencji i algorytm\u00f3w uczenia maszynowego do wyodr\u0119bniania danych z naszej strony internetowej, w tym not aplikacyjnych i opublikowanych wynik\u00f3w test\u00f3w, a tak\u017ce wykorzystywanie tych danych do cel\u00f3w szkoleniowych w zakresie uczenia maszynowego, jest surowo zabronione bez uprzedniej pisemnej zgody NANOVEA .<\/p>\n<p><strong>9.) Organ odpowiedzialny i kontakt <\/strong><\/p>\n<p>NANOVEA<br \/>\n6 Morgan STE 156<br \/>\nIrvine, CA 92618<\/p>\n<p>Kontakt w sprawach dotycz\u0105cych prywatno\u015bci: <a href=\"mailto:info@nanovea.com\">info@nanovea.com<\/a><\/p>","protected":false},"excerpt":{"rendered":"<p>General privacy policy of NANOVEA The protection of your personal data is of critical importance us. Your personal data is only processed on the basis of the applicable data protection laws (GDPR). We take careful measures to protect your data from loss, manipulation, and unauthorized access. The measures are in accordance with the current state [&hellip;]<\/p>","protected":false},"author":1,"featured_media":0,"parent":0,"menu_order":0,"comment_status":"closed","ping_status":"closed","template":"","meta":{"_exactmetrics_skip_tracking":false,"_exactmetrics_sitenote_active":false,"_exactmetrics_sitenote_note":"","_exactmetrics_sitenote_category":0,"footnotes":""},"class_list":["post-2057","page","type-page","status-publish","hentry"],"_links":{"self":[{"href":"https:\/\/nanovea.com\/pl\/wp-json\/wp\/v2\/pages\/2057","targetHints":{"allow":["GET"]}}],"collection":[{"href":"https:\/\/nanovea.com\/pl\/wp-json\/wp\/v2\/pages"}],"about":[{"href":"https:\/\/nanovea.com\/pl\/wp-json\/wp\/v2\/types\/page"}],"author":[{"embeddable":true,"href":"https:\/\/nanovea.com\/pl\/wp-json\/wp\/v2\/users\/1"}],"replies":[{"embeddable":true,"href":"https:\/\/nanovea.com\/pl\/wp-json\/wp\/v2\/comments?post=2057"}],"version-history":[{"count":11,"href":"https:\/\/nanovea.com\/pl\/wp-json\/wp\/v2\/pages\/2057\/revisions"}],"predecessor-version":[{"id":23706,"href":"https:\/\/nanovea.com\/pl\/wp-json\/wp\/v2\/pages\/2057\/revisions\/23706"}],"wp:attachment":[{"href":"https:\/\/nanovea.com\/pl\/wp-json\/wp\/v2\/media?parent=2057"}],"curies":[{"name":"wp","href":"https:\/\/api.w.org\/{rel}","templated":true}]}}