{"id":19850,"date":"2022-05-23T14:42:01","date_gmt":"2022-05-23T14:42:01","guid":{"rendered":"https:\/\/nanovea.com\/?page_id=19850"},"modified":"2022-05-23T14:42:01","modified_gmt":"2022-05-23T14:42:01","slug":"profilometria-testowanie","status":"publish","type":"page","link":"https:\/\/nanovea.com\/pl\/profilometry-testing\/","title":{"rendered":"Badania profilometryczne"},"content":{"rendered":"<div data-elementor-type=\"wp-page\" data-elementor-id=\"19850\" class=\"elementor elementor-19850\" data-elementor-post-type=\"page\">\n\t\t\t\t\t\t<section class=\"elementor-section elementor-top-section elementor-element elementor-element-cf6ab29 elementor-section-boxed elementor-section-height-default elementor-section-height-default\" data-id=\"cf6ab29\" data-element_type=\"section\">\n\t\t\t\t\t\t<div class=\"elementor-container elementor-column-gap-default\">\n\t\t\t\t\t<div class=\"elementor-column elementor-col-100 elementor-top-column elementor-element elementor-element-f284172\" data-id=\"f284172\" data-element_type=\"column\">\n\t\t\t<div class=\"elementor-widget-wrap elementor-element-populated\">\n\t\t\t\t\t\t<div class=\"elementor-element elementor-element-5a6c881 elementor-widget elementor-widget-heading\" data-id=\"5a6c881\" data-element_type=\"widget\" data-widget_type=\"heading.default\">\n\t\t\t\t<div class=\"elementor-widget-container\">\n\t\t\t\t\t<h1 class=\"elementor-heading-title elementor-size-default\">OSTATNIE BADANIA<\/h1>\t\t\t\t<\/div>\n\t\t\t\t<\/div>\n\t\t\t\t<section class=\"elementor-section elementor-inner-section elementor-element elementor-element-ebdb818 elementor-section-boxed elementor-section-height-default elementor-section-height-default\" data-id=\"ebdb818\" data-element_type=\"section\">\n\t\t\t\t\t\t<div class=\"elementor-container elementor-column-gap-default\">\n\t\t\t\t\t<div class=\"elementor-column elementor-col-33 elementor-inner-column elementor-element elementor-element-0ebdcf4\" data-id=\"0ebdcf4\" data-element_type=\"column\">\n\t\t\t<div class=\"elementor-widget-wrap elementor-element-populated\">\n\t\t\t\t\t\t<div class=\"elementor-element elementor-element-f5cfd42 elementor-align-right mechanical-testing-filter elementor-widget elementor-widget-button\" data-id=\"f5cfd42\" data-element_type=\"widget\" data-widget_type=\"button.default\">\n\t\t\t\t<div class=\"elementor-widget-container\">\n\t\t\t\t\t\t\t\t\t<div class=\"elementor-button-wrapper\">\n\t\t\t\t\t<a class=\"elementor-button elementor-button-link elementor-size-xs\" href=\"https:\/\/nanovea.com\/mechanical-testing\/\" id=\"mechanical-testing-filter\">\n\t\t\t\t\t\t<span class=\"elementor-button-content-wrapper\">\n\t\t\t\t\t\t\t\t\t<span class=\"elementor-button-text\">BADANIA MECHANICZNE<\/span>\n\t\t\t\t\t<\/span>\n\t\t\t\t\t<\/a>\n\t\t\t\t<\/div>\n\t\t\t\t\t\t\t\t<\/div>\n\t\t\t\t<\/div>\n\t\t\t\t\t<\/div>\n\t\t<\/div>\n\t\t\t\t<div class=\"elementor-column elementor-col-33 elementor-inner-column elementor-element elementor-element-3d0e558\" data-id=\"3d0e558\" data-element_type=\"column\">\n\t\t\t<div class=\"elementor-widget-wrap elementor-element-populated\">\n\t\t\t\t\t\t<div class=\"elementor-element elementor-element-ae10c4c elementor-align-center profilometry-testing-filter elementor-widget elementor-widget-button\" data-id=\"ae10c4c\" data-element_type=\"widget\" data-widget_type=\"button.default\">\n\t\t\t\t<div class=\"elementor-widget-container\">\n\t\t\t\t\t\t\t\t\t<div class=\"elementor-button-wrapper\">\n\t\t\t\t\t<a class=\"elementor-button elementor-size-xs\" role=\"button\" id=\"profilometry-testing-filter\">\n\t\t\t\t\t\t<span class=\"elementor-button-content-wrapper\">\n\t\t\t\t\t\t\t\t\t<span class=\"elementor-button-text\">BADANIE PROFILOMETRYCZNE<\/span>\n\t\t\t\t\t<\/span>\n\t\t\t\t\t<\/a>\n\t\t\t\t<\/div>\n\t\t\t\t\t\t\t\t<\/div>\n\t\t\t\t<\/div>\n\t\t\t\t\t<\/div>\n\t\t<\/div>\n\t\t\t\t<div class=\"elementor-column elementor-col-33 elementor-inner-column elementor-element elementor-element-287beb7\" data-id=\"287beb7\" data-element_type=\"column\">\n\t\t\t<div class=\"elementor-widget-wrap elementor-element-populated\">\n\t\t\t\t\t\t<div class=\"elementor-element elementor-element-a514624 elementor-align-left tribology-testing-filter elementor-widget elementor-widget-button\" data-id=\"a514624\" data-element_type=\"widget\" data-widget_type=\"button.default\">\n\t\t\t\t<div class=\"elementor-widget-container\">\n\t\t\t\t\t\t\t\t\t<div class=\"elementor-button-wrapper\">\n\t\t\t\t\t<a class=\"elementor-button elementor-button-link elementor-size-xs\" href=\"https:\/\/nanovea.com\/tribology-testing\/\" id=\"tribology-testing-filter\">\n\t\t\t\t\t\t<span class=\"elementor-button-content-wrapper\">\n\t\t\t\t\t\t\t\t\t<span class=\"elementor-button-text\">BADANIA TRIBOLOGICZNE<\/span>\n\t\t\t\t\t<\/span>\n\t\t\t\t\t<\/a>\n\t\t\t\t<\/div>\n\t\t\t\t\t\t\t\t<\/div>\n\t\t\t\t<\/div>\n\t\t\t\t\t<\/div>\n\t\t<\/div>\n\t\t\t\t\t<\/div>\n\t\t<\/section>\n\t\t\t\t<div class=\"elementor-element elementor-element-64a2b6f elementor-posts--align-left app-notes-feat-homepage elementor-grid-3 elementor-grid-tablet-2 elementor-grid-mobile-1 elementor-posts--thumbnail-top elementor-widget elementor-widget-posts\" data-id=\"64a2b6f\" data-element_type=\"widget\" data-settings=\"{&quot;classic_row_gap&quot;:{&quot;unit&quot;:&quot;px&quot;,&quot;size&quot;:15,&quot;sizes&quot;:[]},&quot;pagination_type&quot;:&quot;load_more_infinite_scroll&quot;,&quot;classic_columns&quot;:&quot;3&quot;,&quot;classic_columns_tablet&quot;:&quot;2&quot;,&quot;classic_columns_mobile&quot;:&quot;1&quot;,&quot;classic_row_gap_tablet&quot;:{&quot;unit&quot;:&quot;px&quot;,&quot;size&quot;:&quot;&quot;,&quot;sizes&quot;:[]},&quot;classic_row_gap_mobile&quot;:{&quot;unit&quot;:&quot;px&quot;,&quot;size&quot;:&quot;&quot;,&quot;sizes&quot;:[]},&quot;load_more_spinner&quot;:{&quot;value&quot;:&quot;fas fa-spinner&quot;,&quot;library&quot;:&quot;fa-solid&quot;}}\" data-widget_type=\"posts.classic\">\n\t\t\t\t<div class=\"elementor-widget-container\">\n\t\t\t\t\t\t\t<div class=\"elementor-posts-container elementor-posts elementor-posts--skin-classic elementor-grid\" role=\"list\">\n\t\t\t\t<article class=\"elementor-post elementor-grid-item post-26271 post type-post status-publish format-standard has-post-thumbnail hentry category-application-notes category-laboratory-testing category-profilometry-geometry-shape category-profilometry-roughness-finish category-profilometry-texture-grain category-profilometry-testing\" role=\"listitem\">\n\t\t\t\t<a class=\"elementor-post__thumbnail__link\" href=\"https:\/\/nanovea.com\/pl\/stent-coating-adhesion-testing-nano-scratch\/\" tabindex=\"-1\" >\n\t\t\t<div class=\"elementor-post__thumbnail\"><img decoding=\"async\" width=\"300\" height=\"157\" src=\"https:\/\/nanovea.com\/wp-content\/uploads\/2026\/03\/stent-coating-adhesion-failure-analysis-thumbnail.jpg\" class=\"attachment-medium size-medium wp-image-26277\" alt=\"stent coating adhesion testing failure analysis drug eluting stent coating\" \/><\/div>\n\t\t<\/a>\n\t\t\t\t<div class=\"elementor-post__text\">\n\t\t\t\t<h3 class=\"elementor-post__title\">\n\t\t\t<a href=\"https:\/\/nanovea.com\/pl\/stent-coating-adhesion-testing-nano-scratch\/\" >\n\t\t\t\tStent Coating Adhesion and Delamination Analysis Using Nano Scratch Testing\t\t\t<\/a>\n\t\t<\/h3>\n\t\t\n\t\t<a class=\"elementor-post__read-more\" href=\"https:\/\/nanovea.com\/pl\/stent-coating-adhesion-testing-nano-scratch\/\" aria-label=\"Read more about Stent Coating Adhesion and Delamination Analysis Using Nano Scratch Testing\" tabindex=\"-1\" >\n\t\t\tCZYTAJ WI\u0118CEJ\t\t<\/a>\n\n\t\t\t\t<\/div>\n\t\t\t\t<\/article>\n\t\t\t\t<article class=\"elementor-post elementor-grid-item post-26196 post type-post status-publish format-standard has-post-thumbnail hentry category-application-notes category-laboratory-testing category-profilometry-geometry-shape category-profilometry-roughness-finish category-profilometry-texture-grain category-profilometry-testing\" role=\"listitem\">\n\t\t\t\t<a class=\"elementor-post__thumbnail__link\" href=\"https:\/\/nanovea.com\/pl\/dental-surface-roughness-measurement-3d-tooth-topography\/\" tabindex=\"-1\" >\n\t\t\t<div class=\"elementor-post__thumbnail\"><img decoding=\"async\" width=\"300\" height=\"157\" src=\"https:\/\/nanovea.com\/wp-content\/uploads\/2026\/03\/tooth-surface-roughness-analysis-3d-reconstruction.jpg\" class=\"attachment-medium size-medium wp-image-26096\" alt=\"Dentist holding dental model for tooth surface roughness analysis and 3D reconstruction\" \/><\/div>\n\t\t<\/a>\n\t\t\t\t<div class=\"elementor-post__text\">\n\t\t\t\t<h3 class=\"elementor-post__title\">\n\t\t\t<a href=\"https:\/\/nanovea.com\/pl\/dental-surface-roughness-measurement-3d-tooth-topography\/\" >\n\t\t\t\tDental Surface Roughness Measurement &#038; 3D Tooth Topography\t\t\t<\/a>\n\t\t<\/h3>\n\t\t\n\t\t<a class=\"elementor-post__read-more\" href=\"https:\/\/nanovea.com\/pl\/dental-surface-roughness-measurement-3d-tooth-topography\/\" aria-label=\"Read more about Dental Surface Roughness Measurement &#038; 3D Tooth Topography\" tabindex=\"-1\" >\n\t\t\tCZYTAJ WI\u0118CEJ\t\t<\/a>\n\n\t\t\t\t<\/div>\n\t\t\t\t<\/article>\n\t\t\t\t<article class=\"elementor-post elementor-grid-item post-23106 post type-post status-publish format-standard has-post-thumbnail hentry category-application-notes category-laboratory-testing category-profilometry-roughness-finish category-profilometry-texture-grain category-profilometry-testing\" role=\"listitem\">\n\t\t\t\t<a class=\"elementor-post__thumbnail__link\" href=\"https:\/\/nanovea.com\/pl\/shot-peened-surface-analysis\/\" tabindex=\"-1\" >\n\t\t\t<div class=\"elementor-post__thumbnail\"><img fetchpriority=\"high\" decoding=\"async\" width=\"300\" height=\"194\" src=\"https:\/\/nanovea.com\/wp-content\/uploads\/2023\/08\/Shot-Peened-Surface-Profilometry-thumb.jpg\" class=\"attachment-medium size-medium wp-image-23111\" alt=\"\" \/><\/div>\n\t\t<\/a>\n\t\t\t\t<div class=\"elementor-post__text\">\n\t\t\t\t<h3 class=\"elementor-post__title\">\n\t\t\t<a href=\"https:\/\/nanovea.com\/pl\/shot-peened-surface-analysis\/\" >\n\t\t\t\tAnaliza powierzchni \u015brutowanej\t\t\t<\/a>\n\t\t<\/h3>\n\t\t\n\t\t<a class=\"elementor-post__read-more\" href=\"https:\/\/nanovea.com\/pl\/shot-peened-surface-analysis\/\" aria-label=\"Przeczytaj wi\u0119cej o analizie powierzchni \u015brutowanej\" tabindex=\"-1\" >\n\t\t\tCZYTAJ WI\u0118CEJ\t\t<\/a>\n\n\t\t\t\t<\/div>\n\t\t\t\t<\/article>\n\t\t\t\t<article class=\"elementor-post elementor-grid-item post-23049 post type-post status-publish format-standard has-post-thumbnail hentry category-application-notes category-laboratory-testing category-profilometry-roughness-finish category-profilometry-texture-grain category-profilometry-testing\" role=\"listitem\">\n\t\t\t\t<a class=\"elementor-post__thumbnail__link\" href=\"https:\/\/nanovea.com\/pl\/paint-surface-morphology\/\" tabindex=\"-1\" >\n\t\t\t<div class=\"elementor-post__thumbnail\"><img loading=\"lazy\" decoding=\"async\" width=\"300\" height=\"194\" src=\"https:\/\/nanovea.com\/wp-content\/uploads\/2023\/08\/surface-morphology-study-thumb.jpg\" class=\"attachment-medium size-medium wp-image-23056\" alt=\"\" \/><\/div>\n\t\t<\/a>\n\t\t\t\t<div class=\"elementor-post__text\">\n\t\t\t\t<h3 class=\"elementor-post__title\">\n\t\t\t<a href=\"https:\/\/nanovea.com\/pl\/paint-surface-morphology\/\" >\n\t\t\t\tMorfologia powierzchni farby\t\t\t<\/a>\n\t\t<\/h3>\n\t\t\n\t\t<a class=\"elementor-post__read-more\" href=\"https:\/\/nanovea.com\/pl\/paint-surface-morphology\/\" aria-label=\"Przeczytaj wi\u0119cej o morfologii powierzchni farby\" tabindex=\"-1\" >\n\t\t\tCZYTAJ WI\u0118CEJ\t\t<\/a>\n\n\t\t\t\t<\/div>\n\t\t\t\t<\/article>\n\t\t\t\t<article class=\"elementor-post elementor-grid-item post-22326 post type-post status-publish format-standard has-post-thumbnail hentry category-application-notes category-laboratory-testing category-profilometry-volume-area category-ring-on-ring-tribology category-tribology-testing\" role=\"listitem\">\n\t\t\t\t<a class=\"elementor-post__thumbnail__link\" href=\"https:\/\/nanovea.com\/pl\/progressive-wear-mapping-of-flooring-using-tribometer\/\" tabindex=\"-1\" >\n\t\t\t<div class=\"elementor-post__thumbnail\"><img loading=\"lazy\" decoding=\"async\" width=\"300\" height=\"194\" src=\"https:\/\/nanovea.com\/wp-content\/uploads\/2023\/06\/floor-wear-test-thumb-2.jpg\" class=\"attachment-medium size-medium wp-image-22645\" alt=\"\" \/><\/div>\n\t\t<\/a>\n\t\t\t\t<div class=\"elementor-post__text\">\n\t\t\t\t<h3 class=\"elementor-post__title\">\n\t\t\t<a href=\"https:\/\/nanovea.com\/pl\/progressive-wear-mapping-of-flooring-using-tribometer\/\" >\n\t\t\t\tProgresywne mapowanie zu\u017cycia pod\u0142\u00f3g przy u\u017cyciu trybometru\t\t\t<\/a>\n\t\t<\/h3>\n\t\t\n\t\t<a class=\"elementor-post__read-more\" href=\"https:\/\/nanovea.com\/pl\/progressive-wear-mapping-of-flooring-using-tribometer\/\" aria-label=\"Przeczytaj wi\u0119cej na temat mapowania progresywnego zu\u017cycia pod\u0142\u00f3g za pomoc\u0105 trybometru\" tabindex=\"-1\" >\n\t\t\tCZYTAJ WI\u0118CEJ\t\t<\/a>\n\n\t\t\t\t<\/div>\n\t\t\t\t<\/article>\n\t\t\t\t<article class=\"elementor-post elementor-grid-item post-22017 post type-post status-publish format-standard has-post-thumbnail hentry category-application-notes category-laboratory-testing category-profilometry-flatness-warpage category-profilometry-roughness-finish category-profilometry-volume-area category-profilometry-testing\" role=\"listitem\">\n\t\t\t\t<a class=\"elementor-post__thumbnail__link\" href=\"https:\/\/nanovea.com\/pl\/roughness-mapping-inspection-using-3d-profilometry\/\" tabindex=\"-1\" >\n\t\t\t<div class=\"elementor-post__thumbnail\"><img loading=\"lazy\" decoding=\"async\" width=\"300\" height=\"194\" src=\"https:\/\/nanovea.com\/wp-content\/uploads\/2023\/05\/Roughness-Mapping.jpg\" class=\"attachment-medium size-medium wp-image-22037\" alt=\"\" \/><\/div>\n\t\t<\/a>\n\t\t\t\t<div class=\"elementor-post__text\">\n\t\t\t\t<h3 class=\"elementor-post__title\">\n\t\t\t<a href=\"https:\/\/nanovea.com\/pl\/roughness-mapping-inspection-using-3d-profilometry\/\" >\n\t\t\t\tKontrola mapowania chropowato\u015bci przy u\u017cyciu profilometrii 3D\t\t\t<\/a>\n\t\t<\/h3>\n\t\t\n\t\t<a class=\"elementor-post__read-more\" href=\"https:\/\/nanovea.com\/pl\/roughness-mapping-inspection-using-3d-profilometry\/\" aria-label=\"Przeczytaj wi\u0119cej o kontroli mapowania chropowato\u015bci przy u\u017cyciu profilometrii 3D\" tabindex=\"-1\" >\n\t\t\tCZYTAJ WI\u0118CEJ\t\t<\/a>\n\n\t\t\t\t<\/div>\n\t\t\t\t<\/article>\n\t\t\t\t<article class=\"elementor-post elementor-grid-item post-21138 post type-post status-publish format-standard has-post-thumbnail hentry category-application-notes category-laboratory-testing category-profilometry-flatness-warpage category-profilometry-geometry-shape category-profilometry-roughness-finish category-profilometry-volume-area category-profilometry-testing\" role=\"listitem\">\n\t\t\t\t<a class=\"elementor-post__thumbnail__link\" href=\"https:\/\/nanovea.com\/pl\/weld-surface-inspection-using-a-portable-3d-profilometer\/\" tabindex=\"-1\" >\n\t\t\t<div class=\"elementor-post__thumbnail\"><img loading=\"lazy\" decoding=\"async\" width=\"300\" height=\"194\" src=\"https:\/\/nanovea.com\/wp-content\/uploads\/2022\/07\/weld-thumb.jpg\" class=\"attachment-medium size-medium wp-image-21140\" alt=\"\" \/><\/div>\n\t\t<\/a>\n\t\t\t\t<div class=\"elementor-post__text\">\n\t\t\t\t<h3 class=\"elementor-post__title\">\n\t\t\t<a href=\"https:\/\/nanovea.com\/pl\/weld-surface-inspection-using-a-portable-3d-profilometer\/\" >\n\t\t\t\tKontrola powierzchni spoin przy u\u017cyciu przeno\u015bnego profilometru 3D\t\t\t<\/a>\n\t\t<\/h3>\n\t\t\n\t\t<a class=\"elementor-post__read-more\" href=\"https:\/\/nanovea.com\/pl\/weld-surface-inspection-using-a-portable-3d-profilometer\/\" aria-label=\"Przeczytaj wi\u0119cej o kontroli powierzchni spoiny za pomoc\u0105 przeno\u015bnego profilometru 3D\" tabindex=\"-1\" >\n\t\t\tCZYTAJ WI\u0118CEJ\t\t<\/a>\n\n\t\t\t\t<\/div>\n\t\t\t\t<\/article>\n\t\t\t\t<article class=\"elementor-post elementor-grid-item post-20021 post type-post status-publish format-standard has-post-thumbnail hentry category-application-notes category-friction-testing-coefficient-of-friction category-laboratory-testing category-mechanical-testing category-profilometry-roughness-finish category-profilometry-testing category-rotational-tribology category-scratch-testing-adhesive-failure category-scratch-testing-cohesive-failure category-tribology-testing\" role=\"listitem\">\n\t\t\t\t<a class=\"elementor-post__thumbnail__link\" href=\"https:\/\/nanovea.com\/pl\/industrial-coatings-scratch-and-wear-evaluation\/\" tabindex=\"-1\" >\n\t\t\t<div class=\"elementor-post__thumbnail\"><img loading=\"lazy\" decoding=\"async\" width=\"300\" height=\"194\" src=\"https:\/\/nanovea.com\/wp-content\/uploads\/2022\/07\/Industrial-Coatings-Testing-Thumbnail.jpg\" class=\"attachment-medium size-medium wp-image-21169\" alt=\"\" \/><\/div>\n\t\t<\/a>\n\t\t\t\t<div class=\"elementor-post__text\">\n\t\t\t\t<h3 class=\"elementor-post__title\">\n\t\t\t<a href=\"https:\/\/nanovea.com\/pl\/industrial-coatings-scratch-and-wear-evaluation\/\" >\n\t\t\t\tOcena zarysowania i zu\u017cycia pow\u0142ok przemys\u0142owych\t\t\t<\/a>\n\t\t<\/h3>\n\t\t\n\t\t<a class=\"elementor-post__read-more\" href=\"https:\/\/nanovea.com\/pl\/industrial-coatings-scratch-and-wear-evaluation\/\" aria-label=\"Przeczytaj wi\u0119cej na temat oceny zarysowa\u0144 i zu\u017cycia pow\u0142ok przemys\u0142owych\" tabindex=\"-1\" >\n\t\t\tCZYTAJ WI\u0118CEJ\t\t<\/a>\n\n\t\t\t\t<\/div>\n\t\t\t\t<\/article>\n\t\t\t\t<article class=\"elementor-post elementor-grid-item post-18527 post type-post status-publish format-standard has-post-thumbnail hentry category-application-notes category-laboratory-testing category-profilometry-geometry-shape category-profilometry-roughness-finish category-profilometry-texture-grain category-profilometry-volume-area category-profilometry-testing\" role=\"listitem\">\n\t\t\t\t<a class=\"elementor-post__thumbnail__link\" href=\"https:\/\/nanovea.com\/pl\/fractography-analysis-using-3d-profilometry\/\" tabindex=\"-1\" >\n\t\t\t<div class=\"elementor-post__thumbnail\"><img loading=\"lazy\" decoding=\"async\" width=\"300\" height=\"194\" src=\"https:\/\/nanovea.com\/wp-content\/uploads\/2022\/04\/Fractography-Analysis-Cover.jpg\" class=\"attachment-medium size-medium wp-image-18534\" alt=\"\" \/><\/div>\n\t\t<\/a>\n\t\t\t\t<div class=\"elementor-post__text\">\n\t\t\t\t<h3 class=\"elementor-post__title\">\n\t\t\t<a href=\"https:\/\/nanovea.com\/pl\/fractography-analysis-using-3d-profilometry\/\" >\n\t\t\t\tAnaliza fraktografii z wykorzystaniem profilometrii 3D\t\t\t<\/a>\n\t\t<\/h3>\n\t\t\n\t\t<a class=\"elementor-post__read-more\" href=\"https:\/\/nanovea.com\/pl\/fractography-analysis-using-3d-profilometry\/\" aria-label=\"Przeczytaj wi\u0119cej o analizie fraktograficznej z wykorzystaniem profilometrii 3D\" tabindex=\"-1\" >\n\t\t\tCZYTAJ WI\u0118CEJ\t\t<\/a>\n\n\t\t\t\t<\/div>\n\t\t\t\t<\/article>\n\t\t\t\t<\/div>\n\t\t\t\t\t<span class=\"e-load-more-spinner\">\n\t\t\t\t<i aria-hidden=\"true\" class=\"fas fa-spinner\"><\/i>\t\t\t<\/span>\n\t\t\n\t\t\t\t<div class=\"e-load-more-anchor\" data-page=\"1\" data-max-page=\"7\" data-next-page=\"https:\/\/nanovea.com\/pl\/wp-json\/wp\/v2\/pages\/19850\/page\/2\/\"><\/div>\n\t\t\t\t<div class=\"e-load-more-message\"><\/div>\n\t\t\t\t\t\t<\/div>\n\t\t\t\t<\/div>\n\t\t\t\t\t<\/div>\n\t\t<\/div>\n\t\t\t\t\t<\/div>\n\t\t<\/section>\n\t\t\t\t<\/div>","protected":false},"excerpt":{"rendered":"<p>NAJNOWSZE OPRACOWANIA BADANIA MECHANICZNE BADANIA PROFILOMETRYCZNE BADANIA TRIBOLOGICZNE<\/p>","protected":false},"author":1,"featured_media":0,"parent":0,"menu_order":0,"comment_status":"closed","ping_status":"closed","template":"","meta":{"_exactmetrics_skip_tracking":false,"_exactmetrics_sitenote_active":false,"_exactmetrics_sitenote_note":"","_exactmetrics_sitenote_category":0,"footnotes":""},"class_list":["post-19850","page","type-page","status-publish","hentry"],"_links":{"self":[{"href":"https:\/\/nanovea.com\/pl\/wp-json\/wp\/v2\/pages\/19850","targetHints":{"allow":["GET"]}}],"collection":[{"href":"https:\/\/nanovea.com\/pl\/wp-json\/wp\/v2\/pages"}],"about":[{"href":"https:\/\/nanovea.com\/pl\/wp-json\/wp\/v2\/types\/page"}],"author":[{"embeddable":true,"href":"https:\/\/nanovea.com\/pl\/wp-json\/wp\/v2\/users\/1"}],"replies":[{"embeddable":true,"href":"https:\/\/nanovea.com\/pl\/wp-json\/wp\/v2\/comments?post=19850"}],"version-history":[{"count":6,"href":"https:\/\/nanovea.com\/pl\/wp-json\/wp\/v2\/pages\/19850\/revisions"}],"predecessor-version":[{"id":22736,"href":"https:\/\/nanovea.com\/pl\/wp-json\/wp\/v2\/pages\/19850\/revisions\/22736"}],"wp:attachment":[{"href":"https:\/\/nanovea.com\/pl\/wp-json\/wp\/v2\/media?parent=19850"}],"curies":[{"name":"wp","href":"https:\/\/api.w.org\/{rel}","templated":true}]}}