{"id":19849,"date":"2022-05-23T14:42:39","date_gmt":"2022-05-23T14:42:39","guid":{"rendered":"https:\/\/nanovea.com\/?page_id=19849"},"modified":"2022-05-23T14:42:39","modified_gmt":"2022-05-23T14:42:39","slug":"testowanie-mechaniczne","status":"publish","type":"page","link":"https:\/\/nanovea.com\/pl\/testowanie-mechaniczne\/","title":{"rendered":"Badania test\u00f3w mechanicznych"},"content":{"rendered":"<div data-elementor-type=\"wp-page\" data-elementor-id=\"19849\" class=\"elementor elementor-19849\" data-elementor-post-type=\"page\">\n\t\t\t\t\t\t<section class=\"elementor-section elementor-top-section elementor-element elementor-element-cf6ab29 elementor-section-boxed elementor-section-height-default elementor-section-height-default\" data-id=\"cf6ab29\" data-element_type=\"section\">\n\t\t\t\t\t\t<div class=\"elementor-container elementor-column-gap-default\">\n\t\t\t\t\t<div class=\"elementor-column elementor-col-100 elementor-top-column elementor-element elementor-element-f284172\" data-id=\"f284172\" data-element_type=\"column\">\n\t\t\t<div class=\"elementor-widget-wrap elementor-element-populated\">\n\t\t\t\t\t\t<div class=\"elementor-element elementor-element-5a6c881 elementor-widget elementor-widget-heading\" data-id=\"5a6c881\" data-element_type=\"widget\" data-widget_type=\"heading.default\">\n\t\t\t\t<div class=\"elementor-widget-container\">\n\t\t\t\t\t<h1 class=\"elementor-heading-title elementor-size-default\">OSTATNIE BADANIA<\/h1>\t\t\t\t<\/div>\n\t\t\t\t<\/div>\n\t\t\t\t<section class=\"elementor-section elementor-inner-section elementor-element elementor-element-fd3814c elementor-section-boxed elementor-section-height-default elementor-section-height-default\" data-id=\"fd3814c\" data-element_type=\"section\">\n\t\t\t\t\t\t<div class=\"elementor-container elementor-column-gap-default\">\n\t\t\t\t\t<div class=\"elementor-column elementor-col-33 elementor-inner-column elementor-element elementor-element-68da4a1\" data-id=\"68da4a1\" data-element_type=\"column\">\n\t\t\t<div class=\"elementor-widget-wrap elementor-element-populated\">\n\t\t\t\t\t\t<div class=\"elementor-element elementor-element-c907c6b elementor-align-right mechanical-testing-filter elementor-widget elementor-widget-button\" data-id=\"c907c6b\" data-element_type=\"widget\" data-widget_type=\"button.default\">\n\t\t\t\t<div class=\"elementor-widget-container\">\n\t\t\t\t\t\t\t\t\t<div class=\"elementor-button-wrapper\">\n\t\t\t\t\t<a class=\"elementor-button elementor-size-xs\" role=\"button\" id=\"mechanical-testing-filter\">\n\t\t\t\t\t\t<span class=\"elementor-button-content-wrapper\">\n\t\t\t\t\t\t\t\t\t<span class=\"elementor-button-text\">BADANIA MECHANICZNE<\/span>\n\t\t\t\t\t<\/span>\n\t\t\t\t\t<\/a>\n\t\t\t\t<\/div>\n\t\t\t\t\t\t\t\t<\/div>\n\t\t\t\t<\/div>\n\t\t\t\t\t<\/div>\n\t\t<\/div>\n\t\t\t\t<div class=\"elementor-column elementor-col-33 elementor-inner-column elementor-element elementor-element-d081e4e\" data-id=\"d081e4e\" data-element_type=\"column\">\n\t\t\t<div class=\"elementor-widget-wrap elementor-element-populated\">\n\t\t\t\t\t\t<div class=\"elementor-element elementor-element-8246d33 elementor-align-center profilometry-testing-filter elementor-widget elementor-widget-button\" data-id=\"8246d33\" data-element_type=\"widget\" data-widget_type=\"button.default\">\n\t\t\t\t<div class=\"elementor-widget-container\">\n\t\t\t\t\t\t\t\t\t<div class=\"elementor-button-wrapper\">\n\t\t\t\t\t<a class=\"elementor-button elementor-button-link elementor-size-xs\" href=\"https:\/\/nanovea.com\/profilometry-testing\/\" id=\"profilometry-testing-filter\">\n\t\t\t\t\t\t<span class=\"elementor-button-content-wrapper\">\n\t\t\t\t\t\t\t\t\t<span class=\"elementor-button-text\">BADANIE PROFILOMETRYCZNE<\/span>\n\t\t\t\t\t<\/span>\n\t\t\t\t\t<\/a>\n\t\t\t\t<\/div>\n\t\t\t\t\t\t\t\t<\/div>\n\t\t\t\t<\/div>\n\t\t\t\t\t<\/div>\n\t\t<\/div>\n\t\t\t\t<div class=\"elementor-column elementor-col-33 elementor-inner-column elementor-element elementor-element-6bb0e47\" data-id=\"6bb0e47\" data-element_type=\"column\">\n\t\t\t<div class=\"elementor-widget-wrap elementor-element-populated\">\n\t\t\t\t\t\t<div class=\"elementor-element elementor-element-5773317 elementor-align-left tribology-testing-filter elementor-widget elementor-widget-button\" data-id=\"5773317\" data-element_type=\"widget\" data-widget_type=\"button.default\">\n\t\t\t\t<div class=\"elementor-widget-container\">\n\t\t\t\t\t\t\t\t\t<div class=\"elementor-button-wrapper\">\n\t\t\t\t\t<a class=\"elementor-button elementor-button-link elementor-size-xs\" href=\"https:\/\/nanovea.com\/tribology-testing\/\" id=\"tribology-testing-filter\">\n\t\t\t\t\t\t<span class=\"elementor-button-content-wrapper\">\n\t\t\t\t\t\t\t\t\t<span class=\"elementor-button-text\">BADANIA TRIBOLOGICZNE<\/span>\n\t\t\t\t\t<\/span>\n\t\t\t\t\t<\/a>\n\t\t\t\t<\/div>\n\t\t\t\t\t\t\t\t<\/div>\n\t\t\t\t<\/div>\n\t\t\t\t\t<\/div>\n\t\t<\/div>\n\t\t\t\t\t<\/div>\n\t\t<\/section>\n\t\t\t\t<div class=\"elementor-element elementor-element-64a2b6f elementor-posts--align-left app-notes-feat-homepage elementor-grid-3 elementor-grid-tablet-2 elementor-grid-mobile-1 elementor-posts--thumbnail-top elementor-widget elementor-widget-posts\" data-id=\"64a2b6f\" data-element_type=\"widget\" data-settings=\"{&quot;classic_row_gap&quot;:{&quot;unit&quot;:&quot;px&quot;,&quot;size&quot;:15,&quot;sizes&quot;:[]},&quot;pagination_type&quot;:&quot;load_more_infinite_scroll&quot;,&quot;classic_columns&quot;:&quot;3&quot;,&quot;classic_columns_tablet&quot;:&quot;2&quot;,&quot;classic_columns_mobile&quot;:&quot;1&quot;,&quot;classic_row_gap_tablet&quot;:{&quot;unit&quot;:&quot;px&quot;,&quot;size&quot;:&quot;&quot;,&quot;sizes&quot;:[]},&quot;classic_row_gap_mobile&quot;:{&quot;unit&quot;:&quot;px&quot;,&quot;size&quot;:&quot;&quot;,&quot;sizes&quot;:[]},&quot;load_more_spinner&quot;:{&quot;value&quot;:&quot;fas fa-spinner&quot;,&quot;library&quot;:&quot;fa-solid&quot;}}\" data-widget_type=\"posts.classic\">\n\t\t\t\t<div class=\"elementor-widget-container\">\n\t\t\t\t\t\t\t<div class=\"elementor-posts-container elementor-posts elementor-posts--skin-classic elementor-grid\" role=\"list\">\n\t\t\t\t<article class=\"elementor-post elementor-grid-item post-25222 post type-post status-publish format-standard has-post-thumbnail hentry category-application-notes category-indentation-fracture-toughness category-laboratory-testing category-mechanical-testing category-scratch-testing-cohesive-failure\" role=\"listitem\">\n\t\t\t\t<a class=\"elementor-post__thumbnail__link\" href=\"https:\/\/nanovea.com\/pl\/testy-odpornosci-na-zarysowania-ochraniaczy-ekranu-telefonu\/\" tabindex=\"-1\" >\n\t\t\t<div class=\"elementor-post__thumbnail\"><img decoding=\"async\" width=\"300\" height=\"157\" src=\"https:\/\/nanovea.com\/wp-content\/uploads\/2025\/11\/cellphone-screen-protector-scratch-resistance-testing.jpg\" class=\"attachment-medium size-medium wp-image-25263\" alt=\"P\u0119kni\u0119ty ekran smartfona ilustruj\u0105cy znaczenie test\u00f3w odporno\u015bci na zarysowania dla ochraniaczy ekranu.\" \/><\/div>\n\t\t<\/a>\n\t\t\t\t<div class=\"elementor-post__text\">\n\t\t\t\t<h3 class=\"elementor-post__title\">\n\t\t\t<a href=\"https:\/\/nanovea.com\/pl\/testy-odpornosci-na-zarysowania-ochraniaczy-ekranu-telefonu\/\" >\n\t\t\t\tTestowanie odporno\u015bci na zarysowania ochraniaczy ekranu telefonu\t\t\t<\/a>\n\t\t<\/h3>\n\t\t\n\t\t<a class=\"elementor-post__read-more\" href=\"https:\/\/nanovea.com\/pl\/testy-odpornosci-na-zarysowania-ochraniaczy-ekranu-telefonu\/\" aria-label=\"Dowiedz si\u0119 wi\u0119cej o testach odporno\u015bci na zarysowania os\u0142on ekran\u00f3w telefon\u00f3w\" tabindex=\"-1\" >\n\t\t\tCZYTAJ WI\u0118CEJ\t\t<\/a>\n\n\t\t\t\t<\/div>\n\t\t\t\t<\/article>\n\t\t\t\t<article class=\"elementor-post elementor-grid-item post-22853 post type-post status-publish format-standard has-post-thumbnail hentry category-application-notes category-laboratory-testing category-linear-tribology category-mechanical-testing category-scratch-testing-adhesive-failure category-scratch-testing-cohesive-failure category-tribology-testing\" role=\"listitem\">\n\t\t\t\t<a class=\"elementor-post__thumbnail__link\" href=\"https:\/\/nanovea.com\/pl\/badanie-zuzycia-powloki-ptfe\/\" tabindex=\"-1\" >\n\t\t\t<div class=\"elementor-post__thumbnail\"><img fetchpriority=\"high\" decoding=\"async\" width=\"300\" height=\"194\" src=\"https:\/\/nanovea.com\/wp-content\/uploads\/2023\/06\/teflon-wear-test.jpg\" class=\"attachment-medium size-medium wp-image-22857\" alt=\"\" \/><\/div>\n\t\t<\/a>\n\t\t\t\t<div class=\"elementor-post__text\">\n\t\t\t\t<h3 class=\"elementor-post__title\">\n\t\t\t<a href=\"https:\/\/nanovea.com\/pl\/badanie-zuzycia-powloki-ptfe\/\" >\n\t\t\t\tTest zu\u017cycia pow\u0142oki PTFE\t\t\t<\/a>\n\t\t<\/h3>\n\t\t\n\t\t<a class=\"elementor-post__read-more\" href=\"https:\/\/nanovea.com\/pl\/badanie-zuzycia-powloki-ptfe\/\" aria-label=\"Przeczytaj wi\u0119cej o te\u015bcie zu\u017cycia pow\u0142oki PTFE\" tabindex=\"-1\" >\n\t\t\tCZYTAJ WI\u0118CEJ\t\t<\/a>\n\n\t\t\t\t<\/div>\n\t\t\t\t<\/article>\n\t\t\t\t<article class=\"elementor-post elementor-grid-item post-22101 post type-post status-publish format-standard has-post-thumbnail hentry category-application-notes category-indentation-hardness-elastic category-loss-storage category-laboratory-testing category-mechanical-testing\" role=\"listitem\">\n\t\t\t\t<a class=\"elementor-post__thumbnail__link\" href=\"https:\/\/nanovea.com\/pl\/dynamiczna-analiza-mechaniczna-korka-przy-uzyciu-nanoindentacji\/\" tabindex=\"-1\" >\n\t\t\t<div class=\"elementor-post__thumbnail\"><img decoding=\"async\" width=\"300\" height=\"194\" src=\"https:\/\/nanovea.com\/wp-content\/uploads\/2023\/05\/Cork-DMA-thumb-2.jpg\" class=\"attachment-medium size-medium wp-image-22112\" alt=\"\" \/><\/div>\n\t\t<\/a>\n\t\t\t\t<div class=\"elementor-post__text\">\n\t\t\t\t<h3 class=\"elementor-post__title\">\n\t\t\t<a href=\"https:\/\/nanovea.com\/pl\/dynamiczna-analiza-mechaniczna-korka-przy-uzyciu-nanoindentacji\/\" >\n\t\t\t\tDynamiczna analiza mechaniczna korka przy u\u017cyciu nanoindentacji\t\t\t<\/a>\n\t\t<\/h3>\n\t\t\n\t\t<a class=\"elementor-post__read-more\" href=\"https:\/\/nanovea.com\/pl\/dynamiczna-analiza-mechaniczna-korka-przy-uzyciu-nanoindentacji\/\" aria-label=\"Przeczytaj wi\u0119cej o dynamicznej analizie mechanicznej korka przy u\u017cyciu nanoindentacji\" tabindex=\"-1\" >\n\t\t\tCZYTAJ WI\u0118CEJ\t\t<\/a>\n\n\t\t\t\t<\/div>\n\t\t\t\t<\/article>\n\t\t\t\t<article class=\"elementor-post elementor-grid-item post-22041 post type-post status-publish format-standard has-post-thumbnail hentry category-application-notes category-laboratory-testing category-mechanical-testing category-scratch-testing-adhesive-failure category-scratch-testing-cohesive-failure\" role=\"listitem\">\n\t\t\t\t<a class=\"elementor-post__thumbnail__link\" href=\"https:\/\/nanovea.com\/pl\/nano-scratch-mar-testing-of-paint-on-metal-substrate\/\" tabindex=\"-1\" >\n\t\t\t<div class=\"elementor-post__thumbnail\"><img loading=\"lazy\" decoding=\"async\" width=\"300\" height=\"194\" src=\"https:\/\/nanovea.com\/wp-content\/uploads\/2023\/05\/Nano-Scratch-Thumb.jpg\" class=\"attachment-medium size-medium wp-image-22052\" alt=\"\" \/><\/div>\n\t\t<\/a>\n\t\t\t\t<div class=\"elementor-post__text\">\n\t\t\t\t<h3 class=\"elementor-post__title\">\n\t\t\t<a href=\"https:\/\/nanovea.com\/pl\/nano-scratch-mar-testing-of-paint-on-metal-substrate\/\" >\n\t\t\t\tNano Scratch &amp; Mar Testowanie farby na metalowym pod\u0142o\u017cu\t\t\t<\/a>\n\t\t<\/h3>\n\t\t\n\t\t<a class=\"elementor-post__read-more\" href=\"https:\/\/nanovea.com\/pl\/nano-scratch-mar-testing-of-paint-on-metal-substrate\/\" aria-label=\"Przeczytaj wi\u0119cej o badaniu Nano Scratch &amp; Mar farby na pod\u0142o\u017cu metalowym\" tabindex=\"-1\" >\n\t\t\tCZYTAJ WI\u0118CEJ\t\t<\/a>\n\n\t\t\t\t<\/div>\n\t\t\t\t<\/article>\n\t\t\t\t<article class=\"elementor-post elementor-grid-item post-21189 post type-post status-publish format-standard has-post-thumbnail hentry category-application-notes category-high-temperature-mechanical-testing category-high-temperature-tribology category-laboratory-testing category-mechanical-testing category-scratch-testing-scratch-hardness category-scratch-testing-tribology category-tribology-testing\" role=\"listitem\">\n\t\t\t\t<a class=\"elementor-post__thumbnail__link\" href=\"https:\/\/nanovea.com\/pl\/twardosc-na-zarysowania-w-wysokiej-temperaturze-przy-uzyciu-trybometru\/\" tabindex=\"-1\" >\n\t\t\t<div class=\"elementor-post__thumbnail\"><img loading=\"lazy\" decoding=\"async\" width=\"300\" height=\"194\" src=\"https:\/\/nanovea.com\/wp-content\/uploads\/2022\/07\/scratch-hardness-thumb1.jpg\" class=\"attachment-medium size-medium wp-image-21184\" alt=\"\" \/><\/div>\n\t\t<\/a>\n\t\t\t\t<div class=\"elementor-post__text\">\n\t\t\t\t<h3 class=\"elementor-post__title\">\n\t\t\t<a href=\"https:\/\/nanovea.com\/pl\/twardosc-na-zarysowania-w-wysokiej-temperaturze-przy-uzyciu-trybometru\/\" >\n\t\t\t\tTwardo\u015b\u0107 na zarysowania w wysokiej temperaturze przy u\u017cyciu tribometru\t\t\t<\/a>\n\t\t<\/h3>\n\t\t\n\t\t<a class=\"elementor-post__read-more\" href=\"https:\/\/nanovea.com\/pl\/twardosc-na-zarysowania-w-wysokiej-temperaturze-przy-uzyciu-trybometru\/\" aria-label=\"Przeczytaj wi\u0119cej o twardo\u015bci na zarysowania w wysokiej temperaturze przy u\u017cyciu trybometru\" tabindex=\"-1\" >\n\t\t\tCZYTAJ WI\u0118CEJ\t\t<\/a>\n\n\t\t\t\t<\/div>\n\t\t\t\t<\/article>\n\t\t\t\t<article class=\"elementor-post elementor-grid-item post-20021 post type-post status-publish format-standard has-post-thumbnail hentry category-application-notes category-friction-testing-coefficient-of-friction category-laboratory-testing category-mechanical-testing category-profilometry-roughness-finish category-profilometry-testing category-rotational-tribology category-scratch-testing-adhesive-failure category-scratch-testing-cohesive-failure category-tribology-testing\" role=\"listitem\">\n\t\t\t\t<a class=\"elementor-post__thumbnail__link\" href=\"https:\/\/nanovea.com\/pl\/ocena-powlok-przemyslowych-zarysowania-i-zuzycie\/\" tabindex=\"-1\" >\n\t\t\t<div class=\"elementor-post__thumbnail\"><img loading=\"lazy\" decoding=\"async\" width=\"300\" height=\"194\" src=\"https:\/\/nanovea.com\/wp-content\/uploads\/2022\/07\/Industrial-Coatings-Testing-Thumbnail.jpg\" class=\"attachment-medium size-medium wp-image-21169\" alt=\"\" \/><\/div>\n\t\t<\/a>\n\t\t\t\t<div class=\"elementor-post__text\">\n\t\t\t\t<h3 class=\"elementor-post__title\">\n\t\t\t<a href=\"https:\/\/nanovea.com\/pl\/ocena-powlok-przemyslowych-zarysowania-i-zuzycie\/\" >\n\t\t\t\tOcena zarysowania i zu\u017cycia pow\u0142ok przemys\u0142owych\t\t\t<\/a>\n\t\t<\/h3>\n\t\t\n\t\t<a class=\"elementor-post__read-more\" href=\"https:\/\/nanovea.com\/pl\/ocena-powlok-przemyslowych-zarysowania-i-zuzycie\/\" aria-label=\"Przeczytaj wi\u0119cej na temat oceny zarysowa\u0144 i zu\u017cycia pow\u0142ok przemys\u0142owych\" tabindex=\"-1\" >\n\t\t\tCZYTAJ WI\u0118CEJ\t\t<\/a>\n\n\t\t\t\t<\/div>\n\t\t\t\t<\/article>\n\t\t\t\t<article class=\"elementor-post elementor-grid-item post-19513 post type-post status-publish format-standard has-post-thumbnail hentry category-application-notes category-laboratory-testing category-mechanical-testing category-scratch-testing-scratch-hardness\" role=\"listitem\">\n\t\t\t\t<a class=\"elementor-post__thumbnail__link\" href=\"https:\/\/nanovea.com\/pl\/scratch-hardness-measurement-using-mechanical-tester\/\" tabindex=\"-1\" >\n\t\t\t<div class=\"elementor-post__thumbnail\"><img loading=\"lazy\" decoding=\"async\" width=\"300\" height=\"194\" src=\"https:\/\/nanovea.com\/wp-content\/uploads\/2022\/05\/Scratch-Hardness-Measurement-Cover.jpg\" class=\"attachment-medium size-medium wp-image-19542\" alt=\"\" \/><\/div>\n\t\t<\/a>\n\t\t\t\t<div class=\"elementor-post__text\">\n\t\t\t\t<h3 class=\"elementor-post__title\">\n\t\t\t<a href=\"https:\/\/nanovea.com\/pl\/scratch-hardness-measurement-using-mechanical-tester\/\" >\n\t\t\t\tPomiar twardo\u015bci zarysowania przy u\u017cyciu testera mechanicznego\t\t\t<\/a>\n\t\t<\/h3>\n\t\t\n\t\t<a class=\"elementor-post__read-more\" href=\"https:\/\/nanovea.com\/pl\/scratch-hardness-measurement-using-mechanical-tester\/\" aria-label=\"Przeczytaj wi\u0119cej o pomiarze twardo\u015bci zarysowania za pomoc\u0105 testera mechanicznego\" tabindex=\"-1\" >\n\t\t\tCZYTAJ WI\u0118CEJ\t\t<\/a>\n\n\t\t\t\t<\/div>\n\t\t\t\t<\/article>\n\t\t\t\t<article class=\"elementor-post elementor-grid-item post-18542 post type-post status-publish format-standard has-post-thumbnail hentry category-application-notes category-friction-testing-coefficient-of-friction category-laboratory-testing category-mechanical-testing category-scratch-testing-adhesive-failure category-scratch-testing-cohesive-failure\" role=\"listitem\">\n\t\t\t\t<a class=\"elementor-post__thumbnail__link\" href=\"https:\/\/nanovea.com\/pl\/titanium-nitride-coating-scratch-test\/\" tabindex=\"-1\" >\n\t\t\t<div class=\"elementor-post__thumbnail\"><img loading=\"lazy\" decoding=\"async\" width=\"300\" height=\"194\" src=\"https:\/\/nanovea.com\/wp-content\/uploads\/2022\/05\/Titanium-Nitride-Coating-Test.jpg\" class=\"attachment-medium size-medium wp-image-19547\" alt=\"\" \/><\/div>\n\t\t<\/a>\n\t\t\t\t<div class=\"elementor-post__text\">\n\t\t\t\t<h3 class=\"elementor-post__title\">\n\t\t\t<a href=\"https:\/\/nanovea.com\/pl\/titanium-nitride-coating-scratch-test\/\" >\n\t\t\t\tTest na zarysowanie pow\u0142oki z azotku tytanu\t\t\t<\/a>\n\t\t<\/h3>\n\t\t\n\t\t<a class=\"elementor-post__read-more\" href=\"https:\/\/nanovea.com\/pl\/titanium-nitride-coating-scratch-test\/\" aria-label=\"Przeczytaj wi\u0119cej o te\u015bcie zarysowania pow\u0142oki azotku tytanu\" tabindex=\"-1\" >\n\t\t\tCZYTAJ WI\u0118CEJ\t\t<\/a>\n\n\t\t\t\t<\/div>\n\t\t\t\t<\/article>\n\t\t\t\t<article class=\"elementor-post elementor-grid-item post-15550 post type-post status-publish format-standard has-post-thumbnail hentry category-application-notes category-indentation-creep-relaxation category-indentation-hardness-elastic category-laboratory-testing category-mechanical-testing\" role=\"listitem\">\n\t\t\t\t<a class=\"elementor-post__thumbnail__link\" href=\"https:\/\/nanovea.com\/pl\/mechanical-properties-of-hydrogel\/\" tabindex=\"-1\" >\n\t\t\t<div class=\"elementor-post__thumbnail\"><img loading=\"lazy\" decoding=\"async\" width=\"300\" height=\"195\" src=\"https:\/\/nanovea.com\/wp-content\/uploads\/2021\/09\/Mechanical-Properties-of-Hydrogel-thumbnail.jpg\" class=\"attachment-medium size-medium wp-image-15563\" alt=\"\" \/><\/div>\n\t\t<\/a>\n\t\t\t\t<div class=\"elementor-post__text\">\n\t\t\t\t<h3 class=\"elementor-post__title\">\n\t\t\t<a href=\"https:\/\/nanovea.com\/pl\/mechanical-properties-of-hydrogel\/\" >\n\t\t\t\tW\u0142a\u015bciwo\u015bci mechaniczne hydro\u017celu\t\t\t<\/a>\n\t\t<\/h3>\n\t\t\n\t\t<a class=\"elementor-post__read-more\" href=\"https:\/\/nanovea.com\/pl\/mechanical-properties-of-hydrogel\/\" aria-label=\"Przeczytaj wi\u0119cej o w\u0142a\u015bciwo\u015bciach mechanicznych hydro\u017celu\" tabindex=\"-1\" >\n\t\t\tCZYTAJ WI\u0118CEJ\t\t<\/a>\n\n\t\t\t\t<\/div>\n\t\t\t\t<\/article>\n\t\t\t\t<\/div>\n\t\t\t\t\t<span class=\"e-load-more-spinner\">\n\t\t\t\t<i aria-hidden=\"true\" class=\"fas fa-spinner\"><\/i>\t\t\t<\/span>\n\t\t\n\t\t\t\t<div class=\"e-load-more-anchor\" data-page=\"1\" data-max-page=\"6\" data-next-page=\"https:\/\/nanovea.com\/wp-json\/wp\/v2\/pages\/19849\/page\/2\/\"><\/div>\n\t\t\t\t<div class=\"e-load-more-message\"><\/div>\n\t\t\t\t\t\t<\/div>\n\t\t\t\t<\/div>\n\t\t\t\t\t<\/div>\n\t\t<\/div>\n\t\t\t\t\t<\/div>\n\t\t<\/section>\n\t\t\t\t<\/div>","protected":false},"excerpt":{"rendered":"<p>NAJNOWSZE OPRACOWANIA BADANIA MECHANICZNE BADANIA PROFILOMETRYCZNE BADANIA TRIBOLOGICZNE<\/p>","protected":false},"author":1,"featured_media":0,"parent":0,"menu_order":0,"comment_status":"closed","ping_status":"closed","template":"","meta":{"_exactmetrics_skip_tracking":false,"_exactmetrics_sitenote_active":false,"_exactmetrics_sitenote_note":"","_exactmetrics_sitenote_category":0,"footnotes":""},"class_list":["post-19849","page","type-page","status-publish","hentry"],"_links":{"self":[{"href":"https:\/\/nanovea.com\/pl\/wp-json\/wp\/v2\/pages\/19849","targetHints":{"allow":["GET"]}}],"collection":[{"href":"https:\/\/nanovea.com\/pl\/wp-json\/wp\/v2\/pages"}],"about":[{"href":"https:\/\/nanovea.com\/pl\/wp-json\/wp\/v2\/types\/page"}],"author":[{"embeddable":true,"href":"https:\/\/nanovea.com\/pl\/wp-json\/wp\/v2\/users\/1"}],"replies":[{"embeddable":true,"href":"https:\/\/nanovea.com\/pl\/wp-json\/wp\/v2\/comments?post=19849"}],"version-history":[{"count":9,"href":"https:\/\/nanovea.com\/pl\/wp-json\/wp\/v2\/pages\/19849\/revisions"}],"predecessor-version":[{"id":22732,"href":"https:\/\/nanovea.com\/pl\/wp-json\/wp\/v2\/pages\/19849\/revisions\/22732"}],"wp:attachment":[{"href":"https:\/\/nanovea.com\/pl\/wp-json\/wp\/v2\/media?parent=19849"}],"curies":[{"name":"wp","href":"https:\/\/api.w.org\/{rel}","templated":true}]}}