{"id":183,"date":"2015-03-04T16:24:22","date_gmt":"2015-03-04T16:24:22","guid":{"rendered":"http:\/\/nanovea.com\/?page_id=183"},"modified":"2022-04-22T21:46:29","modified_gmt":"2022-04-22T21:46:29","slug":"nano-tester","status":"publish","type":"page","link":"https:\/\/nanovea.com\/pl\/nano-tester\/","title":{"rendered":"Badanie zu\u017cycia nanotechnologii"},"content":{"rendered":"<div class=\"wonderpluginslider-container\" id=\"wonderpluginslider-container-14\" style=\"max-width:1035px;margin:0 auto;padding-left:0px;padding-right:0px;padding-top:0px;padding-bottom:0px;\"><div class=\"wonderpluginslider\" id=\"wonderpluginslider-14\" data-sliderid=\"14\" data-width=\"1035\" data-height=\"375\" data-skin=\"cube\" data-autoplay=\"true\" data-randomplay=\"false\" data-loadimageondemand=\"false\" data-transitiononfirstslide=\"false\" data-autoplayvideo=\"false\" data-isresponsive=\"true\" data-fullwidth=\"false\" data-isfullscreen=\"false\" data-ratioresponsive=\"false\" data-showtext=\"true\" data-showtimer=\"false\" data-showbottomshadow=\"false\" data-navshowpreview=\"false\" data-textautohide=\"true\" data-lightboxresponsive=\"true\" data-lightboxshownavigation=\"false\" data-lightboxshowtitle=\"true\" data-lightboxshowdescription=\"false\" data-texteffectresponsive=\"true\" data-donotinit=\"false\" data-addinitscript=\"false\" data-lightboxfullscreenmode=\"false\" data-lightboxcloseonoverlay=\"true\" data-lightboxvideohidecontrols=\"false\" data-lightboxnogroup=\"false\" data-lightboxautoslide=\"false\" data-lightboxshowtimer=\"true\" data-lightboxshowplaybutton=\"true\" data-lightboxalwaysshownavarrows=\"false\" data-lightboxshowtitleprefix=\"true\" data-titleusealt=\"false\" data-outputtext=\"false\" data-scalemode=\"fit\" data-arrowstyle=\"always\" data-transition=\"slide\" data-loop=\"0\" data-border=\"0\" data-slideinterval=\"8000\" data-arrowimage=\"arrows-36-80-0.png\" data-arrowwidth=\"36\" data-arrowheight=\"80\" data-arrowtop=\"50\" data-arrowmargin=\"-18\" data-navstyle=\"bullets\" data-navimage=\"bullet-24-24-1.png\" data-navwidth=\"24\" data-navheight=\"24\" data-navspacing=\"8\" data-navmarginx=\"16\" data-navmarginy=\"16\" data-navposition=\"bottom\" data-playvideoimage=\"playvideo-64-64-0.png\" data-playvideoimagewidth=\"64\" data-playvideoimageheight=\"64\" data-lightboxthumbwidth=\"90\" data-lightboxthumbheight=\"60\" data-lightboxthumbtopmargin=\"12\" data-lightboxthumbbottommargin=\"4\" data-lightboxbarheight=\"64\" data-lightboxtitlebottomcss=\"color:#333; font-size:14px; font-family:Armata,sans-serif,Arial; overflow:hidden; text-align:left;\" data-lightboxdescriptionbottomcss=\"color:#333; font-size:12px; font-family:Arial,Helvetica,sans-serif; overflow:hidden; text-align:left; margin:4px 0px 0px; padding: 0px;\" data-textformat=\"Color box\" data-textpositionstatic=\"bottom\" data-textpositiondynamic=\"topleft\" data-paddingleft=\"0\" data-paddingright=\"0\" data-paddingtop=\"0\" data-paddingbottom=\"0\" data-texteffectresponsivesize=\"640\" data-fadeduration=\"1000\" data-crossfadeduration=\"1000\" data-slideduration=\"1000\" data-elasticduration=\"1000\" data-sliceduration=\"1500\" data-blindsduration=\"1500\" data-blocksduration=\"1500\" data-shuffleduration=\"1500\" data-tilesduration=\"2000\" data-kenburnsduration=\"5000\" data-flipduration=\"1500\" data-flipwithzoomduration=\"2000\" data-threedduration=\"1500\" data-threedhorizontalduration=\"1500\" data-threedwithzoomduration=\"2500\" data-threedhorizontalwithzoomduration=\"2200\" data-threedflipduration=\"1500\" data-threedflipwithzoomduration=\"2000\" data-threedtilesduration=\"2000\" data-threedfallback=\"flip\" data-threedhorizontalfallback=\"flip\" data-threedwithzoomfallback=\"flipwithzoom\" data-threedhorizontalwithzoomfallback=\"flipwithzoom\" data-threedflipfallback=\"flip\" data-threedflipwithzoomfallback=\"flipwithzoom\" data-threedtilesfallback=\"tiles\" data-ratiomediumscreen=\"800\" data-ratiomediumheight=\"1.2\" data-ratiosmallscreen=\"480\" data-ratiosmallheight=\"1.6\" data-lightboxtitlestyle=\"bottom\" data-lightboximagepercentage=\"75\" data-lightboxdefaultvideovolume=\"1\" data-lightboxoverlaybgcolor=\"#000\" data-lightboxoverlayopacity=\"0.9\" data-lightboxbgcolor=\"#fff\" data-lightboxtitleprefix=\"%NUM \/ %TOTAL\" data-lightboxtitleinsidecss=\"color:#fff; font-size:16px; font-family:Arial,Helvetica,sans-serif; overflow:hidden; text-align:left;\" data-lightboxdescriptioninsidecss=\"color:#fff; font-size:12px; font-family:Arial,Helvetica,sans-serif; overflow:hidden; text-align:left; margin:4px 0px 0px; padding: 0px;\" data-lightboxslideinterval=\"5000\" data-lightboxtimerposition=\"bottom\" data-lightboxtimercolor=\"#dc572e\" data-lightboxtimeropacity=\"1\" data-lightboxbordersize=\"8\" data-lightboxborderradius=\"0\" data-textcss=\"display:block; padding:8px 16px; text-align:left;\" data-textbgcss=\"display:none;\" data-titlecss=\"color: #1b96cf;    font-family: &quot;Open Sans&quot;,sans-serif;    font-size: 32px;    font-weight: bold;    line-height: 44px;    margin-bottom: 0;    margin-top: 20px;    text-transform: uppercase;\" data-descriptioncss=\"color: #282828;    font-size: 18px;    line-height: 30px;\" data-buttoncss=\"display:block; position:relative; margin-top:10px;\" data-titlecssresponsive=\"font-size:12px;\" data-descriptioncssresponsive=\"display:none !important;\" data-buttoncssresponsive=\"font-size: 9px !important;width:100%;\" data-jsfolder=\"https:\/\/nanovea.com\/wp-content\/plugins\/wonderplugin-slider-lite\/engine\/\" style=\"display:none;\" ><ul class=\"amazingslider-slides\"  style=\"display:none;\"><li><img decoding=\"async\" class=\"amazingslider-img-elem amazingsliderimg\" src=\"https:\/\/nanovea.com\/wp-content\/uploads\/2015\/04\/slide-nanowear-linear-friction.jpg\" alt=\"NANO WEAR\" title=\"NANO WEAR\" data-description=\"Highly accurate nano linear wear &lt;br \/&gt;&amp; friction\" \/><\/li><li><img decoding=\"async\" class=\"amazingslider-img-elem amazingsliderimg\" src=\"https:\/\/nanovea.com\/wp-content\/uploads\/2015\/04\/slide-nanowear-wear-depth.jpg\" alt=\"NANO WEAR\" title=\"NANO WEAR\" data-description=\"Highly accurate low load capacitive &lt;br \/&gt;wear depth\" \/><\/li><li><img decoding=\"async\" class=\"amazingslider-img-elem amazingsliderimg\" src=\"https:\/\/nanovea.com\/wp-content\/uploads\/2015\/04\/slide-nanowear-wear-accuracy.jpg\" alt=\"NANO WEAR\" title=\"NANO WEAR\" data-description=\"Open configuration for accurate &lt;br \/&gt;sub kPa wear &amp; friction\" \/><\/li><\/ul><\/div><\/div>\n<h1><strong>NANO ZU\u017bYCIE | NANO BADANIE TARCIA<\/strong><\/h1>\n<p><a href=\"https:\/\/nanovea.com\/mechanical-tester\">Testery mechaniczne<\/a> | <a href=\"https:\/\/nanovea.com\/lab-services\/\">Us\u0142ugi laboratoryjne<\/a> | <a href=\"https:\/\/nanovea.com\/nano-module\">Nano modu\u0142<\/a> | <a href=\"https:\/\/nanovea.com\/micro-macro-module\">Mikro modu\u0142<\/a> | <a href=\"https:\/\/nanovea.com\/application-notes\">Uwagi do zastosowania<\/a><\/p>\n<div class=\"product-desc\">\n<p align=\"justify\"><strong>Nano Wear Process:<\/strong><br \/>\nPodczas badania Nano Wear szpilka lub kulka jest obci\u0105\u017cana na pr\u00f3bce stabilnym ci\u0119\u017carem z kontrol\u0105 sprz\u0119\u017cenia zwrotnego. Zmiana g\u0142\u0119boko\u015bci jest rejestrowana dok\u0142adnie podczas testu za pomoc\u0105 precyzyjnego kondensatora. Na podstawie tych danych obliczany jest wsp\u00f3\u0142czynnik zu\u017cycia. Szybko\u015b\u0107 zu\u017cycia dla trzpienia i dysku mo\u017ce by\u0107 r\u00f3wnie\u017c obliczona na podstawie obj\u0119to\u015bci materia\u0142u zmierzonej za pomoc\u0105 do\u0142\u0105czonego AFM lub profilometru optycznego. Tryb liniowy z pomiarem tarcia jest mo\u017cliwy przy u\u017cyciu standardowego sto\u0142u z silnikiem x-y, natomiast testy rotacyjne wymagaj\u0105 modernizacji sto\u0142u rotacyjnego. Modu\u0142 nano mo\u017ce by\u0107 r\u00f3wnie\u017c u\u017cyty do pomiaru wsp\u00f3\u0142czynnika tarcia przy bardzo ma\u0142ym obci\u0105\u017ceniu.<\/p>\n<p>&nbsp;<\/p>\n<p><strong>Normy:<\/strong><\/p>\n<ul>\n<li>ASTM G 133<\/li>\n<\/ul>\n<p>&nbsp;<\/p>\n<p><strong>W\u0142a\u015bciwo\u015bci analizowane podczas nanoszenia:<\/strong><\/p>\n<ul>\n<li>Wska\u017aniki zu\u017cycia<\/li>\n<li>Wsp\u00f3\u0142czynnik tarcia<\/li>\n<\/ul>\n<p>&nbsp;<\/p>\n<p><strong>Nano Wear Software Features:<\/strong><\/p>\n<ul>\n<li>Przepisy<\/li>\n<li>Eksport danych surowych i obraz\u00f3w<\/li>\n<li>Wy\u015bwietlacz czasu rzeczywistego<\/li>\n<li>Automatyczne raportowanie<\/li>\n<li>Obs\u0142uga wielu j\u0119zyk\u00f3w<\/li>\n<\/ul>\n<p>&nbsp;<\/p>\n<p><strong>Zaawansowana automatyka zu\u017cycia nano:<\/strong><\/p>\n<ul>\n<li>Narz\u0119dzie do wybierania map Broadview: Zaawansowane mapowanie na zszytym obrazie<\/li>\n<li>Zautomatyzowane badanie wielu pr\u00f3bek (obs\u0142uguje r\u00f3\u017cnice wysoko\u015bci do 50 mm)<\/li>\n<li>Navigation Plus: Przyjazne dla u\u017cytkownika obrazowanie nawigacji powierzchniowej<\/li>\n<li>Szybkie podej\u015bcie, automatyczne wykrywanie powierzchni i automatyczna analiza<\/li>\n<li>Bezpo\u015brednie, \u0142atwe narz\u0119dzia do kalibracji obci\u0105\u017cenia i g\u0142\u0119boko\u015bci<\/li>\n<li>Zbawienne przepisy wszystkich makr zaprogramowane<\/li>\n<\/ul>\n<p>&nbsp;<\/p>\n<p><strong>Gryzipi\u00f3rki:<\/strong> (Diament, WC i wiele innych materia\u0142\u00f3w)<\/p>\n<ul>\n<li>Sto\u017ckowo-sferyczny<\/li>\n<li>Vickers<\/li>\n<li>N\u00f3\u017c<\/li>\n<li>1 do 6 mm kulek<\/li>\n<\/ul>\n<p>&nbsp;<\/p>\n<p><strong>Warunki \u015brodowiskowe i posiadacze pr\u00f3bek:<\/strong><\/p>\n<ul>\n<li>275\u00b0C i 450\u00b0C Piekarnik<\/li>\n<li>100\u00b0C do -10\u00b0C Komora ch\u0142odz\u0105ca<\/li>\n<li>Komora wilgotno\u015bciowa<\/li>\n<li>Kubki na p\u0142yny<\/li>\n<li>Niestandardowe uchwyty na pr\u00f3bki i pr\u00f3bniki<\/li>\n<\/ul>\n<p>&nbsp;<\/p>\n<p><strong>Dodatkowe badania modu\u0142u Nano:<\/strong><\/p>\n<p><a href=\"https:\/\/nanovea.com\/nano-indentation-tester\">Nanoindentacja | Badanie Nanotwardo\u015bci<\/a><strong><br \/>\n<\/strong><\/p>\n<p><a href=\"https:\/\/nanovea.com\/nano-scratch-tester\">Nano Scratch | Badanie przyczepno\u015bci<\/a><\/p>\n<\/div>\n<p align=\"justify\">","protected":false},"excerpt":{"rendered":"<p>NANO ODZIE\u017b | BADANIE TARCIA NANO Testery mechaniczne | Us\u0142ugi laboratoryjne | Modu\u0142 Nano | Mikromodu\u0142 | Noty aplikacyjne Proces Nano Wear: Podczas Nano Wear szpilka lub kulka jest \u0142adowana na pr\u00f3bk\u0119 testow\u0105 o stabilnej wadze i kontroli ze sprz\u0119\u017ceniem zwrotnym. Podczas badania precyzyjnie rejestruje si\u0119 zmian\u0119 g\u0142\u0119boko\u015bci za pomoc\u0105 precyzyjnego [\u2026]<\/p>","protected":false},"author":1,"featured_media":0,"parent":0,"menu_order":0,"comment_status":"open","ping_status":"open","template":"tpl-newslider.php","meta":{"_exactmetrics_skip_tracking":false,"_exactmetrics_sitenote_active":false,"_exactmetrics_sitenote_note":"","_exactmetrics_sitenote_category":0,"footnotes":""},"class_list":["post-183","page","type-page","status-publish","hentry"],"_links":{"self":[{"href":"https:\/\/nanovea.com\/pl\/wp-json\/wp\/v2\/pages\/183","targetHints":{"allow":["GET"]}}],"collection":[{"href":"https:\/\/nanovea.com\/pl\/wp-json\/wp\/v2\/pages"}],"about":[{"href":"https:\/\/nanovea.com\/pl\/wp-json\/wp\/v2\/types\/page"}],"author":[{"embeddable":true,"href":"https:\/\/nanovea.com\/pl\/wp-json\/wp\/v2\/users\/1"}],"replies":[{"embeddable":true,"href":"https:\/\/nanovea.com\/pl\/wp-json\/wp\/v2\/comments?post=183"}],"version-history":[{"count":17,"href":"https:\/\/nanovea.com\/pl\/wp-json\/wp\/v2\/pages\/183\/revisions"}],"predecessor-version":[{"id":19454,"href":"https:\/\/nanovea.com\/pl\/wp-json\/wp\/v2\/pages\/183\/revisions\/19454"}],"wp:attachment":[{"href":"https:\/\/nanovea.com\/pl\/wp-json\/wp\/v2\/media?parent=183"}],"curies":[{"name":"wp","href":"https:\/\/api.w.org\/{rel}","templated":true}]}}