{"id":179,"date":"2015-03-04T16:18:13","date_gmt":"2015-03-04T16:18:13","guid":{"rendered":"http:\/\/nanovea.com\/?page_id=179"},"modified":"2022-04-22T23:08:32","modified_gmt":"2022-04-22T23:08:32","slug":"tester-nanozarysowan","status":"publish","type":"page","link":"https:\/\/nanovea.com\/pl\/tester-nanozarysowan\/","title":{"rendered":"Badanie metod\u0105 nano-zarysowania"},"content":{"rendered":"<div class=\"wonderpluginslider-container\" id=\"wonderpluginslider-container-13\" style=\"max-width:1035px;margin:0 auto;padding-left:0px;padding-right:0px;padding-top:0px;padding-bottom:0px;\"><div class=\"wonderpluginslider\" id=\"wonderpluginslider-13\" data-sliderid=\"13\" data-width=\"1035\" data-height=\"375\" data-skin=\"cube\" data-autoplay=\"true\" data-randomplay=\"false\" data-loadimageondemand=\"false\" data-transitiononfirstslide=\"false\" data-autoplayvideo=\"false\" data-isresponsive=\"true\" data-fullwidth=\"false\" data-isfullscreen=\"false\" data-ratioresponsive=\"false\" data-showtext=\"true\" data-showtimer=\"false\" data-showbottomshadow=\"false\" data-navshowpreview=\"false\" data-textautohide=\"true\" data-lightboxresponsive=\"true\" data-lightboxshownavigation=\"false\" data-lightboxshowtitle=\"true\" data-lightboxshowdescription=\"false\" data-texteffectresponsive=\"true\" data-donotinit=\"false\" data-addinitscript=\"false\" data-lightboxfullscreenmode=\"false\" data-lightboxcloseonoverlay=\"true\" data-lightboxvideohidecontrols=\"false\" data-lightboxnogroup=\"false\" data-lightboxautoslide=\"false\" data-lightboxshowtimer=\"true\" data-lightboxshowplaybutton=\"true\" data-lightboxalwaysshownavarrows=\"false\" data-lightboxshowtitleprefix=\"true\" data-titleusealt=\"false\" data-outputtext=\"false\" data-scalemode=\"fit\" data-arrowstyle=\"always\" data-transition=\"slide\" data-loop=\"0\" data-border=\"0\" data-slideinterval=\"8000\" data-arrowimage=\"arrows-36-80-0.png\" data-arrowwidth=\"36\" data-arrowheight=\"80\" data-arrowtop=\"50\" data-arrowmargin=\"-18\" data-navstyle=\"bullets\" data-navimage=\"bullet-24-24-1.png\" data-navwidth=\"24\" data-navheight=\"24\" data-navspacing=\"8\" data-navmarginx=\"16\" data-navmarginy=\"16\" data-navposition=\"bottom\" data-playvideoimage=\"playvideo-64-64-0.png\" data-playvideoimagewidth=\"64\" data-playvideoimageheight=\"64\" data-lightboxthumbwidth=\"90\" data-lightboxthumbheight=\"60\" data-lightboxthumbtopmargin=\"12\" data-lightboxthumbbottommargin=\"4\" data-lightboxbarheight=\"64\" data-lightboxtitlebottomcss=\"color:#333; font-size:14px; font-family:Armata,sans-serif,Arial; overflow:hidden; text-align:left;\" data-lightboxdescriptionbottomcss=\"color:#333; font-size:12px; font-family:Arial,Helvetica,sans-serif; overflow:hidden; text-align:left; margin:4px 0px 0px; padding: 0px;\" data-textformat=\"Color box\" data-textpositionstatic=\"bottom\" data-textpositiondynamic=\"topleft\" data-paddingleft=\"0\" data-paddingright=\"0\" data-paddingtop=\"0\" data-paddingbottom=\"0\" data-texteffectresponsivesize=\"640\" data-fadeduration=\"1000\" data-crossfadeduration=\"1000\" data-slideduration=\"1000\" data-elasticduration=\"1000\" data-sliceduration=\"1500\" data-blindsduration=\"1500\" data-blocksduration=\"1500\" data-shuffleduration=\"1500\" data-tilesduration=\"2000\" data-kenburnsduration=\"5000\" data-flipduration=\"1500\" data-flipwithzoomduration=\"2000\" data-threedduration=\"1500\" data-threedhorizontalduration=\"1500\" data-threedwithzoomduration=\"2500\" data-threedhorizontalwithzoomduration=\"2200\" data-threedflipduration=\"1500\" data-threedflipwithzoomduration=\"2000\" data-threedtilesduration=\"2000\" data-threedfallback=\"flip\" data-threedhorizontalfallback=\"flip\" data-threedwithzoomfallback=\"flipwithzoom\" data-threedhorizontalwithzoomfallback=\"flipwithzoom\" data-threedflipfallback=\"flip\" data-threedflipwithzoomfallback=\"flipwithzoom\" data-threedtilesfallback=\"tiles\" data-ratiomediumscreen=\"800\" data-ratiomediumheight=\"1.2\" data-ratiosmallscreen=\"480\" data-ratiosmallheight=\"1.6\" data-lightboxtitlestyle=\"bottom\" data-lightboximagepercentage=\"75\" data-lightboxdefaultvideovolume=\"1\" data-lightboxoverlaybgcolor=\"#000\" data-lightboxoverlayopacity=\"0.9\" data-lightboxbgcolor=\"#fff\" data-lightboxtitleprefix=\"%NUM \/ %TOTAL\" data-lightboxtitleinsidecss=\"color:#fff; font-size:16px; font-family:Arial,Helvetica,sans-serif; overflow:hidden; text-align:left;\" data-lightboxdescriptioninsidecss=\"color:#fff; font-size:12px; font-family:Arial,Helvetica,sans-serif; overflow:hidden; text-align:left; margin:4px 0px 0px; padding: 0px;\" data-lightboxslideinterval=\"5000\" data-lightboxtimerposition=\"bottom\" data-lightboxtimercolor=\"#dc572e\" data-lightboxtimeropacity=\"1\" data-lightboxbordersize=\"8\" data-lightboxborderradius=\"0\" data-textcss=\"display:block; padding:8px 16px; text-align:left;\" data-textbgcss=\"display:none;\" data-titlecss=\"color: #1b96cf;    font-family: &quot;Open Sans&quot;,sans-serif;    font-size: 32px;    font-weight: bold;    line-height: 44px;    margin-bottom: 0;    margin-top: 20px;    text-transform: uppercase;\" data-descriptioncss=\"color: #282828;    font-size: 18px;    line-height: 30px;\" data-buttoncss=\"display:block; position:relative; margin-top:10px;\" data-titlecssresponsive=\"font-size:12px;\" data-descriptioncssresponsive=\"display:none !important;\" data-buttoncssresponsive=\"font-size: 9px !important;width:100%;\" data-jsfolder=\"https:\/\/nanovea.com\/wp-content\/plugins\/wonderplugin-slider-lite\/engine\/\" style=\"display:none;\" ><ul class=\"amazingslider-slides\"  style=\"display:none;\"><li><img decoding=\"async\" class=\"amazingslider-img-elem amazingsliderimg\" src=\"https:\/\/nanovea.com\/wp-content\/uploads\/2015\/04\/slide-nanoscratch-panoramic-view.jpg\" alt=\"NANO SCRATCH\" title=\"NANO SCRATCH\" data-description=\"Full scratch imaging for failure &lt;br \/&gt;identification &amp; analysis\" \/><\/li><li><img decoding=\"async\" class=\"amazingslider-img-elem amazingsliderimg\" src=\"https:\/\/nanovea.com\/wp-content\/uploads\/2015\/04\/slide-nanoscratch-friction.jpg\" alt=\"NANO SCRATCH\" title=\"NANO SCRATCH\" data-description=\"Accurate friction force &amp; &lt;br \/&gt;coefficient measurements\" \/><\/li><li><img decoding=\"async\" class=\"amazingslider-img-elem amazingsliderimg\" src=\"https:\/\/nanovea.com\/wp-content\/uploads\/2015\/04\/slide-nanoscratch-depth.jpg\" alt=\"NANO SCRATCH\" title=\"NANO SCRATCH\" data-description=\"Accurate surface profile, scratch depth &lt;br \/&gt;&amp; residual depth measurements\" \/><\/li><\/ul><\/div><\/div>\n<h1><strong>NANO SCRATCH | NANO ADHESION TESTING<\/strong><\/h1>\n<p><a href=\"https:\/\/nanovea.com\/mechanical-tester\">Testery mechaniczne<\/a> | <a href=\"https:\/\/nanovea.com\/lab-services\/\">Us\u0142ugi laboratoryjne<\/a> | <a href=\"https:\/\/nanovea.com\/nano-module\">Nano modu\u0142<\/a> | <a href=\"https:\/\/nanovea.com\/micro-macro-module\">Mikro modu\u0142<\/a> | <a href=\"https:\/\/nanovea.com\/application-notes\">Uwagi do zastosowania<\/a><\/p>\n<div class=\"product-pic\">\n<p><img decoding=\"async\" class=\"alignnone\" src=\"https:\/\/nanovea.com\/wp-content\/themes\/wp-nanovea\/images\/images\/nanoscratchtesting.jpg\" alt=\"Badanie metod\u0105 nano-zarysowania\" width=\"95\" height=\"95\" \/><\/p>\n<\/div>\n<div class=\"product-desc\">\n<p align=\"justify\"><strong>Proces Nano Scratch<\/strong>:<br \/>\nPodczas pr\u00f3by Nano Scratch, sto\u017ckowa ko\u0144c\u00f3wka kulista, diamentowa lub WC, jest przeci\u0105gana przez powierzchni\u0119 pow\u0142oki z rosn\u0105cym obci\u0105\u017ceniem, co powoduje r\u00f3\u017cne rodzaje uszkodze\u0144 przy okre\u015blonych obci\u0105\u017ceniach krytycznych. Badanie przyczepno\u015bci metod\u0105 Nano Scratch identyfikuje obci\u0105\u017cenia krytyczne w spos\u00f3b optyczny przy u\u017cyciu wbudowanego mikroskopu wideo. Te krytyczne obci\u0105\u017cenia s\u0105 wykorzystywane do oceny w\u0142a\u015bciwo\u015bci adhezyjnych i kohezyjnych r\u00f3\u017cnych kombinacji folia\/pod\u0142o\u017ce. Ponadto, punkty awarii mog\u0105 by\u0107 okre\u015blone przy u\u017cyciu si\u0142y tarcia i pomiar\u00f3w g\u0142\u0119boko\u015bci. Prawdziwe pomiary g\u0142\u0119boko\u015bci oparte na (patencie europejskim nr 0663068) zapewniaj\u0105 dok\u0142adne odkszta\u0142cenia spr\u0119\u017cyste i plastyczne.<\/p>\n<p>&nbsp;<\/p>\n<p><strong>Normy: <\/strong><\/p>\n<ul>\n<li>ASTM D7187<\/li>\n<li>ASTM C1624<\/li>\n<li>ASTM D7027<\/li>\n<li>ASTM G171<\/li>\n<li>ISO 20502<\/li>\n<li>ISO 1518<\/li>\n<li>DIN EN 1071<\/li>\n<li>DVM-0058-PA<\/li>\n<\/ul>\n<p>&nbsp;<\/p>\n<p><strong>W\u0142a\u015bciwo\u015bci analizowane podczas Nano Scratch:<\/strong><\/p>\n<ul>\n<li>Awaria kleju i spoiwa<\/li>\n<li>Si\u0142a przyczepno\u015bci<\/li>\n<li>Marmurowanie (op\u00f3r) i inicjacja p\u0119kni\u0119\u0107\/p\u0119kni\u0119\u0107<\/li>\n<li>G\u0142\u0119boko\u015b\u0107 odkszta\u0142cenia plastycznego i spr\u0119\u017cystego i inne<\/li>\n<\/ul>\n<p>&nbsp;<\/p>\n<p><strong>Nano Scratch Software Funkcje:<\/strong><\/p>\n<ul>\n<li>Przepisy<\/li>\n<li>Eksport danych surowych i obraz\u00f3w<\/li>\n<li>Wy\u015bwietlacz czasu rzeczywistego<\/li>\n<li>Automatyczne raportowanie<\/li>\n<li>Obs\u0142uga wielu j\u0119zyk\u00f3w<\/li>\n<li>Por\u00f3wnanie niepowodze\u0144<\/li>\n<li>Mapowanie<\/li>\n<li>Pe\u0142ny obraz zarysowania do kontroli po zako\u0144czeniu \u015bledzenia z powi\u0119kszeniem<\/li>\n<li>Powi\u0119kszony widok \u015bledzenia dla \u0142atwej kontroli po zako\u0144czeniu pracy z g\u0142\u0119boko\u015bci\u0105 danych i analiz\u0105 tarcia<\/li>\n<\/ul>\n<p>&nbsp;<\/p>\n<p><strong>Zaawansowana automatyka Nano Scratch:<\/strong><\/p>\n<ul>\n<li>Narz\u0119dzie do wybierania map Broadview: Zaawansowane mapowanie na zszytym obrazie<\/li>\n<li>Zautomatyzowane badanie wielu pr\u00f3bek (obs\u0142uguje r\u00f3\u017cnice wysoko\u015bci do 50 mm)<\/li>\n<li>Navigation Plus: Przyjazne dla u\u017cytkownika obrazowanie nawigacji powierzchniowej<\/li>\n<li>Szybkie podej\u015bcie, automatyczne wykrywanie powierzchni i automatyczna analiza<\/li>\n<li>Bezpo\u015brednie, \u0142atwe narz\u0119dzia do kalibracji obci\u0105\u017cenia i g\u0142\u0119boko\u015bci<\/li>\n<li>Funkcja pojedynczego obszaru wci\u0119cia (Patent Europejski nr 3076153)<\/li>\n<li>Kwantowa kontrola jako\u015bci wg\u0142\u0119bnika (Patent Europejski nr 3076153)<\/li>\n<li>Kreator (Patent Pending): Automatyczny generator parametr\u00f3w testowych<\/li>\n<li>Zbawienne przepisy wszystkich makr zaprogramowane<\/li>\n<\/ul>\n<p>&nbsp;<\/p>\n<p><strong>Gryzipi\u00f3rki:<\/strong> (Diament, WC i wiele innych materia\u0142\u00f3w)<\/p>\n<ul>\n<li>Vickers<\/li>\n<li>Cube Corner<\/li>\n<li>Sto\u017ckowo-sferyczny<\/li>\n<li>N\u00f3\u017c<\/li>\n<\/ul>\n<p>&nbsp;<\/p>\n<p><strong>Posiadacz(e) pr\u00f3bek i warunki \u015brodowiskowe:<\/strong><\/p>\n<ul>\n<li>275\u00b0C i 450\u00b0C Piekarnik<\/li>\n<li>Do -10\u00b0C Komora ch\u0142odz\u0105ca<\/li>\n<li>Komora wilgotno\u015bciowa<\/li>\n<li>Kubki na p\u0142yny<\/li>\n<li>Niestandardowe uchwyty na pr\u00f3bki i pr\u00f3bniki<\/li>\n<\/ul>\n<p>&nbsp;<\/p>\n<p><strong>Dodatkowe badania modu\u0142u Nano:<\/strong><\/p>\n<p><a href=\"https:\/\/nanovea.com\/nano-indentation-tester\">Nanoindentacja | Badanie Nanotwardo\u015bci<\/a><strong><br \/>\n<\/strong><\/p>\n<p><a href=\"https:\/\/nanovea.com\/nano-wear-tester\">Nano Zu\u017cycie | Badanie tarcia<\/a><\/p>\n<p>&nbsp;<\/p>\n<\/div>","protected":false},"excerpt":{"rendered":"<p>NANO ZARYSOWANIE | BADANIE PRZYCZEPNO\u015aCI NANO Testery mechaniczne | Us\u0142ugi laboratoryjne | Modu\u0142 Nano | Mikromodu\u0142 | Noty aplikacyjne Proces Nano Scratch: Podczas testu Nano Scratch sto\u017ckowa kulista ko\u0144c\u00f3wka, diamentowa lub WC, jest przeci\u0105gana po powleczonej powierzchni ze wzrastaj\u0105cym obci\u0105\u017ceniem, co skutkuje r\u00f3\u017cnymi rodzajami uszkodze\u0144 przy okre\u015blonych obci\u0105\u017ceniach krytycznych. Nano [\u2026]<\/p>","protected":false},"author":1,"featured_media":0,"parent":0,"menu_order":0,"comment_status":"open","ping_status":"open","template":"tpl-newslider.php","meta":{"_exactmetrics_skip_tracking":false,"_exactmetrics_sitenote_active":false,"_exactmetrics_sitenote_note":"","_exactmetrics_sitenote_category":0,"footnotes":""},"class_list":["post-179","page","type-page","status-publish","hentry"],"_links":{"self":[{"href":"https:\/\/nanovea.com\/pl\/wp-json\/wp\/v2\/pages\/179","targetHints":{"allow":["GET"]}}],"collection":[{"href":"https:\/\/nanovea.com\/pl\/wp-json\/wp\/v2\/pages"}],"about":[{"href":"https:\/\/nanovea.com\/pl\/wp-json\/wp\/v2\/types\/page"}],"author":[{"embeddable":true,"href":"https:\/\/nanovea.com\/pl\/wp-json\/wp\/v2\/users\/1"}],"replies":[{"embeddable":true,"href":"https:\/\/nanovea.com\/pl\/wp-json\/wp\/v2\/comments?post=179"}],"version-history":[{"count":22,"href":"https:\/\/nanovea.com\/pl\/wp-json\/wp\/v2\/pages\/179\/revisions"}],"predecessor-version":[{"id":19475,"href":"https:\/\/nanovea.com\/pl\/wp-json\/wp\/v2\/pages\/179\/revisions\/19475"}],"wp:attachment":[{"href":"https:\/\/nanovea.com\/pl\/wp-json\/wp\/v2\/media?parent=179"}],"curies":[{"name":"wp","href":"https:\/\/api.w.org\/{rel}","templated":true}]}}