{"id":155,"date":"2015-03-04T15:24:59","date_gmt":"2015-03-04T15:24:59","guid":{"rendered":"http:\/\/nanovea.com\/?page_id=155"},"modified":"2021-07-30T21:29:34","modified_gmt":"2021-07-30T21:29:34","slug":"testery-mechaniczne-zastosowania-2","status":"publish","type":"page","link":"https:\/\/nanovea.com\/pl\/testery-mechaniczne-zastosowania-2\/","title":{"rendered":"Zastosowania tester\u00f3w mechanicznych"},"content":{"rendered":"<div id=\"newslider\" style=\"min-height: auto; overflow: hidden;\">\n<ul>\n<li>\n<div class=\"slider-text\">\n<h2>TESTERY MECHANICZNE<\/h2>\n<p>Niezr\u00f3wnane modu\u0142y Nano i Micro, z kt\u00f3rych ka\u017cdy posiada <br \/> tryby testowania wgniece\u0144, zarysowa\u0144 i zu\u017cycia.\n<\/div>\n<p><!--<img decoding=\"async\" src=\"https:\/\/nanovea.com\/wp-content\/uploads\/2015\/04\/slide-mapplications.jpg\" alt=\"\" \/>!--><br \/>\n<img decoding=\"async\" src=\"https:\/\/nanovea.com\/wp-content\/uploads\/2018\/01\/slide-mapplications-1.jpg\" alt=\"\" \/>\n<\/li>\n<\/ul>\n<\/div>\n<p align=\"justify\"><strong>APLIKACJE TESTER\u00d3W MECHANICZNYCH | <\/strong><a href=\"https:\/\/nanovea.com\/mechanical-tester\">Testery mechaniczne<\/a> | <a href=\"https:\/\/nanovea.com\/nano-module\">Nano modu\u0142<\/a> | <a href=\"https:\/\/nanovea.com\/micro-macro-module\">Mikro modu\u0142<\/a> | <a href=\"https:\/\/nanovea.com\/mechanical-tester-optics\">Optyka<\/a> | <a href=\"https:\/\/nanovea.com\/application-notes\">Uwagi do zastosowania<\/a> | <a href=\"https:\/\/nanovea.com\/mechanical-tester-brochure\" target=\"_blank\" rel=\"noopener noreferrer\">Broszura do pobrania<\/a> | <a href=\"https:\/\/nanovea.com\/mechanical-testers-video\" target=\"_blank\" rel=\"noopener noreferrer\">Obejrzyj wideo<\/a><\/p>\n<p>Testery mechaniczne Nanovea zapewniaj\u0105 najszerszy zakres dok\u0142adnych test\u00f3w w jednym systemie. Dzi\u0119ki temu mo\u017cna bada\u0107 w\u0142a\u015bciwo\u015bci mechaniczne praktycznie ka\u017cdej pow\u0142oki, folii lub materia\u0142u pod\u0142o\u017ca, zar\u00f3wno twardego, jak i mi\u0119kkiego, cienkiego lub grubego. Bran\u017ce obejmuj\u0105: Bio i biotechnologia, materia\u0142y budowlane, produkty konsumenckie, medycyna, metale, ropa i kopalnie, optyka, farby i pow\u0142oki, farmaceutyka, p\u00f3\u0142przewodniki\/elektronika\/solar, tekstylia\/sk\u00f3ra\/papier, narz\u0119dzia i maszyny oraz transport.<\/p>\n<table border=\"0\" width=\"1016\" cellspacing=\"0\" cellpadding=\"0\">\n<tbody>\n<tr>\n<td width=\"254\">\n<div align=\"center\"><img decoding=\"async\" class=\"alignnone\" src=\"https:\/\/nanovea.com\/wp-content\/themes\/wp-nanovea\/images\/images\/app14.jpg\" alt=\"Powierzchnie druciane\" width=\"150\" height=\"113\" \/><\/div>\n<\/td>\n<td width=\"254\">\n<div align=\"center\"><img decoding=\"async\" src=\"https:\/\/nanovea.com\/wp-content\/themes\/wp-nanovea\/images\/images\/app15.jpg\" alt=\"Powierzchnie optyczne\" width=\"150\" height=\"113\" \/><\/div>\n<\/td>\n<td width=\"254\">\n<div align=\"center\"><img decoding=\"async\" class=\"alignnone\" src=\"https:\/\/nanovea.com\/wp-content\/themes\/wp-nanovea\/images\/images\/app13.jpg\" alt=\"Ma\u0142e powierzchnie\" width=\"150\" height=\"113\" \/><\/div>\n<\/td>\n<td width=\"254\">\n<div align=\"center\"><img loading=\"lazy\" decoding=\"async\" class=\"alignnone\" src=\"https:\/\/nanovea.com\/wp-content\/themes\/wp-nanovea\/images\/images\/app16.jpg\" alt=\"Powierzchnie farmaceutyczne\" width=\"150\" height=\"113\" \/><\/div>\n<\/td>\n<\/tr>\n<\/tbody>\n<\/table>\n<table border=\"0\" width=\"1016\" cellspacing=\"0\" cellpadding=\"0\">\n<tbody>\n<tr>\n<td width=\"254\">\n<div align=\"center\">\n<p>&nbsp;<\/p>\n<p><img loading=\"lazy\" decoding=\"async\" class=\"alignnone\" src=\"https:\/\/nanovea.com\/wp-content\/themes\/wp-nanovea\/images\/images\/app1.jpg\" alt=\"Powierzchnie elektroniczne\" width=\"150\" height=\"113\" \/><\/p>\n<\/div>\n<\/td>\n<td width=\"254\">\n<div align=\"center\">\n<p>&nbsp;<\/p>\n<p><img loading=\"lazy\" decoding=\"async\" class=\"alignnone\" src=\"https:\/\/nanovea.com\/wp-content\/themes\/wp-nanovea\/images\/images\/app20.jpg\" alt=\"Powierzchnie betonowe\" width=\"150\" height=\"113\" \/><\/p>\n<\/div>\n<\/td>\n<td width=\"254\">\n<div align=\"center\">\n<p>&nbsp;<\/p>\n<p><img loading=\"lazy\" decoding=\"async\" class=\"alignnone\" src=\"https:\/\/nanovea.com\/wp-content\/themes\/wp-nanovea\/images\/images\/app12.jpg\" alt=\"Powierzchnie biomedyczne\" width=\"150\" height=\"113\" \/><\/p>\n<\/div>\n<\/td>\n<td width=\"254\">\n<div align=\"center\">\n<p>&nbsp;<\/p>\n<p><img loading=\"lazy\" decoding=\"async\" class=\"alignnone\" src=\"https:\/\/nanovea.com\/wp-content\/themes\/wp-nanovea\/images\/images\/app18.jpg\" alt=\"Powierzchnie filmowe\" width=\"150\" height=\"113\" \/><\/p>\n<\/div>\n<\/td>\n<\/tr>\n<\/tbody>\n<\/table>\n<table border=\"0\" width=\"1016\" cellspacing=\"0\" cellpadding=\"0\">\n<tbody>\n<tr>\n<td width=\"254\">\n<div align=\"center\">\n<p>&nbsp;<\/p>\n<p><img loading=\"lazy\" decoding=\"async\" class=\"alignnone\" src=\"https:\/\/nanovea.com\/wp-content\/themes\/wp-nanovea\/images\/images\/app19.jpg\" alt=\"Powierzchnie samochodowe\" width=\"150\" height=\"113\" \/><\/p>\n<\/div>\n<\/td>\n<td width=\"254\">\n<div align=\"center\">\n<p>&nbsp;<\/p>\n<p><img loading=\"lazy\" decoding=\"async\" class=\"alignnone\" src=\"https:\/\/nanovea.com\/wp-content\/themes\/wp-nanovea\/images\/images\/app17.jpg\" alt=\"Powierzchnie wafli\" width=\"150\" height=\"113\" \/><\/p>\n<\/div>\n<\/td>\n<td width=\"254\">\n<div align=\"center\">\n<p>&nbsp;<\/p>\n<p><img loading=\"lazy\" decoding=\"async\" class=\"alignnone\" src=\"https:\/\/nanovea.com\/wp-content\/themes\/wp-nanovea\/images\/images\/app11.jpg\" alt=\"Mi\u0119kkie powierzchnie\" width=\"150\" height=\"113\" \/><\/p>\n<\/div>\n<\/td>\n<td width=\"254\">\n<div align=\"center\">\n<p>&nbsp;<\/p>\n<p><img loading=\"lazy\" decoding=\"async\" class=\"alignnone\" src=\"https:\/\/nanovea.com\/wp-content\/themes\/wp-nanovea\/images\/images\/app10.jpg\" alt=\"Powierzchnie narz\u0119dzia\" width=\"150\" height=\"113\" \/><\/p>\n<\/div>\n<\/td>\n<\/tr>\n<\/tbody>\n<\/table>","protected":false},"excerpt":{"rendered":"<p>MECHANICAL TESTERS Unmatched Nano &#038; Micro modules each with indentation, scratch &#038; wear testing modes. MECHANICAL TESTER APPLICATIONS | Mechanical Testers | Nano Module | Micro Module | Optics | Application Notes | Brochure Download | Watch Video Nanovea Mechanical Testers provide the widest range of accurate testing on a single system. And because so, [&hellip;]<\/p>","protected":false},"author":1,"featured_media":0,"parent":0,"menu_order":0,"comment_status":"open","ping_status":"open","template":"tpl-newslider.php","meta":{"_exactmetrics_skip_tracking":false,"_exactmetrics_sitenote_active":false,"_exactmetrics_sitenote_note":"","_exactmetrics_sitenote_category":0,"footnotes":""},"class_list":["post-155","page","type-page","status-publish","hentry"],"_links":{"self":[{"href":"https:\/\/nanovea.com\/pl\/wp-json\/wp\/v2\/pages\/155","targetHints":{"allow":["GET"]}}],"collection":[{"href":"https:\/\/nanovea.com\/pl\/wp-json\/wp\/v2\/pages"}],"about":[{"href":"https:\/\/nanovea.com\/pl\/wp-json\/wp\/v2\/types\/page"}],"author":[{"embeddable":true,"href":"https:\/\/nanovea.com\/pl\/wp-json\/wp\/v2\/users\/1"}],"replies":[{"embeddable":true,"href":"https:\/\/nanovea.com\/pl\/wp-json\/wp\/v2\/comments?post=155"}],"version-history":[{"count":13,"href":"https:\/\/nanovea.com\/pl\/wp-json\/wp\/v2\/pages\/155\/revisions"}],"predecessor-version":[{"id":12710,"href":"https:\/\/nanovea.com\/pl\/wp-json\/wp\/v2\/pages\/155\/revisions\/12710"}],"wp:attachment":[{"href":"https:\/\/nanovea.com\/pl\/wp-json\/wp\/v2\/media?parent=155"}],"curies":[{"name":"wp","href":"https:\/\/api.w.org\/{rel}","templated":true}]}}