{"id":151,"date":"2015-03-04T15:24:24","date_gmt":"2015-03-04T15:24:24","guid":{"rendered":"http:\/\/nanovea.com\/?page_id=151"},"modified":"2018-11-21T17:56:03","modified_gmt":"2018-11-21T17:56:03","slug":"mikro-makro-modul","status":"publish","type":"page","link":"https:\/\/nanovea.com\/pl\/micro-macro-module\/","title":{"rendered":"Mikro modu\u0142"},"content":{"rendered":"<div id=\"newslider\" style=\"min-height: auto; overflow: hidden;\">\n<ul>\n<li>\n<div class=\"slider-text\">\n<h2>MODU\u0141 MICRO<\/h2>\n<p>Obecnie \u015bwiatowy lider w dziedzinie bada\u0144 mikromechanicznych<\/p>\n<\/div>\n<p><!--<img fetchpriority=\"high\" decoding=\"async\" class=\"alignnone\" src=\"https:\/\/nanovea.com\/wp-content\/uploads\/2015\/04\/slide-micromodule.jpg\" alt=\"Microindenter with non contact true depth measurement\" width=\"1033\" height=\"345\" \/>!--><br \/>\n<a href=\"https:\/\/nanovea.com\/wp-content\/uploads\/2018\/11\/Micro-Module-with-Micro-Box.jpg\"><img decoding=\"async\" class=\"alignnone size-full wp-image-4213\" src=\"https:\/\/nanovea.com\/wp-content\/uploads\/2018\/11\/Micro-Module-with-Micro-Box.jpg\" alt=\"\" width=\"1033\" height=\"345\" \/><\/a><\/li>\n<\/ul>\n<\/div>\n<h1><strong>MODU\u0141 MICRO<\/strong><\/h1>\n<p><a href=\"https:\/\/nanovea.com\/mechanical-tester\">Testery mechaniczne <\/a>| <a href=\"https:\/\/nanovea.com\/nano-module\">Nano modu\u0142<\/a> | <a href=\"https:\/\/nanovea.com\/application-notes\">Uwagi do zastosowania<\/a><\/p>\n<div class=\"product-pic\"><\/div>\n<div class=\"product-desc\">\n<p align=\"justify\">Obecnie \u015bwiatowy lider w dziedzinie bada\u0144 mikromechanicznych. Automatyczne, dok\u0142adne i szybkie wyniki twardo\u015bci i modu\u0142u spr\u0119\u017cysto\u015bci uzyskane na podstawie danych z g\u0142\u0119boko\u015bci i obci\u0105\u017cenia to naprawd\u0119 ogromny skok w por\u00f3wnaniu z tradycyjnymi twardo\u015bciomierzami. Ta technologia z ubieg\u0142ego wieku opiera\u0142a si\u0119 na kontroli wzrokowej, kiedy dok\u0142adne czujniki g\u0142\u0119boko\u015bci nie by\u0142y dost\u0119pne. Dlatego te\u017c, dzisiaj nie ma absolutnie \u017cadnej przewagi nad stosowaniem przestarza\u0142ych, tradycyjnych twardo\u015bciomierzy. Modu\u0142 Micro jest szybszy, \u0142atwiejszy, dok\u0142adniejszy, szczeg\u00f3lnie przy niskich obci\u0105\u017ceniach i bardziej powtarzalny. Badania mog\u0105 by\u0107 wykonywane na dowolnym materiale, w tym na materiale bardzo elastycznym lub na powierzchniach, gdzie identyfikacja wgniecenia stanowi wyzwanie. Zapewnia nie tylko twardo\u015b\u0107 i modu\u0142 spr\u0119\u017cysto\u015bci, ale r\u00f3wnie\u017c szeroki zakres bada\u0144, takich jak: pe\u0142zanie, krzywe napr\u0119\u017cenie-odkszta\u0142cenie, granica plastyczno\u015bci, zm\u0119czenie, odporno\u015b\u0107 na p\u0119kanie, odporno\u015b\u0107 na zarysowania i marszczenie, odkszta\u0142cenie plastyczne\/spr\u0119\u017cyste, szybko\u015b\u0107 zu\u017cycia i wsp\u00f3\u0142czynnik tarcia.<\/p>\n<p align=\"justify\">A dla tych, kt\u00f3rzy u\u017cywaj\u0105 przestarza\u0142ych przyrz\u0105d\u00f3w do badania zarysowa\u0144. Systemy te maj\u0105 ograniczony zakres obci\u0105\u017cenia i wykorzystuj\u0105 wspornikowe ogniwa obci\u0105\u017cnikowe podatne na zginanie boczne, kt\u00f3re mo\u017cna zaobserwowa\u0107 w postaci falistych rys przy du\u017cych obci\u0105\u017ceniach. W przeciwie\u0144stwie do mikromodu\u0142u, kt\u00f3ry zosta\u0142 zaprojektowany ze sztywnym ogniwem obci\u0105\u017caj\u0105cym i mierzy g\u0142\u0119boko\u015b\u0107 za pomoc\u0105 kondensatora bezpo\u015brednio pod\u0142\u0105czonego do wa\u0142ka trzymaj\u0105cego wg\u0142\u0119bnik. W rezultacie uzyskano najwy\u017csz\u0105 dok\u0142adno\u015b\u0107 dost\u0119pn\u0105 na rynku. Szeroki zakres obci\u0105\u017ce\u0144 (5 rz\u0119d\u00f3w wielko\u015bci) pojedynczego mikromodu\u0142u umo\u017cliwia wykonanie testu zarysowania przy du\u017cym obci\u0105\u017ceniu, do 200N na pow\u0142oce DLC, TiN, TiC i wy\u017cszej, a nast\u0119pnie zastosowanie obci\u0105\u017cenia 50mN do pomiaru twardo\u015bci i modu\u0142u spr\u0119\u017cysto\u015bci bez wp\u0142ywu pod\u0142o\u017ca. W przypadku cie\u0144szych pow\u0142ok do submikron\u00f3w, 20N mo\u017ce by\u0107 u\u017cywane w ten sam spos\u00f3b z g\u0142\u0119boko\u015bci\u0105 w stosunku do obci\u0105\u017cenia do pojedynczej cyfry mN, ale nadal doskonale radzi sobie z testami zarysowania do 20N. Te bardziej czu\u0142e obci\u0105\u017cenia s\u0105 idealne do charakterystyki pow\u0142ok przemys\u0142owych, pocz\u0105wszy od warstw poddanych obr\u00f3bce plazmowej stosowanych w technologii p\u00f3\u0142przewodnikowej i optycznej, po pow\u0142oki dekoracyjne i ochronne stosowane na cz\u0119\u015bciach samochodowych i towarach konsumpcyjnych. \u0141atwa i szybka kalibracja zapewnia dok\u0142adno\u015b\u0107 danych w czasie i pomi\u0119dzy poszczeg\u00f3lnymi urz\u0105dzeniami. Wysoka wydajno\u015b\u0107 i trwa\u0142o\u015b\u0107 przy niskich kosztach utrzymania oraz szczeg\u00f3lnie wysoka dok\u0142adno\u015b\u0107 s\u0105 standardem.<\/p>\n<p>&nbsp;<\/p>\n<p align=\"justify\"><strong>TRYBY MIKRO TEST\u00d3W<\/strong><\/p>\n<p><a href=\"https:\/\/nanovea.com\/micro-indentation-tester\">Mikroindentacja | Badanie mikrotwardo\u015bci<\/a><\/p>\n<p><a href=\"https:\/\/nanovea.com\/micro-scratch-tester\">Badanie mikro zarysowa\u0144 i przyczepno\u015bci<\/a><\/p>\n<p><a href=\"https:\/\/nanovea.com\/micro-wear-tester\">Mikro\u015bcieranie | Badanie tarcia<\/a><\/p>\n<\/div>","protected":false},"excerpt":{"rendered":"<p>MICRO MODULE Now the world\u2019s leading micro mechanical testing MICRO MODULE Mechanical Testers | Nano Module | Application Notes Now the world\u2019s leading micro mechanical testing. Automatic, accurate and fast hardness and elastic modulus results obtained from depth versus load data are truly a giant leap compared to traditional hardness testers. This past century technology [&hellip;]<\/p>\n","protected":false},"author":1,"featured_media":0,"parent":0,"menu_order":0,"comment_status":"open","ping_status":"open","template":"tpl-newslider.php","meta":{"_exactmetrics_skip_tracking":false,"_exactmetrics_sitenote_active":false,"_exactmetrics_sitenote_note":"","_exactmetrics_sitenote_category":0,"footnotes":""},"class_list":["post-151","page","type-page","status-publish","hentry"],"_links":{"self":[{"href":"https:\/\/nanovea.com\/pl\/wp-json\/wp\/v2\/pages\/151","targetHints":{"allow":["GET"]}}],"collection":[{"href":"https:\/\/nanovea.com\/pl\/wp-json\/wp\/v2\/pages"}],"about":[{"href":"https:\/\/nanovea.com\/pl\/wp-json\/wp\/v2\/types\/page"}],"author":[{"embeddable":true,"href":"https:\/\/nanovea.com\/pl\/wp-json\/wp\/v2\/users\/1"}],"replies":[{"embeddable":true,"href":"https:\/\/nanovea.com\/pl\/wp-json\/wp\/v2\/comments?post=151"}],"version-history":[{"count":31,"href":"https:\/\/nanovea.com\/pl\/wp-json\/wp\/v2\/pages\/151\/revisions"}],"predecessor-version":[{"id":4214,"href":"https:\/\/nanovea.com\/pl\/wp-json\/wp\/v2\/pages\/151\/revisions\/4214"}],"wp:attachment":[{"href":"https:\/\/nanovea.com\/pl\/wp-json\/wp\/v2\/media?parent=151"}],"curies":[{"name":"wp","href":"https:\/\/api.w.org\/{rel}","templated":true}]}}