{"id":149,"date":"2015-03-04T15:24:09","date_gmt":"2015-03-04T15:24:09","guid":{"rendered":"http:\/\/nanovea.com\/?page_id=149"},"modified":"2018-11-21T17:56:52","modified_gmt":"2018-11-21T17:56:52","slug":"nano-modul","status":"publish","type":"page","link":"https:\/\/nanovea.com\/pl\/nano-module\/","title":{"rendered":"Nano modu\u0142"},"content":{"rendered":"<div id=\"newslider\" style=\"min-height: auto; overflow: hidden;\">\n<ul>\n<li>\n<div class=\"slider-text\">\n<h2>NANO MODU\u0141<\/h2>\n<p>Niezale\u017cne czujniki si\u0142y, g\u0142\u0119boko\u015bci i<br \/>\nci\u0105g\u0142y pomiar przy\u0142o\u017conego obci\u0105\u017cenia<br \/>\npodczas tryb\u00f3w wg\u0142\u0119biania, zarysowania i zu\u017cycia.<\/p>\n<\/div>\n<p><!--<img fetchpriority=\"high\" decoding=\"async\" class=\"alignnone\" src=\"https:\/\/nanovea.com\/wp-content\/uploads\/2015\/04\/slide-nanomodule.jpg\" alt=\"Nanoindenter\" width=\"1033\" height=\"345\" \/>!--><br \/>\n<a href=\"https:\/\/nanovea.com\/wp-content\/uploads\/2018\/11\/Micro-Module-with-Nano-Box.jpg\"><img decoding=\"async\" class=\"alignnone size-full wp-image-4216\" src=\"https:\/\/nanovea.com\/wp-content\/uploads\/2018\/11\/Micro-Module-with-Nano-Box.jpg\" alt=\"\" width=\"1033\" height=\"345\" \/><\/a><\/li>\n<\/ul>\n<\/div>\n<h1><strong>WPROWADZENIE DO MODU\u0141U NANO<\/strong><\/h1>\n<p><a href=\"https:\/\/nanovea.com\/mechanical-tester\">Testery mechaniczne <\/a>| <a href=\"https:\/\/nanovea.com\/micro-macro-module\">Mikro modu\u0142<\/a> | <a href=\"https:\/\/nanovea.com\/application-notes\">Uwagi do zastosowania<\/a><\/p>\n<div class=\"product-pic\"><\/div>\n<div class=\"product-desc\">\n<p align=\"justify\">Zaprojektowany z my\u015bl\u0105 o zapewnieniu klientom wysokiej dok\u0142adno\u015bci przy \u0142atwej obs\u0142udze, d\u0142ugiej \u017cywotno\u015bci i niskich kosztach utrzymania; modu\u0142 nano osi\u0105ga to dzi\u0119ki unikalnej kombinacji piezoelektrycznego si\u0142ownika, ultraczu\u0142ego ogniwa obci\u0105\u017ceniowego i du\u017cego powierzchniowego pier\u015bcienia kondensatorowego, wszystkie ustawione pionowo w celu uzyskania maksymalnej sztywno\u015bci. Unikalne zastosowanie niezale\u017cnych czujnik\u00f3w g\u0142\u0119boko\u015bci i obci\u0105\u017cenia zapewnia wysok\u0105 dok\u0142adno\u015b\u0107 w ka\u017cdych warunkach, a tak\u017ce doskona\u0142\u0105 detekcj\u0119 punktu styku, poniewa\u017c zastosowane obci\u0105\u017cenie jest mierzone bezpo\u015brednio przez niezale\u017cny czujnik w momencie pierwszego zetkni\u0119cia wg\u0142\u0119bnika z powierzchni\u0105. Modu\u0142 zapewnia r\u00f3wnie\u017c prawdziw\u0105, zamkni\u0119t\u0105 p\u0119tl\u0119 sterowania ze sprz\u0119\u017ceniem zwrotnym, wykorzystuj\u0105c dane z niezale\u017cnego czujnika g\u0142\u0119boko\u015bci lub obci\u0105\u017cenia. Funkcja ta jest niezb\u0119dna do szybkiego i dok\u0142adnego reagowania na szybkie zdarzenia, takie jak podczas badania odporno\u015bci na zarysowania i zu\u017cycie lub w przypadku wyst\u0105pienia p\u0119kni\u0119\u0107 podczas wg\u0142\u0119biania. Pomiar rzeczywistego przy\u0142o\u017conego obci\u0105\u017cenia zapewnia r\u00f3wnie\u017c dok\u0142adno\u015b\u0107 podczas szybkich bada\u0144 DMA i pozwala na automatyczne. Ultra czu\u0142y czujnik wagowy jest r\u00f3wnie\u017c \u0142atwy do skalibrowania za pomoc\u0105 bezpo\u015bredniej wagi. Dlatego ka\u017cdy modu\u0142 Nano mo\u017ce by\u0107 szybko skalibrowany przez u\u017cytkownika w czasie kr\u00f3tszym ni\u017c 15 minut w zakresie obci\u0105\u017cenia, g\u0142\u0119boko\u015bci i zgodno\u015bci. Zapewnia to sta\u0142\u0105 dok\u0142adno\u015b\u0107 danych w czasie i od jednego instrumentu do drugiego. Nanovea osi\u0105ga t\u0119 wysok\u0105 dok\u0142adno\u015b\u0107 przy jednych z najlepszych por\u00f3wnawczych poziom\u00f3w ha\u0142asu w bran\u017cy.<\/p>\n<p align=\"justify\">Modu\u0142 zapewnia wykonanie bada\u0144 w skali nanometrowej w trybach: wg\u0142\u0119biania, zarysowania i zu\u017cycia. Ka\u017cdy tryb badania zapewnia szeroki zakres bada\u0144, kt\u00f3re mog\u0105 zapewni\u0107 uzyskanie takich w\u0142a\u015bciwo\u015bci jak: twardo\u015b\u0107, pe\u0142zanie, modu\u0142 spr\u0119\u017cysto\u015bci, krzywe napr\u0119\u017cenie-odkszta\u0142cenie, granica plastyczno\u015bci, zm\u0119czenie, modu\u0142 stratno\u015bci i przechowywania, odporno\u015b\u0107 na p\u0119kanie, szybko\u015b\u0107 zu\u017cycia, wsp\u00f3\u0142czynnik tarcia, odporno\u015b\u0107 na zarysowanie i marszczenie, odkszta\u0142cenie plastyczne\/spr\u0119\u017cyste i inne. W po\u0142\u0105czeniu ze zintegrowanym sto\u0142em z nap\u0119dem x-y, mo\u017cna prowadzi\u0107 badania w bardzo specyficznych miejscach lub wykona\u0107 pe\u0142ne odwzorowanie w\u0142a\u015bciwo\u015bci na wybranym obszarze. Unikalna konstrukcja modu\u0142u nano z piezoelektrycznym si\u0142ownikiem umo\u017cliwia wykonanie dok\u0142adnych pomiar\u00f3w w czasie kr\u00f3tszym ni\u017c 3 sekundy, co pozwala na wykonanie mapowania w ci\u0105gu kilku minut. Modu\u0142 Nano jest idealny do dok\u0142adnej charakterystyki cienkich pow\u0142ok przemys\u0142owych lub film\u00f3w. Przyk\u0142ady obejmuj\u0105 cienkie pow\u0142oki polimerowe stosowane w przemy\u015ble urz\u0105dze\u0144 medycznych oraz r\u00f3\u017cne cienkie pow\u0142oki stosowane w przemy\u015ble solarnym i produkcji soczewek optycznych. Innym wa\u017cnym zastosowaniem nano-modu\u0142u jest charakteryzowanie powierzchni wierzchnich, takich jak lakiery bezbarwne stosowane w przemy\u015ble samochodowym oraz inne pow\u0142oki ochronne stosowane na urz\u0105dzeniach przeno\u015bnych, takich jak elektronika mobilna.<\/p>\n<p align=\"justify\">Modu\u0142 Nano zosta\u0142 zaprojektowany z my\u015bl\u0105 o wysokiej stabilno\u015bci termicznej z danymi surowymi nieskorygowanymi o dryf termiczny &lt; 0,02 nm\/s. W wysokiej temperaturze, piec zapewnia jednolit\u0105 temperatur\u0119 ko\u0144c\u00f3wki i pr\u00f3bki dla zwi\u0119kszenia dok\u0142adno\u015bci i ni\u017cszych poziom\u00f3w dryfu bez kompensacji. W przypadku stosowania z piecem wysokotemperaturowym, modu\u0142 Nano jest zaprojektowany z MACOR z materia\u0142em o niskim wsp\u00f3\u0142czynniku rozszerzalno\u015bci cieplnej &lt; 10-6 \/ \u00b0C . To zmniejsza wszelkie dryf termiczny w wysokiej temperaturze.<\/p>\n<p><strong>TRYBY BADANIA NANO<\/strong><\/p>\n<p><a href=\"https:\/\/nanovea.com\/nano-indentation-tester\">Nanoindentacja | Badanie twardo\u015bci w nanotechnologii<\/a><strong><br \/>\n<\/strong><\/p>\n<p><a href=\"https:\/\/nanovea.com\/nano-scratch-tester\">Nano Scratch | Badanie przyczepno\u015bci<\/a><\/p>\n<p><a href=\"https:\/\/nanovea.com\/nano-wear-tester\">Nano Zu\u017cycie | Badanie tarcia<\/a><\/p>\n<\/div>","protected":false},"excerpt":{"rendered":"<p>NANO MODULE Independent force, depth sensors and continuous measurement of applied load during indentation, scratch and wear modes. NANO MODULE INTRO Mechanical Testers | Micro Module | Application Notes Designed with the vision of providing clients high accuracy with ease of use, longevity with low maintenance cost; the nano module achieves this with its unique [&hellip;]<\/p>\n","protected":false},"author":1,"featured_media":0,"parent":0,"menu_order":0,"comment_status":"open","ping_status":"open","template":"tpl-newslider.php","meta":{"_exactmetrics_skip_tracking":false,"_exactmetrics_sitenote_active":false,"_exactmetrics_sitenote_note":"","_exactmetrics_sitenote_category":0,"footnotes":""},"class_list":["post-149","page","type-page","status-publish","hentry"],"_links":{"self":[{"href":"https:\/\/nanovea.com\/pl\/wp-json\/wp\/v2\/pages\/149","targetHints":{"allow":["GET"]}}],"collection":[{"href":"https:\/\/nanovea.com\/pl\/wp-json\/wp\/v2\/pages"}],"about":[{"href":"https:\/\/nanovea.com\/pl\/wp-json\/wp\/v2\/types\/page"}],"author":[{"embeddable":true,"href":"https:\/\/nanovea.com\/pl\/wp-json\/wp\/v2\/users\/1"}],"replies":[{"embeddable":true,"href":"https:\/\/nanovea.com\/pl\/wp-json\/wp\/v2\/comments?post=149"}],"version-history":[{"count":22,"href":"https:\/\/nanovea.com\/pl\/wp-json\/wp\/v2\/pages\/149\/revisions"}],"predecessor-version":[{"id":4217,"href":"https:\/\/nanovea.com\/pl\/wp-json\/wp\/v2\/pages\/149\/revisions\/4217"}],"wp:attachment":[{"href":"https:\/\/nanovea.com\/pl\/wp-json\/wp\/v2\/media?parent=149"}],"curies":[{"name":"wp","href":"https:\/\/api.w.org\/{rel}","templated":true}]}}