{"id":216,"date":"2015-03-04T17:50:29","date_gmt":"2015-03-04T17:50:29","guid":{"rendered":"http:\/\/nanovea.com\/?page_id=216"},"modified":"2022-03-25T21:04:12","modified_gmt":"2022-03-25T21:04:12","slug":"test-di-usura-lineare","status":"publish","type":"page","link":"https:\/\/nanovea.com\/it\/test-di-usura-lineare\/","title":{"rendered":"Test di usura lineare"},"content":{"rendered":"<div class=\"wonderpluginslider-container\" id=\"wonderpluginslider-container-8\" style=\"max-width:1035px;margin:0 auto;padding-left:0px;padding-right:0px;padding-top:0px;padding-bottom:0px;\"><div class=\"wonderpluginslider\" id=\"wonderpluginslider-8\" data-sliderid=\"8\" data-width=\"1035\" data-height=\"375\" data-skin=\"cube\" data-autoplay=\"true\" data-randomplay=\"false\" data-loadimageondemand=\"false\" data-transitiononfirstslide=\"false\" data-autoplayvideo=\"false\" data-isresponsive=\"true\" data-fullwidth=\"false\" data-isfullscreen=\"false\" data-ratioresponsive=\"false\" data-showtext=\"true\" data-showtimer=\"false\" data-showbottomshadow=\"false\" data-navshowpreview=\"false\" data-textautohide=\"true\" data-lightboxresponsive=\"true\" data-lightboxshownavigation=\"false\" data-lightboxshowtitle=\"true\" data-lightboxshowdescription=\"false\" data-texteffectresponsive=\"true\" data-donotinit=\"false\" data-addinitscript=\"false\" data-lightboxfullscreenmode=\"false\" data-lightboxcloseonoverlay=\"true\" data-lightboxvideohidecontrols=\"false\" data-lightboxnogroup=\"false\" data-lightboxautoslide=\"false\" data-lightboxshowtimer=\"true\" data-lightboxshowplaybutton=\"true\" data-lightboxalwaysshownavarrows=\"false\" data-lightboxshowtitleprefix=\"true\" data-titleusealt=\"false\" data-outputtext=\"false\" data-scalemode=\"fit\" data-arrowstyle=\"always\" data-transition=\"slide\" data-loop=\"0\" data-border=\"0\" data-slideinterval=\"8000\" data-arrowimage=\"arrows-36-80-0.png\" data-arrowwidth=\"36\" data-arrowheight=\"80\" data-arrowtop=\"50\" data-arrowmargin=\"-18\" data-navstyle=\"bullets\" data-navimage=\"bullet-24-24-1.png\" data-navwidth=\"24\" data-navheight=\"24\" data-navspacing=\"8\" data-navmarginx=\"16\" data-navmarginy=\"16\" data-navposition=\"bottom\" data-playvideoimage=\"playvideo-64-64-0.png\" data-playvideoimagewidth=\"64\" data-playvideoimageheight=\"64\" data-lightboxthumbwidth=\"90\" data-lightboxthumbheight=\"60\" data-lightboxthumbtopmargin=\"12\" data-lightboxthumbbottommargin=\"4\" data-lightboxbarheight=\"64\" data-lightboxtitlebottomcss=\"color:#333; font-size:14px; font-family:Armata,sans-serif,Arial; overflow:hidden; text-align:left;\" data-lightboxdescriptionbottomcss=\"color:#333; font-size:12px; font-family:Arial,Helvetica,sans-serif; overflow:hidden; text-align:left; margin:4px 0px 0px; padding: 0px;\" data-textformat=\"Color box\" data-textpositionstatic=\"bottom\" data-textpositiondynamic=\"topleft\" data-paddingleft=\"0\" data-paddingright=\"0\" data-paddingtop=\"0\" data-paddingbottom=\"0\" data-texteffectresponsivesize=\"640\" data-fadeduration=\"1000\" data-crossfadeduration=\"1000\" data-slideduration=\"1000\" data-elasticduration=\"1000\" data-sliceduration=\"1500\" data-blindsduration=\"1500\" data-blocksduration=\"1500\" data-shuffleduration=\"1500\" data-tilesduration=\"2000\" data-kenburnsduration=\"5000\" data-flipduration=\"1500\" data-flipwithzoomduration=\"2000\" data-threedduration=\"1500\" data-threedhorizontalduration=\"1500\" data-threedwithzoomduration=\"2500\" data-threedhorizontalwithzoomduration=\"2200\" data-threedflipduration=\"1500\" data-threedflipwithzoomduration=\"2000\" data-threedtilesduration=\"2000\" data-threedfallback=\"flip\" data-threedhorizontalfallback=\"flip\" data-threedwithzoomfallback=\"flipwithzoom\" data-threedhorizontalwithzoomfallback=\"flipwithzoom\" data-threedflipfallback=\"flip\" data-threedflipwithzoomfallback=\"flipwithzoom\" data-threedtilesfallback=\"tiles\" data-ratiomediumscreen=\"800\" data-ratiomediumheight=\"1.2\" data-ratiosmallscreen=\"480\" data-ratiosmallheight=\"1.6\" data-lightboxtitlestyle=\"bottom\" data-lightboximagepercentage=\"75\" data-lightboxdefaultvideovolume=\"1\" data-lightboxoverlaybgcolor=\"#000\" data-lightboxoverlayopacity=\"0.9\" data-lightboxbgcolor=\"#fff\" data-lightboxtitleprefix=\"%NUM \/ %TOTAL\" data-lightboxtitleinsidecss=\"color:#fff; font-size:16px; font-family:Arial,Helvetica,sans-serif; overflow:hidden; text-align:left;\" data-lightboxdescriptioninsidecss=\"color:#fff; font-size:12px; font-family:Arial,Helvetica,sans-serif; overflow:hidden; text-align:left; margin:4px 0px 0px; padding: 0px;\" data-lightboxslideinterval=\"5000\" data-lightboxtimerposition=\"bottom\" data-lightboxtimercolor=\"#dc572e\" data-lightboxtimeropacity=\"1\" data-lightboxbordersize=\"8\" data-lightboxborderradius=\"0\" data-textcss=\"display:block; padding:8px 16px; text-align:left;\" data-textbgcss=\"display:none;\" data-titlecss=\"color: #1b96cf;    font-family: &quot;Open Sans&quot;,sans-serif;    font-size: 32px;    font-weight: bold;    line-height: 44px;    margin-bottom: 0;    margin-top: 20px;    text-transform: uppercase;\" data-descriptioncss=\"color: #282828;    font-size: 18px;    line-height: 30px;\" data-buttoncss=\"display:block; position:relative; margin-top:10px;\" data-titlecssresponsive=\"font-size:12px;\" data-descriptioncssresponsive=\"display:none !important;\" data-buttoncssresponsive=\"font-size: 9px !important;width:100%;\" data-jsfolder=\"https:\/\/nanovea.com\/wp-content\/plugins\/wonderplugin-slider-lite\/engine\/\" style=\"display:none;\" ><ul class=\"amazingslider-slides\"  style=\"display:none;\"><li><img decoding=\"async\" class=\"amazingslider-img-elem amazingsliderimg\" src=\"https:\/\/nanovea.com\/wp-content\/uploads\/2018\/01\/slide-linear-wear-test.jpg\" alt=\"ATTRITO LINEARE DA USURA\" title=\"ATTRITO LINEARE DA USURA\" data-description=\"Optional flexibility and testing function &lt;br \/&gt;an a single system\" \/><\/li><li><img decoding=\"async\" class=\"amazingslider-img-elem amazingsliderimg\" src=\"https:\/\/nanovea.com\/wp-content\/uploads\/2015\/04\/linear-wear-friction-cycle.jpg\" alt=\"ATTRITO LINEARE DA USURA\" title=\"ATTRITO LINEARE DA USURA\" data-description=\"Friction &amp; depth vs cycle\/ time using precise fix &lt;br \/&gt;cycle view with 3D profiler integration\" \/><\/li><li><img decoding=\"async\" class=\"amazingslider-img-elem amazingsliderimg\" src=\"https:\/\/nanovea.com\/wp-content\/uploads\/2015\/04\/linear-wear-friction-comparative.jpg\" alt=\"ATTRITO LINEARE DA USURA\" title=\"ATTRITO LINEARE DA USURA\" data-description=\"Same system linear provides a critical &lt;br \/&gt;comparative wear evaluation\" \/><\/li><li><img decoding=\"async\" class=\"amazingslider-img-elem amazingsliderimg\" src=\"https:\/\/nanovea.com\/wp-content\/uploads\/2015\/04\/linear-wear-friction-sample.jpg\" alt=\"ATTRITO LINEARE DA USURA\" title=\"ATTRITO LINEARE DA USURA\" data-description=\"Certain sample size and geometries can be &lt;br \/&gt;better tested with Linear\" \/><\/li><\/ul><\/div><\/div>\n<h1><strong>ATTRITO LINEARE DA USURA INTRO<\/strong><\/h1>\n<p><a href=\"https:\/\/nanovea.com\/tribometers\">Strumenti tribometrici<\/a> | <a href=\"https:\/\/nanovea.com\/lab-services\/\">Servizi di laboratorio<\/a> | <a href=\"https:\/\/nanovea.com\/rotative-wear-test\">Rotativo<\/a> | <a href=\"https:\/\/nanovea.com\/application-notes\">Note applicative<\/a><\/p>\n<div class=\"product-desc\">\n<p align=\"justify\"><strong>Processo di attrito lineare da usura:<br \/>\n<\/strong>Il test di attrito da usura lineare riproduce il movimento alternativo lineare presente in molti meccanismi tribologici reali. Una punta piatta, un perno o una sfera vengono caricati su un campione di prova con un peso preciso. I campioni di prova possono essere di forma diversa (ad esempio cilindrica), purch\u00e9 vi sia una zona piatta di una certa lunghezza nella direzione del movimento. La lunghezza della traccia pu\u00f2 essere regolata prima dell'inizio della misurazione. All'inizio del test, la punta crea una traccia di usura lineare (\u00e8 possibile anche un andamento a zig-zag). Il coefficiente di attrito viene misurato accuratamente durante il test dalla deflessione della cella di carico, facile e veloce da calibrare. Le forze di attrito vengono registrate per i movimenti in avanti e indietro della corsa. La velocit\u00e0 di movimento segue un'onda sinusoidale con velocit\u00e0 massima a met\u00e0 del percorso. L'attrito varia quindi in ogni posizione della traccia in base alla velocit\u00e0 e alla direzione del movimento.  Grazie all'encoder di posizione esterno integrato a 16 bit, \u00e8 possibile visualizzare l'attrito in qualsiasi punto specifico per ogni passata. Ci\u00f2 \u00e8 essenziale per studiare con precisione l'andamento dell'attrito sull'intera lunghezza del test. I tassi di usura della punta e del campione sono calcolati in base al volume di materiale perso.<\/p>\n<p>&nbsp;<\/p>\n<p align=\"justify\"><strong>Norme:<\/strong><\/p>\n<p align=\"justify\">- ASTM G133<\/p>\n<\/div>\n<div class=\"product-desc\">\n<p>- ASTM G171<\/p>\n<p>- ASTM F732<\/p>\n<p>&nbsp;<\/p>\n<p><strong>Propriet\u00e0 analizzate durante il test di attrito da usura lineare:<\/strong><\/p>\n<p>- Coefficiente di attrito<\/p>\n<p>- Tassi di usura<\/p>\n<p>- Punti di guasto<\/p>\n<p>- Resistenza elettrica<\/p>\n<p>- Studi sulla lubrificazione e sulla corrosione<\/p>\n<p>- Attrito vs. velocit\u00e0<\/p>\n<p>- Durezza ai graffi e molti altri<\/p>\n<p>&nbsp;<\/p>\n<p><strong>Software di prova di attrito lineare Caratteristiche:<\/strong><\/p>\n<p>- Esportazione di dati e immagini grezzi<\/p>\n<p>- Display in tempo reale<\/p>\n<p>- Segnalazione automatica<\/p>\n<p>- Supporto multilingue<\/p>\n<p>- Macro con variazione di velocit\u00e0<\/p>\n<p>- Vista fissa del ciclo<\/p>\n<p>- Vista del confronto dei cicli<\/p>\n<p>- Calcolo della durezza dei graffi<\/p>\n<p>- Calcolo automatico dell'usura<\/p>\n<p>- Controllo a velocit\u00e0 variabile<\/p>\n<p>- Analisi dell'usura in situ in 3D o 2D e molte altre.<\/p>\n<p>&nbsp;<\/p>\n<p><strong>Punte: (diamante, WC, gomma e molti altri materiali):<\/strong><\/p>\n<p>- Sfera da 3, 6, 10 e 25 mm<\/p>\n<p>- Dimensioni personalizzate delle sfere<\/p>\n<p>- Spille personalizzate<\/p>\n<p>- Piastra piatta<\/p>\n<p>- Geometrie personalizzate<\/p>\n<p>&nbsp;<\/p>\n<p><strong>Condizioni ambientali:<\/strong><\/p>\n<p>- Forno di riscaldamento a 450\u00b0C<\/p>\n<p>- Riscaldamento a tazza e a liquido fino a 150 \u00b0C<\/p>\n<p>- Lubrificazione goccia a goccia<\/p>\n<p>- Controllo dell'umidit\u00e0<\/p>\n<p>- Camera di raffreddamento -40 \u00b0C<\/p>\n<p>- Tazza per test di corrosione<\/p>\n<p>- Vari gas<\/p>\n<p>- Vuoto<\/p>\n<p>&nbsp;<\/p>\n<p><strong>Detentori di campioni:<\/strong><\/p>\n<p>- Morsetto standard<\/p>\n<p>- Montaggio a clip sulla piastra di base<\/p>\n<p>- Altri portacampioni disponibili per varie geometrie<\/p>\n<p>&nbsp;<\/p>\n<p><strong>Modalit\u00e0 di test lineari:<\/strong><br \/>\n<a href=\"https:\/\/nanovea.com\/temperature-tribology-testing\" target=\"_blank\" rel=\"noopener noreferrer\">Test di tribologia della temperatura<\/a><br \/>\n<a href=\"https:\/\/nanovea.com\/liquid-tribology-testing\" target=\"_blank\" rel=\"noopener noreferrer\">Test di tribologia dei liquidi <\/a><br \/>\n<a href=\"https:\/\/nanovea.com\/corrosion-tribology-testing\" target=\"_blank\" rel=\"noopener noreferrer\">Test di tribologia della corrosione <\/a><\/p>\n<p align=\"justify\"><a href=\"https:\/\/www.nanovea.com\/NanoWearTester.html\">\u00a0<\/a><\/p>\n<\/div>","protected":false},"excerpt":{"rendered":"<p>ATTRITO LINEARE INTRO Strumenti tribometrici | Servizi di laboratorio | Rotativi | Note applicative Processo di attrito lineare da usura: Il test di attrito da usura lineare riproduce il movimento alternativo lineare presente in molti meccanismi tribologici del mondo reale. Una punta piatta, un perno o una sfera vengono caricati su un campione di prova con un peso preciso. I campioni di prova possono essere di [...]<\/p>","protected":false},"author":1,"featured_media":0,"parent":0,"menu_order":0,"comment_status":"open","ping_status":"open","template":"tpl-newslider.php","meta":{"_exactmetrics_skip_tracking":false,"_exactmetrics_sitenote_active":false,"_exactmetrics_sitenote_note":"","_exactmetrics_sitenote_category":0,"footnotes":""},"class_list":["post-216","page","type-page","status-publish","hentry"],"_links":{"self":[{"href":"https:\/\/nanovea.com\/it\/wp-json\/wp\/v2\/pages\/216","targetHints":{"allow":["GET"]}}],"collection":[{"href":"https:\/\/nanovea.com\/it\/wp-json\/wp\/v2\/pages"}],"about":[{"href":"https:\/\/nanovea.com\/it\/wp-json\/wp\/v2\/types\/page"}],"author":[{"embeddable":true,"href":"https:\/\/nanovea.com\/it\/wp-json\/wp\/v2\/users\/1"}],"replies":[{"embeddable":true,"href":"https:\/\/nanovea.com\/it\/wp-json\/wp\/v2\/comments?post=216"}],"version-history":[{"count":22,"href":"https:\/\/nanovea.com\/it\/wp-json\/wp\/v2\/pages\/216\/revisions"}],"predecessor-version":[{"id":4055,"href":"https:\/\/nanovea.com\/it\/wp-json\/wp\/v2\/pages\/216\/revisions\/4055"}],"wp:attachment":[{"href":"https:\/\/nanovea.com\/it\/wp-json\/wp\/v2\/media?parent=216"}],"curies":[{"name":"wp","href":"https:\/\/api.w.org\/{rel}","templated":true}]}}