{"id":211,"date":"2015-03-04T17:02:19","date_gmt":"2015-03-04T17:02:19","guid":{"rendered":"http:\/\/nanovea.com\/?page_id=211"},"modified":"2018-10-19T15:29:56","modified_gmt":"2018-10-19T15:29:56","slug":"attrito-superficiale","status":"publish","type":"page","link":"https:\/\/nanovea.com\/it\/attrito-superficiale\/","title":{"rendered":"Attrito da usura superficiale"},"content":{"rendered":"<div id=\"newslider\" style=\"min-height: auto; overflow: hidden;\">\n<ul>\n<li>\n<div class=\"slider-text\">\n<h2>TRIBOMETRI<\/h2>\n<p>Attrito da usura<\/p>\n<\/div>\n<p><img decoding=\"async\" src=\"https:\/\/nanovea.com\/wp-content\/uploads\/2015\/07\/slide-wear-friction.jpg\" alt=\"\" \/><\/li>\n<\/ul>\n<\/div>\n<h1><strong>USURA SUPERFICIALE E ATTRITO TEST TRIBOLOGICI <\/strong><\/h1>\n<div class=\"product-desc\">\n<p align=\"justify\">Basato su <a href=\"https:\/\/www.astm.org\/Standards\/G99.htm\">ASTM G99<\/a> e <a href=\"https:\/\/www.astm.org\/Standards\/G133.htm\">ASTM G133<\/a>. Il braccio di misura \u00e8 dotato di un supporto a sfera, a perno o piatto che pu\u00f2 essere posizionato con precisione con una risoluzione di 2,5 micron utilizzando la tavola motorizzata standard. Con l'aggiunta di un carico, il disco campione viene fatto ruotare a una velocit\u00e0 nota che crea attrito tra la sfera, il perno o il piatto superiore e il disco campione inferiore. Per la misurazione dell'usura, la perdita di peso pu\u00f2 essere misurata con una bilancia sensibile prima e dopo il test. Inoltre, \u00e8 possibile collegare un LVDT al braccio di misura per registrare la profondit\u00e0 durante la prova. In questo modo \u00e8 possibile seguire la variazione del tasso di usura in funzione del tempo. La forza di attrito viene misurata direttamente con una cella di carico rigida che offre un'alta risoluzione e un'eccellente stabilit\u00e0 meccanica e termica, a differenza di altri sistemi che si basano solo su LVDT per la misurazione dell'attrito. Sono disponibili diverse opzioni di test per adattarsi alle condizioni ambientali reali, tra cui il controllo della temperatura, dei liquidi e dell'atmosfera. Inoltre, per misurare con precisione il volume della traccia di usura, \u00e8 possibile integrare sulla piattaforma del Tribometro un profilatore ottico 3D senza contatto, per quantificare la perdita di usura con un metodo rapido e conveniente senza rimuovere il campione.<\/p>\n<p>&nbsp;<\/p>\n<p><strong>Propriet\u00e0 analizzate durante i test di attrito da usura:<\/strong><\/p>\n<p>- Coefficiente di attrito<\/p>\n<p>- Tassi di usura<\/p>\n<p>- Punti di guasto<\/p>\n<p>- Contatto elettrico<\/p>\n<p>- Studi sulla lubrificazione e altro<\/p>\n<p>&nbsp;<\/p>\n<p><a href=\"https:\/\/nanovea.com\/tribometers\">&lt; torna a Tribometri<\/a><\/p>\n<p align=\"justify\">\n<\/div>","protected":false},"excerpt":{"rendered":"<p>TRIBOMETERS Wear Friction SURFACE WEAR | FRICTION TRIBOLOGY TESTING Based from ASTM G99 and ASTM G133. Using a ball, pin or flat holder is attached to the measuring arm which can be precisely positioned to a resolution of 2.5micron using the standard motorized table. With load added, the sample disk is rotated at a known [&hellip;]<\/p>","protected":false},"author":1,"featured_media":0,"parent":0,"menu_order":0,"comment_status":"open","ping_status":"open","template":"","meta":{"_exactmetrics_skip_tracking":false,"_exactmetrics_sitenote_active":false,"_exactmetrics_sitenote_note":"","_exactmetrics_sitenote_category":0,"footnotes":""},"class_list":["post-211","page","type-page","status-publish","hentry"],"_links":{"self":[{"href":"https:\/\/nanovea.com\/it\/wp-json\/wp\/v2\/pages\/211","targetHints":{"allow":["GET"]}}],"collection":[{"href":"https:\/\/nanovea.com\/it\/wp-json\/wp\/v2\/pages"}],"about":[{"href":"https:\/\/nanovea.com\/it\/wp-json\/wp\/v2\/types\/page"}],"author":[{"embeddable":true,"href":"https:\/\/nanovea.com\/it\/wp-json\/wp\/v2\/users\/1"}],"replies":[{"embeddable":true,"href":"https:\/\/nanovea.com\/it\/wp-json\/wp\/v2\/comments?post=211"}],"version-history":[{"count":9,"href":"https:\/\/nanovea.com\/it\/wp-json\/wp\/v2\/pages\/211\/revisions"}],"predecessor-version":[{"id":3574,"href":"https:\/\/nanovea.com\/it\/wp-json\/wp\/v2\/pages\/211\/revisions\/3574"}],"wp:attachment":[{"href":"https:\/\/nanovea.com\/it\/wp-json\/wp\/v2\/media?parent=211"}],"curies":[{"name":"wp","href":"https:\/\/api.w.org\/{rel}","templated":true}]}}