{"id":194,"date":"2015-03-04T16:40:28","date_gmt":"2015-03-04T16:40:28","guid":{"rendered":"http:\/\/nanovea.com\/?page_id=194"},"modified":"2022-04-22T21:51:06","modified_gmt":"2022-04-22T21:51:06","slug":"micro-graffio-tester","status":"publish","type":"page","link":"https:\/\/nanovea.com\/it\/micro-graffio-tester\/","title":{"rendered":"Micro test del graffio"},"content":{"rendered":"<div class=\"wonderpluginslider-container\" id=\"wonderpluginslider-container-9\" style=\"max-width:1035px;margin:0 auto;padding-left:0px;padding-right:0px;padding-top:0px;padding-bottom:0px;\"><div class=\"wonderpluginslider\" id=\"wonderpluginslider-9\" data-sliderid=\"9\" data-width=\"1035\" data-height=\"375\" data-skin=\"cube\" data-autoplay=\"true\" data-randomplay=\"false\" data-loadimageondemand=\"false\" data-transitiononfirstslide=\"false\" data-autoplayvideo=\"false\" data-isresponsive=\"true\" data-fullwidth=\"false\" data-isfullscreen=\"false\" data-ratioresponsive=\"false\" data-showtext=\"true\" data-showtimer=\"false\" data-showbottomshadow=\"false\" data-navshowpreview=\"false\" data-textautohide=\"true\" data-lightboxresponsive=\"true\" data-lightboxshownavigation=\"false\" data-lightboxshowtitle=\"true\" data-lightboxshowdescription=\"false\" data-texteffectresponsive=\"true\" data-donotinit=\"false\" data-addinitscript=\"false\" data-lightboxfullscreenmode=\"false\" data-lightboxcloseonoverlay=\"true\" data-lightboxvideohidecontrols=\"false\" data-lightboxnogroup=\"false\" data-lightboxautoslide=\"false\" data-lightboxshowtimer=\"true\" data-lightboxshowplaybutton=\"true\" data-lightboxalwaysshownavarrows=\"false\" data-lightboxshowtitleprefix=\"true\" data-titleusealt=\"false\" data-outputtext=\"false\" data-scalemode=\"fit\" data-arrowstyle=\"always\" data-transition=\"slide\" data-loop=\"0\" data-border=\"0\" data-slideinterval=\"8000\" data-arrowimage=\"arrows-36-80-0.png\" data-arrowwidth=\"36\" data-arrowheight=\"80\" data-arrowtop=\"50\" data-arrowmargin=\"-18\" data-navstyle=\"bullets\" data-navimage=\"bullet-24-24-1.png\" data-navwidth=\"24\" data-navheight=\"24\" data-navspacing=\"8\" data-navmarginx=\"16\" data-navmarginy=\"16\" data-navposition=\"bottom\" data-playvideoimage=\"playvideo-64-64-0.png\" data-playvideoimagewidth=\"64\" data-playvideoimageheight=\"64\" data-lightboxthumbwidth=\"90\" data-lightboxthumbheight=\"60\" data-lightboxthumbtopmargin=\"12\" data-lightboxthumbbottommargin=\"4\" data-lightboxbarheight=\"64\" data-lightboxtitlebottomcss=\"color:#333; font-size:14px; font-family:Armata,sans-serif,Arial; overflow:hidden; text-align:left;\" data-lightboxdescriptionbottomcss=\"color:#333; font-size:12px; font-family:Arial,Helvetica,sans-serif; overflow:hidden; text-align:left; margin:4px 0px 0px; padding: 0px;\" data-textformat=\"Color box\" data-textpositionstatic=\"bottom\" data-textpositiondynamic=\"topleft\" data-paddingleft=\"0\" data-paddingright=\"0\" data-paddingtop=\"0\" data-paddingbottom=\"0\" data-texteffectresponsivesize=\"640\" data-fadeduration=\"1000\" data-crossfadeduration=\"1000\" data-slideduration=\"1000\" data-elasticduration=\"1000\" data-sliceduration=\"1500\" data-blindsduration=\"1500\" data-blocksduration=\"1500\" data-shuffleduration=\"1500\" data-tilesduration=\"2000\" data-kenburnsduration=\"5000\" data-flipduration=\"1500\" data-flipwithzoomduration=\"2000\" data-threedduration=\"1500\" data-threedhorizontalduration=\"1500\" data-threedwithzoomduration=\"2500\" data-threedhorizontalwithzoomduration=\"2200\" data-threedflipduration=\"1500\" data-threedflipwithzoomduration=\"2000\" data-threedtilesduration=\"2000\" data-threedfallback=\"flip\" data-threedhorizontalfallback=\"flip\" data-threedwithzoomfallback=\"flipwithzoom\" data-threedhorizontalwithzoomfallback=\"flipwithzoom\" data-threedflipfallback=\"flip\" data-threedflipwithzoomfallback=\"flipwithzoom\" data-threedtilesfallback=\"tiles\" data-ratiomediumscreen=\"800\" data-ratiomediumheight=\"1.2\" data-ratiosmallscreen=\"480\" data-ratiosmallheight=\"1.6\" data-lightboxtitlestyle=\"bottom\" data-lightboximagepercentage=\"75\" data-lightboxdefaultvideovolume=\"1\" data-lightboxoverlaybgcolor=\"#000\" data-lightboxoverlayopacity=\"0.9\" data-lightboxbgcolor=\"#fff\" data-lightboxtitleprefix=\"%NUM \/ %TOTAL\" data-lightboxtitleinsidecss=\"color:#fff; font-size:16px; font-family:Arial,Helvetica,sans-serif; overflow:hidden; text-align:left;\" data-lightboxdescriptioninsidecss=\"color:#fff; font-size:12px; font-family:Arial,Helvetica,sans-serif; overflow:hidden; text-align:left; margin:4px 0px 0px; padding: 0px;\" data-lightboxslideinterval=\"5000\" data-lightboxtimerposition=\"bottom\" data-lightboxtimercolor=\"#dc572e\" data-lightboxtimeropacity=\"1\" data-lightboxbordersize=\"8\" data-lightboxborderradius=\"0\" data-textcss=\"display:block; padding:8px 16px; text-align:left;\" data-textbgcss=\"display:none;\" data-titlecss=\"color: #1b96cf;    font-family: &quot;Open Sans&quot;,sans-serif;    font-size: 32px;    font-weight: bold;    line-height: 44px;    margin-bottom: 0;    margin-top: 20px;    text-transform: uppercase;\" data-descriptioncss=\"color: #282828;    font-size: 18px;    line-height: 30px;\" data-buttoncss=\"display:block; position:relative; margin-top:10px;\" data-titlecssresponsive=\"font-size:12px;\" data-descriptioncssresponsive=\"display:none !important;\" data-buttoncssresponsive=\"font-size: 9px !important;width:100%;\" data-jsfolder=\"https:\/\/nanovea.com\/wp-content\/plugins\/wonderplugin-slider-lite\/engine\/\" style=\"display:none;\" ><ul class=\"amazingslider-slides\"  style=\"display:none;\"><li><img decoding=\"async\" class=\"amazingslider-img-elem amazingsliderimg\" src=\"https:\/\/nanovea.com\/wp-content\/uploads\/2015\/04\/slide-microscratch-accuracy.jpg\" alt=\"MICRO SCRATCH\" title=\"MICRO SCRATCH\" data-description=\"Highly accurate friction, true depth &lt;br \/&gt;&amp; acoustic emissions measurement\" \/><\/li><li><img decoding=\"async\" class=\"amazingslider-img-elem amazingsliderimg\" src=\"https:\/\/nanovea.com\/wp-content\/uploads\/2015\/04\/slide-microscratch-panoramic-view.jpg\" alt=\"MICRO SCRATCH\" title=\"MICRO SCRATCH\" data-description=\"Full scratch imaging for failure &lt;br \/&gt;identification &amp; analysis\" \/><\/li><li><img decoding=\"async\" class=\"amazingslider-img-elem amazingsliderimg\" src=\"https:\/\/nanovea.com\/wp-content\/uploads\/2015\/04\/slide-microscratch-mapping.jpg\" alt=\"MICRO SCRATCH\" title=\"MICRO SCRATCH\" data-description=\"Mapping with various loading &lt;br \/&gt;options for failure identification\" \/><\/li><\/ul><\/div><\/div>\n<h1><strong>MICRO GRAFFIO | TEST DI MICRO ADESIONE<\/strong><\/h1>\n<p><a href=\"https:\/\/nanovea.com\/mechanical-tester\">Tester Meccanici<\/a> | <a href=\"https:\/\/nanovea.com\/lab-services\/\">Servizi di laboratorio<\/a> | <a href=\"https:\/\/nanovea.com\/nano-module\">Modulo Nano<\/a> | <a href=\"https:\/\/nanovea.com\/micro-macro-module\">Micro modulo<\/a> | <a href=\"https:\/\/nanovea.com\/application-notes\">Note applicative<\/a><\/p>\n<div class=\"product-desc\">\n<p><strong>Processo Micro Scratch:<\/strong><br \/>\nDurante il Micro Scratch Testing, una punta sferica conica, diamantata o in WC, viene trascinata attraverso la superficie rivestita con un carico crescente, provocando vari tipi di rottura a specifici carichi critici. I test di adesione a micrograffio identificano otticamente i carichi critici utilizzando un microscopio video incorporato. Questi carichi critici sono usati per quantificare le propriet\u00e0 adesive e coesive di diverse combinazioni film\/substrato. Inoltre, i punti di rottura possono essere determinati usando la forza di attrito e le misure di profondit\u00e0. Le misure di profondit\u00e0 forniscono la parte plastica ed elastica della deformazione. Lo scratch test a carico costante pu\u00f2 essere usato, nella mappatura, per controllare l'uniformit\u00e0 della superficie. Misure di profondit\u00e0 reali basate su (brevetto europeo n. 0663068) che forniscono un'accurata deformazione elastica e plastica.<\/p>\n<p>&nbsp;<\/p>\n<p><strong>Norme: <\/strong><\/p>\n<ul>\n<li>ASTM D7187<\/li>\n<li>ASTM C1624<\/li>\n<li>ASTM D7027<\/li>\n<li>ASTM G171<\/li>\n<li>ISO 20502<\/li>\n<li>ISO 1518<\/li>\n<li>DIN EN 1071<\/li>\n<li>DVM-0058-PA<\/li>\n<\/ul>\n<p>&nbsp;<\/p>\n<p><strong>Propriet\u00e0 analizzate durante il micrograffio:<\/strong><\/p>\n<ul>\n<li>Fallimento adesivo e coesivo<\/li>\n<li>Forza di adesione<\/li>\n<li>Marcatura (resistenza) e innesco di fratture<\/li>\n<li>Profondit\u00e0 di deformazione plastica ed elastica e altri<\/li>\n<\/ul>\n<p>&nbsp;<\/p>\n<p><strong>Micro Scratch Software Caratteristiche:<\/strong><\/p>\n<ul>\n<li>parametri pre salvati<\/li>\n<li>Esportare dati grezzi e immagini<\/li>\n<li>Display in tempo reale<\/li>\n<li>Segnalazione automatica<\/li>\n<li>Supporto multilingue<\/li>\n<li>Confronto dei fallimenti<\/li>\n<li>Mappatura<\/li>\n<li>Immagine completa del graffio per la post-ispezione usando la vista zoomata di tracciamento<\/li>\n<li>Tracking Zoomed View per una facile post-ispezione con dati di profondit\u00e0, attrito e analisi AE<\/li>\n<\/ul>\n<p>&nbsp;<\/p>\n<p><strong>Automazione avanzata del micrograffio:<\/strong><\/p>\n<ul>\n<li>Strumento di selezione della mappa Broadview: Mappatura avanzata sull'immagine a largo campo con stitching<\/li>\n<li>Test multi-campione automatizzato (gestisce variazioni di altezza fino a 50 mm)<\/li>\n<li>Navigation Plus: semplice navigazione sulle superfici attraverso puntatore dinamico su immagine live<\/li>\n<li>Approccio rapido, rilevamento automatico della superficie e analisi automatica<\/li>\n<li>Strumenti diretti di facile calibrazione per carico e profondit\u00e0<\/li>\n<li>Diamond Area function caratterizzata con un solo test di indentazione (brevetto europeo n. 3076153)<\/li>\n<li>Controllo di qualit\u00e0 quantificabile per l'indentatore (brevetto europeo n. 3076153)<\/li>\n<li>Wizard (in attesa di brevetto): Generatore automatico di parametri di prova<\/li>\n<li>parametri pre salvati di tutte le macro programmate<\/li>\n<\/ul>\n<p>&nbsp;<\/p>\n<p><strong>Indentatori: <\/strong>(Diamante, WC e molti altri materiali)<\/p>\n<ul>\n<li>Vickers<\/li>\n<li>Angolo cubo<\/li>\n<li>Conico-sferico<\/li>\n<li>Coltello<\/li>\n<\/ul>\n<p>&nbsp;<\/p>\n<p><strong>Porta campioni e condizioni ambientali:<\/strong><\/p>\n<ul>\n<li>275\u00b0C e 450 \u00b0C Forno<\/li>\n<li>Fino a -10\u00b0C Camera di raffreddamento<\/li>\n<li>Camera di umidit\u00e0<\/li>\n<li>Coppe da liquido<\/li>\n<li>Portacampioni e portaindentatori personalizzati<\/li>\n<\/ul>\n<p>&nbsp;<\/p>\n<p><strong>Modalit\u00e0 aggiuntive del micro modulo:<\/strong><\/p>\n<p><a href=\"https:\/\/nanovea.com\/micro-indentation-tester\">Microindentazione | Test di microdurezza<\/a><\/p>\n<p><a href=\"https:\/\/nanovea.com\/micro-wear-tester\">Test di micro-usura e di attrito<\/a><\/p>\n<p align=\"justify\">\n<\/div>","protected":false},"excerpt":{"rendered":"<p>MICRO SCRATCH | TEST DI MICRO ADESIONE Tester meccanici | Servizi di laboratorio | Modulo Nano | Modulo Micro | Note applicative Processo di Micro Scratch: Durante i test di micrograffiatura, una punta sferica conica, diamantata o in WC, viene trascinata sulla superficie rivestita con un carico crescente, provocando vari tipi di cedimento in corrispondenza di specifici carichi critici. Micro [...]<\/p>","protected":false},"author":1,"featured_media":0,"parent":0,"menu_order":0,"comment_status":"open","ping_status":"open","template":"tpl-newslider.php","meta":{"_exactmetrics_skip_tracking":false,"_exactmetrics_sitenote_active":false,"_exactmetrics_sitenote_note":"","_exactmetrics_sitenote_category":0,"footnotes":""},"class_list":["post-194","page","type-page","status-publish","hentry"],"_links":{"self":[{"href":"https:\/\/nanovea.com\/it\/wp-json\/wp\/v2\/pages\/194","targetHints":{"allow":["GET"]}}],"collection":[{"href":"https:\/\/nanovea.com\/it\/wp-json\/wp\/v2\/pages"}],"about":[{"href":"https:\/\/nanovea.com\/it\/wp-json\/wp\/v2\/types\/page"}],"author":[{"embeddable":true,"href":"https:\/\/nanovea.com\/it\/wp-json\/wp\/v2\/users\/1"}],"replies":[{"embeddable":true,"href":"https:\/\/nanovea.com\/it\/wp-json\/wp\/v2\/comments?post=194"}],"version-history":[{"count":23,"href":"https:\/\/nanovea.com\/it\/wp-json\/wp\/v2\/pages\/194\/revisions"}],"predecessor-version":[{"id":19458,"href":"https:\/\/nanovea.com\/it\/wp-json\/wp\/v2\/pages\/194\/revisions\/19458"}],"wp:attachment":[{"href":"https:\/\/nanovea.com\/it\/wp-json\/wp\/v2\/media?parent=194"}],"curies":[{"name":"wp","href":"https:\/\/api.w.org\/{rel}","templated":true}]}}